{"id":2841,"date":"2025-09-19T16:00:40","date_gmt":"2025-09-19T14:00:40","guid":{"rendered":"https:\/\/texcene.bspkn.it\/centrale-idroelettrica\/"},"modified":"2026-03-11T14:08:13","modified_gmt":"2026-03-11T13:08:13","slug":"wasserkraftwerk","status":"publish","type":"page","link":"https:\/\/www.texcene.com\/de\/wasserkraftwerk\/","title":{"rendered":"Wasserkraftwerk"},"content":{"rendered":"<header role=\"hero\" class=\"relative flex flex-col items-start bg-black justify-end text-white  mb-8 lg:mb-11\">\n    <img loading=\"lazy\" decoding=\"async\" width=\"2160\" height=\"827\" src=\"https:\/\/www.texcene.com\/wp-content\/uploads\/2026\/02\/centrale-idroelettrica-hero.avif\" class=\"size-full top-0 left-0 z-0 object-cover absolute\" alt=\"\" srcset=\"https:\/\/www.texcene.com\/wp-content\/uploads\/2026\/02\/centrale-idroelettrica-hero.avif 2160w, https:\/\/www.texcene.com\/wp-content\/uploads\/2026\/02\/centrale-idroelettrica-hero-300x115.avif 300w, https:\/\/www.texcene.com\/wp-content\/uploads\/2026\/02\/centrale-idroelettrica-hero-1024x392.avif 1024w, https:\/\/www.texcene.com\/wp-content\/uploads\/2026\/02\/centrale-idroelettrica-hero-768x294.avif 768w, https:\/\/www.texcene.com\/wp-content\/uploads\/2026\/02\/centrale-idroelettrica-hero-1536x588.avif 1536w, https:\/\/www.texcene.com\/wp-content\/uploads\/2026\/02\/centrale-idroelettrica-hero-2048x784.avif 2048w\" sizes=\"auto, (max-width: 2160px) 100vw, 2160px\" \/>        \n    <div class=\"relative sides flex flex-col items-start w-full gap-5 md:gap-8 max-w-303 pt-20 pb-15 md:pt-37 md:pb-30\">\n        <h1 class=\"text-3xl md:text-5xl lg:text-7xl font-bold pt-25 md:pt-30 md:max-w-2\/3\">Wasserkraftwerk<\/h1>\n                <h2 class=\"font-inter text-lg md:text-2xl \">Unsere saubere Energie<\/h2>\n            <\/div>\n    <\/header>\n\n<div class=\"my-11 text-white \" style=\"background-color: #005365;\">\n        <blockquote class=\"text-xl relative font-inter sides flex gap-3 py-8 max-w-360 md:text-2xl italic text-center\">\n        <svg width=\"34\" height=\"28\" class=\"flex-none\"><use href=\"#ldquo\"\/><\/svg><p>Im Herzen unseres Unternehmens ist Nachhaltigkeit nicht nur ein Wert, sondern gelebte Praxis. Wir reduzieren unseren \u00f6kologischen Fu\u00dfabdruck erheblich.<\/p>\n<svg width=\"34\" height=\"28\" class=\"self-end flex-none\"><use href=\"#rdquo\"\/><\/svg>    <\/blockquote>\n<\/div>\n\n\n  \n    <div class=\"py-11 flex sides max-w-360  gap-8 md:gap-16 lg:gap-25 lg:items-center flex-col-reverse lg:flex-row-reverse\">\n        <!-- Image Column -->\n                \n        <div class=\"w-full lg:w-3\/5\">\n                        <div class=\"grid grid-rows-3 gap-5\">\n                                <div class=\"flex flex-col md:flex-row items-center gap-5 md:gap-10 p-8 relative text-white px-12\">\n                                            <img loading=\"lazy\" decoding=\"async\" width=\"1095\" height=\"236\" src=\"https:\/\/www.texcene.com\/wp-content\/uploads\/2025\/09\/Produzione-annuale.avif\" class=\"size-full absolute top-0 left-0 object-cover\" alt=\"\" srcset=\"https:\/\/www.texcene.com\/wp-content\/uploads\/2025\/09\/Produzione-annuale.avif 1095w, https:\/\/www.texcene.com\/wp-content\/uploads\/2025\/09\/Produzione-annuale-300x65.avif 300w, https:\/\/www.texcene.com\/wp-content\/uploads\/2025\/09\/Produzione-annuale-1024x221.avif 1024w, https:\/\/www.texcene.com\/wp-content\/uploads\/2025\/09\/Produzione-annuale-768x166.avif 768w\" sizes=\"auto, (max-width: 1095px) 100vw, 1095px\" \/>                                                            <header class=\"md:w-1\/3 relative\">\n                                                <h3 class=\"text-xl md:text-2xl font-bold leading-none\">\n                            J\u00e4hrliche Produktion                        <\/h3>\n                                            <\/header>\n                                        <div class=\"content [&#038;_li]:marker:text-white md:w-2\/3 font-bold text-sm relative\">\n                        <p>Das Kraftwerk erzeugt j\u00e4hrlich etwa 3,2 Millionen kWh und deckt damit einen erheblichen Teil unseres Energiebedarfs.<\/p>\n                    <\/div>\n                                    <\/div>  \n                                <div class=\"flex flex-col md:flex-row items-center gap-5 md:gap-10 p-8 relative text-white px-12\">\n                                            <img loading=\"lazy\" decoding=\"async\" width=\"1095\" height=\"236\" src=\"https:\/\/www.texcene.com\/wp-content\/uploads\/2025\/09\/Riduzione-delle-emissioni.avif\" class=\"size-full absolute top-0 left-0 object-cover\" alt=\"\" srcset=\"https:\/\/www.texcene.com\/wp-content\/uploads\/2025\/09\/Riduzione-delle-emissioni.avif 1095w, https:\/\/www.texcene.com\/wp-content\/uploads\/2025\/09\/Riduzione-delle-emissioni-300x65.avif 300w, https:\/\/www.texcene.com\/wp-content\/uploads\/2025\/09\/Riduzione-delle-emissioni-1024x221.avif 1024w, https:\/\/www.texcene.com\/wp-content\/uploads\/2025\/09\/Riduzione-delle-emissioni-768x166.avif 768w\" sizes=\"auto, (max-width: 1095px) 100vw, 1095px\" \/>                                                            <header class=\"md:w-1\/3 relative\">\n                                                <h3 class=\"text-xl md:text-2xl font-bold leading-none\">\n                            Emissionsreduzierung                        <\/h3>\n                                            <\/header>\n                                        <div class=\"content [&#038;_li]:marker:text-white md:w-2\/3 font-bold text-sm relative\">\n                        <p>Dank dieser Initiative haben wir im Jahr 2024 800 Tonnen CO2 eingespart und leisten damit einen aktiven Beitrag zum Kampf gegen den<br \/>\nKlimawandel.<\/p>\n                    <\/div>\n                                    <\/div>  \n                                <div class=\"flex flex-col md:flex-row items-center gap-5 md:gap-10 p-8 relative text-white px-12\">\n                                            <img loading=\"lazy\" decoding=\"async\" width=\"1095\" height=\"236\" src=\"https:\/\/www.texcene.com\/wp-content\/uploads\/2025\/09\/Integrazione-con-il-Territorio.avif\" class=\"size-full absolute top-0 left-0 object-cover\" alt=\"\" srcset=\"https:\/\/www.texcene.com\/wp-content\/uploads\/2025\/09\/Integrazione-con-il-Territorio.avif 1095w, https:\/\/www.texcene.com\/wp-content\/uploads\/2025\/09\/Integrazione-con-il-Territorio-300x65.avif 300w, https:\/\/www.texcene.com\/wp-content\/uploads\/2025\/09\/Integrazione-con-il-Territorio-1024x221.avif 1024w, https:\/\/www.texcene.com\/wp-content\/uploads\/2025\/09\/Integrazione-con-il-Territorio-768x166.avif 768w\" sizes=\"auto, (max-width: 1095px) 100vw, 1095px\" \/>                                                            <header class=\"md:w-1\/3 relative\">\n                                                <h3 class=\"text-xl md:text-2xl font-bold leading-none\">\n                            Integration in das Gebiet                        <\/h3>\n                                            <\/header>\n                                        <div class=\"content [&#038;_li]:marker:text-white md:w-2\/3 font-bold text-sm relative\">\n                        <p>Das Kraftwerk ist so konzipiert, dass es sich harmonisch in die Umgebung einf\u00fcgt, die Biodiversit\u00e4t respektiert und lokale nat\u00fcrliche Ressourcen aufwertet.<\/p>\n                    <\/div>\n                                    <\/div>  \n                   \n            <\/div>\n                    <\/div>\n                <!-- Text Column -->\n        <div class=\"w-full flex flex-col gap-5 lg:w-2\/5 px-0 lg:pl-16\">\n                            <h3 class=\"text-sm\">Einige Details<\/h3>\n                                        <h2 class=\"text-3xl  lg:text-5xl font-bold\">Wie?<\/h2>\n                                    <div class=\"lg:mt-4 content md:text-lg\">\n                <p>Wir investieren kontinuierlich in nachhaltige Technologien und arbeiten mit Partnern zusammen, die unsere Vision einer ethischeren und umweltfreundlicheren Textilindustrie teilen.<\/p>\n            <\/div>\n                                <\/div>\n            <\/div>\n\n\n  \n    <div class=\"py-11 flex sides max-w-360  gap-8 md:gap-16 lg:gap-25 lg:items-center flex-col-reverse lg:flex-row\">\n        <!-- Image Column -->\n                \n        <div class=\"w-full lg:w-3\/5\">\n                        <div class=\"grid grid-rows-3 gap-5\">\n                                <div class=\"flex flex-col md:flex-row items-center gap-5 md:gap-10 p-8 relative text-white px-12\">\n                                            <img loading=\"lazy\" decoding=\"async\" width=\"1095\" height=\"236\" src=\"https:\/\/www.texcene.com\/wp-content\/uploads\/2025\/09\/Sostenibilita-ambientale.avif\" class=\"size-full absolute top-0 left-0 object-cover\" alt=\"\" srcset=\"https:\/\/www.texcene.com\/wp-content\/uploads\/2025\/09\/Sostenibilita-ambientale.avif 1095w, https:\/\/www.texcene.com\/wp-content\/uploads\/2025\/09\/Sostenibilita-ambientale-300x65.avif 300w, https:\/\/www.texcene.com\/wp-content\/uploads\/2025\/09\/Sostenibilita-ambientale-1024x221.avif 1024w, https:\/\/www.texcene.com\/wp-content\/uploads\/2025\/09\/Sostenibilita-ambientale-768x166.avif 768w\" sizes=\"auto, (max-width: 1095px) 100vw, 1095px\" \/>                                                            <header class=\"md:w-1\/3 relative\">\n                                                <h3 class=\"text-xl md:text-2xl font-bold leading-none\">\n                            \u00d6kologische Nachhaltigkeit                        <\/h3>\n                                            <\/header>\n                                        <div class=\"content [&#038;_li]:marker:text-white md:w-2\/3 font-bold text-sm relative\">\n                        <p>Durch die Nutzung von Wasserkraft reduzieren wir die Abh\u00e4ngigkeit von fossilen Energietr\u00e4gern und f\u00f6rdern ein nachhaltigeres Energiemodell.<\/p>\n                    <\/div>\n                                    <\/div>  \n                                <div class=\"flex flex-col md:flex-row items-center gap-5 md:gap-10 p-8 relative text-white px-12\">\n                                            <img loading=\"lazy\" decoding=\"async\" width=\"1095\" height=\"236\" src=\"https:\/\/www.texcene.com\/wp-content\/uploads\/2025\/09\/Innovazione-Responsabile.avif\" class=\"size-full absolute top-0 left-0 object-cover\" alt=\"\" srcset=\"https:\/\/www.texcene.com\/wp-content\/uploads\/2025\/09\/Innovazione-Responsabile.avif 1095w, https:\/\/www.texcene.com\/wp-content\/uploads\/2025\/09\/Innovazione-Responsabile-300x65.avif 300w, https:\/\/www.texcene.com\/wp-content\/uploads\/2025\/09\/Innovazione-Responsabile-1024x221.avif 1024w, https:\/\/www.texcene.com\/wp-content\/uploads\/2025\/09\/Innovazione-Responsabile-768x166.avif 768w\" sizes=\"auto, (max-width: 1095px) 100vw, 1095px\" \/>                                                            <header class=\"md:w-1\/3 relative\">\n                                                <h3 class=\"text-xl md:text-2xl font-bold leading-none\">\n                            Verantwortungsvolle Innovation                        <\/h3>\n                                            <\/header>\n                                        <div class=\"content [&#038;_li]:marker:text-white md:w-2\/3 font-bold text-sm relative\">\n                        <p>Dank dieser Initiative haben wir im Jahr 2024 800 Tonnen CO2 eingespart und leisten damit einen aktiven Beitrag zum Kampf gegen den<br \/>\nKlimawandel.<\/p>\n                    <\/div>\n                                    <\/div>  \n                                <div class=\"flex flex-col md:flex-row items-center gap-5 md:gap-10 p-8 relative text-white px-12\">\n                                            <img loading=\"lazy\" decoding=\"async\" width=\"1095\" height=\"236\" src=\"https:\/\/www.texcene.com\/wp-content\/uploads\/2025\/09\/Trasparenza-Energetica.avif\" class=\"size-full absolute top-0 left-0 object-cover\" alt=\"\" srcset=\"https:\/\/www.texcene.com\/wp-content\/uploads\/2025\/09\/Trasparenza-Energetica.avif 1095w, https:\/\/www.texcene.com\/wp-content\/uploads\/2025\/09\/Trasparenza-Energetica-300x65.avif 300w, https:\/\/www.texcene.com\/wp-content\/uploads\/2025\/09\/Trasparenza-Energetica-1024x221.avif 1024w, https:\/\/www.texcene.com\/wp-content\/uploads\/2025\/09\/Trasparenza-Energetica-768x166.avif 768w\" sizes=\"auto, (max-width: 1095px) 100vw, 1095px\" \/>                                                            <header class=\"md:w-1\/3 relative\">\n                                                <h3 class=\"text-xl md:text-2xl font-bold leading-none\">\n                            Energietransparenz                        <\/h3>\n                                            <\/header>\n                                        <div class=\"content [&#038;_li]:marker:text-white md:w-2\/3 font-bold text-sm relative\">\n                        <p>Wir \u00fcberwachen kontinuierlich die Energieproduktion und -nutzung und gew\u00e4hrleisten Transparenz sowie Verantwortung gegen\u00fcber unseren Stakeholdern.<\/p>\n                    <\/div>\n                                    <\/div>  \n                   \n            <\/div>\n                    <\/div>\n                <!-- Text Column -->\n        <div class=\"w-full flex flex-col gap-5 lg:w-2\/5 px-0 lg:pl-16\">\n                            <h3 class=\"text-sm\">Einige Fakten<\/h3>\n                                        <h2 class=\"text-3xl  lg:text-5xl font-bold\">Welche Vorteile gibt es?<\/h2>\n                                            <\/div>\n            <\/div>\n","protected":false},"excerpt":{"rendered":"","protected":false},"author":1,"featured_media":2657,"parent":0,"menu_order":0,"comment_status":"closed","ping_status":"closed","template":"","meta":{"_acf_changed":false,"footnotes":""},"class_list":["post-2841","page","type-page","status-publish","has-post-thumbnail","hentry"],"acf":[],"yoast_head":"<!-- This site is optimized with the Yoast SEO plugin v25.3.1 - https:\/\/yoast.com\/wordpress\/plugins\/seo\/ -->\n<title>Wasserkraftwerk - Texcene<\/title>\n<meta name=\"description\" content=\"Das Wasserkraftwerk von Texcene produziert saubere Energie f\u00fcr eine nachhaltigere und effizientere Textilproduktion.\" \/>\n<meta name=\"robots\" content=\"index, follow, max-snippet:-1, max-image-preview:large, max-video-preview:-1\" \/>\n<link rel=\"canonical\" href=\"https:\/\/www.texcene.com\/de\/wasserkraftwerk\/\" \/>\n<meta property=\"og:locale\" content=\"de_DE\" \/>\n<meta property=\"og:type\" content=\"article\" \/>\n<meta property=\"og:title\" content=\"Wasserkraftwerk - Texcene\" \/>\n<meta property=\"og:description\" content=\"Das Wasserkraftwerk von Texcene produziert saubere Energie f\u00fcr eine nachhaltigere und effizientere Textilproduktion.\" \/>\n<meta property=\"og:url\" content=\"https:\/\/www.texcene.com\/de\/wasserkraftwerk\/\" \/>\n<meta property=\"og:site_name\" content=\"Texcene\" \/>\n<meta property=\"article:modified_time\" content=\"2026-03-11T13:08:13+00:00\" \/>\n<meta property=\"og:image\" content=\"https:\/\/www.texcene.com\/wp-content\/uploads\/2026\/02\/centrale-idroelettrica-hero.avif\" \/>\n\t<meta property=\"og:image:width\" content=\"2160\" \/>\n\t<meta property=\"og:image:height\" content=\"827\" \/>\n\t<meta property=\"og:image:type\" content=\"image\/jpeg\" \/>\n<meta name=\"twitter:card\" content=\"summary_large_image\" \/>\n<meta name=\"twitter:label1\" content=\"Gesch\u00e4tzte Lesezeit\" \/>\n\t<meta name=\"twitter:data1\" content=\"1\u00a0Minute\" \/>\n<script type=\"application\/ld+json\" class=\"yoast-schema-graph\">{\"@context\":\"https:\/\/schema.org\",\"@graph\":[{\"@type\":\"WebPage\",\"@id\":\"https:\/\/www.texcene.com\/de\/wasserkraftwerk\/\",\"url\":\"https:\/\/www.texcene.com\/de\/wasserkraftwerk\/\",\"name\":\"Wasserkraftwerk - Texcene\",\"isPartOf\":{\"@id\":\"https:\/\/www.texcene.com\/de\/#website\"},\"primaryImageOfPage\":{\"@id\":\"https:\/\/www.texcene.com\/de\/wasserkraftwerk\/#primaryimage\"},\"image\":{\"@id\":\"https:\/\/www.texcene.com\/de\/wasserkraftwerk\/#primaryimage\"},\"thumbnailUrl\":\"https:\/\/www.texcene.com\/wp-content\/uploads\/2026\/02\/centrale-idroelettrica-hero.avif\",\"datePublished\":\"2025-09-19T14:00:40+00:00\",\"dateModified\":\"2026-03-11T13:08:13+00:00\",\"description\":\"Das Wasserkraftwerk von Texcene produziert saubere Energie f\u00fcr eine nachhaltigere und effizientere Textilproduktion.\",\"breadcrumb\":{\"@id\":\"https:\/\/www.texcene.com\/de\/wasserkraftwerk\/#breadcrumb\"},\"inLanguage\":\"de\",\"potentialAction\":[{\"@type\":\"ReadAction\",\"target\":[\"https:\/\/www.texcene.com\/de\/wasserkraftwerk\/\"]}]},{\"@type\":\"ImageObject\",\"inLanguage\":\"de\",\"@id\":\"https:\/\/www.texcene.com\/de\/wasserkraftwerk\/#primaryimage\",\"url\":\"https:\/\/www.texcene.com\/wp-content\/uploads\/2026\/02\/centrale-idroelettrica-hero.avif\",\"contentUrl\":\"https:\/\/www.texcene.com\/wp-content\/uploads\/2026\/02\/centrale-idroelettrica-hero.avif\",\"width\":2160,\"height\":827},{\"@type\":\"BreadcrumbList\",\"@id\":\"https:\/\/www.texcene.com\/de\/wasserkraftwerk\/#breadcrumb\",\"itemListElement\":[{\"@type\":\"ListItem\",\"position\":1,\"name\":\"Home\",\"item\":\"https:\/\/www.texcene.com\/de\/\"},{\"@type\":\"ListItem\",\"position\":2,\"name\":\"Wasserkraftwerk\"}]},{\"@type\":\"WebSite\",\"@id\":\"https:\/\/www.texcene.com\/de\/#website\",\"url\":\"https:\/\/www.texcene.com\/de\/\",\"name\":\"Texcene\",\"description\":\"\",\"potentialAction\":[{\"@type\":\"SearchAction\",\"target\":{\"@type\":\"EntryPoint\",\"urlTemplate\":\"https:\/\/www.texcene.com\/de\/?s={search_term_string}\"},\"query-input\":{\"@type\":\"PropertyValueSpecification\",\"valueRequired\":true,\"valueName\":\"search_term_string\"}}],\"inLanguage\":\"de\"}]}<\/script>\n<!-- \/ Yoast SEO plugin. -->","yoast_head_json":{"title":"Wasserkraftwerk - Texcene","description":"Das Wasserkraftwerk von Texcene produziert saubere Energie f\u00fcr eine nachhaltigere und effizientere Textilproduktion.","robots":{"index":"index","follow":"follow","max-snippet":"max-snippet:-1","max-image-preview":"max-image-preview:large","max-video-preview":"max-video-preview:-1"},"canonical":"https:\/\/www.texcene.com\/de\/wasserkraftwerk\/","og_locale":"de_DE","og_type":"article","og_title":"Wasserkraftwerk - Texcene","og_description":"Das Wasserkraftwerk von Texcene produziert saubere Energie f\u00fcr eine nachhaltigere und effizientere Textilproduktion.","og_url":"https:\/\/www.texcene.com\/de\/wasserkraftwerk\/","og_site_name":"Texcene","article_modified_time":"2026-03-11T13:08:13+00:00","og_image":[{"width":2160,"height":827,"url":"https:\/\/www.texcene.com\/wp-content\/uploads\/2026\/02\/centrale-idroelettrica-hero.avif","type":"image\/jpeg"}],"twitter_card":"summary_large_image","twitter_misc":{"Gesch\u00e4tzte Lesezeit":"1\u00a0Minute"},"schema":{"@context":"https:\/\/schema.org","@graph":[{"@type":"WebPage","@id":"https:\/\/www.texcene.com\/de\/wasserkraftwerk\/","url":"https:\/\/www.texcene.com\/de\/wasserkraftwerk\/","name":"Wasserkraftwerk - Texcene","isPartOf":{"@id":"https:\/\/www.texcene.com\/de\/#website"},"primaryImageOfPage":{"@id":"https:\/\/www.texcene.com\/de\/wasserkraftwerk\/#primaryimage"},"image":{"@id":"https:\/\/www.texcene.com\/de\/wasserkraftwerk\/#primaryimage"},"thumbnailUrl":"https:\/\/www.texcene.com\/wp-content\/uploads\/2026\/02\/centrale-idroelettrica-hero.avif","datePublished":"2025-09-19T14:00:40+00:00","dateModified":"2026-03-11T13:08:13+00:00","description":"Das Wasserkraftwerk von Texcene produziert saubere Energie f\u00fcr eine nachhaltigere und effizientere Textilproduktion.","breadcrumb":{"@id":"https:\/\/www.texcene.com\/de\/wasserkraftwerk\/#breadcrumb"},"inLanguage":"de","potentialAction":[{"@type":"ReadAction","target":["https:\/\/www.texcene.com\/de\/wasserkraftwerk\/"]}]},{"@type":"ImageObject","inLanguage":"de","@id":"https:\/\/www.texcene.com\/de\/wasserkraftwerk\/#primaryimage","url":"https:\/\/www.texcene.com\/wp-content\/uploads\/2026\/02\/centrale-idroelettrica-hero.avif","contentUrl":"https:\/\/www.texcene.com\/wp-content\/uploads\/2026\/02\/centrale-idroelettrica-hero.avif","width":2160,"height":827},{"@type":"BreadcrumbList","@id":"https:\/\/www.texcene.com\/de\/wasserkraftwerk\/#breadcrumb","itemListElement":[{"@type":"ListItem","position":1,"name":"Home","item":"https:\/\/www.texcene.com\/de\/"},{"@type":"ListItem","position":2,"name":"Wasserkraftwerk"}]},{"@type":"WebSite","@id":"https:\/\/www.texcene.com\/de\/#website","url":"https:\/\/www.texcene.com\/de\/","name":"Texcene","description":"","potentialAction":[{"@type":"SearchAction","target":{"@type":"EntryPoint","urlTemplate":"https:\/\/www.texcene.com\/de\/?s={search_term_string}"},"query-input":{"@type":"PropertyValueSpecification","valueRequired":true,"valueName":"search_term_string"}}],"inLanguage":"de"}]}},"_links":{"self":[{"href":"https:\/\/www.texcene.com\/de\/wp-json\/wp\/v2\/pages\/2841","targetHints":{"allow":["GET"]}}],"collection":[{"href":"https:\/\/www.texcene.com\/de\/wp-json\/wp\/v2\/pages"}],"about":[{"href":"https:\/\/www.texcene.com\/de\/wp-json\/wp\/v2\/types\/page"}],"author":[{"embeddable":true,"href":"https:\/\/www.texcene.com\/de\/wp-json\/wp\/v2\/users\/1"}],"replies":[{"embeddable":true,"href":"https:\/\/www.texcene.com\/de\/wp-json\/wp\/v2\/comments?post=2841"}],"version-history":[{"count":2,"href":"https:\/\/www.texcene.com\/de\/wp-json\/wp\/v2\/pages\/2841\/revisions"}],"predecessor-version":[{"id":2870,"href":"https:\/\/www.texcene.com\/de\/wp-json\/wp\/v2\/pages\/2841\/revisions\/2870"}],"wp:featuredmedia":[{"embeddable":true,"href":"https:\/\/www.texcene.com\/de\/wp-json\/wp\/v2\/media\/2657"}],"wp:attachment":[{"href":"https:\/\/www.texcene.com\/de\/wp-json\/wp\/v2\/media?parent=2841"}],"curies":[{"name":"wp","href":"https:\/\/api.w.org\/{rel}","templated":true}]}}