{"id":2883,"date":"2025-09-19T14:53:59","date_gmt":"2025-09-19T12:53:59","guid":{"rendered":"https:\/\/texcene.bspkn.it\/laboratorio\/"},"modified":"2026-03-11T12:50:46","modified_gmt":"2026-03-11T11:50:46","slug":"labore","status":"publish","type":"page","link":"https:\/\/www.texcene.com\/de\/labore\/","title":{"rendered":"Labore"},"content":{"rendered":"<header role=\"hero\" class=\"relative flex flex-col items-start bg-black justify-end text-white  \">\n    <img loading=\"lazy\" decoding=\"async\" width=\"2160\" height=\"827\" src=\"https:\/\/www.texcene.com\/wp-content\/uploads\/2026\/02\/Il-nostro-laboratorio.avif\" class=\"size-full top-0 left-0 z-0 object-cover absolute\" alt=\"\" srcset=\"https:\/\/www.texcene.com\/wp-content\/uploads\/2026\/02\/Il-nostro-laboratorio.avif 2160w, https:\/\/www.texcene.com\/wp-content\/uploads\/2026\/02\/Il-nostro-laboratorio-300x115.avif 300w, https:\/\/www.texcene.com\/wp-content\/uploads\/2026\/02\/Il-nostro-laboratorio-1024x392.avif 1024w, https:\/\/www.texcene.com\/wp-content\/uploads\/2026\/02\/Il-nostro-laboratorio-768x294.avif 768w, https:\/\/www.texcene.com\/wp-content\/uploads\/2026\/02\/Il-nostro-laboratorio-1536x588.avif 1536w, https:\/\/www.texcene.com\/wp-content\/uploads\/2026\/02\/Il-nostro-laboratorio-2048x784.avif 2048w\" sizes=\"auto, (max-width: 2160px) 100vw, 2160px\" \/>        \n    <div class=\"relative sides flex flex-col items-start w-full gap-5 md:gap-8 max-w-303 pt-20 pb-15 md:pt-37 md:pb-30\">\n        <h1 class=\"text-3xl md:text-5xl lg:text-7xl font-bold pt-25 md:pt-30 md:max-w-2\/3\">Unser Labor<\/h1>\n                <h2 class=\"font-inter text-lg md:text-2xl \">Das pulsierende Herz<\/h2>\n            <\/div>\n    <\/header>\n\n  \n    <div class=\"py-11 flex sides max-w-360  gap-8 md:gap-16 lg:gap-25 lg:items-center flex-col lg:flex-row\">\n        <!-- Image Column -->\n                \n        <div class=\"w-full lg:w-3\/5\">\n                        <img loading=\"lazy\" decoding=\"async\" width=\"1440\" height=\"802\" src=\"https:\/\/www.texcene.com\/wp-content\/uploads\/2026\/03\/pipettatrice.jpg\" class=\"w-full h-auto\" alt=\"\" \/>                    <\/div>\n                <!-- Text Column -->\n        <div class=\"w-full flex flex-col gap-5 lg:w-2\/5 px-0 lg:pl-16\">\n                                        <h2 class=\"text-3xl lg:mt-4 lg:text-5xl font-bold\">Textillabor<\/h2>\n                                    <div class=\"lg:mt-4 content md:text-lg\">\n                <p>Im Herzen unseres Unternehmens ist das Textillabor der Treffpunkt von Innovation, Pr\u00e4zision und Kreativit\u00e4t. Hier erwacht jede Farbe zum Leben, jede Behandlung wird perfektioniert und jedes Gewebe erreicht seine h\u00f6chste qualitative Ausdruckskraft.<\/p>\n            <\/div>\n                                <\/div>\n            <\/div>\n\n\n  \n    <div class=\"py-11 flex sides max-w-360  gap-8 md:gap-16 lg:gap-25 lg:items-center flex-col-reverse lg:flex-row-reverse\">\n        <!-- Image Column -->\n                <!-- Text Column -->\n        <div class=\"w-full flex flex-col gap-5 lg:w-2\/5 px-0 lg:pl-16\">\n                            <h3 class=\"text-sm\">Personalisierung<\/h3>\n                                        <h2 class=\"text-3xl  lg:text-5xl font-bold\">Farben<\/h2>\n                                    <div class=\"lg:mt-4 content md:text-lg\">\n                <p>Unser Labor ist mit modernsten Technologien zur Farbentwicklung ausgestattet.<\/p>\n            <\/div>\n                                <\/div>\n            <\/div>\n\n\n  \n    <div class=\"py-11 flex sides max-w-360  gap-8 md:gap-16 lg:gap-25 lg:items-center flex-col-reverse lg:flex-row\">\n        <!-- Image Column -->\n                <!-- Text Column -->\n        <div class=\"w-full flex flex-col gap-5 lg:w-2\/5 px-0 lg:pl-16\">\n                            <h3 class=\"text-sm\">Wir erkl\u00e4ren<\/h3>\n                                        <h2 class=\"text-3xl  lg:text-5xl font-bold\">Qualit\u00e4tskontrolle und Echtheitspr\u00fcfungen<\/h2>\n                                    <div class=\"lg:mt-4 content md:text-lg\">\n                <p>Jedes behandelte Gewebe wird strengen Kontrollen unterzogen, um hohe Qualit\u00e4tsstandards sicherzustellen.<\/p>\n            <\/div>\n                                <\/div>\n            <\/div>\n","protected":false},"excerpt":{"rendered":"","protected":false},"author":1,"featured_media":2733,"parent":0,"menu_order":0,"comment_status":"closed","ping_status":"closed","template":"","meta":{"_acf_changed":false,"footnotes":""},"class_list":["post-2883","page","type-page","status-publish","has-post-thumbnail","hentry"],"acf":[],"yoast_head":"<!-- This site is optimized with the Yoast SEO plugin v25.3.1 - https:\/\/yoast.com\/wordpress\/plugins\/seo\/ -->\n<title>Labore - Texcene<\/title>\n<meta name=\"description\" content=\"Labore von Texcene: modernes Textillabor f\u00fcr Farbentwicklung, Personalisierung, Qualit\u00e4tskontrolle und Echtheitspr\u00fcfungen.\" \/>\n<meta name=\"robots\" content=\"index, follow, max-snippet:-1, max-image-preview:large, max-video-preview:-1\" \/>\n<link rel=\"canonical\" href=\"https:\/\/www.texcene.com\/de\/labore\/\" \/>\n<meta property=\"og:locale\" content=\"de_DE\" \/>\n<meta property=\"og:type\" content=\"article\" \/>\n<meta property=\"og:title\" content=\"Labore - Texcene\" \/>\n<meta property=\"og:description\" content=\"Labore von Texcene: modernes Textillabor f\u00fcr Farbentwicklung, Personalisierung, Qualit\u00e4tskontrolle und Echtheitspr\u00fcfungen.\" \/>\n<meta property=\"og:url\" content=\"https:\/\/www.texcene.com\/de\/labore\/\" \/>\n<meta property=\"og:site_name\" content=\"Texcene\" \/>\n<meta property=\"article:modified_time\" content=\"2026-03-11T11:50:46+00:00\" \/>\n<meta property=\"og:image\" content=\"https:\/\/www.texcene.com\/wp-content\/uploads\/2026\/02\/Il-nostro-laboratorio.avif\" \/>\n\t<meta property=\"og:image:width\" content=\"2160\" \/>\n\t<meta property=\"og:image:height\" content=\"827\" \/>\n\t<meta property=\"og:image:type\" content=\"image\/jpeg\" \/>\n<meta name=\"twitter:card\" content=\"summary_large_image\" \/>\n<meta name=\"twitter:label1\" content=\"Gesch\u00e4tzte Lesezeit\" \/>\n\t<meta name=\"twitter:data1\" content=\"1\u00a0Minute\" \/>\n<script type=\"application\/ld+json\" class=\"yoast-schema-graph\">{\"@context\":\"https:\/\/schema.org\",\"@graph\":[{\"@type\":\"WebPage\",\"@id\":\"https:\/\/www.texcene.com\/de\/labore\/\",\"url\":\"https:\/\/www.texcene.com\/de\/labore\/\",\"name\":\"Labore - Texcene\",\"isPartOf\":{\"@id\":\"https:\/\/www.texcene.com\/de\/#website\"},\"primaryImageOfPage\":{\"@id\":\"https:\/\/www.texcene.com\/de\/labore\/#primaryimage\"},\"image\":{\"@id\":\"https:\/\/www.texcene.com\/de\/labore\/#primaryimage\"},\"thumbnailUrl\":\"https:\/\/www.texcene.com\/wp-content\/uploads\/2026\/02\/Il-nostro-laboratorio.avif\",\"datePublished\":\"2025-09-19T12:53:59+00:00\",\"dateModified\":\"2026-03-11T11:50:46+00:00\",\"description\":\"Labore von Texcene: modernes Textillabor f\u00fcr Farbentwicklung, Personalisierung, Qualit\u00e4tskontrolle und Echtheitspr\u00fcfungen.\",\"breadcrumb\":{\"@id\":\"https:\/\/www.texcene.com\/de\/labore\/#breadcrumb\"},\"inLanguage\":\"de\",\"potentialAction\":[{\"@type\":\"ReadAction\",\"target\":[\"https:\/\/www.texcene.com\/de\/labore\/\"]}]},{\"@type\":\"ImageObject\",\"inLanguage\":\"de\",\"@id\":\"https:\/\/www.texcene.com\/de\/labore\/#primaryimage\",\"url\":\"https:\/\/www.texcene.com\/wp-content\/uploads\/2026\/02\/Il-nostro-laboratorio.avif\",\"contentUrl\":\"https:\/\/www.texcene.com\/wp-content\/uploads\/2026\/02\/Il-nostro-laboratorio.avif\",\"width\":2160,\"height\":827},{\"@type\":\"BreadcrumbList\",\"@id\":\"https:\/\/www.texcene.com\/de\/labore\/#breadcrumb\",\"itemListElement\":[{\"@type\":\"ListItem\",\"position\":1,\"name\":\"Home\",\"item\":\"https:\/\/www.texcene.com\/de\/\"},{\"@type\":\"ListItem\",\"position\":2,\"name\":\"Labore\"}]},{\"@type\":\"WebSite\",\"@id\":\"https:\/\/www.texcene.com\/de\/#website\",\"url\":\"https:\/\/www.texcene.com\/de\/\",\"name\":\"Texcene\",\"description\":\"\",\"potentialAction\":[{\"@type\":\"SearchAction\",\"target\":{\"@type\":\"EntryPoint\",\"urlTemplate\":\"https:\/\/www.texcene.com\/de\/?s={search_term_string}\"},\"query-input\":{\"@type\":\"PropertyValueSpecification\",\"valueRequired\":true,\"valueName\":\"search_term_string\"}}],\"inLanguage\":\"de\"}]}<\/script>\n<!-- \/ Yoast SEO plugin. -->","yoast_head_json":{"title":"Labore - Texcene","description":"Labore von Texcene: modernes Textillabor f\u00fcr Farbentwicklung, Personalisierung, Qualit\u00e4tskontrolle und Echtheitspr\u00fcfungen.","robots":{"index":"index","follow":"follow","max-snippet":"max-snippet:-1","max-image-preview":"max-image-preview:large","max-video-preview":"max-video-preview:-1"},"canonical":"https:\/\/www.texcene.com\/de\/labore\/","og_locale":"de_DE","og_type":"article","og_title":"Labore - Texcene","og_description":"Labore von Texcene: modernes Textillabor f\u00fcr Farbentwicklung, Personalisierung, Qualit\u00e4tskontrolle und Echtheitspr\u00fcfungen.","og_url":"https:\/\/www.texcene.com\/de\/labore\/","og_site_name":"Texcene","article_modified_time":"2026-03-11T11:50:46+00:00","og_image":[{"width":2160,"height":827,"url":"https:\/\/www.texcene.com\/wp-content\/uploads\/2026\/02\/Il-nostro-laboratorio.avif","type":"image\/jpeg"}],"twitter_card":"summary_large_image","twitter_misc":{"Gesch\u00e4tzte Lesezeit":"1\u00a0Minute"},"schema":{"@context":"https:\/\/schema.org","@graph":[{"@type":"WebPage","@id":"https:\/\/www.texcene.com\/de\/labore\/","url":"https:\/\/www.texcene.com\/de\/labore\/","name":"Labore - Texcene","isPartOf":{"@id":"https:\/\/www.texcene.com\/de\/#website"},"primaryImageOfPage":{"@id":"https:\/\/www.texcene.com\/de\/labore\/#primaryimage"},"image":{"@id":"https:\/\/www.texcene.com\/de\/labore\/#primaryimage"},"thumbnailUrl":"https:\/\/www.texcene.com\/wp-content\/uploads\/2026\/02\/Il-nostro-laboratorio.avif","datePublished":"2025-09-19T12:53:59+00:00","dateModified":"2026-03-11T11:50:46+00:00","description":"Labore von Texcene: modernes Textillabor f\u00fcr Farbentwicklung, Personalisierung, Qualit\u00e4tskontrolle und Echtheitspr\u00fcfungen.","breadcrumb":{"@id":"https:\/\/www.texcene.com\/de\/labore\/#breadcrumb"},"inLanguage":"de","potentialAction":[{"@type":"ReadAction","target":["https:\/\/www.texcene.com\/de\/labore\/"]}]},{"@type":"ImageObject","inLanguage":"de","@id":"https:\/\/www.texcene.com\/de\/labore\/#primaryimage","url":"https:\/\/www.texcene.com\/wp-content\/uploads\/2026\/02\/Il-nostro-laboratorio.avif","contentUrl":"https:\/\/www.texcene.com\/wp-content\/uploads\/2026\/02\/Il-nostro-laboratorio.avif","width":2160,"height":827},{"@type":"BreadcrumbList","@id":"https:\/\/www.texcene.com\/de\/labore\/#breadcrumb","itemListElement":[{"@type":"ListItem","position":1,"name":"Home","item":"https:\/\/www.texcene.com\/de\/"},{"@type":"ListItem","position":2,"name":"Labore"}]},{"@type":"WebSite","@id":"https:\/\/www.texcene.com\/de\/#website","url":"https:\/\/www.texcene.com\/de\/","name":"Texcene","description":"","potentialAction":[{"@type":"SearchAction","target":{"@type":"EntryPoint","urlTemplate":"https:\/\/www.texcene.com\/de\/?s={search_term_string}"},"query-input":{"@type":"PropertyValueSpecification","valueRequired":true,"valueName":"search_term_string"}}],"inLanguage":"de"}]}},"_links":{"self":[{"href":"https:\/\/www.texcene.com\/de\/wp-json\/wp\/v2\/pages\/2883","targetHints":{"allow":["GET"]}}],"collection":[{"href":"https:\/\/www.texcene.com\/de\/wp-json\/wp\/v2\/pages"}],"about":[{"href":"https:\/\/www.texcene.com\/de\/wp-json\/wp\/v2\/types\/page"}],"author":[{"embeddable":true,"href":"https:\/\/www.texcene.com\/de\/wp-json\/wp\/v2\/users\/1"}],"replies":[{"embeddable":true,"href":"https:\/\/www.texcene.com\/de\/wp-json\/wp\/v2\/comments?post=2883"}],"version-history":[{"count":2,"href":"https:\/\/www.texcene.com\/de\/wp-json\/wp\/v2\/pages\/2883\/revisions"}],"predecessor-version":[{"id":3261,"href":"https:\/\/www.texcene.com\/de\/wp-json\/wp\/v2\/pages\/2883\/revisions\/3261"}],"wp:featuredmedia":[{"embeddable":true,"href":"https:\/\/www.texcene.com\/de\/wp-json\/wp\/v2\/media\/2733"}],"wp:attachment":[{"href":"https:\/\/www.texcene.com\/de\/wp-json\/wp\/v2\/media?parent=2883"}],"curies":[{"name":"wp","href":"https:\/\/api.w.org\/{rel}","templated":true}]}}