{"id":2950,"date":"2025-09-19T09:14:35","date_gmt":"2025-09-19T07:14:35","guid":{"rendered":"https:\/\/texcene.bspkn.it\/whistleblowing\/"},"modified":"2026-03-11T11:28:58","modified_gmt":"2026-03-11T10:28:58","slug":"whistleblowing","status":"publish","type":"page","link":"https:\/\/www.texcene.com\/de\/whistleblowing\/","title":{"rendered":"Whistleblowing"},"content":{"rendered":"<header role=\"hero\" class=\"relative flex flex-col items-start bg-black justify-end text-white  \">\n    <img loading=\"lazy\" decoding=\"async\" width=\"2160\" height=\"827\" src=\"https:\/\/www.texcene.com\/wp-content\/uploads\/2025\/09\/green-wrap.avif\" class=\"size-full top-0 left-0 z-0 object-cover absolute\" alt=\"\" srcset=\"https:\/\/www.texcene.com\/wp-content\/uploads\/2025\/09\/green-wrap.avif 2160w, https:\/\/www.texcene.com\/wp-content\/uploads\/2025\/09\/green-wrap-300x115.avif 300w, https:\/\/www.texcene.com\/wp-content\/uploads\/2025\/09\/green-wrap-1024x392.avif 1024w, https:\/\/www.texcene.com\/wp-content\/uploads\/2025\/09\/green-wrap-768x294.avif 768w, https:\/\/www.texcene.com\/wp-content\/uploads\/2025\/09\/green-wrap-1536x588.avif 1536w, https:\/\/www.texcene.com\/wp-content\/uploads\/2025\/09\/green-wrap-2048x784.avif 2048w\" sizes=\"auto, (max-width: 2160px) 100vw, 2160px\" \/>        \n    <div class=\"relative sides flex flex-col items-start w-full gap-5 md:gap-8 max-w-303 pt-20 pb-15 md:pt-37 md:pb-30\">\n        <h1 class=\"text-3xl md:text-5xl lg:text-7xl font-bold pt-25 md:pt-30 md:max-w-2\/3\">Whistleblowing<\/h1>\n                <h2 class=\"font-inter text-lg md:text-2xl \">Engagieren wir uns gemeinsam<\/h2>\n            <\/div>\n    <\/header>\n\n  \n    <div class=\"py-11 flex sides max-w-360  gap-8 md:gap-16 lg:gap-25 lg:items-center flex-col lg:flex-row\">\n        <!-- Image Column -->\n                \n        <div class=\"w-full lg:w-3\/5\">\n                        <img loading=\"lazy\" decoding=\"async\" width=\"1460\" height=\"1157\" src=\"https:\/\/www.texcene.com\/wp-content\/uploads\/2025\/09\/whistleblowing-image-2.avif\" class=\"w-full h-auto\" alt=\"\" srcset=\"https:\/\/www.texcene.com\/wp-content\/uploads\/2025\/09\/whistleblowing-image-2.avif 1460w, https:\/\/www.texcene.com\/wp-content\/uploads\/2025\/09\/whistleblowing-image-2-300x238.avif 300w, https:\/\/www.texcene.com\/wp-content\/uploads\/2025\/09\/whistleblowing-image-2-1024x811.avif 1024w, https:\/\/www.texcene.com\/wp-content\/uploads\/2025\/09\/whistleblowing-image-2-768x609.avif 768w\" sizes=\"auto, (max-width: 1460px) 100vw, 1460px\" \/>                    <\/div>\n                <!-- Text Column -->\n        <div class=\"w-full flex flex-col gap-5 lg:w-2\/5 px-0 lg:pl-16\">\n                                                <div class=\"lg:mt-4 content md:text-lg\">\n                <h2><strong>Hinweisgebersystem und Unternehmensintegrit\u00e4t<\/strong><\/h2>\n<p>Wir handeln ethisch und verantwortungsvoll \u2013 im Einklang mit Gesetzen, Vorschriften und internen Unternehmensverfahren.<\/p>\n<p>Wir laden alle Stakeholder ein, Fehlverhalten oder rechtswidrige Handlungen \u00fcber vertrauliche Kan\u00e4le zu melden, in \u00dcbereinstimmung mit dem Gesetzesdekret 24\/2023.<\/p>\n<p>Ein eigenes Verfahren legt Modalit\u00e4ten und Fristen f\u00fcr die Einreichung und Bearbeitung von Meldungen fest.<\/p>\n            <\/div>\n                                    <nav class=\"inline-flex w-max gap-2 flex-col mx-auto\">\n                                <a href=\"https:\/\/www.texcene.com\/wp-content\/uploads\/2025\/09\/Comunicazione-WB.pdf\" class=\"btn text-center border-black text-black md:hover:text-white\">Whistleblowing-Verfahren<\/a>\n                                <a href=\"https:\/\/texcene.cpkeeper.online\/keeper\/available-configuration-links\" class=\"btn text-center bg-salvia-light text-white\">Zum Meldeformular<\/a>\n                            <\/nav>\n                    <\/div>\n            <\/div>\n","protected":false},"excerpt":{"rendered":"","protected":false},"author":1,"featured_media":1924,"parent":0,"menu_order":0,"comment_status":"closed","ping_status":"closed","template":"","meta":{"_acf_changed":false,"footnotes":""},"class_list":["post-2950","page","type-page","status-publish","has-post-thumbnail","hentry"],"acf":[],"yoast_head":"<!-- This site is optimized with the Yoast SEO plugin v25.3.1 - https:\/\/yoast.com\/wordpress\/plugins\/seo\/ -->\n<title>Whistleblowing - Texcene<\/title>\n<meta name=\"description\" content=\"Erfahren Sie mehr \u00fcber die Hinweisgeberrichtlinie von Texcene f\u00fcr vertrauliche und sichere Meldungen im Unternehmen.\" \/>\n<meta name=\"robots\" content=\"index, follow, max-snippet:-1, max-image-preview:large, max-video-preview:-1\" \/>\n<link rel=\"canonical\" href=\"https:\/\/www.texcene.com\/de\/whistleblowing\/\" \/>\n<meta property=\"og:locale\" content=\"de_DE\" \/>\n<meta property=\"og:type\" content=\"article\" \/>\n<meta property=\"og:title\" content=\"Whistleblowing - Texcene\" \/>\n<meta property=\"og:description\" content=\"Erfahren Sie mehr \u00fcber die Hinweisgeberrichtlinie von Texcene f\u00fcr vertrauliche und sichere Meldungen im Unternehmen.\" \/>\n<meta property=\"og:url\" content=\"https:\/\/www.texcene.com\/de\/whistleblowing\/\" \/>\n<meta property=\"og:site_name\" content=\"Texcene\" \/>\n<meta property=\"article:modified_time\" content=\"2026-03-11T10:28:58+00:00\" \/>\n<meta property=\"og:image\" content=\"https:\/\/www.texcene.com\/wp-content\/uploads\/2025\/09\/green-wrap.avif\" \/>\n\t<meta property=\"og:image:width\" content=\"2160\" \/>\n\t<meta property=\"og:image:height\" content=\"827\" \/>\n\t<meta property=\"og:image:type\" content=\"image\/jpeg\" \/>\n<meta name=\"twitter:card\" content=\"summary_large_image\" \/>\n<meta name=\"twitter:label1\" content=\"Gesch\u00e4tzte Lesezeit\" \/>\n\t<meta name=\"twitter:data1\" content=\"1\u00a0Minute\" \/>\n<script type=\"application\/ld+json\" class=\"yoast-schema-graph\">{\"@context\":\"https:\/\/schema.org\",\"@graph\":[{\"@type\":\"WebPage\",\"@id\":\"https:\/\/www.texcene.com\/de\/whistleblowing\/\",\"url\":\"https:\/\/www.texcene.com\/de\/whistleblowing\/\",\"name\":\"Whistleblowing - Texcene\",\"isPartOf\":{\"@id\":\"https:\/\/www.texcene.com\/de\/#website\"},\"primaryImageOfPage\":{\"@id\":\"https:\/\/www.texcene.com\/de\/whistleblowing\/#primaryimage\"},\"image\":{\"@id\":\"https:\/\/www.texcene.com\/de\/whistleblowing\/#primaryimage\"},\"thumbnailUrl\":\"https:\/\/www.texcene.com\/wp-content\/uploads\/2025\/09\/green-wrap.avif\",\"datePublished\":\"2025-09-19T07:14:35+00:00\",\"dateModified\":\"2026-03-11T10:28:58+00:00\",\"description\":\"Erfahren Sie mehr \u00fcber die Hinweisgeberrichtlinie von Texcene f\u00fcr vertrauliche und sichere Meldungen im Unternehmen.\",\"breadcrumb\":{\"@id\":\"https:\/\/www.texcene.com\/de\/whistleblowing\/#breadcrumb\"},\"inLanguage\":\"de\",\"potentialAction\":[{\"@type\":\"ReadAction\",\"target\":[\"https:\/\/www.texcene.com\/de\/whistleblowing\/\"]}]},{\"@type\":\"ImageObject\",\"inLanguage\":\"de\",\"@id\":\"https:\/\/www.texcene.com\/de\/whistleblowing\/#primaryimage\",\"url\":\"https:\/\/www.texcene.com\/wp-content\/uploads\/2025\/09\/green-wrap.avif\",\"contentUrl\":\"https:\/\/www.texcene.com\/wp-content\/uploads\/2025\/09\/green-wrap.avif\",\"width\":2160,\"height\":827},{\"@type\":\"BreadcrumbList\",\"@id\":\"https:\/\/www.texcene.com\/de\/whistleblowing\/#breadcrumb\",\"itemListElement\":[{\"@type\":\"ListItem\",\"position\":1,\"name\":\"Home\",\"item\":\"https:\/\/www.texcene.com\/de\/\"},{\"@type\":\"ListItem\",\"position\":2,\"name\":\"Whistleblowing\"}]},{\"@type\":\"WebSite\",\"@id\":\"https:\/\/www.texcene.com\/de\/#website\",\"url\":\"https:\/\/www.texcene.com\/de\/\",\"name\":\"Texcene\",\"description\":\"\",\"potentialAction\":[{\"@type\":\"SearchAction\",\"target\":{\"@type\":\"EntryPoint\",\"urlTemplate\":\"https:\/\/www.texcene.com\/de\/?s={search_term_string}\"},\"query-input\":{\"@type\":\"PropertyValueSpecification\",\"valueRequired\":true,\"valueName\":\"search_term_string\"}}],\"inLanguage\":\"de\"}]}<\/script>\n<!-- \/ Yoast SEO plugin. -->","yoast_head_json":{"title":"Whistleblowing - Texcene","description":"Erfahren Sie mehr \u00fcber die Hinweisgeberrichtlinie von Texcene f\u00fcr vertrauliche und sichere Meldungen im Unternehmen.","robots":{"index":"index","follow":"follow","max-snippet":"max-snippet:-1","max-image-preview":"max-image-preview:large","max-video-preview":"max-video-preview:-1"},"canonical":"https:\/\/www.texcene.com\/de\/whistleblowing\/","og_locale":"de_DE","og_type":"article","og_title":"Whistleblowing - Texcene","og_description":"Erfahren Sie mehr \u00fcber die Hinweisgeberrichtlinie von Texcene f\u00fcr vertrauliche und sichere Meldungen im Unternehmen.","og_url":"https:\/\/www.texcene.com\/de\/whistleblowing\/","og_site_name":"Texcene","article_modified_time":"2026-03-11T10:28:58+00:00","og_image":[{"width":2160,"height":827,"url":"https:\/\/www.texcene.com\/wp-content\/uploads\/2025\/09\/green-wrap.avif","type":"image\/jpeg"}],"twitter_card":"summary_large_image","twitter_misc":{"Gesch\u00e4tzte Lesezeit":"1\u00a0Minute"},"schema":{"@context":"https:\/\/schema.org","@graph":[{"@type":"WebPage","@id":"https:\/\/www.texcene.com\/de\/whistleblowing\/","url":"https:\/\/www.texcene.com\/de\/whistleblowing\/","name":"Whistleblowing - Texcene","isPartOf":{"@id":"https:\/\/www.texcene.com\/de\/#website"},"primaryImageOfPage":{"@id":"https:\/\/www.texcene.com\/de\/whistleblowing\/#primaryimage"},"image":{"@id":"https:\/\/www.texcene.com\/de\/whistleblowing\/#primaryimage"},"thumbnailUrl":"https:\/\/www.texcene.com\/wp-content\/uploads\/2025\/09\/green-wrap.avif","datePublished":"2025-09-19T07:14:35+00:00","dateModified":"2026-03-11T10:28:58+00:00","description":"Erfahren Sie mehr \u00fcber die Hinweisgeberrichtlinie von Texcene f\u00fcr vertrauliche und sichere Meldungen im Unternehmen.","breadcrumb":{"@id":"https:\/\/www.texcene.com\/de\/whistleblowing\/#breadcrumb"},"inLanguage":"de","potentialAction":[{"@type":"ReadAction","target":["https:\/\/www.texcene.com\/de\/whistleblowing\/"]}]},{"@type":"ImageObject","inLanguage":"de","@id":"https:\/\/www.texcene.com\/de\/whistleblowing\/#primaryimage","url":"https:\/\/www.texcene.com\/wp-content\/uploads\/2025\/09\/green-wrap.avif","contentUrl":"https:\/\/www.texcene.com\/wp-content\/uploads\/2025\/09\/green-wrap.avif","width":2160,"height":827},{"@type":"BreadcrumbList","@id":"https:\/\/www.texcene.com\/de\/whistleblowing\/#breadcrumb","itemListElement":[{"@type":"ListItem","position":1,"name":"Home","item":"https:\/\/www.texcene.com\/de\/"},{"@type":"ListItem","position":2,"name":"Whistleblowing"}]},{"@type":"WebSite","@id":"https:\/\/www.texcene.com\/de\/#website","url":"https:\/\/www.texcene.com\/de\/","name":"Texcene","description":"","potentialAction":[{"@type":"SearchAction","target":{"@type":"EntryPoint","urlTemplate":"https:\/\/www.texcene.com\/de\/?s={search_term_string}"},"query-input":{"@type":"PropertyValueSpecification","valueRequired":true,"valueName":"search_term_string"}}],"inLanguage":"de"}]}},"_links":{"self":[{"href":"https:\/\/www.texcene.com\/de\/wp-json\/wp\/v2\/pages\/2950","targetHints":{"allow":["GET"]}}],"collection":[{"href":"https:\/\/www.texcene.com\/de\/wp-json\/wp\/v2\/pages"}],"about":[{"href":"https:\/\/www.texcene.com\/de\/wp-json\/wp\/v2\/types\/page"}],"author":[{"embeddable":true,"href":"https:\/\/www.texcene.com\/de\/wp-json\/wp\/v2\/users\/1"}],"replies":[{"embeddable":true,"href":"https:\/\/www.texcene.com\/de\/wp-json\/wp\/v2\/comments?post=2950"}],"version-history":[{"count":1,"href":"https:\/\/www.texcene.com\/de\/wp-json\/wp\/v2\/pages\/2950\/revisions"}],"predecessor-version":[{"id":2953,"href":"https:\/\/www.texcene.com\/de\/wp-json\/wp\/v2\/pages\/2950\/revisions\/2953"}],"wp:featuredmedia":[{"embeddable":true,"href":"https:\/\/www.texcene.com\/de\/wp-json\/wp\/v2\/media\/1924"}],"wp:attachment":[{"href":"https:\/\/www.texcene.com\/de\/wp-json\/wp\/v2\/media?parent=2950"}],"curies":[{"name":"wp","href":"https:\/\/api.w.org\/{rel}","templated":true}]}}