{"id":2987,"date":"2025-09-17T16:51:19","date_gmt":"2025-09-17T14:51:19","guid":{"rendered":"https:\/\/texcene.bspkn.it\/gestione-sostenibile-delle-risorse\/"},"modified":"2026-03-11T14:04:19","modified_gmt":"2026-03-11T13:04:19","slug":"nachhaltiges-ressourcenmanagement","status":"publish","type":"page","link":"https:\/\/www.texcene.com\/de\/nachhaltiges-ressourcenmanagement\/","title":{"rendered":"Nachhaltiges Ressourcenmanagement"},"content":{"rendered":"<header role=\"hero\" class=\"relative flex flex-col items-start bg-black justify-end text-white  mb-8 lg:mb-11\">\n    <img loading=\"lazy\" decoding=\"async\" width=\"2160\" height=\"827\" src=\"https:\/\/www.texcene.com\/wp-content\/uploads\/2026\/02\/gestione-sostenibile-delle-risorse.avif\" class=\"size-full top-0 left-0 z-0 object-cover absolute\" alt=\"\" srcset=\"https:\/\/www.texcene.com\/wp-content\/uploads\/2026\/02\/gestione-sostenibile-delle-risorse.avif 2160w, https:\/\/www.texcene.com\/wp-content\/uploads\/2026\/02\/gestione-sostenibile-delle-risorse-300x115.avif 300w, https:\/\/www.texcene.com\/wp-content\/uploads\/2026\/02\/gestione-sostenibile-delle-risorse-1024x392.avif 1024w, https:\/\/www.texcene.com\/wp-content\/uploads\/2026\/02\/gestione-sostenibile-delle-risorse-768x294.avif 768w, https:\/\/www.texcene.com\/wp-content\/uploads\/2026\/02\/gestione-sostenibile-delle-risorse-1536x588.avif 1536w, https:\/\/www.texcene.com\/wp-content\/uploads\/2026\/02\/gestione-sostenibile-delle-risorse-2048x784.avif 2048w\" sizes=\"auto, (max-width: 2160px) 100vw, 2160px\" \/>        \n    <div class=\"relative sides flex flex-col items-start w-full gap-5 md:gap-8 max-w-303 pt-20 pb-15 md:pt-37 md:pb-30\">\n        <h1 class=\"text-3xl md:text-5xl lg:text-7xl font-bold pt-25 md:pt-30 md:max-w-2\/3\">Nachhaltiges Ressourcenmanagement<\/h1>\n                <h2 class=\"font-inter text-lg md:text-2xl \">Wir produzieren Stoffe, wir sparen Ressourcen<\/h2>\n            <\/div>\n    <\/header>\n\n<div class=\"relative py-11 overflow-hidden md:py-20 text-white\">\n    <img loading=\"lazy\" decoding=\"async\" width=\"2160\" height=\"911\" src=\"https:\/\/www.texcene.com\/wp-content\/uploads\/2025\/09\/Produciamo-tessuti-risparmiamo-risorse.avif\" class=\"w-full inset-0 h-full object-cover top-0 left-0 absolute z-0\" alt=\"\" srcset=\"https:\/\/www.texcene.com\/wp-content\/uploads\/2025\/09\/Produciamo-tessuti-risparmiamo-risorse.avif 2160w, https:\/\/www.texcene.com\/wp-content\/uploads\/2025\/09\/Produciamo-tessuti-risparmiamo-risorse-300x127.avif 300w, https:\/\/www.texcene.com\/wp-content\/uploads\/2025\/09\/Produciamo-tessuti-risparmiamo-risorse-1024x432.avif 1024w, https:\/\/www.texcene.com\/wp-content\/uploads\/2025\/09\/Produciamo-tessuti-risparmiamo-risorse-768x324.avif 768w, https:\/\/www.texcene.com\/wp-content\/uploads\/2025\/09\/Produciamo-tessuti-risparmiamo-risorse-1536x648.avif 1536w, https:\/\/www.texcene.com\/wp-content\/uploads\/2025\/09\/Produciamo-tessuti-risparmiamo-risorse-2048x864.avif 2048w\" sizes=\"auto, (max-width: 2160px) 100vw, 2160px\" \/>    <div class=\"sides relative z-10 grid grid-cols-1 gap-8 md:gap-12 lg:gap-x-20 items-center lg:grid-cols-2 max-w-360 py-11\">\n                <div class=\"md:pl-12 lg:pl-16 flex flex-col gap-5 \">\n                <span class=\"text-sm font-bold\">\n            Unser Ziel        <\/span>\n                        <h2 class=\"text-2xl md:text-3xl md:mb-8 lg:text-5xl  font-bold\">\n            Wir produzieren Stoffe, wir sparen Ressourcen        <\/h2>\n                        <div class=\"text-base md:text-lg \">\n            <p>Jeden Tag arbeiten wir daran, <strong>den \u00f6kologischen Fu\u00dfabdruck unserer Produktion zu reduzieren<\/strong>, indem wir den Einsatz von Wasser, Luft und Materialien in allen Phasen der Lieferkette optimieren.<\/p>\n        <\/div>\n                        <\/div>\n                        <div class=\"text-center flex gap-7 flex-col\">\n                        <div class=\"flex flex-col relative items-center gap-5  px-8 py-12 bg-white\/10 \">\n                <div class=\"w-full text-center flex flex-col gap-4\"> \n                                <h4 class=\"text-xl md:text-2xl font-bold lg:text-3xl\">\n                    Wasseraufbereitung                <\/h4>\n                                                <\/div>\n                                            <\/div>\n                        <div class=\"flex flex-col relative items-center gap-5  px-8 py-12 bg-white\/10 \">\n                <div class=\"w-full text-center flex flex-col gap-4\"> \n                                <h4 class=\"text-xl md:text-2xl font-bold lg:text-3xl\">\n                    Luftreinigung                <\/h4>\n                                                <\/div>\n                                            <\/div>\n                        <div class=\"flex flex-col relative items-center gap-5  px-8 py-12 bg-white\/10 \">\n                <div class=\"w-full text-center flex flex-col gap-4\"> \n                                <h4 class=\"text-xl md:text-2xl font-bold lg:text-3xl\">\n                    Abfallminimierung                <\/h4>\n                                                <\/div>\n                                            <\/div>\n                    <\/div>\n            <\/div>\n<\/div>\n\n\n  \n    <div class=\"py-11 flex sides max-w-360  gap-8 md:gap-16 lg:gap-25 lg:items-center flex-col lg:flex-row\">\n        <!-- Image Column -->\n                \n        <div class=\"w-full lg:w-3\/5\">\n                        <img loading=\"lazy\" decoding=\"async\" width=\"1095\" height=\"866\" src=\"https:\/\/www.texcene.com\/wp-content\/uploads\/2026\/02\/Depurazione-Acqua.avif\" class=\"w-full h-auto\" alt=\"\" srcset=\"https:\/\/www.texcene.com\/wp-content\/uploads\/2026\/02\/Depurazione-Acqua.avif 1095w, https:\/\/www.texcene.com\/wp-content\/uploads\/2026\/02\/Depurazione-Acqua-300x237.avif 300w, https:\/\/www.texcene.com\/wp-content\/uploads\/2026\/02\/Depurazione-Acqua-1024x810.avif 1024w, https:\/\/www.texcene.com\/wp-content\/uploads\/2026\/02\/Depurazione-Acqua-768x607.avif 768w\" sizes=\"auto, (max-width: 1095px) 100vw, 1095px\" \/>                    <\/div>\n                <!-- Text Column -->\n        <div class=\"w-full flex flex-col gap-5 lg:w-2\/5 px-0 lg:pl-16\">\n                                        <h2 class=\"text-3xl lg:mt-4 lg:text-5xl font-bold\">Wasseraufbereitung<\/h2>\n                                    <div class=\"lg:mt-4 content md:text-lg\">\n                <p>Wasser ist in der Textilwelt eine <strong>wertvolle Ressource<\/strong>.<br \/>\nWir verf\u00fcgen \u00fcber fortschrittliche Aufbereitungsanlagen, die das w\u00e4hrend der Produktionsprozesse entstehende Abwasser behandeln.<\/p>\n<ul>\n<li>Vollst\u00e4ndige Aufbereitung der industriellen Abw\u00e4sser vor Ort<\/li>\n<li>Kontinuierliches Monitoring der Qualit\u00e4tsparameter, um die Einhaltung der Umweltvorschriften sicherzustellen<\/li>\n<\/ul>\n            <\/div>\n                                <\/div>\n            <\/div>\n\n\n  \n    <div class=\"py-11 flex sides max-w-360  gap-8 md:gap-16 lg:gap-25 lg:items-center lg:flex-row-reverse flex-col\">\n        <!-- Image Column -->\n                \n        <div class=\"w-full lg:w-3\/5\">\n                        <img loading=\"lazy\" decoding=\"async\" width=\"1095\" height=\"866\" src=\"https:\/\/www.texcene.com\/wp-content\/uploads\/2025\/09\/Depurazione-Aria.avif\" class=\"w-full h-auto\" alt=\"\" srcset=\"https:\/\/www.texcene.com\/wp-content\/uploads\/2025\/09\/Depurazione-Aria.avif 1095w, https:\/\/www.texcene.com\/wp-content\/uploads\/2025\/09\/Depurazione-Aria-300x237.avif 300w, https:\/\/www.texcene.com\/wp-content\/uploads\/2025\/09\/Depurazione-Aria-1024x810.avif 1024w, https:\/\/www.texcene.com\/wp-content\/uploads\/2025\/09\/Depurazione-Aria-768x607.avif 768w\" sizes=\"auto, (max-width: 1095px) 100vw, 1095px\" \/>                    <\/div>\n                <!-- Text Column -->\n        <div class=\"w-full flex flex-col gap-5 lg:w-2\/5 px-0 lg:pl-16\">\n                                        <h2 class=\"text-3xl lg:mt-4 lg:text-5xl font-bold\">Luftreinigung<\/h2>\n                                    <div class=\"lg:mt-4 content md:text-lg\">\n                <p>Wir reduzieren Emissionen in die Atmosph\u00e4re durch Systeme zur Abscheidung von Staub und fl\u00fcchtigen organischen Verbindungen (VOC) und <strong>sorgen so f\u00fcr ein sicheres Arbeitsumfeld sowie minimale Auswirkungen auf die Au\u00dfenluft<\/strong>.<\/p>\n<ul>\n<li>Hocheffiziente elektrostatische Filter<\/li>\n<li>Nasssysteme zur Neutralisierung von Rauchgasen<\/li>\n<\/ul>\n            <\/div>\n                                <\/div>\n            <\/div>\n\n\n  \n    <div class=\"py-11 flex sides max-w-360  gap-8 md:gap-16 lg:gap-25 lg:items-center flex-col lg:flex-row\">\n        <!-- Image Column -->\n                \n        <div class=\"w-full lg:w-3\/5\">\n                        <img loading=\"lazy\" decoding=\"async\" width=\"1095\" height=\"866\" src=\"https:\/\/www.texcene.com\/wp-content\/uploads\/2025\/09\/Minimizzazione-degli-Scarti.avif\" class=\"w-full h-auto\" alt=\"\" srcset=\"https:\/\/www.texcene.com\/wp-content\/uploads\/2025\/09\/Minimizzazione-degli-Scarti.avif 1095w, https:\/\/www.texcene.com\/wp-content\/uploads\/2025\/09\/Minimizzazione-degli-Scarti-300x237.avif 300w, https:\/\/www.texcene.com\/wp-content\/uploads\/2025\/09\/Minimizzazione-degli-Scarti-1024x810.avif 1024w, https:\/\/www.texcene.com\/wp-content\/uploads\/2025\/09\/Minimizzazione-degli-Scarti-768x607.avif 768w\" sizes=\"auto, (max-width: 1095px) 100vw, 1095px\" \/>                    <\/div>\n                <!-- Text Column -->\n        <div class=\"w-full flex flex-col gap-5 lg:w-2\/5 px-0 lg:pl-16\">\n                                        <h2 class=\"text-3xl lg:mt-4 lg:text-5xl font-bold\">Minimierung von Abf\u00e4llen<\/h2>\n                                    <div class=\"lg:mt-4 content md:text-lg\">\n                <p>Abf\u00e4lle zu reduzieren ist ein konkretes Ziel.<br \/>\nWir haben ein Abfallmanagementsystem entwickelt, das jedes Restmaterial verwertet:<\/p>\n<ul>\n<li>R\u00fcckgewinnung von Stoffzuschnitten und interne Wiederverarbeitung oder \u00fcber spezialisierte Partner<\/li>\n<li>Reduzierung von Verpackungen und Einsatz recycelter Materialien<\/li>\n<li>Getrennte Entsorgung<\/li>\n<li>Optimierung der Prozesse, um Abf\u00e4lle an der Quelle zu reduzieren<\/li>\n<\/ul>\n            <\/div>\n                                <\/div>\n            <\/div>\n\n\n    <div class=\"overflow-hidden text-salvia-light py-8 lg:py-11\">\n        <div class=\"sides max-w-303 flex flex-col gap-12 text-center\">\n            <h2 class=\"text-3xl md:text-5xl font-bold\">Zertifizierungen<\/h2>\n            <div class=\"swiper-container md:overflow-hidden\" data-slider='{\"freeMode\":true,\"slidesPerView\":\"auto\",\"loop\":true,\"autoplay\":{\"delay\":5000}}'>\n                <div class=\"swiper-wrapper\">\n                                        <div class=\"swiper-slide w-2\/5 md:w-1\/4 lg:w-1\/5 flex items-center relative justify-center\" style=\"--mask-image: url('https:\/\/www.texcene.com\/wp-content\/uploads\/2026\/03\/EnvironmentalSysCert_ISO14001-1.webp');\">\n                        <figure class=\"w-auto relative\">\n                            <img loading=\"lazy\" decoding=\"async\" width=\"510\" height=\"490\" src=\"https:\/\/www.texcene.com\/wp-content\/uploads\/2026\/03\/EnvironmentalSysCert_ISO14001-1.webp\" class=\"opacity-0 max-md:w-full max-w-47 max-h-25 object-contain has-transparency wp-post-image\" alt=\"\" srcset=\"https:\/\/www.texcene.com\/wp-content\/uploads\/2026\/03\/EnvironmentalSysCert_ISO14001-1.webp 510w, https:\/\/www.texcene.com\/wp-content\/uploads\/2026\/03\/EnvironmentalSysCert_ISO14001-1-300x288.webp 300w\" sizes=\"auto, (max-width: 510px) 100vw, 510px\" data-has-transparency=\"true\" data-dominant-color=\"000000\" style=\"--dominant-color: #000000;\" \/>                            \n                            <div class=\"mask-salvia\"><\/div>\n                        <\/figure>\n                    <\/div>\n                                        <div class=\"swiper-slide w-2\/5 md:w-1\/4 lg:w-1\/5 flex items-center relative justify-center\" style=\"--mask-image: url('https:\/\/www.texcene.com\/wp-content\/uploads\/2025\/06\/zdhc.png');\">\n                        <figure class=\"w-auto relative\">\n                            <img loading=\"lazy\" decoding=\"async\" width=\"412\" height=\"88\" src=\"https:\/\/www.texcene.com\/wp-content\/uploads\/2025\/06\/zdhc.png\" class=\"opacity-0 max-md:w-full max-w-47 max-h-25 object-contain wp-post-image\" alt=\"\" srcset=\"https:\/\/www.texcene.com\/wp-content\/uploads\/2025\/06\/zdhc.png 412w, https:\/\/www.texcene.com\/wp-content\/uploads\/2025\/06\/zdhc-300x64.png 300w\" sizes=\"auto, (max-width: 412px) 100vw, 412px\" \/>                            \n                            <div class=\"mask-salvia\"><\/div>\n                        <\/figure>\n                    <\/div>\n                                        <div class=\"swiper-slide w-2\/5 md:w-1\/4 lg:w-1\/5 flex items-center relative justify-center\" style=\"--mask-image: url('https:\/\/www.texcene.com\/wp-content\/uploads\/2025\/06\/logo-oeko-text-standard_upscayl_4x_high-fidelity-4x.png');\">\n                        <figure class=\"w-auto relative\">\n                            <img decoding=\"async\" src=\"https:\/\/www.texcene.com\/wp-content\/uploads\/2025\/06\/logo-oeko-text-standard_upscayl_4x_high-fidelity-4x.png\" class=\"opacity-0 max-md:w-full max-w-47 max-h-25 object-contain wp-post-image\" alt=\"\" \/>                            \n                            <div class=\"mask-salvia\"><\/div>\n                        <\/figure>\n                    <\/div>\n                                        <div class=\"swiper-slide w-2\/5 md:w-1\/4 lg:w-1\/5 flex items-center relative justify-center\" style=\"--mask-image: url('https:\/\/www.texcene.com\/wp-content\/uploads\/2025\/06\/GOTS-2-230x300-1_upscayl_4x_high-fidelity-4x.png');\">\n                        <figure class=\"w-auto relative\">\n                            <img loading=\"lazy\" decoding=\"async\" width=\"624\" height=\"816\" src=\"https:\/\/www.texcene.com\/wp-content\/uploads\/2025\/06\/GOTS-2-230x300-1_upscayl_4x_high-fidelity-4x.png\" class=\"opacity-0 max-md:w-full max-w-47 max-h-25 object-contain wp-post-image\" alt=\"\" srcset=\"https:\/\/www.texcene.com\/wp-content\/uploads\/2025\/06\/GOTS-2-230x300-1_upscayl_4x_high-fidelity-4x.png 624w, https:\/\/www.texcene.com\/wp-content\/uploads\/2025\/06\/GOTS-2-230x300-1_upscayl_4x_high-fidelity-4x-229x300.png 229w\" sizes=\"auto, (max-width: 624px) 100vw, 624px\" \/>                            \n                            <div class=\"mask-salvia\"><\/div>\n                        <\/figure>\n                    <\/div>\n                                        <div class=\"swiper-slide w-2\/5 md:w-1\/4 lg:w-1\/5 flex items-center relative justify-center\" style=\"--mask-image: url('https:\/\/www.texcene.com\/wp-content\/uploads\/2025\/06\/detox-certificazione.png');\">\n                        <figure class=\"w-auto relative\">\n                            <img loading=\"lazy\" decoding=\"async\" width=\"240\" height=\"153\" src=\"https:\/\/www.texcene.com\/wp-content\/uploads\/2025\/06\/detox-certificazione.png\" class=\"opacity-0 max-md:w-full max-w-47 max-h-25 object-contain wp-post-image\" alt=\"\" \/>                            \n                            <div class=\"mask-salvia\"><\/div>\n                        <\/figure>\n                    <\/div>\n                                        <div class=\"swiper-slide w-2\/5 md:w-1\/4 lg:w-1\/5 flex items-center relative justify-center\" style=\"--mask-image: url('https:\/\/www.texcene.com\/wp-content\/uploads\/2025\/06\/ETICHETTA-GRS-1-768x727-1.png');\">\n                        <figure class=\"w-auto relative\">\n                            <img loading=\"lazy\" decoding=\"async\" width=\"768\" height=\"727\" src=\"https:\/\/www.texcene.com\/wp-content\/uploads\/2025\/06\/ETICHETTA-GRS-1-768x727-1.png\" class=\"opacity-0 max-md:w-full max-w-47 max-h-25 object-contain wp-post-image\" alt=\"\" srcset=\"https:\/\/www.texcene.com\/wp-content\/uploads\/2025\/06\/ETICHETTA-GRS-1-768x727-1.png 768w, https:\/\/www.texcene.com\/wp-content\/uploads\/2025\/06\/ETICHETTA-GRS-1-768x727-1-300x284.png 300w\" sizes=\"auto, (max-width: 768px) 100vw, 768px\" \/>                            \n                            <div class=\"mask-salvia\"><\/div>\n                        <\/figure>\n                    <\/div>\n                                        <div class=\"swiper-slide w-2\/5 md:w-1\/4 lg:w-1\/5 flex items-center relative justify-center\" style=\"--mask-image: url('https:\/\/www.texcene.com\/wp-content\/uploads\/2025\/06\/OCS-100_Color-1_upscayl_2x_high-fidelity-4x.png');\">\n                        <figure class=\"w-auto relative\">\n                            <img loading=\"lazy\" decoding=\"async\" width=\"688\" height=\"750\" src=\"https:\/\/www.texcene.com\/wp-content\/uploads\/2025\/06\/OCS-100_Color-1_upscayl_2x_high-fidelity-4x.png\" class=\"opacity-0 max-md:w-full max-w-47 max-h-25 object-contain wp-post-image\" alt=\"\" \/>                            \n                            <div class=\"mask-salvia\"><\/div>\n                        <\/figure>\n                    <\/div>\n                                        <div class=\"swiper-slide w-2\/5 md:w-1\/4 lg:w-1\/5 flex items-center relative justify-center\" style=\"--mask-image: url('https:\/\/www.texcene.com\/wp-content\/uploads\/2025\/06\/RCS-100_Color-1_upscayl_2x_high-fidelity-4x.png');\">\n                        <figure class=\"w-auto relative\">\n                            <img loading=\"lazy\" decoding=\"async\" width=\"650\" height=\"708\" src=\"https:\/\/www.texcene.com\/wp-content\/uploads\/2025\/06\/RCS-100_Color-1_upscayl_2x_high-fidelity-4x.png\" class=\"opacity-0 max-md:w-full max-w-47 max-h-25 object-contain wp-post-image\" alt=\"\" \/>                            \n                            <div class=\"mask-salvia\"><\/div>\n                        <\/figure>\n                    <\/div>\n                                    <\/div>\n            <\/div>\n                        <a href=\"https:\/\/www.texcene.com\/de\/zertifizierungen\/\" class=\"btn self-center bg-salvia-light\">\n                Mehr erfahren            <\/a>\n                    <\/div>\n    <\/div>\n    ","protected":false},"excerpt":{"rendered":"","protected":false},"author":1,"featured_media":2662,"parent":0,"menu_order":0,"comment_status":"closed","ping_status":"closed","template":"","meta":{"_acf_changed":false,"footnotes":""},"class_list":["post-2987","page","type-page","status-publish","has-post-thumbnail","hentry"],"acf":[],"yoast_head":"<!-- This site is optimized with the Yoast SEO plugin v25.3.1 - https:\/\/yoast.com\/wordpress\/plugins\/seo\/ -->\n<title>Nachhaltiges Ressourcenmanagement - Texcene<\/title>\n<meta name=\"description\" content=\"Nachhaltiges Ressourcenmanagement: Texcene optimiert Wasser, Luft und Materialien f\u00fcr eine effizientere, umweltbewusste Textilproduktion.\" \/>\n<meta name=\"robots\" content=\"index, follow, max-snippet:-1, max-image-preview:large, max-video-preview:-1\" \/>\n<link rel=\"canonical\" href=\"https:\/\/www.texcene.com\/de\/nachhaltiges-ressourcenmanagement\/\" \/>\n<meta property=\"og:locale\" content=\"de_DE\" \/>\n<meta property=\"og:type\" content=\"article\" \/>\n<meta property=\"og:title\" content=\"Nachhaltiges Ressourcenmanagement - Texcene\" \/>\n<meta property=\"og:description\" content=\"Nachhaltiges Ressourcenmanagement: Texcene optimiert Wasser, Luft und Materialien f\u00fcr eine effizientere, umweltbewusste Textilproduktion.\" \/>\n<meta property=\"og:url\" content=\"https:\/\/www.texcene.com\/de\/nachhaltiges-ressourcenmanagement\/\" \/>\n<meta property=\"og:site_name\" content=\"Texcene\" \/>\n<meta property=\"article:modified_time\" content=\"2026-03-11T13:04:19+00:00\" \/>\n<meta property=\"og:image\" content=\"https:\/\/www.texcene.com\/wp-content\/uploads\/2026\/02\/gestione-sostenibile-delle-risorse.avif\" \/>\n\t<meta property=\"og:image:width\" content=\"2160\" \/>\n\t<meta property=\"og:image:height\" content=\"827\" \/>\n\t<meta property=\"og:image:type\" content=\"image\/jpeg\" \/>\n<meta name=\"twitter:card\" content=\"summary_large_image\" \/>\n<meta name=\"twitter:label1\" content=\"Gesch\u00e4tzte Lesezeit\" \/>\n\t<meta name=\"twitter:data1\" content=\"1\u00a0Minute\" \/>\n<script type=\"application\/ld+json\" class=\"yoast-schema-graph\">{\"@context\":\"https:\/\/schema.org\",\"@graph\":[{\"@type\":\"WebPage\",\"@id\":\"https:\/\/www.texcene.com\/de\/nachhaltiges-ressourcenmanagement\/\",\"url\":\"https:\/\/www.texcene.com\/de\/nachhaltiges-ressourcenmanagement\/\",\"name\":\"Nachhaltiges Ressourcenmanagement - Texcene\",\"isPartOf\":{\"@id\":\"https:\/\/www.texcene.com\/de\/#website\"},\"primaryImageOfPage\":{\"@id\":\"https:\/\/www.texcene.com\/de\/nachhaltiges-ressourcenmanagement\/#primaryimage\"},\"image\":{\"@id\":\"https:\/\/www.texcene.com\/de\/nachhaltiges-ressourcenmanagement\/#primaryimage\"},\"thumbnailUrl\":\"https:\/\/www.texcene.com\/wp-content\/uploads\/2026\/02\/gestione-sostenibile-delle-risorse.avif\",\"datePublished\":\"2025-09-17T14:51:19+00:00\",\"dateModified\":\"2026-03-11T13:04:19+00:00\",\"description\":\"Nachhaltiges Ressourcenmanagement: Texcene optimiert Wasser, Luft und Materialien f\u00fcr eine effizientere, umweltbewusste Textilproduktion.\",\"breadcrumb\":{\"@id\":\"https:\/\/www.texcene.com\/de\/nachhaltiges-ressourcenmanagement\/#breadcrumb\"},\"inLanguage\":\"de\",\"potentialAction\":[{\"@type\":\"ReadAction\",\"target\":[\"https:\/\/www.texcene.com\/de\/nachhaltiges-ressourcenmanagement\/\"]}]},{\"@type\":\"ImageObject\",\"inLanguage\":\"de\",\"@id\":\"https:\/\/www.texcene.com\/de\/nachhaltiges-ressourcenmanagement\/#primaryimage\",\"url\":\"https:\/\/www.texcene.com\/wp-content\/uploads\/2026\/02\/gestione-sostenibile-delle-risorse.avif\",\"contentUrl\":\"https:\/\/www.texcene.com\/wp-content\/uploads\/2026\/02\/gestione-sostenibile-delle-risorse.avif\",\"width\":2160,\"height\":827},{\"@type\":\"BreadcrumbList\",\"@id\":\"https:\/\/www.texcene.com\/de\/nachhaltiges-ressourcenmanagement\/#breadcrumb\",\"itemListElement\":[{\"@type\":\"ListItem\",\"position\":1,\"name\":\"Home\",\"item\":\"https:\/\/www.texcene.com\/de\/\"},{\"@type\":\"ListItem\",\"position\":2,\"name\":\"Nachhaltiges Ressourcenmanagement\"}]},{\"@type\":\"WebSite\",\"@id\":\"https:\/\/www.texcene.com\/de\/#website\",\"url\":\"https:\/\/www.texcene.com\/de\/\",\"name\":\"Texcene\",\"description\":\"\",\"potentialAction\":[{\"@type\":\"SearchAction\",\"target\":{\"@type\":\"EntryPoint\",\"urlTemplate\":\"https:\/\/www.texcene.com\/de\/?s={search_term_string}\"},\"query-input\":{\"@type\":\"PropertyValueSpecification\",\"valueRequired\":true,\"valueName\":\"search_term_string\"}}],\"inLanguage\":\"de\"}]}<\/script>\n<!-- \/ Yoast SEO plugin. -->","yoast_head_json":{"title":"Nachhaltiges Ressourcenmanagement - Texcene","description":"Nachhaltiges Ressourcenmanagement: Texcene optimiert Wasser, Luft und Materialien f\u00fcr eine effizientere, umweltbewusste Textilproduktion.","robots":{"index":"index","follow":"follow","max-snippet":"max-snippet:-1","max-image-preview":"max-image-preview:large","max-video-preview":"max-video-preview:-1"},"canonical":"https:\/\/www.texcene.com\/de\/nachhaltiges-ressourcenmanagement\/","og_locale":"de_DE","og_type":"article","og_title":"Nachhaltiges Ressourcenmanagement - Texcene","og_description":"Nachhaltiges Ressourcenmanagement: Texcene optimiert Wasser, Luft und Materialien f\u00fcr eine effizientere, umweltbewusste Textilproduktion.","og_url":"https:\/\/www.texcene.com\/de\/nachhaltiges-ressourcenmanagement\/","og_site_name":"Texcene","article_modified_time":"2026-03-11T13:04:19+00:00","og_image":[{"width":2160,"height":827,"url":"https:\/\/www.texcene.com\/wp-content\/uploads\/2026\/02\/gestione-sostenibile-delle-risorse.avif","type":"image\/jpeg"}],"twitter_card":"summary_large_image","twitter_misc":{"Gesch\u00e4tzte Lesezeit":"1\u00a0Minute"},"schema":{"@context":"https:\/\/schema.org","@graph":[{"@type":"WebPage","@id":"https:\/\/www.texcene.com\/de\/nachhaltiges-ressourcenmanagement\/","url":"https:\/\/www.texcene.com\/de\/nachhaltiges-ressourcenmanagement\/","name":"Nachhaltiges Ressourcenmanagement - Texcene","isPartOf":{"@id":"https:\/\/www.texcene.com\/de\/#website"},"primaryImageOfPage":{"@id":"https:\/\/www.texcene.com\/de\/nachhaltiges-ressourcenmanagement\/#primaryimage"},"image":{"@id":"https:\/\/www.texcene.com\/de\/nachhaltiges-ressourcenmanagement\/#primaryimage"},"thumbnailUrl":"https:\/\/www.texcene.com\/wp-content\/uploads\/2026\/02\/gestione-sostenibile-delle-risorse.avif","datePublished":"2025-09-17T14:51:19+00:00","dateModified":"2026-03-11T13:04:19+00:00","description":"Nachhaltiges Ressourcenmanagement: Texcene optimiert Wasser, Luft und Materialien f\u00fcr eine effizientere, umweltbewusste Textilproduktion.","breadcrumb":{"@id":"https:\/\/www.texcene.com\/de\/nachhaltiges-ressourcenmanagement\/#breadcrumb"},"inLanguage":"de","potentialAction":[{"@type":"ReadAction","target":["https:\/\/www.texcene.com\/de\/nachhaltiges-ressourcenmanagement\/"]}]},{"@type":"ImageObject","inLanguage":"de","@id":"https:\/\/www.texcene.com\/de\/nachhaltiges-ressourcenmanagement\/#primaryimage","url":"https:\/\/www.texcene.com\/wp-content\/uploads\/2026\/02\/gestione-sostenibile-delle-risorse.avif","contentUrl":"https:\/\/www.texcene.com\/wp-content\/uploads\/2026\/02\/gestione-sostenibile-delle-risorse.avif","width":2160,"height":827},{"@type":"BreadcrumbList","@id":"https:\/\/www.texcene.com\/de\/nachhaltiges-ressourcenmanagement\/#breadcrumb","itemListElement":[{"@type":"ListItem","position":1,"name":"Home","item":"https:\/\/www.texcene.com\/de\/"},{"@type":"ListItem","position":2,"name":"Nachhaltiges Ressourcenmanagement"}]},{"@type":"WebSite","@id":"https:\/\/www.texcene.com\/de\/#website","url":"https:\/\/www.texcene.com\/de\/","name":"Texcene","description":"","potentialAction":[{"@type":"SearchAction","target":{"@type":"EntryPoint","urlTemplate":"https:\/\/www.texcene.com\/de\/?s={search_term_string}"},"query-input":{"@type":"PropertyValueSpecification","valueRequired":true,"valueName":"search_term_string"}}],"inLanguage":"de"}]}},"_links":{"self":[{"href":"https:\/\/www.texcene.com\/de\/wp-json\/wp\/v2\/pages\/2987","targetHints":{"allow":["GET"]}}],"collection":[{"href":"https:\/\/www.texcene.com\/de\/wp-json\/wp\/v2\/pages"}],"about":[{"href":"https:\/\/www.texcene.com\/de\/wp-json\/wp\/v2\/types\/page"}],"author":[{"embeddable":true,"href":"https:\/\/www.texcene.com\/de\/wp-json\/wp\/v2\/users\/1"}],"replies":[{"embeddable":true,"href":"https:\/\/www.texcene.com\/de\/wp-json\/wp\/v2\/comments?post=2987"}],"version-history":[{"count":1,"href":"https:\/\/www.texcene.com\/de\/wp-json\/wp\/v2\/pages\/2987\/revisions"}],"predecessor-version":[{"id":2991,"href":"https:\/\/www.texcene.com\/de\/wp-json\/wp\/v2\/pages\/2987\/revisions\/2991"}],"wp:featuredmedia":[{"embeddable":true,"href":"https:\/\/www.texcene.com\/de\/wp-json\/wp\/v2\/media\/2662"}],"wp:attachment":[{"href":"https:\/\/www.texcene.com\/de\/wp-json\/wp\/v2\/media?parent=2987"}],"curies":[{"name":"wp","href":"https:\/\/api.w.org\/{rel}","templated":true}]}}