{"id":3001,"date":"2025-09-17T10:05:37","date_gmt":"2025-09-17T08:05:37","guid":{"rendered":"https:\/\/texcene.bspkn.it\/tintoria-finissaggio-tessuti\/"},"modified":"2026-04-20T20:49:34","modified_gmt":"2026-04-20T18:49:34","slug":"anfarben-und-ausrustung-von-textilien","status":"publish","type":"page","link":"https:\/\/www.texcene.com\/de\/anfarben-und-ausrustung-von-textilien\/","title":{"rendered":"Anf\u00e4rben und Ausr\u00fcstung von Textilien"},"content":{"rendered":"<header role=\"hero\" class=\"relative flex flex-col items-start bg-black justify-end text-white  \">\n    <img loading=\"lazy\" decoding=\"async\" width=\"2160\" height=\"827\" src=\"https:\/\/www.texcene.com\/wp-content\/uploads\/2025\/09\/servizi-e1758270529815.avif\" class=\"object-cover w-full h-auto\" alt=\"\" \/><\/header><div class=\"sides max-w-360 py-11 grid grid-cols-1 md:grid-cols-2 lg:grid-cols-9 gap-5\">\n    <h2 class=\"text-3xl md:text-4xl lg:text-5xl font-bold mb-5 col-span-full text-center\">\n        Tintoria e finissaggio tessuti    <\/h2>\n        <a href=\"https:\/\/www.texcene.com\/de\/industries\/vorbereitung-der-stoffballen\/\" class=\"link relative flex flex-col items-center justify-center p-8 md:p-16 lg:py-32 text-white w-full lg:col-span-2 bg-black\">\n                    <img loading=\"lazy\" decoding=\"async\" width=\"1600\" height=\"1067\" src=\"https:\/\/www.texcene.com\/wp-content\/uploads\/2025\/06\/TEXCENE-9.avif\" class=\"size-full absolute top-0 left-0 object-cover z-0 opacity-80 wp-post-image\" alt=\"\" srcset=\"https:\/\/www.texcene.com\/wp-content\/uploads\/2025\/06\/TEXCENE-9.avif 1600w, https:\/\/www.texcene.com\/wp-content\/uploads\/2025\/06\/TEXCENE-9-300x200.avif 300w, https:\/\/www.texcene.com\/wp-content\/uploads\/2025\/06\/TEXCENE-9-1024x683.avif 1024w, https:\/\/www.texcene.com\/wp-content\/uploads\/2025\/06\/TEXCENE-9-768x512.avif 768w, https:\/\/www.texcene.com\/wp-content\/uploads\/2025\/06\/TEXCENE-9-1536x1024.avif 1536w\" sizes=\"auto, (max-width: 1600px) 100vw, 1600px\" \/>                <div class=\"relative z-10 flex flex-col gap-2 justify-center items-center min-h-full text-center\">\n            <h3 class=\"text-xl md:text-2xl font-bold \">Vorbereitung der Stoffballen<\/h3>\n                    <\/div>\n            <\/a>\n        <a href=\"https:\/\/www.texcene.com\/de\/industries\/brenner\/\" class=\"link relative flex flex-col items-center justify-center p-8 md:p-16 lg:py-32 text-white w-full lg:col-span-3 bg-black\">\n                    <img loading=\"lazy\" decoding=\"async\" width=\"1600\" height=\"1067\" src=\"https:\/\/www.texcene.com\/wp-content\/uploads\/2025\/06\/TEXCENE-12.avif\" class=\"size-full absolute top-0 left-0 object-cover z-0 opacity-80 wp-post-image\" alt=\"\" srcset=\"https:\/\/www.texcene.com\/wp-content\/uploads\/2025\/06\/TEXCENE-12.avif 1600w, https:\/\/www.texcene.com\/wp-content\/uploads\/2025\/06\/TEXCENE-12-300x200.avif 300w, https:\/\/www.texcene.com\/wp-content\/uploads\/2025\/06\/TEXCENE-12-1024x683.avif 1024w, https:\/\/www.texcene.com\/wp-content\/uploads\/2025\/06\/TEXCENE-12-768x512.avif 768w, https:\/\/www.texcene.com\/wp-content\/uploads\/2025\/06\/TEXCENE-12-1536x1024.avif 1536w\" sizes=\"auto, (max-width: 1600px) 100vw, 1600px\" \/>                <div class=\"relative z-10 flex flex-col gap-2 justify-center items-center min-h-full text-center lg:text-left lg:items-start\">\n            <h3 class=\"text-xl md:text-2xl font-bold \">Brenner<\/h3>\n                        <div class=\"md:text-lg max-lg:hidden\">\n                Der Brenner erm\u00f6glicht die Reinigung des Gewebes durch B\u00fcrsten und&#8230;            <\/div>\n                    <\/div>\n            <\/a>\n        <a href=\"https:\/\/www.texcene.com\/de\/industries\/bleichen\/\" class=\"link relative flex flex-col items-center justify-center p-8 md:p-16 lg:py-32 text-white w-full lg:col-span-2 bg-black\">\n                    <img loading=\"lazy\" decoding=\"async\" width=\"1600\" height=\"1067\" src=\"https:\/\/www.texcene.com\/wp-content\/uploads\/2025\/06\/TEXCENE-39.avif\" class=\"size-full absolute top-0 left-0 object-cover z-0 opacity-80 wp-post-image\" alt=\"\" srcset=\"https:\/\/www.texcene.com\/wp-content\/uploads\/2025\/06\/TEXCENE-39.avif 1600w, https:\/\/www.texcene.com\/wp-content\/uploads\/2025\/06\/TEXCENE-39-300x200.avif 300w, https:\/\/www.texcene.com\/wp-content\/uploads\/2025\/06\/TEXCENE-39-1024x683.avif 1024w, https:\/\/www.texcene.com\/wp-content\/uploads\/2025\/06\/TEXCENE-39-768x512.avif 768w, https:\/\/www.texcene.com\/wp-content\/uploads\/2025\/06\/TEXCENE-39-1536x1024.avif 1536w\" sizes=\"auto, (max-width: 1600px) 100vw, 1600px\" \/>                <div class=\"relative z-10 flex flex-col gap-2 justify-center items-center min-h-full text-center\">\n            <h3 class=\"text-xl md:text-2xl font-bold \">Bleichen<\/h3>\n                    <\/div>\n            <\/a>\n        <a href=\"https:\/\/www.texcene.com\/de\/industries\/waschen\/\" class=\"link relative flex flex-col items-center justify-center p-8 md:p-16 lg:py-32 text-white w-full lg:col-span-2 bg-black\">\n                    <img loading=\"lazy\" decoding=\"async\" width=\"1600\" height=\"1067\" src=\"https:\/\/www.texcene.com\/wp-content\/uploads\/2025\/06\/TEXCENE-20.avif\" class=\"size-full absolute top-0 left-0 object-cover z-0 opacity-80 wp-post-image\" alt=\"\" srcset=\"https:\/\/www.texcene.com\/wp-content\/uploads\/2025\/06\/TEXCENE-20.avif 1600w, https:\/\/www.texcene.com\/wp-content\/uploads\/2025\/06\/TEXCENE-20-300x200.avif 300w, https:\/\/www.texcene.com\/wp-content\/uploads\/2025\/06\/TEXCENE-20-1024x683.avif 1024w, https:\/\/www.texcene.com\/wp-content\/uploads\/2025\/06\/TEXCENE-20-768x512.avif 768w, https:\/\/www.texcene.com\/wp-content\/uploads\/2025\/06\/TEXCENE-20-1536x1024.avif 1536w\" sizes=\"auto, (max-width: 1600px) 100vw, 1600px\" \/>                <div class=\"relative z-10 flex flex-col gap-2 justify-center items-center min-h-full text-center\">\n            <h3 class=\"text-xl md:text-2xl font-bold \">Waschen<\/h3>\n                    <\/div>\n            <\/a>\n        <a href=\"https:\/\/www.texcene.com\/de\/industries\/faerbefoulard\/\" class=\"link relative flex flex-col items-center justify-center p-8 md:p-16 lg:py-32 text-white w-full lg:col-span-2 bg-black\">\n                    <img loading=\"lazy\" decoding=\"async\" width=\"1600\" height=\"1067\" src=\"https:\/\/www.texcene.com\/wp-content\/uploads\/2025\/06\/TEXCENE-34.jpg\" class=\"size-full absolute top-0 left-0 object-cover z-0 opacity-80 wp-post-image\" alt=\"\" srcset=\"https:\/\/www.texcene.com\/wp-content\/uploads\/2025\/06\/TEXCENE-34.jpg 1600w, https:\/\/www.texcene.com\/wp-content\/uploads\/2025\/06\/TEXCENE-34-300x200.jpg 300w, https:\/\/www.texcene.com\/wp-content\/uploads\/2025\/06\/TEXCENE-34-1024x683.jpg 1024w, https:\/\/www.texcene.com\/wp-content\/uploads\/2025\/06\/TEXCENE-34-768x512.jpg 768w, https:\/\/www.texcene.com\/wp-content\/uploads\/2025\/06\/TEXCENE-34-1536x1024.jpg 1536w\" sizes=\"auto, (max-width: 1600px) 100vw, 1600px\" \/>                <div class=\"relative z-10 flex flex-col gap-2 justify-center items-center min-h-full text-center\">\n            <h3 class=\"text-xl md:text-2xl font-bold \">F\u00e4rbefoulard<\/h3>\n                    <\/div>\n            <\/a>\n        <a href=\"https:\/\/www.texcene.com\/de\/industries\/spannmaschine\/\" class=\"link relative flex flex-col items-center justify-center p-8 md:p-16 lg:py-32 text-white w-full lg:col-span-2 bg-black\">\n                    <img loading=\"lazy\" decoding=\"async\" width=\"1600\" height=\"1067\" src=\"https:\/\/www.texcene.com\/wp-content\/uploads\/2025\/06\/TEXCENE-59.jpg\" class=\"size-full absolute top-0 left-0 object-cover z-0 opacity-80 wp-post-image\" alt=\"\" srcset=\"https:\/\/www.texcene.com\/wp-content\/uploads\/2025\/06\/TEXCENE-59.jpg 1600w, https:\/\/www.texcene.com\/wp-content\/uploads\/2025\/06\/TEXCENE-59-300x200.jpg 300w, https:\/\/www.texcene.com\/wp-content\/uploads\/2025\/06\/TEXCENE-59-1024x683.jpg 1024w, https:\/\/www.texcene.com\/wp-content\/uploads\/2025\/06\/TEXCENE-59-768x512.jpg 768w, https:\/\/www.texcene.com\/wp-content\/uploads\/2025\/06\/TEXCENE-59-1536x1024.jpg 1536w\" sizes=\"auto, (max-width: 1600px) 100vw, 1600px\" \/>                <div class=\"relative z-10 flex flex-col gap-2 justify-center items-center min-h-full text-center\">\n            <h3 class=\"text-xl md:text-2xl font-bold \">Spannmaschine<\/h3>\n                    <\/div>\n            <\/a>\n        <a href=\"https:\/\/www.texcene.com\/de\/industries\/rauhmaschine\/\" class=\"link relative flex flex-col items-center justify-center p-8 md:p-16 lg:py-32 text-white w-full lg:col-span-3 bg-black\">\n                    <img loading=\"lazy\" decoding=\"async\" width=\"1600\" height=\"1067\" src=\"https:\/\/www.texcene.com\/wp-content\/uploads\/2025\/06\/TEX-15.jpg\" class=\"size-full absolute top-0 left-0 object-cover z-0 opacity-80 wp-post-image\" alt=\"\" srcset=\"https:\/\/www.texcene.com\/wp-content\/uploads\/2025\/06\/TEX-15.jpg 1600w, https:\/\/www.texcene.com\/wp-content\/uploads\/2025\/06\/TEX-15-300x200.jpg 300w, https:\/\/www.texcene.com\/wp-content\/uploads\/2025\/06\/TEX-15-1024x683.jpg 1024w, https:\/\/www.texcene.com\/wp-content\/uploads\/2025\/06\/TEX-15-768x512.jpg 768w, https:\/\/www.texcene.com\/wp-content\/uploads\/2025\/06\/TEX-15-1536x1024.jpg 1536w\" sizes=\"auto, (max-width: 1600px) 100vw, 1600px\" \/>                <div class=\"relative z-10 flex flex-col gap-2 justify-center items-center min-h-full text-center lg:text-left lg:items-start\">\n            <h3 class=\"text-xl md:text-2xl font-bold \">Rauhmaschine<\/h3>\n                        <div class=\"md:text-lg max-lg:hidden\">\n                An der Rauhmaschine erfolgen das Aufrauen und Pl\u00fcschen auf einer&#8230;            <\/div>\n                    <\/div>\n            <\/a>\n        <a href=\"https:\/\/www.texcene.com\/de\/industries\/kuesters-kalander\/\" class=\"link relative flex flex-col items-center justify-center p-8 md:p-16 lg:py-32 text-white w-full lg:col-span-2 bg-black\">\n                    <img loading=\"lazy\" decoding=\"async\" width=\"1600\" height=\"1067\" src=\"https:\/\/www.texcene.com\/wp-content\/uploads\/2025\/06\/TEX-3.jpg\" class=\"size-full absolute top-0 left-0 object-cover z-0 opacity-80 wp-post-image\" alt=\"\" srcset=\"https:\/\/www.texcene.com\/wp-content\/uploads\/2025\/06\/TEX-3.jpg 1600w, https:\/\/www.texcene.com\/wp-content\/uploads\/2025\/06\/TEX-3-300x200.jpg 300w, https:\/\/www.texcene.com\/wp-content\/uploads\/2025\/06\/TEX-3-1024x683.jpg 1024w, https:\/\/www.texcene.com\/wp-content\/uploads\/2025\/06\/TEX-3-768x512.jpg 768w, https:\/\/www.texcene.com\/wp-content\/uploads\/2025\/06\/TEX-3-1536x1024.jpg 1536w\" sizes=\"auto, (max-width: 1600px) 100vw, 1600px\" \/>                <div class=\"relative z-10 flex flex-col gap-2 justify-center items-center min-h-full text-center\">\n            <h3 class=\"text-xl md:text-2xl font-bold \">K\u00fcsters Kalander<\/h3>\n                    <\/div>\n            <\/a>\n        <a href=\"https:\/\/www.texcene.com\/de\/industries\/inspektion\/\" class=\"link relative flex flex-col items-center justify-center p-8 md:p-16 lg:py-32 text-white w-full lg:col-span-2 bg-black\">\n                    <img loading=\"lazy\" decoding=\"async\" width=\"1600\" height=\"1067\" src=\"https:\/\/www.texcene.com\/wp-content\/uploads\/2025\/06\/TEXCENE-79.avif\" class=\"size-full absolute top-0 left-0 object-cover z-0 opacity-80 wp-post-image\" alt=\"\" srcset=\"https:\/\/www.texcene.com\/wp-content\/uploads\/2025\/06\/TEXCENE-79.avif 1600w, https:\/\/www.texcene.com\/wp-content\/uploads\/2025\/06\/TEXCENE-79-300x200.avif 300w, https:\/\/www.texcene.com\/wp-content\/uploads\/2025\/06\/TEXCENE-79-1024x683.avif 1024w, https:\/\/www.texcene.com\/wp-content\/uploads\/2025\/06\/TEXCENE-79-768x512.avif 768w, https:\/\/www.texcene.com\/wp-content\/uploads\/2025\/06\/TEXCENE-79-1536x1024.avif 1536w\" sizes=\"auto, (max-width: 1600px) 100vw, 1600px\" \/>                <div class=\"relative z-10 flex flex-col gap-2 justify-center items-center min-h-full text-center\">\n            <h3 class=\"text-xl md:text-2xl font-bold \">Inspektion<\/h3>\n                    <\/div>\n            <\/a>\n        <a href=\"https:\/\/www.texcene.com\/de\/industries\/palettierer\/\" class=\"link relative flex flex-col items-center justify-center p-8 md:p-16 lg:py-32 text-white w-full lg:col-span-2 bg-black\">\n                    <img loading=\"lazy\" decoding=\"async\" width=\"1600\" height=\"1067\" src=\"https:\/\/www.texcene.com\/wp-content\/uploads\/2025\/06\/TEX-10.jpg\" class=\"size-full absolute top-0 left-0 object-cover z-0 opacity-80 wp-post-image\" alt=\"\" srcset=\"https:\/\/www.texcene.com\/wp-content\/uploads\/2025\/06\/TEX-10.jpg 1600w, https:\/\/www.texcene.com\/wp-content\/uploads\/2025\/06\/TEX-10-300x200.jpg 300w, https:\/\/www.texcene.com\/wp-content\/uploads\/2025\/06\/TEX-10-1024x683.jpg 1024w, https:\/\/www.texcene.com\/wp-content\/uploads\/2025\/06\/TEX-10-768x512.jpg 768w, https:\/\/www.texcene.com\/wp-content\/uploads\/2025\/06\/TEX-10-1536x1024.jpg 1536w\" sizes=\"auto, (max-width: 1600px) 100vw, 1600px\" \/>                <div class=\"relative z-10 flex flex-col gap-2 justify-center items-center min-h-full text-center\">\n            <h3 class=\"text-xl md:text-2xl font-bold \">Palettierer<\/h3>\n                    <\/div>\n            <\/a>\n    <\/div>\n ","protected":false},"excerpt":{"rendered":"","protected":false},"author":1,"featured_media":1625,"parent":0,"menu_order":0,"comment_status":"closed","ping_status":"closed","template":"","meta":{"_acf_changed":false,"footnotes":""},"class_list":["post-3001","page","type-page","status-publish","has-post-thumbnail","hentry"],"acf":[],"yoast_head":"<!-- This site is optimized with the Yoast SEO plugin v25.3.1 - https:\/\/yoast.com\/wordpress\/plugins\/seo\/ -->\n<title>Anf\u00e4rben und Ausr\u00fcstung von Textilien - Texcene<\/title>\n<meta name=\"description\" content=\"F\u00e4rben und Ausr\u00fcstung von Textilien: Erfahren Sie, wie Veredelungsprozesse Optik, Qualit\u00e4t, Haptik und Funktion von Stoffen verbessern.\" \/>\n<meta name=\"robots\" content=\"index, follow, max-snippet:-1, max-image-preview:large, max-video-preview:-1\" \/>\n<link rel=\"canonical\" href=\"https:\/\/www.texcene.com\/de\/anfarben-und-ausrustung-von-textilien\/\" \/>\n<meta property=\"og:locale\" content=\"de_DE\" \/>\n<meta property=\"og:type\" content=\"article\" \/>\n<meta property=\"og:title\" content=\"Anf\u00e4rben und Ausr\u00fcstung von Textilien - Texcene\" \/>\n<meta property=\"og:description\" content=\"F\u00e4rben und Ausr\u00fcstung von Textilien: Erfahren Sie, wie Veredelungsprozesse Optik, Qualit\u00e4t, Haptik und Funktion von Stoffen verbessern.\" \/>\n<meta property=\"og:url\" content=\"https:\/\/www.texcene.com\/de\/anfarben-und-ausrustung-von-textilien\/\" \/>\n<meta property=\"og:site_name\" content=\"Texcene\" \/>\n<meta property=\"article:modified_time\" content=\"2026-04-20T18:49:34+00:00\" \/>\n<meta property=\"og:image\" content=\"https:\/\/www.texcene.com\/wp-content\/uploads\/2025\/09\/servizi-e1758270529815.avif\" \/>\n\t<meta property=\"og:image:width\" content=\"2160\" \/>\n\t<meta property=\"og:image:height\" content=\"827\" \/>\n\t<meta property=\"og:image:type\" content=\"image\/jpeg\" \/>\n<meta name=\"twitter:card\" content=\"summary_large_image\" \/>\n<meta name=\"twitter:label1\" content=\"Gesch\u00e4tzte Lesezeit\" \/>\n\t<meta name=\"twitter:data1\" content=\"1\u00a0Minute\" \/>\n<script type=\"application\/ld+json\" class=\"yoast-schema-graph\">{\"@context\":\"https:\/\/schema.org\",\"@graph\":[{\"@type\":\"WebPage\",\"@id\":\"https:\/\/www.texcene.com\/de\/anfarben-und-ausrustung-von-textilien\/\",\"url\":\"https:\/\/www.texcene.com\/de\/anfarben-und-ausrustung-von-textilien\/\",\"name\":\"Anf\u00e4rben und Ausr\u00fcstung von Textilien - Texcene\",\"isPartOf\":{\"@id\":\"https:\/\/www.texcene.com\/de\/#website\"},\"primaryImageOfPage\":{\"@id\":\"https:\/\/www.texcene.com\/de\/anfarben-und-ausrustung-von-textilien\/#primaryimage\"},\"image\":{\"@id\":\"https:\/\/www.texcene.com\/de\/anfarben-und-ausrustung-von-textilien\/#primaryimage\"},\"thumbnailUrl\":\"https:\/\/www.texcene.com\/wp-content\/uploads\/2025\/09\/servizi-e1758270529815.avif\",\"datePublished\":\"2025-09-17T08:05:37+00:00\",\"dateModified\":\"2026-04-20T18:49:34+00:00\",\"description\":\"F\u00e4rben und Ausr\u00fcstung von Textilien: Erfahren Sie, wie Veredelungsprozesse Optik, Qualit\u00e4t, Haptik und Funktion von Stoffen verbessern.\",\"breadcrumb\":{\"@id\":\"https:\/\/www.texcene.com\/de\/anfarben-und-ausrustung-von-textilien\/#breadcrumb\"},\"inLanguage\":\"de\",\"potentialAction\":[{\"@type\":\"ReadAction\",\"target\":[\"https:\/\/www.texcene.com\/de\/anfarben-und-ausrustung-von-textilien\/\"]}]},{\"@type\":\"ImageObject\",\"inLanguage\":\"de\",\"@id\":\"https:\/\/www.texcene.com\/de\/anfarben-und-ausrustung-von-textilien\/#primaryimage\",\"url\":\"https:\/\/www.texcene.com\/wp-content\/uploads\/2025\/09\/servizi-e1758270529815.avif\",\"contentUrl\":\"https:\/\/www.texcene.com\/wp-content\/uploads\/2025\/09\/servizi-e1758270529815.avif\",\"width\":2160,\"height\":827},{\"@type\":\"BreadcrumbList\",\"@id\":\"https:\/\/www.texcene.com\/de\/anfarben-und-ausrustung-von-textilien\/#breadcrumb\",\"itemListElement\":[{\"@type\":\"ListItem\",\"position\":1,\"name\":\"Home\",\"item\":\"https:\/\/www.texcene.com\/de\/\"},{\"@type\":\"ListItem\",\"position\":2,\"name\":\"Anf\u00e4rben und Ausr\u00fcstung von Textilien\"}]},{\"@type\":\"WebSite\",\"@id\":\"https:\/\/www.texcene.com\/de\/#website\",\"url\":\"https:\/\/www.texcene.com\/de\/\",\"name\":\"Texcene\",\"description\":\"\",\"potentialAction\":[{\"@type\":\"SearchAction\",\"target\":{\"@type\":\"EntryPoint\",\"urlTemplate\":\"https:\/\/www.texcene.com\/de\/?s={search_term_string}\"},\"query-input\":{\"@type\":\"PropertyValueSpecification\",\"valueRequired\":true,\"valueName\":\"search_term_string\"}}],\"inLanguage\":\"de\"}]}<\/script>\n<!-- \/ Yoast SEO plugin. -->","yoast_head_json":{"title":"Anf\u00e4rben und Ausr\u00fcstung von Textilien - Texcene","description":"F\u00e4rben und Ausr\u00fcstung von Textilien: Erfahren Sie, wie Veredelungsprozesse Optik, Qualit\u00e4t, Haptik und Funktion von Stoffen verbessern.","robots":{"index":"index","follow":"follow","max-snippet":"max-snippet:-1","max-image-preview":"max-image-preview:large","max-video-preview":"max-video-preview:-1"},"canonical":"https:\/\/www.texcene.com\/de\/anfarben-und-ausrustung-von-textilien\/","og_locale":"de_DE","og_type":"article","og_title":"Anf\u00e4rben und Ausr\u00fcstung von Textilien - Texcene","og_description":"F\u00e4rben und Ausr\u00fcstung von Textilien: Erfahren Sie, wie Veredelungsprozesse Optik, Qualit\u00e4t, Haptik und Funktion von Stoffen verbessern.","og_url":"https:\/\/www.texcene.com\/de\/anfarben-und-ausrustung-von-textilien\/","og_site_name":"Texcene","article_modified_time":"2026-04-20T18:49:34+00:00","og_image":[{"width":2160,"height":827,"url":"https:\/\/www.texcene.com\/wp-content\/uploads\/2025\/09\/servizi-e1758270529815.avif","type":"image\/jpeg"}],"twitter_card":"summary_large_image","twitter_misc":{"Gesch\u00e4tzte Lesezeit":"1\u00a0Minute"},"schema":{"@context":"https:\/\/schema.org","@graph":[{"@type":"WebPage","@id":"https:\/\/www.texcene.com\/de\/anfarben-und-ausrustung-von-textilien\/","url":"https:\/\/www.texcene.com\/de\/anfarben-und-ausrustung-von-textilien\/","name":"Anf\u00e4rben und Ausr\u00fcstung von Textilien - Texcene","isPartOf":{"@id":"https:\/\/www.texcene.com\/de\/#website"},"primaryImageOfPage":{"@id":"https:\/\/www.texcene.com\/de\/anfarben-und-ausrustung-von-textilien\/#primaryimage"},"image":{"@id":"https:\/\/www.texcene.com\/de\/anfarben-und-ausrustung-von-textilien\/#primaryimage"},"thumbnailUrl":"https:\/\/www.texcene.com\/wp-content\/uploads\/2025\/09\/servizi-e1758270529815.avif","datePublished":"2025-09-17T08:05:37+00:00","dateModified":"2026-04-20T18:49:34+00:00","description":"F\u00e4rben und Ausr\u00fcstung von Textilien: Erfahren Sie, wie Veredelungsprozesse Optik, Qualit\u00e4t, Haptik und Funktion von Stoffen verbessern.","breadcrumb":{"@id":"https:\/\/www.texcene.com\/de\/anfarben-und-ausrustung-von-textilien\/#breadcrumb"},"inLanguage":"de","potentialAction":[{"@type":"ReadAction","target":["https:\/\/www.texcene.com\/de\/anfarben-und-ausrustung-von-textilien\/"]}]},{"@type":"ImageObject","inLanguage":"de","@id":"https:\/\/www.texcene.com\/de\/anfarben-und-ausrustung-von-textilien\/#primaryimage","url":"https:\/\/www.texcene.com\/wp-content\/uploads\/2025\/09\/servizi-e1758270529815.avif","contentUrl":"https:\/\/www.texcene.com\/wp-content\/uploads\/2025\/09\/servizi-e1758270529815.avif","width":2160,"height":827},{"@type":"BreadcrumbList","@id":"https:\/\/www.texcene.com\/de\/anfarben-und-ausrustung-von-textilien\/#breadcrumb","itemListElement":[{"@type":"ListItem","position":1,"name":"Home","item":"https:\/\/www.texcene.com\/de\/"},{"@type":"ListItem","position":2,"name":"Anf\u00e4rben und Ausr\u00fcstung von Textilien"}]},{"@type":"WebSite","@id":"https:\/\/www.texcene.com\/de\/#website","url":"https:\/\/www.texcene.com\/de\/","name":"Texcene","description":"","potentialAction":[{"@type":"SearchAction","target":{"@type":"EntryPoint","urlTemplate":"https:\/\/www.texcene.com\/de\/?s={search_term_string}"},"query-input":{"@type":"PropertyValueSpecification","valueRequired":true,"valueName":"search_term_string"}}],"inLanguage":"de"}]}},"_links":{"self":[{"href":"https:\/\/www.texcene.com\/de\/wp-json\/wp\/v2\/pages\/3001","targetHints":{"allow":["GET"]}}],"collection":[{"href":"https:\/\/www.texcene.com\/de\/wp-json\/wp\/v2\/pages"}],"about":[{"href":"https:\/\/www.texcene.com\/de\/wp-json\/wp\/v2\/types\/page"}],"author":[{"embeddable":true,"href":"https:\/\/www.texcene.com\/de\/wp-json\/wp\/v2\/users\/1"}],"replies":[{"embeddable":true,"href":"https:\/\/www.texcene.com\/de\/wp-json\/wp\/v2\/comments?post=3001"}],"version-history":[{"count":2,"href":"https:\/\/www.texcene.com\/de\/wp-json\/wp\/v2\/pages\/3001\/revisions"}],"predecessor-version":[{"id":3522,"href":"https:\/\/www.texcene.com\/de\/wp-json\/wp\/v2\/pages\/3001\/revisions\/3522"}],"wp:featuredmedia":[{"embeddable":true,"href":"https:\/\/www.texcene.com\/de\/wp-json\/wp\/v2\/media\/1625"}],"wp:attachment":[{"href":"https:\/\/www.texcene.com\/de\/wp-json\/wp\/v2\/media?parent=3001"}],"curies":[{"name":"wp","href":"https:\/\/api.w.org\/{rel}","templated":true}]}}