{"id":3006,"date":"2025-09-17T09:53:01","date_gmt":"2025-09-17T07:53:01","guid":{"rendered":"https:\/\/texcene.bspkn.it\/energia-verde\/"},"modified":"2026-03-11T12:45:21","modified_gmt":"2026-03-11T11:45:21","slug":"grune-energie","status":"publish","type":"page","link":"https:\/\/www.texcene.com\/de\/grune-energie\/","title":{"rendered":"Gr\u00fcne Energie"},"content":{"rendered":"<header role=\"hero\" class=\"relative flex flex-col items-start bg-black justify-end text-white  \">\n    <img loading=\"lazy\" decoding=\"async\" width=\"2160\" height=\"827\" src=\"https:\/\/www.texcene.com\/wp-content\/uploads\/2026\/02\/energia-verde-hero.avif\" class=\"size-full top-0 left-0 z-0 object-cover absolute\" alt=\"\" srcset=\"https:\/\/www.texcene.com\/wp-content\/uploads\/2026\/02\/energia-verde-hero.avif 2160w, https:\/\/www.texcene.com\/wp-content\/uploads\/2026\/02\/energia-verde-hero-300x115.avif 300w, https:\/\/www.texcene.com\/wp-content\/uploads\/2026\/02\/energia-verde-hero-1024x392.avif 1024w, https:\/\/www.texcene.com\/wp-content\/uploads\/2026\/02\/energia-verde-hero-768x294.avif 768w, https:\/\/www.texcene.com\/wp-content\/uploads\/2026\/02\/energia-verde-hero-1536x588.avif 1536w, https:\/\/www.texcene.com\/wp-content\/uploads\/2026\/02\/energia-verde-hero-2048x784.avif 2048w\" sizes=\"auto, (max-width: 2160px) 100vw, 2160px\" \/>        \n    <div class=\"relative sides flex flex-col items-start w-full gap-5 md:gap-8 max-w-303 pt-20 pb-15 md:pt-37 md:pb-30\">\n        <h1 class=\"text-3xl md:text-5xl lg:text-7xl font-bold pt-25 md:pt-30 md:max-w-2\/3\">Gr\u00fcne Energie<\/h1>\n                <h2 class=\"font-inter text-lg md:text-2xl \">Beginnen wir mit einer sauberen Quelle<\/h2>\n            <\/div>\n    <\/header>\n\n<div class=\"my-11 text-white bg-salvia\" >\n        <blockquote class=\"text-xl relative font-inter sides flex gap-3 py-8 max-w-360 md:text-2xl italic text-center\">\n        <svg width=\"34\" height=\"28\" class=\"flex-none\"><use href=\"#ldquo\"\/><\/svg><p>Auf unserem Weg zu einer zunehmend verantwortungsvollen Produktion spielt die Energie, die wir t\u00e4glich nutzen, eine entscheidende Rolle. Deshalb haben wir uns entschieden, in die eigene Stromerzeugung aus erneuerbaren Quellen zu investieren, um einen Teil unserer Anlagen zu versorgen.<\/p>\n<svg width=\"34\" height=\"28\" class=\"self-end flex-none\"><use href=\"#rdquo\"\/><\/svg>    <\/blockquote>\n<\/div>\n\n\n<div class=\"sides max-w-360 py-11 grid grid-cols-1 md:grid-cols-2 md:gap-11 gap-5 \">\n            <h2 class=\"text-3xl md:text-4xl lg:text-5xl font-bold text-center col-span-full md:mb-8\">\n            Wir handeln durch        <\/h2>\n            <div class=\"relative flex flex-col   p-8 md:p-16 md:py-16 md:px-12 lg:py-32 lg:px-24  text-white w-full\">\n                    <img loading=\"lazy\" decoding=\"async\" width=\"874\" height=\"1042\" src=\"https:\/\/www.texcene.com\/wp-content\/uploads\/2025\/09\/centrale-idro-small.avif\" class=\"size-full absolute top-0 left-0 object-cover z-0\" alt=\"\" srcset=\"https:\/\/www.texcene.com\/wp-content\/uploads\/2025\/09\/centrale-idro-small.avif 874w, https:\/\/www.texcene.com\/wp-content\/uploads\/2025\/09\/centrale-idro-small-252x300.avif 252w, https:\/\/www.texcene.com\/wp-content\/uploads\/2025\/09\/centrale-idro-small-859x1024.avif 859w, https:\/\/www.texcene.com\/wp-content\/uploads\/2025\/09\/centrale-idro-small-768x916.avif 768w\" sizes=\"auto, (max-width: 874px) 100vw, 874px\" \/>                <div class=\"relative z-10 flex flex-col gap-12 justify-between md:gap-25 min-h-full \">\n            <div class=\"flex flex-col gap-2 lg:mt-25\">\n                <h3 class=\"text-2xl md:text-4xl lg:text-5xl font-bold \">Wasserkraftwerk<\/h3>\n                            <\/div>\n                        <nav class=\"text-center\">\n                <a href=\"https:\/\/www.texcene.com\/de\/wasserkraftwerk\/\" class=\"btn border-white \" target=\"_blank\">Mehr erfahren<\/a>\n            <\/nav>\n                    <\/div>\n    <\/div>\n        <div class=\"relative flex flex-col   p-8 md:p-16 md:py-16 md:px-12 lg:py-32 lg:px-24  text-white w-full\">\n                    <img loading=\"lazy\" decoding=\"async\" width=\"874\" height=\"1042\" src=\"https:\/\/www.texcene.com\/wp-content\/uploads\/2025\/09\/pannelli-solari-small.avif\" class=\"size-full absolute top-0 left-0 object-cover z-0\" alt=\"\" srcset=\"https:\/\/www.texcene.com\/wp-content\/uploads\/2025\/09\/pannelli-solari-small.avif 874w, https:\/\/www.texcene.com\/wp-content\/uploads\/2025\/09\/pannelli-solari-small-252x300.avif 252w, https:\/\/www.texcene.com\/wp-content\/uploads\/2025\/09\/pannelli-solari-small-859x1024.avif 859w, https:\/\/www.texcene.com\/wp-content\/uploads\/2025\/09\/pannelli-solari-small-768x916.avif 768w\" sizes=\"auto, (max-width: 874px) 100vw, 874px\" \/>                <div class=\"relative z-10 flex flex-col gap-12 justify-between md:gap-25 min-h-full \">\n            <div class=\"flex flex-col gap-2 lg:mt-25\">\n                <h3 class=\"text-2xl md:text-4xl lg:text-5xl font-bold \">Solaranlagen<\/h3>\n                            <\/div>\n                        <nav class=\"text-center\">\n                <a href=\"https:\/\/www.texcene.com\/de\/solaranlagen\/\" class=\"btn border-white \" target=\"_blank\">Mehr erfahren<\/a>\n            <\/nav>\n                    <\/div>\n    <\/div>\n        <\/div>\n\n\n<div class=\"relative py-11 overflow-hidden md:py-20 text-white\">\n    <img loading=\"lazy\" decoding=\"async\" width=\"2160\" height=\"911\" src=\"https:\/\/www.texcene.com\/wp-content\/uploads\/2026\/02\/il-nostro-obiettivo.avif\" class=\"w-full inset-0 h-full object-cover top-0 left-0 absolute z-0\" alt=\"\" srcset=\"https:\/\/www.texcene.com\/wp-content\/uploads\/2026\/02\/il-nostro-obiettivo.avif 2160w, https:\/\/www.texcene.com\/wp-content\/uploads\/2026\/02\/il-nostro-obiettivo-300x127.avif 300w, https:\/\/www.texcene.com\/wp-content\/uploads\/2026\/02\/il-nostro-obiettivo-1024x432.avif 1024w, https:\/\/www.texcene.com\/wp-content\/uploads\/2026\/02\/il-nostro-obiettivo-768x324.avif 768w, https:\/\/www.texcene.com\/wp-content\/uploads\/2026\/02\/il-nostro-obiettivo-1536x648.avif 1536w, https:\/\/www.texcene.com\/wp-content\/uploads\/2026\/02\/il-nostro-obiettivo-2048x864.avif 2048w\" sizes=\"auto, (max-width: 2160px) 100vw, 2160px\" \/>    <div class=\"sides relative z-10 grid grid-cols-1 gap-8 md:gap-12 lg:gap-x-20 items-center lg:grid-cols-2 max-w-360 py-11\">\n                <div class=\"md:pl-12 lg:pl-16 flex flex-col gap-5 \">\n                <span class=\"text-sm font-bold\">\n            Unser Ziel        <\/span>\n                        <h2 class=\"text-2xl md:text-3xl md:mb-8 lg:text-5xl  font-bold\">\n            Energie, die unsere Werte widerspiegelt        <\/h2>\n                        <div class=\"text-base md:text-lg \">\n            <p>Wir sind \u00fcberzeugt, dass Nachhaltigkeit Konsequenz bedeutet: <strong>von der Materialauswahl \u00fcber die Produktion, von der Logistik bis zur Energie<\/strong>.<\/p>\n        <\/div>\n                        <\/div>\n                        <div class=\"text-center flex gap-7 flex-col\">\n                        <div class=\"flex flex-col relative items-center gap-5  px-8 py-12 bg-white\/10 \">\n                <div class=\"w-full text-center flex flex-col gap-4\"> \n                                <h4 class=\"text-xl md:text-2xl font-bold lg:text-3xl\">\n                    Verantwortung                <\/h4>\n                                                <\/div>\n                                            <\/div>\n                        <div class=\"flex flex-col relative items-center gap-5  px-8 py-12 bg-white\/10 \">\n                <div class=\"w-full text-center flex flex-col gap-4\"> \n                                <h4 class=\"text-xl md:text-2xl font-bold lg:text-3xl\">\n                    Koh\u00e4renz                <\/h4>\n                                                <\/div>\n                                            <\/div>\n                        <div class=\"flex flex-col relative items-center gap-5  px-8 py-12 bg-white\/10 \">\n                <div class=\"w-full text-center flex flex-col gap-4\"> \n                                <h4 class=\"text-xl md:text-2xl font-bold lg:text-3xl\">\n                    Bewusste Innovation                <\/h4>\n                                                <\/div>\n                                            <\/div>\n                    <\/div>\n            <\/div>\n<\/div>\n\n\n\n\n<div class=\"sides max-w-360 py-11 grid grid-cols-1 md:grid-cols-2 lg:grid-cols-4 gap-5 \">\n            <h2 class=\"text-3xl md:text-4xl lg:text-5xl font-bold text-center col-span-full md:mb-8\">\n            Warum macht diese Entscheidung den Unterschied?        <\/h2>\n            <div class=\"relative flex flex-col items-center justify-center  p-4   w-full\">\n                <div class=\"relative z-10 flex flex-col gap-12 justify-between   \">\n            <div class=\"flex flex-col md:gap-10 \">\n                <h3 class=\"text-2xl text-center lg:text-5xl font-bold \">Wir reduzieren indirekte Emissionen<\/h3>\n                            <\/div>\n                    <\/div>\n    <\/div>\n        <div class=\"relative flex flex-col items-center justify-center  p-4   w-full\">\n                <div class=\"relative z-10 flex flex-col gap-12 justify-between   \">\n            <div class=\"flex flex-col md:gap-10 \">\n                <h3 class=\"text-2xl text-center lg:text-5xl font-bold \">Wir unterst\u00fctzen die Energiewende<\/h3>\n                            <\/div>\n                    <\/div>\n    <\/div>\n        <div class=\"relative flex flex-col items-center justify-center  p-4   w-full\">\n                <div class=\"relative z-10 flex flex-col gap-12 justify-between   \">\n            <div class=\"flex flex-col md:gap-10 \">\n                <h3 class=\"text-2xl text-center lg:text-5xl font-bold \">Wir st\u00e4rken den Markt f\u00fcr erneuerbare Energien in Europa<\/h3>\n                            <\/div>\n                    <\/div>\n    <\/div>\n        <div class=\"relative flex flex-col items-center justify-center  p-4   w-full\">\n                <div class=\"relative z-10 flex flex-col gap-12 justify-between   \">\n            <div class=\"flex flex-col md:gap-10 \">\n                <h3 class=\"text-2xl text-center lg:text-5xl font-bold \">Wir machen die gesamte Lieferkette nachhaltiger<\/h3>\n                            <\/div>\n                    <\/div>\n    <\/div>\n        <\/div>\n\n\n    <div class=\"overflow-hidden text-salvia-light py-8 lg:py-11\">\n        <div class=\"sides max-w-303 flex flex-col gap-12 text-center\">\n            <h2 class=\"text-3xl md:text-5xl font-bold\">Zertifizierungen<\/h2>\n            <div class=\"swiper-container md:overflow-hidden\" data-slider='{\"freeMode\":true,\"slidesPerView\":\"auto\",\"loop\":true,\"autoplay\":{\"delay\":5000}}'>\n                <div class=\"swiper-wrapper\">\n                                        <div class=\"swiper-slide w-2\/5 md:w-1\/4 lg:w-1\/5 flex items-center relative justify-center\" style=\"--mask-image: url('https:\/\/www.texcene.com\/wp-content\/uploads\/2026\/03\/EnvironmentalSysCert_ISO14001-1.webp');\">\n                        <figure class=\"w-auto relative\">\n                            <img loading=\"lazy\" decoding=\"async\" width=\"510\" height=\"490\" src=\"https:\/\/www.texcene.com\/wp-content\/uploads\/2026\/03\/EnvironmentalSysCert_ISO14001-1.webp\" class=\"opacity-0 max-md:w-full max-w-47 max-h-25 object-contain has-transparency wp-post-image\" alt=\"\" srcset=\"https:\/\/www.texcene.com\/wp-content\/uploads\/2026\/03\/EnvironmentalSysCert_ISO14001-1.webp 510w, https:\/\/www.texcene.com\/wp-content\/uploads\/2026\/03\/EnvironmentalSysCert_ISO14001-1-300x288.webp 300w\" sizes=\"auto, (max-width: 510px) 100vw, 510px\" data-has-transparency=\"true\" data-dominant-color=\"000000\" style=\"--dominant-color: #000000;\" \/>                            \n                            <div class=\"mask-salvia\"><\/div>\n                        <\/figure>\n                    <\/div>\n                                        <div class=\"swiper-slide w-2\/5 md:w-1\/4 lg:w-1\/5 flex items-center relative justify-center\" style=\"--mask-image: url('https:\/\/www.texcene.com\/wp-content\/uploads\/2025\/06\/zdhc.png');\">\n                        <figure class=\"w-auto relative\">\n                            <img loading=\"lazy\" decoding=\"async\" width=\"412\" height=\"88\" src=\"https:\/\/www.texcene.com\/wp-content\/uploads\/2025\/06\/zdhc.png\" class=\"opacity-0 max-md:w-full max-w-47 max-h-25 object-contain wp-post-image\" alt=\"\" srcset=\"https:\/\/www.texcene.com\/wp-content\/uploads\/2025\/06\/zdhc.png 412w, https:\/\/www.texcene.com\/wp-content\/uploads\/2025\/06\/zdhc-300x64.png 300w\" sizes=\"auto, (max-width: 412px) 100vw, 412px\" \/>                            \n                            <div class=\"mask-salvia\"><\/div>\n                        <\/figure>\n                    <\/div>\n                                        <div class=\"swiper-slide w-2\/5 md:w-1\/4 lg:w-1\/5 flex items-center relative justify-center\" style=\"--mask-image: url('https:\/\/www.texcene.com\/wp-content\/uploads\/2025\/06\/logo-oeko-text-standard_upscayl_4x_high-fidelity-4x.png');\">\n                        <figure class=\"w-auto relative\">\n                            <img decoding=\"async\" src=\"https:\/\/www.texcene.com\/wp-content\/uploads\/2025\/06\/logo-oeko-text-standard_upscayl_4x_high-fidelity-4x.png\" class=\"opacity-0 max-md:w-full max-w-47 max-h-25 object-contain wp-post-image\" alt=\"\" \/>                            \n                            <div class=\"mask-salvia\"><\/div>\n                        <\/figure>\n                    <\/div>\n                                        <div class=\"swiper-slide w-2\/5 md:w-1\/4 lg:w-1\/5 flex items-center relative justify-center\" style=\"--mask-image: url('https:\/\/www.texcene.com\/wp-content\/uploads\/2025\/06\/GOTS-2-230x300-1_upscayl_4x_high-fidelity-4x.png');\">\n                        <figure class=\"w-auto relative\">\n                            <img loading=\"lazy\" decoding=\"async\" width=\"624\" height=\"816\" src=\"https:\/\/www.texcene.com\/wp-content\/uploads\/2025\/06\/GOTS-2-230x300-1_upscayl_4x_high-fidelity-4x.png\" class=\"opacity-0 max-md:w-full max-w-47 max-h-25 object-contain wp-post-image\" alt=\"\" srcset=\"https:\/\/www.texcene.com\/wp-content\/uploads\/2025\/06\/GOTS-2-230x300-1_upscayl_4x_high-fidelity-4x.png 624w, https:\/\/www.texcene.com\/wp-content\/uploads\/2025\/06\/GOTS-2-230x300-1_upscayl_4x_high-fidelity-4x-229x300.png 229w\" sizes=\"auto, (max-width: 624px) 100vw, 624px\" \/>                            \n                            <div class=\"mask-salvia\"><\/div>\n                        <\/figure>\n                    <\/div>\n                                        <div class=\"swiper-slide w-2\/5 md:w-1\/4 lg:w-1\/5 flex items-center relative justify-center\" style=\"--mask-image: url('https:\/\/www.texcene.com\/wp-content\/uploads\/2025\/06\/detox-certificazione.png');\">\n                        <figure class=\"w-auto relative\">\n                            <img loading=\"lazy\" decoding=\"async\" width=\"240\" height=\"153\" src=\"https:\/\/www.texcene.com\/wp-content\/uploads\/2025\/06\/detox-certificazione.png\" class=\"opacity-0 max-md:w-full max-w-47 max-h-25 object-contain wp-post-image\" alt=\"\" \/>                            \n                            <div class=\"mask-salvia\"><\/div>\n                        <\/figure>\n                    <\/div>\n                                        <div class=\"swiper-slide w-2\/5 md:w-1\/4 lg:w-1\/5 flex items-center relative justify-center\" style=\"--mask-image: url('https:\/\/www.texcene.com\/wp-content\/uploads\/2025\/06\/ETICHETTA-GRS-1-768x727-1.png');\">\n                        <figure class=\"w-auto relative\">\n                            <img loading=\"lazy\" decoding=\"async\" width=\"768\" height=\"727\" src=\"https:\/\/www.texcene.com\/wp-content\/uploads\/2025\/06\/ETICHETTA-GRS-1-768x727-1.png\" class=\"opacity-0 max-md:w-full max-w-47 max-h-25 object-contain wp-post-image\" alt=\"\" srcset=\"https:\/\/www.texcene.com\/wp-content\/uploads\/2025\/06\/ETICHETTA-GRS-1-768x727-1.png 768w, https:\/\/www.texcene.com\/wp-content\/uploads\/2025\/06\/ETICHETTA-GRS-1-768x727-1-300x284.png 300w\" sizes=\"auto, (max-width: 768px) 100vw, 768px\" \/>                            \n                            <div class=\"mask-salvia\"><\/div>\n                        <\/figure>\n                    <\/div>\n                                        <div class=\"swiper-slide w-2\/5 md:w-1\/4 lg:w-1\/5 flex items-center relative justify-center\" style=\"--mask-image: url('https:\/\/www.texcene.com\/wp-content\/uploads\/2025\/06\/OCS-100_Color-1_upscayl_2x_high-fidelity-4x.png');\">\n                        <figure class=\"w-auto relative\">\n                            <img loading=\"lazy\" decoding=\"async\" width=\"688\" height=\"750\" src=\"https:\/\/www.texcene.com\/wp-content\/uploads\/2025\/06\/OCS-100_Color-1_upscayl_2x_high-fidelity-4x.png\" class=\"opacity-0 max-md:w-full max-w-47 max-h-25 object-contain wp-post-image\" alt=\"\" \/>                            \n                            <div class=\"mask-salvia\"><\/div>\n                        <\/figure>\n                    <\/div>\n                                        <div class=\"swiper-slide w-2\/5 md:w-1\/4 lg:w-1\/5 flex items-center relative justify-center\" style=\"--mask-image: url('https:\/\/www.texcene.com\/wp-content\/uploads\/2025\/06\/RCS-100_Color-1_upscayl_2x_high-fidelity-4x.png');\">\n                        <figure class=\"w-auto relative\">\n                            <img loading=\"lazy\" decoding=\"async\" width=\"650\" height=\"708\" src=\"https:\/\/www.texcene.com\/wp-content\/uploads\/2025\/06\/RCS-100_Color-1_upscayl_2x_high-fidelity-4x.png\" class=\"opacity-0 max-md:w-full max-w-47 max-h-25 object-contain wp-post-image\" alt=\"\" \/>                            \n                            <div class=\"mask-salvia\"><\/div>\n                        <\/figure>\n                    <\/div>\n                                    <\/div>\n            <\/div>\n                        <a href=\"https:\/\/www.texcene.com\/de\/zertifizierungen\/\" class=\"btn self-center bg-salvia-light\">\n                Mehr erfahren            <\/a>\n                    <\/div>\n    <\/div>\n    ","protected":false},"excerpt":{"rendered":"","protected":false},"author":1,"featured_media":2646,"parent":0,"menu_order":0,"comment_status":"closed","ping_status":"closed","template":"","meta":{"_acf_changed":false,"footnotes":""},"class_list":["post-3006","page","type-page","status-publish","has-post-thumbnail","hentry"],"acf":[],"yoast_head":"<!-- This site is optimized with the Yoast SEO plugin v25.3.1 - https:\/\/yoast.com\/wordpress\/plugins\/seo\/ -->\n<title>Gr\u00fcne Energie - Texcene<\/title>\n<meta name=\"description\" content=\"Gr\u00fcne Energie: Texcene investiert in Wasserkraft und Solaranlagen f\u00fcr eine nachhaltigere Textilproduktion und weniger Emissionen.\" \/>\n<meta name=\"robots\" content=\"index, follow, max-snippet:-1, max-image-preview:large, max-video-preview:-1\" \/>\n<link rel=\"canonical\" href=\"https:\/\/www.texcene.com\/de\/grune-energie\/\" \/>\n<meta property=\"og:locale\" content=\"de_DE\" \/>\n<meta property=\"og:type\" content=\"article\" \/>\n<meta property=\"og:title\" content=\"Gr\u00fcne Energie - Texcene\" \/>\n<meta property=\"og:description\" content=\"Gr\u00fcne Energie: Texcene investiert in Wasserkraft und Solaranlagen f\u00fcr eine nachhaltigere Textilproduktion und weniger Emissionen.\" \/>\n<meta property=\"og:url\" content=\"https:\/\/www.texcene.com\/de\/grune-energie\/\" \/>\n<meta property=\"og:site_name\" content=\"Texcene\" \/>\n<meta property=\"article:modified_time\" content=\"2026-03-11T11:45:21+00:00\" \/>\n<meta property=\"og:image\" content=\"https:\/\/www.texcene.com\/wp-content\/uploads\/2026\/02\/energia-verde-hero.avif\" \/>\n\t<meta property=\"og:image:width\" content=\"2160\" \/>\n\t<meta property=\"og:image:height\" content=\"827\" \/>\n\t<meta property=\"og:image:type\" content=\"image\/jpeg\" \/>\n<meta name=\"twitter:card\" content=\"summary_large_image\" \/>\n<meta name=\"twitter:label1\" content=\"Gesch\u00e4tzte Lesezeit\" \/>\n\t<meta name=\"twitter:data1\" content=\"1\u00a0Minute\" \/>\n<script type=\"application\/ld+json\" class=\"yoast-schema-graph\">{\"@context\":\"https:\/\/schema.org\",\"@graph\":[{\"@type\":\"WebPage\",\"@id\":\"https:\/\/www.texcene.com\/de\/grune-energie\/\",\"url\":\"https:\/\/www.texcene.com\/de\/grune-energie\/\",\"name\":\"Gr\u00fcne Energie - Texcene\",\"isPartOf\":{\"@id\":\"https:\/\/www.texcene.com\/de\/#website\"},\"primaryImageOfPage\":{\"@id\":\"https:\/\/www.texcene.com\/de\/grune-energie\/#primaryimage\"},\"image\":{\"@id\":\"https:\/\/www.texcene.com\/de\/grune-energie\/#primaryimage\"},\"thumbnailUrl\":\"https:\/\/www.texcene.com\/wp-content\/uploads\/2026\/02\/energia-verde-hero.avif\",\"datePublished\":\"2025-09-17T07:53:01+00:00\",\"dateModified\":\"2026-03-11T11:45:21+00:00\",\"description\":\"Gr\u00fcne Energie: Texcene investiert in Wasserkraft und Solaranlagen f\u00fcr eine nachhaltigere Textilproduktion und weniger Emissionen.\",\"breadcrumb\":{\"@id\":\"https:\/\/www.texcene.com\/de\/grune-energie\/#breadcrumb\"},\"inLanguage\":\"de\",\"potentialAction\":[{\"@type\":\"ReadAction\",\"target\":[\"https:\/\/www.texcene.com\/de\/grune-energie\/\"]}]},{\"@type\":\"ImageObject\",\"inLanguage\":\"de\",\"@id\":\"https:\/\/www.texcene.com\/de\/grune-energie\/#primaryimage\",\"url\":\"https:\/\/www.texcene.com\/wp-content\/uploads\/2026\/02\/energia-verde-hero.avif\",\"contentUrl\":\"https:\/\/www.texcene.com\/wp-content\/uploads\/2026\/02\/energia-verde-hero.avif\",\"width\":2160,\"height\":827},{\"@type\":\"BreadcrumbList\",\"@id\":\"https:\/\/www.texcene.com\/de\/grune-energie\/#breadcrumb\",\"itemListElement\":[{\"@type\":\"ListItem\",\"position\":1,\"name\":\"Home\",\"item\":\"https:\/\/www.texcene.com\/de\/\"},{\"@type\":\"ListItem\",\"position\":2,\"name\":\"Gr\u00fcne Energie\"}]},{\"@type\":\"WebSite\",\"@id\":\"https:\/\/www.texcene.com\/de\/#website\",\"url\":\"https:\/\/www.texcene.com\/de\/\",\"name\":\"Texcene\",\"description\":\"\",\"potentialAction\":[{\"@type\":\"SearchAction\",\"target\":{\"@type\":\"EntryPoint\",\"urlTemplate\":\"https:\/\/www.texcene.com\/de\/?s={search_term_string}\"},\"query-input\":{\"@type\":\"PropertyValueSpecification\",\"valueRequired\":true,\"valueName\":\"search_term_string\"}}],\"inLanguage\":\"de\"}]}<\/script>\n<!-- \/ Yoast SEO plugin. -->","yoast_head_json":{"title":"Gr\u00fcne Energie - Texcene","description":"Gr\u00fcne Energie: Texcene investiert in Wasserkraft und Solaranlagen f\u00fcr eine nachhaltigere Textilproduktion und weniger Emissionen.","robots":{"index":"index","follow":"follow","max-snippet":"max-snippet:-1","max-image-preview":"max-image-preview:large","max-video-preview":"max-video-preview:-1"},"canonical":"https:\/\/www.texcene.com\/de\/grune-energie\/","og_locale":"de_DE","og_type":"article","og_title":"Gr\u00fcne Energie - Texcene","og_description":"Gr\u00fcne Energie: Texcene investiert in Wasserkraft und Solaranlagen f\u00fcr eine nachhaltigere Textilproduktion und weniger Emissionen.","og_url":"https:\/\/www.texcene.com\/de\/grune-energie\/","og_site_name":"Texcene","article_modified_time":"2026-03-11T11:45:21+00:00","og_image":[{"width":2160,"height":827,"url":"https:\/\/www.texcene.com\/wp-content\/uploads\/2026\/02\/energia-verde-hero.avif","type":"image\/jpeg"}],"twitter_card":"summary_large_image","twitter_misc":{"Gesch\u00e4tzte Lesezeit":"1\u00a0Minute"},"schema":{"@context":"https:\/\/schema.org","@graph":[{"@type":"WebPage","@id":"https:\/\/www.texcene.com\/de\/grune-energie\/","url":"https:\/\/www.texcene.com\/de\/grune-energie\/","name":"Gr\u00fcne Energie - Texcene","isPartOf":{"@id":"https:\/\/www.texcene.com\/de\/#website"},"primaryImageOfPage":{"@id":"https:\/\/www.texcene.com\/de\/grune-energie\/#primaryimage"},"image":{"@id":"https:\/\/www.texcene.com\/de\/grune-energie\/#primaryimage"},"thumbnailUrl":"https:\/\/www.texcene.com\/wp-content\/uploads\/2026\/02\/energia-verde-hero.avif","datePublished":"2025-09-17T07:53:01+00:00","dateModified":"2026-03-11T11:45:21+00:00","description":"Gr\u00fcne Energie: Texcene investiert in Wasserkraft und Solaranlagen f\u00fcr eine nachhaltigere Textilproduktion und weniger Emissionen.","breadcrumb":{"@id":"https:\/\/www.texcene.com\/de\/grune-energie\/#breadcrumb"},"inLanguage":"de","potentialAction":[{"@type":"ReadAction","target":["https:\/\/www.texcene.com\/de\/grune-energie\/"]}]},{"@type":"ImageObject","inLanguage":"de","@id":"https:\/\/www.texcene.com\/de\/grune-energie\/#primaryimage","url":"https:\/\/www.texcene.com\/wp-content\/uploads\/2026\/02\/energia-verde-hero.avif","contentUrl":"https:\/\/www.texcene.com\/wp-content\/uploads\/2026\/02\/energia-verde-hero.avif","width":2160,"height":827},{"@type":"BreadcrumbList","@id":"https:\/\/www.texcene.com\/de\/grune-energie\/#breadcrumb","itemListElement":[{"@type":"ListItem","position":1,"name":"Home","item":"https:\/\/www.texcene.com\/de\/"},{"@type":"ListItem","position":2,"name":"Gr\u00fcne Energie"}]},{"@type":"WebSite","@id":"https:\/\/www.texcene.com\/de\/#website","url":"https:\/\/www.texcene.com\/de\/","name":"Texcene","description":"","potentialAction":[{"@type":"SearchAction","target":{"@type":"EntryPoint","urlTemplate":"https:\/\/www.texcene.com\/de\/?s={search_term_string}"},"query-input":{"@type":"PropertyValueSpecification","valueRequired":true,"valueName":"search_term_string"}}],"inLanguage":"de"}]}},"_links":{"self":[{"href":"https:\/\/www.texcene.com\/de\/wp-json\/wp\/v2\/pages\/3006","targetHints":{"allow":["GET"]}}],"collection":[{"href":"https:\/\/www.texcene.com\/de\/wp-json\/wp\/v2\/pages"}],"about":[{"href":"https:\/\/www.texcene.com\/de\/wp-json\/wp\/v2\/types\/page"}],"author":[{"embeddable":true,"href":"https:\/\/www.texcene.com\/de\/wp-json\/wp\/v2\/users\/1"}],"replies":[{"embeddable":true,"href":"https:\/\/www.texcene.com\/de\/wp-json\/wp\/v2\/comments?post=3006"}],"version-history":[{"count":1,"href":"https:\/\/www.texcene.com\/de\/wp-json\/wp\/v2\/pages\/3006\/revisions"}],"predecessor-version":[{"id":3010,"href":"https:\/\/www.texcene.com\/de\/wp-json\/wp\/v2\/pages\/3006\/revisions\/3010"}],"wp:featuredmedia":[{"embeddable":true,"href":"https:\/\/www.texcene.com\/de\/wp-json\/wp\/v2\/media\/2646"}],"wp:attachment":[{"href":"https:\/\/www.texcene.com\/de\/wp-json\/wp\/v2\/media?parent=3006"}],"curies":[{"name":"wp","href":"https:\/\/api.w.org\/{rel}","templated":true}]}}