{"id":3019,"date":"2025-06-26T16:26:16","date_gmt":"2025-06-26T14:26:16","guid":{"rendered":"https:\/\/texcene.bspkn.it\/contratti-energia-pulita\/"},"modified":"2026-03-03T10:40:54","modified_gmt":"2026-03-03T09:40:54","slug":"vertrage-fur-saubere-energie","status":"publish","type":"page","link":"https:\/\/www.texcene.com\/de\/vertrage-fur-saubere-energie\/","title":{"rendered":"Vertr\u00e4ge f\u00fcr saubere Energie"},"content":{"rendered":"<header role=\"hero\" class=\"relative flex flex-col items-start bg-black justify-end text-white  \">\n    <img loading=\"lazy\" decoding=\"async\" width=\"2160\" height=\"827\" src=\"https:\/\/www.texcene.com\/wp-content\/uploads\/2025\/06\/energia-pulita.avif\" class=\"size-full top-0 left-0 z-0 object-cover absolute\" alt=\"\" srcset=\"https:\/\/www.texcene.com\/wp-content\/uploads\/2025\/06\/energia-pulita.avif 2160w, https:\/\/www.texcene.com\/wp-content\/uploads\/2025\/06\/energia-pulita-300x115.avif 300w, https:\/\/www.texcene.com\/wp-content\/uploads\/2025\/06\/energia-pulita-1024x392.avif 1024w, https:\/\/www.texcene.com\/wp-content\/uploads\/2025\/06\/energia-pulita-768x294.avif 768w, https:\/\/www.texcene.com\/wp-content\/uploads\/2025\/06\/energia-pulita-1536x588.avif 1536w, https:\/\/www.texcene.com\/wp-content\/uploads\/2025\/06\/energia-pulita-2048x784.avif 2048w\" sizes=\"auto, (max-width: 2160px) 100vw, 2160px\" \/>        \n    <div class=\"relative sides flex flex-col items-start w-full gap-5 md:gap-8 max-w-303 pt-20 pb-15 md:pt-37 md:pb-30\">\n        <h1 class=\"text-3xl md:text-5xl lg:text-7xl font-bold pt-25 md:pt-30 md:max-w-2\/3\">Vertr\u00e4ge f\u00fcr saubere Energie<\/h1>\n                <h2 class=\"font-inter text-lg md:text-2xl \">Wir w\u00e4hlen ausschlie\u00dflich saubere Energie \u2013 auch wenn wir sie nicht selbst produzieren<\/h2>\n            <\/div>\n    <\/header>\n\n  \n    <div class=\"py-11 flex sides max-w-360  gap-8 md:gap-16 lg:gap-25 lg:items-center flex-col-reverse lg:flex-row\">\n        <!-- Image Column -->\n                \n        <div class=\"w-full lg:w-3\/5\">\n                        <div class=\"grid grid-rows-3 gap-5\">\n                                <div class=\"flex flex-col md:flex-row items-center gap-5 md:gap-10 p-8 relative text-white px-12\">\n                                                            <header class=\"md:w-1\/3 relative\">\n                                                <h3 class=\"text-xl md:text-2xl font-bold leading-none\">\n                            Nachpr\u00fcfbar                        <\/h3>\n                                            <\/header>\n                                        <div class=\"content [&#038;_li]:marker:text-white md:w-2\/3 font-bold text-sm relative\">\n                        <p>Durch offizielle Dokumentation<\/p>\n                    <\/div>\n                                    <\/div>  \n                                <div class=\"flex flex-col md:flex-row items-center gap-5 md:gap-10 p-8 relative text-white px-12\">\n                                                            <header class=\"md:w-1\/3 relative\">\n                                                <h3 class=\"text-xl md:text-2xl font-bold leading-none\">\n                            Mit Herkunftsnachweisen verbunden                        <\/h3>\n                                            <\/header>\n                                        <div class=\"content [&#038;_li]:marker:text-white md:w-2\/3 font-bold text-sm relative\">\n                        <p>Mit r\u00fcckverfolgbaren Herkunftsgarantien<\/p>\n                    <\/div>\n                                    <\/div>  \n                                <div class=\"flex flex-col md:flex-row items-center gap-5 md:gap-10 p-8 relative text-white px-12\">\n                                                            <header class=\"md:w-1\/3 relative\">\n                                                <h3 class=\"text-xl md:text-2xl font-bold leading-none\">\n                            Im Einklang mit Anforderungen                        <\/h3>\n                                            <\/header>\n                                        <div class=\"content [&#038;_li]:marker:text-white md:w-2\/3 font-bold text-sm relative\">\n                        <p>Gefordert von ZDHC, GRI und weiteren Nachhaltigkeitsstandards<\/p>\n                    <\/div>\n                                    <\/div>  \n                   \n            <\/div>\n                    <\/div>\n                <!-- Text Column -->\n        <div class=\"w-full flex flex-col gap-5 lg:w-2\/5 px-0 lg:pl-16\">\n                            <h3 class=\"text-sm\">Unsere Energie<\/h3>\n                                        <h2 class=\"text-3xl  lg:text-5xl font-bold\">Unsere Energiepartner<\/h2>\n                                    <div class=\"lg:mt-4 content md:text-lg\">\n                <p>Wir haben Energieversorger ausgew\u00e4hlt, die mit h\u00f6chster Transparenz arbeiten und aktiv in die Energiewende investieren. Wo wir nicht selbst produzieren k\u00f6nnen, entscheiden wir uns dennoch f\u00fcr Energie, die unseren Werten entspricht.<\/p>\n            <\/div>\n                                <\/div>\n            <\/div>\n\n\n<div class=\"sides max-w-360 py-8 lg:py-11 grid grid-cols-1 lg:grid-cols-11 gap-5\">\n        <header class=\"col-span-full text-center mb-5\">\n        <h2 class=\"text-3xl md:text-4xl lg:text-5xl font-bold mb-5 col-span-full\">\n        Warum ist das wichtig?    <\/h2>\n            <\/header>\n            <div class=\"relative px-5 py-8 md:px-10 md:py-16 lg:py-25  text-white md:col-span-7 lg:px-12\">\n        <h4 class=\"font-bold text-2xl lg:text-4xl relative\">Es st\u00e4rkt konkret den Markt f\u00fcr erneuerbare Energien<\/h4>\n    <\/div>\n        <div class=\"relative px-5 py-8 md:px-10 md:py-16 lg:py-25  text-white lg:col-span-4 lg:px-12\">\n        <h4 class=\"font-bold text-2xl lg:text-4xl relative\">Es reduziert Scope-2-Emissionen<\/h4>\n    <\/div>\n        <div class=\"relative px-5 py-8 md:px-10 md:py-16 lg:py-25  text-white md:col-span-4 lg:px-12\">\n        <h4 class=\"font-bold text-2xl lg:text-4xl relative\">Es erm\u00f6glicht eine sauberere und transparentere Lieferkette<\/h4>\n    <\/div>\n        <div class=\"relative px-5 py-8 md:px-10 md:py-16 lg:py-25  text-white lg:col-span-3 lg:px-12\">\n        <h4 class=\"font-bold text-2xl lg:text-4xl relative\">Es macht das Gewebe verantwortungsvoller<\/h4>\n    <\/div>\n        <div class=\"relative px-5 py-8 md:px-10 md:py-16 lg:py-25  text-white md:col-span-4 lg:px-12\">\n        <h4 class=\"font-bold text-2xl lg:text-4xl relative\">Es unterst\u00fctzt die ESG-Berichterstattung in Unternehmensbilanzen<\/h4>\n    <\/div>\n    <\/div>\n","protected":false},"excerpt":{"rendered":"","protected":false},"author":1,"featured_media":1460,"parent":0,"menu_order":0,"comment_status":"closed","ping_status":"closed","template":"","meta":{"_acf_changed":false,"footnotes":""},"class_list":["post-3019","page","type-page","status-publish","has-post-thumbnail","hentry"],"acf":[],"yoast_head":"<!-- This site is optimized with the Yoast SEO plugin v25.3.1 - https:\/\/yoast.com\/wordpress\/plugins\/seo\/ -->\n<title>Vertr\u00e4ge f\u00fcr saubere Energie - Texcene<\/title>\n<meta name=\"robots\" content=\"index, follow, max-snippet:-1, max-image-preview:large, max-video-preview:-1\" \/>\n<link rel=\"canonical\" href=\"https:\/\/www.texcene.com\/de\/vertrage-fur-saubere-energie\/\" \/>\n<meta property=\"og:locale\" content=\"de_DE\" \/>\n<meta property=\"og:type\" content=\"article\" \/>\n<meta property=\"og:title\" content=\"Vertr\u00e4ge f\u00fcr saubere Energie - Texcene\" \/>\n<meta property=\"og:url\" content=\"https:\/\/www.texcene.com\/de\/vertrage-fur-saubere-energie\/\" \/>\n<meta property=\"og:site_name\" content=\"Texcene\" \/>\n<meta property=\"article:modified_time\" content=\"2026-03-03T09:40:54+00:00\" \/>\n<meta property=\"og:image\" content=\"https:\/\/www.texcene.com\/wp-content\/uploads\/2025\/06\/energia-pulita.avif\" \/>\n\t<meta property=\"og:image:width\" content=\"2160\" \/>\n\t<meta property=\"og:image:height\" content=\"827\" \/>\n\t<meta property=\"og:image:type\" content=\"image\/jpeg\" \/>\n<meta name=\"twitter:card\" content=\"summary_large_image\" \/>\n<meta name=\"twitter:label1\" content=\"Gesch\u00e4tzte Lesezeit\" \/>\n\t<meta name=\"twitter:data1\" content=\"1\u00a0Minute\" \/>\n<script type=\"application\/ld+json\" class=\"yoast-schema-graph\">{\"@context\":\"https:\/\/schema.org\",\"@graph\":[{\"@type\":\"WebPage\",\"@id\":\"https:\/\/www.texcene.com\/de\/vertrage-fur-saubere-energie\/\",\"url\":\"https:\/\/www.texcene.com\/de\/vertrage-fur-saubere-energie\/\",\"name\":\"Vertr\u00e4ge f\u00fcr saubere Energie - Texcene\",\"isPartOf\":{\"@id\":\"https:\/\/www.texcene.com\/de\/#website\"},\"primaryImageOfPage\":{\"@id\":\"https:\/\/www.texcene.com\/de\/vertrage-fur-saubere-energie\/#primaryimage\"},\"image\":{\"@id\":\"https:\/\/www.texcene.com\/de\/vertrage-fur-saubere-energie\/#primaryimage\"},\"thumbnailUrl\":\"https:\/\/www.texcene.com\/wp-content\/uploads\/2025\/06\/energia-pulita.avif\",\"datePublished\":\"2025-06-26T14:26:16+00:00\",\"dateModified\":\"2026-03-03T09:40:54+00:00\",\"breadcrumb\":{\"@id\":\"https:\/\/www.texcene.com\/de\/vertrage-fur-saubere-energie\/#breadcrumb\"},\"inLanguage\":\"de\",\"potentialAction\":[{\"@type\":\"ReadAction\",\"target\":[\"https:\/\/www.texcene.com\/de\/vertrage-fur-saubere-energie\/\"]}]},{\"@type\":\"ImageObject\",\"inLanguage\":\"de\",\"@id\":\"https:\/\/www.texcene.com\/de\/vertrage-fur-saubere-energie\/#primaryimage\",\"url\":\"https:\/\/www.texcene.com\/wp-content\/uploads\/2025\/06\/energia-pulita.avif\",\"contentUrl\":\"https:\/\/www.texcene.com\/wp-content\/uploads\/2025\/06\/energia-pulita.avif\",\"width\":2160,\"height\":827},{\"@type\":\"BreadcrumbList\",\"@id\":\"https:\/\/www.texcene.com\/de\/vertrage-fur-saubere-energie\/#breadcrumb\",\"itemListElement\":[{\"@type\":\"ListItem\",\"position\":1,\"name\":\"Home\",\"item\":\"https:\/\/www.texcene.com\/de\/\"},{\"@type\":\"ListItem\",\"position\":2,\"name\":\"Vertr\u00e4ge f\u00fcr saubere Energie\"}]},{\"@type\":\"WebSite\",\"@id\":\"https:\/\/www.texcene.com\/de\/#website\",\"url\":\"https:\/\/www.texcene.com\/de\/\",\"name\":\"Texcene\",\"description\":\"\",\"potentialAction\":[{\"@type\":\"SearchAction\",\"target\":{\"@type\":\"EntryPoint\",\"urlTemplate\":\"https:\/\/www.texcene.com\/de\/?s={search_term_string}\"},\"query-input\":{\"@type\":\"PropertyValueSpecification\",\"valueRequired\":true,\"valueName\":\"search_term_string\"}}],\"inLanguage\":\"de\"}]}<\/script>\n<!-- \/ Yoast SEO plugin. -->","yoast_head_json":{"title":"Vertr\u00e4ge f\u00fcr saubere Energie - Texcene","robots":{"index":"index","follow":"follow","max-snippet":"max-snippet:-1","max-image-preview":"max-image-preview:large","max-video-preview":"max-video-preview:-1"},"canonical":"https:\/\/www.texcene.com\/de\/vertrage-fur-saubere-energie\/","og_locale":"de_DE","og_type":"article","og_title":"Vertr\u00e4ge f\u00fcr saubere Energie - Texcene","og_url":"https:\/\/www.texcene.com\/de\/vertrage-fur-saubere-energie\/","og_site_name":"Texcene","article_modified_time":"2026-03-03T09:40:54+00:00","og_image":[{"width":2160,"height":827,"url":"https:\/\/www.texcene.com\/wp-content\/uploads\/2025\/06\/energia-pulita.avif","type":"image\/jpeg"}],"twitter_card":"summary_large_image","twitter_misc":{"Gesch\u00e4tzte Lesezeit":"1\u00a0Minute"},"schema":{"@context":"https:\/\/schema.org","@graph":[{"@type":"WebPage","@id":"https:\/\/www.texcene.com\/de\/vertrage-fur-saubere-energie\/","url":"https:\/\/www.texcene.com\/de\/vertrage-fur-saubere-energie\/","name":"Vertr\u00e4ge f\u00fcr saubere Energie - Texcene","isPartOf":{"@id":"https:\/\/www.texcene.com\/de\/#website"},"primaryImageOfPage":{"@id":"https:\/\/www.texcene.com\/de\/vertrage-fur-saubere-energie\/#primaryimage"},"image":{"@id":"https:\/\/www.texcene.com\/de\/vertrage-fur-saubere-energie\/#primaryimage"},"thumbnailUrl":"https:\/\/www.texcene.com\/wp-content\/uploads\/2025\/06\/energia-pulita.avif","datePublished":"2025-06-26T14:26:16+00:00","dateModified":"2026-03-03T09:40:54+00:00","breadcrumb":{"@id":"https:\/\/www.texcene.com\/de\/vertrage-fur-saubere-energie\/#breadcrumb"},"inLanguage":"de","potentialAction":[{"@type":"ReadAction","target":["https:\/\/www.texcene.com\/de\/vertrage-fur-saubere-energie\/"]}]},{"@type":"ImageObject","inLanguage":"de","@id":"https:\/\/www.texcene.com\/de\/vertrage-fur-saubere-energie\/#primaryimage","url":"https:\/\/www.texcene.com\/wp-content\/uploads\/2025\/06\/energia-pulita.avif","contentUrl":"https:\/\/www.texcene.com\/wp-content\/uploads\/2025\/06\/energia-pulita.avif","width":2160,"height":827},{"@type":"BreadcrumbList","@id":"https:\/\/www.texcene.com\/de\/vertrage-fur-saubere-energie\/#breadcrumb","itemListElement":[{"@type":"ListItem","position":1,"name":"Home","item":"https:\/\/www.texcene.com\/de\/"},{"@type":"ListItem","position":2,"name":"Vertr\u00e4ge f\u00fcr saubere Energie"}]},{"@type":"WebSite","@id":"https:\/\/www.texcene.com\/de\/#website","url":"https:\/\/www.texcene.com\/de\/","name":"Texcene","description":"","potentialAction":[{"@type":"SearchAction","target":{"@type":"EntryPoint","urlTemplate":"https:\/\/www.texcene.com\/de\/?s={search_term_string}"},"query-input":{"@type":"PropertyValueSpecification","valueRequired":true,"valueName":"search_term_string"}}],"inLanguage":"de"}]}},"_links":{"self":[{"href":"https:\/\/www.texcene.com\/de\/wp-json\/wp\/v2\/pages\/3019","targetHints":{"allow":["GET"]}}],"collection":[{"href":"https:\/\/www.texcene.com\/de\/wp-json\/wp\/v2\/pages"}],"about":[{"href":"https:\/\/www.texcene.com\/de\/wp-json\/wp\/v2\/types\/page"}],"author":[{"embeddable":true,"href":"https:\/\/www.texcene.com\/de\/wp-json\/wp\/v2\/users\/1"}],"replies":[{"embeddable":true,"href":"https:\/\/www.texcene.com\/de\/wp-json\/wp\/v2\/comments?post=3019"}],"version-history":[{"count":1,"href":"https:\/\/www.texcene.com\/de\/wp-json\/wp\/v2\/pages\/3019\/revisions"}],"predecessor-version":[{"id":3023,"href":"https:\/\/www.texcene.com\/de\/wp-json\/wp\/v2\/pages\/3019\/revisions\/3023"}],"wp:featuredmedia":[{"embeddable":true,"href":"https:\/\/www.texcene.com\/de\/wp-json\/wp\/v2\/media\/1460"}],"wp:attachment":[{"href":"https:\/\/www.texcene.com\/de\/wp-json\/wp\/v2\/media?parent=3019"}],"curies":[{"name":"wp","href":"https:\/\/api.w.org\/{rel}","templated":true}]}}