{"id":3040,"date":"2025-06-24T15:12:11","date_gmt":"2025-06-24T13:12:11","guid":{"rendered":"https:\/\/texcene.bspkn.it\/contatti\/"},"modified":"2026-03-27T16:35:13","modified_gmt":"2026-03-27T15:35:13","slug":"kontakte","status":"publish","type":"page","link":"https:\/\/www.texcene.com\/de\/kontakte\/","title":{"rendered":"Kontakte"},"content":{"rendered":"<header role=\"hero\" class=\"relative flex flex-col items-start bg-black justify-end text-white  \">\n    <img loading=\"lazy\" decoding=\"async\" width=\"2160\" height=\"827\" src=\"https:\/\/www.texcene.com\/wp-content\/uploads\/2026\/02\/Contattaci.avif\" class=\"size-full top-0 left-0 z-0 object-cover absolute\" alt=\"\" srcset=\"https:\/\/www.texcene.com\/wp-content\/uploads\/2026\/02\/Contattaci.avif 2160w, https:\/\/www.texcene.com\/wp-content\/uploads\/2026\/02\/Contattaci-300x115.avif 300w, https:\/\/www.texcene.com\/wp-content\/uploads\/2026\/02\/Contattaci-1024x392.avif 1024w, https:\/\/www.texcene.com\/wp-content\/uploads\/2026\/02\/Contattaci-768x294.avif 768w, https:\/\/www.texcene.com\/wp-content\/uploads\/2026\/02\/Contattaci-1536x588.avif 1536w, https:\/\/www.texcene.com\/wp-content\/uploads\/2026\/02\/Contattaci-2048x784.avif 2048w\" sizes=\"auto, (max-width: 2160px) 100vw, 2160px\" \/>        \n    <div class=\"relative sides flex flex-col items-start w-full gap-5 md:gap-8 max-w-303 pt-20 pb-15 md:pt-37 md:pb-30\">\n        <h1 class=\"text-3xl md:text-5xl lg:text-7xl font-bold pt-25 md:pt-30 md:max-w-2\/3\">Contattaci<\/h1>\n            <\/div>\n    <\/header><div class=\"overflow-hidden bg-neutral-50\">\n    <div class=\"sides max-w-360 grid grid-cols-1 lg:grid-cols-2\">\n        <div class=\"py-8 lg:py-11 content bg-neutral-50 lg:pr-11\">\n        <p><strong>TEXCENE SPA<\/strong><br \/>\nVia Eustacchio Capitanio, 9<br \/>\nCene (Bergamo) 24020 Italy<\/p>\n<hr \/>\n<p><strong>EMAIL<\/strong><br \/>\ninfo@texcene.com<\/p>\n<p><strong>TELEFONO<\/strong><br \/>\n+39 035 719210<\/p>\n<p><strong>FAX<\/strong><br \/>\n+39 035 719415<\/p>\n    <\/div>\n            <div class=\"py-8 lg:py-11 lg:pl-11 relative before:absolute before:top-0 before:-left-8 lg:before:left-0 before:-right-8 lg:before:right-auto lg:before:w-screen before:h-full before:bg-white before:z-0\">\n        <form class=\"form flex flex-col gap-2  relative\" method=\"POST\" novalidate>\n                        <div class=\"flex flex-col gap-2 pb-2.5 relative\">\n                                <label for=\"choices\" class=\"md:text-lg font-bold\">\n                    Chi vuoi contattare?                                        <span class=\"text-salvia-light\">*<\/span>\n                                    <\/label>\n                                <select data-error=\"Obligatorisches Feld\" name=\"choices\" id=\"choices\" class=\"input input--select\" required>\n                    <option value=\"\" disabled selected>W\u00e4hlen Sie<\/option>\n                                        <option value=\"Segreteria\">Segreteria<\/option>\n                                        <option value=\"Amministrazione\">Amministrazione<\/option>\n                                        <option value=\"Commerciale\">Commerciale<\/option>\n                                    <\/select>\n                            <\/div>\n                        <div class=\"flex flex-col gap-2 pb-2.5 relative\">\n                                <label for=\"first_name\" class=\"md:text-lg font-bold\">\n                    Nome                                        <span class=\"text-salvia-light\">*<\/span>\n                                    <\/label>\n                                <input data-error=\"Obligatorisches Feld\" type=\"text\" name=\"first_name\" id=\"first_name\" class=\"input\" required>\n                            <\/div>\n                        <div class=\"flex flex-col gap-2 pb-2.5 relative\">\n                                <label for=\"last_name\" class=\"md:text-lg font-bold\">\n                    Cognome                                        <span class=\"text-salvia-light\">*<\/span>\n                                    <\/label>\n                                <input data-error=\"Obligatorisches Feld\" type=\"text\" name=\"last_name\" id=\"last_name\" class=\"input\" required>\n                            <\/div>\n                        <div class=\"flex flex-col gap-2 pb-2.5 relative\">\n                                <label for=\"phone\" class=\"md:text-lg font-bold\">\n                    Telefono                                        <span class=\"text-salvia-light\">*<\/span>\n                                    <\/label>\n                                <input data-error=\"Obligatorisches Feld\" type=\"text\" name=\"phone\" id=\"phone\" class=\"input\" required>\n                            <\/div>\n                        <div class=\"flex flex-col gap-2 pb-2.5 relative\">\n                                <label for=\"email\" class=\"md:text-lg font-bold\">\n                    Email                                        <span class=\"text-salvia-light\">*<\/span>\n                                    <\/label>\n                                <input data-error=\"Ung\u00fcltige E-Mail\" type=\"email\" name=\"email\" id=\"email\" class=\"input\" required>\n                            <\/div>\n                        <div class=\"flex flex-col gap-2 pb-2.5 relative\">\n                                <label for=\"city\" class=\"md:text-lg font-bold\">\n                    Citt\u00e0                                        <span class=\"text-salvia-light\">*<\/span>\n                                    <\/label>\n                                <input data-error=\"Obligatorisches Feld\" type=\"text\" name=\"city\" id=\"city\" class=\"input\" required>\n                            <\/div>\n                        <div class=\"flex flex-col gap-2 pb-2.5 relative\">\n                                <label for=\"notes\" class=\"md:text-lg font-bold\">\n                    Ci\u00f2 di cui hai bisogno                                        <span class=\"text-salvia-light\">*<\/span>\n                                    <\/label>\n                                <textarea data-error=\"Obligatorisches Feld\" name=\"notes\" id=\"notes\" class=\"input input--textarea\" required><\/textarea>\n                            <\/div>\n                        <input type=\"hidden\" name=\"action\" value=\"form\"\/>\n            <input type=\"hidden\" name=\"form_id\" value=\"1142\"\/>\n            <div style=\"display: none;\">\n                <input type=\"text\" name=\"email_address\" id=\"email_address\" value=\"\" autocomplete=\"off\" \/>\n                <input type=\"text\" name=\"website\" id=\"website\" value=\"\" autocomplete=\"off\" \/>\n            <\/div>\n                    <div class=\"mt-2 pb-2 relative\">\n        <label class=\"peer flex gap-2 text-min\">\n            <input value=\"1\" type=\"checkbox\" required name=\"privacy\" class=\"peer checkbox\" \/>\n            <span class=\"inline-block pt-0.75 text-salvia-light text-sm\">Acconsento all&#8217;utilizzo dei dati inseriti secondo le finalit\u00e0 indicate dalla\u00a0<a href=\"\/privacy-policy\/\">privacy policy<\/a>*<\/span>\n        <\/label>\n        <i class=\"absolute pointer-events-none w-5 h-5 border border-neutral-300 bg-salvia rounded-xs left-0 top-0 inset-shadow-checkbox opacity-0 peer-has-checked:opacity-100 transition-opacity\"><\/i>\n        <\/div>\n                        <div class=\"col-span-full pb-2 relative\">\n        <label class=\"peer flex gap-2 text-min\">\n            <input value=\"1\" type=\"checkbox\" name=\"marketing\" class=\"peer checkbox\" \/>\n            <span class=\"inline-block pt-0.75 text-salvia-light text-sm\">Acconsento all&#8217;utilizzo dei dati inseriti per l&#8217;invio di eventuali comunicazioni di marketing da parte del Titolare del Trattamento<\/span>\n        <\/label>\n        <i class=\"absolute pointer-events-none w-5 h-5 border border-neutral-300 bg-salvia rounded-xs left-0 top-0 inset-shadow-checkbox opacity-0 peer-has-checked:opacity-100 transition-opacity\"><\/i>\n        <\/div>\n                            <button type=\"submit\" class=\"btn disabled:opacity-50 md:disabled:hover:before:scale-x-0 disabled:cursor-not-allowed md:disabled:hover:text-main self-center bg-white text-main border-main md:hover:text-white\">\n                Invia            <\/button>\n                            <div class=\"loader form-loader\">\n        <svg class=\"spinner sticky top-10\"><use href=\"#spinner-icon\" \/><\/svg>\n    <\/div>\n            <\/form>\n    <\/div>\n        <\/div>\n<\/div>\n","protected":false},"excerpt":{"rendered":"","protected":false},"author":1,"featured_media":2728,"parent":0,"menu_order":0,"comment_status":"closed","ping_status":"closed","template":"","meta":{"_acf_changed":false,"footnotes":""},"class_list":["post-3040","page","type-page","status-publish","has-post-thumbnail","hentry"],"acf":[],"yoast_head":"<!-- This site is optimized with the Yoast SEO plugin v25.3.1 - https:\/\/yoast.com\/wordpress\/plugins\/seo\/ -->\n<title>Kontakte - Texcene<\/title>\n<meta name=\"description\" content=\"Kontakte Texcene: Kontaktieren Sie uns f\u00fcr Informationen zu Textilveredelung, F\u00e4rbung, Luxusverpackungen und individuellen Stoffl\u00f6sungen.\" \/>\n<meta name=\"robots\" content=\"index, follow, max-snippet:-1, max-image-preview:large, max-video-preview:-1\" \/>\n<link rel=\"canonical\" href=\"https:\/\/www.texcene.com\/de\/kontakte\/\" \/>\n<meta property=\"og:locale\" content=\"de_DE\" \/>\n<meta property=\"og:type\" content=\"article\" \/>\n<meta property=\"og:title\" content=\"Kontakte - Texcene\" \/>\n<meta property=\"og:description\" content=\"Kontakte Texcene: Kontaktieren Sie uns f\u00fcr Informationen zu Textilveredelung, F\u00e4rbung, Luxusverpackungen und individuellen Stoffl\u00f6sungen.\" \/>\n<meta property=\"og:url\" content=\"https:\/\/www.texcene.com\/de\/kontakte\/\" \/>\n<meta property=\"og:site_name\" content=\"Texcene\" \/>\n<meta property=\"article:modified_time\" content=\"2026-03-27T15:35:13+00:00\" \/>\n<meta property=\"og:image\" content=\"https:\/\/www.texcene.com\/wp-content\/uploads\/2026\/02\/Contattaci.avif\" \/>\n\t<meta property=\"og:image:width\" content=\"2160\" \/>\n\t<meta property=\"og:image:height\" content=\"827\" \/>\n\t<meta property=\"og:image:type\" content=\"image\/jpeg\" \/>\n<meta name=\"twitter:card\" content=\"summary_large_image\" \/>\n<meta name=\"twitter:label1\" content=\"Gesch\u00e4tzte Lesezeit\" \/>\n\t<meta name=\"twitter:data1\" content=\"1\u00a0Minute\" \/>\n<script type=\"application\/ld+json\" class=\"yoast-schema-graph\">{\"@context\":\"https:\/\/schema.org\",\"@graph\":[{\"@type\":\"WebPage\",\"@id\":\"https:\/\/www.texcene.com\/de\/kontakte\/\",\"url\":\"https:\/\/www.texcene.com\/de\/kontakte\/\",\"name\":\"Kontakte - Texcene\",\"isPartOf\":{\"@id\":\"https:\/\/www.texcene.com\/de\/#website\"},\"primaryImageOfPage\":{\"@id\":\"https:\/\/www.texcene.com\/de\/kontakte\/#primaryimage\"},\"image\":{\"@id\":\"https:\/\/www.texcene.com\/de\/kontakte\/#primaryimage\"},\"thumbnailUrl\":\"https:\/\/www.texcene.com\/wp-content\/uploads\/2026\/02\/Contattaci.avif\",\"datePublished\":\"2025-06-24T13:12:11+00:00\",\"dateModified\":\"2026-03-27T15:35:13+00:00\",\"description\":\"Kontakte Texcene: Kontaktieren Sie uns f\u00fcr Informationen zu Textilveredelung, F\u00e4rbung, Luxusverpackungen und individuellen Stoffl\u00f6sungen.\",\"breadcrumb\":{\"@id\":\"https:\/\/www.texcene.com\/de\/kontakte\/#breadcrumb\"},\"inLanguage\":\"de\",\"potentialAction\":[{\"@type\":\"ReadAction\",\"target\":[\"https:\/\/www.texcene.com\/de\/kontakte\/\"]}]},{\"@type\":\"ImageObject\",\"inLanguage\":\"de\",\"@id\":\"https:\/\/www.texcene.com\/de\/kontakte\/#primaryimage\",\"url\":\"https:\/\/www.texcene.com\/wp-content\/uploads\/2026\/02\/Contattaci.avif\",\"contentUrl\":\"https:\/\/www.texcene.com\/wp-content\/uploads\/2026\/02\/Contattaci.avif\",\"width\":2160,\"height\":827},{\"@type\":\"BreadcrumbList\",\"@id\":\"https:\/\/www.texcene.com\/de\/kontakte\/#breadcrumb\",\"itemListElement\":[{\"@type\":\"ListItem\",\"position\":1,\"name\":\"Home\",\"item\":\"https:\/\/www.texcene.com\/de\/\"},{\"@type\":\"ListItem\",\"position\":2,\"name\":\"Kontakte\"}]},{\"@type\":\"WebSite\",\"@id\":\"https:\/\/www.texcene.com\/de\/#website\",\"url\":\"https:\/\/www.texcene.com\/de\/\",\"name\":\"Texcene\",\"description\":\"\",\"potentialAction\":[{\"@type\":\"SearchAction\",\"target\":{\"@type\":\"EntryPoint\",\"urlTemplate\":\"https:\/\/www.texcene.com\/de\/?s={search_term_string}\"},\"query-input\":{\"@type\":\"PropertyValueSpecification\",\"valueRequired\":true,\"valueName\":\"search_term_string\"}}],\"inLanguage\":\"de\"}]}<\/script>\n<!-- \/ Yoast SEO plugin. -->","yoast_head_json":{"title":"Kontakte - Texcene","description":"Kontakte Texcene: Kontaktieren Sie uns f\u00fcr Informationen zu Textilveredelung, F\u00e4rbung, Luxusverpackungen und individuellen Stoffl\u00f6sungen.","robots":{"index":"index","follow":"follow","max-snippet":"max-snippet:-1","max-image-preview":"max-image-preview:large","max-video-preview":"max-video-preview:-1"},"canonical":"https:\/\/www.texcene.com\/de\/kontakte\/","og_locale":"de_DE","og_type":"article","og_title":"Kontakte - Texcene","og_description":"Kontakte Texcene: Kontaktieren Sie uns f\u00fcr Informationen zu Textilveredelung, F\u00e4rbung, Luxusverpackungen und individuellen Stoffl\u00f6sungen.","og_url":"https:\/\/www.texcene.com\/de\/kontakte\/","og_site_name":"Texcene","article_modified_time":"2026-03-27T15:35:13+00:00","og_image":[{"width":2160,"height":827,"url":"https:\/\/www.texcene.com\/wp-content\/uploads\/2026\/02\/Contattaci.avif","type":"image\/jpeg"}],"twitter_card":"summary_large_image","twitter_misc":{"Gesch\u00e4tzte Lesezeit":"1\u00a0Minute"},"schema":{"@context":"https:\/\/schema.org","@graph":[{"@type":"WebPage","@id":"https:\/\/www.texcene.com\/de\/kontakte\/","url":"https:\/\/www.texcene.com\/de\/kontakte\/","name":"Kontakte - Texcene","isPartOf":{"@id":"https:\/\/www.texcene.com\/de\/#website"},"primaryImageOfPage":{"@id":"https:\/\/www.texcene.com\/de\/kontakte\/#primaryimage"},"image":{"@id":"https:\/\/www.texcene.com\/de\/kontakte\/#primaryimage"},"thumbnailUrl":"https:\/\/www.texcene.com\/wp-content\/uploads\/2026\/02\/Contattaci.avif","datePublished":"2025-06-24T13:12:11+00:00","dateModified":"2026-03-27T15:35:13+00:00","description":"Kontakte Texcene: Kontaktieren Sie uns f\u00fcr Informationen zu Textilveredelung, F\u00e4rbung, Luxusverpackungen und individuellen Stoffl\u00f6sungen.","breadcrumb":{"@id":"https:\/\/www.texcene.com\/de\/kontakte\/#breadcrumb"},"inLanguage":"de","potentialAction":[{"@type":"ReadAction","target":["https:\/\/www.texcene.com\/de\/kontakte\/"]}]},{"@type":"ImageObject","inLanguage":"de","@id":"https:\/\/www.texcene.com\/de\/kontakte\/#primaryimage","url":"https:\/\/www.texcene.com\/wp-content\/uploads\/2026\/02\/Contattaci.avif","contentUrl":"https:\/\/www.texcene.com\/wp-content\/uploads\/2026\/02\/Contattaci.avif","width":2160,"height":827},{"@type":"BreadcrumbList","@id":"https:\/\/www.texcene.com\/de\/kontakte\/#breadcrumb","itemListElement":[{"@type":"ListItem","position":1,"name":"Home","item":"https:\/\/www.texcene.com\/de\/"},{"@type":"ListItem","position":2,"name":"Kontakte"}]},{"@type":"WebSite","@id":"https:\/\/www.texcene.com\/de\/#website","url":"https:\/\/www.texcene.com\/de\/","name":"Texcene","description":"","potentialAction":[{"@type":"SearchAction","target":{"@type":"EntryPoint","urlTemplate":"https:\/\/www.texcene.com\/de\/?s={search_term_string}"},"query-input":{"@type":"PropertyValueSpecification","valueRequired":true,"valueName":"search_term_string"}}],"inLanguage":"de"}]}},"_links":{"self":[{"href":"https:\/\/www.texcene.com\/de\/wp-json\/wp\/v2\/pages\/3040","targetHints":{"allow":["GET"]}}],"collection":[{"href":"https:\/\/www.texcene.com\/de\/wp-json\/wp\/v2\/pages"}],"about":[{"href":"https:\/\/www.texcene.com\/de\/wp-json\/wp\/v2\/types\/page"}],"author":[{"embeddable":true,"href":"https:\/\/www.texcene.com\/de\/wp-json\/wp\/v2\/users\/1"}],"replies":[{"embeddable":true,"href":"https:\/\/www.texcene.com\/de\/wp-json\/wp\/v2\/comments?post=3040"}],"version-history":[{"count":2,"href":"https:\/\/www.texcene.com\/de\/wp-json\/wp\/v2\/pages\/3040\/revisions"}],"predecessor-version":[{"id":3526,"href":"https:\/\/www.texcene.com\/de\/wp-json\/wp\/v2\/pages\/3040\/revisions\/3526"}],"wp:featuredmedia":[{"embeddable":true,"href":"https:\/\/www.texcene.com\/de\/wp-json\/wp\/v2\/media\/2728"}],"wp:attachment":[{"href":"https:\/\/www.texcene.com\/de\/wp-json\/wp\/v2\/media?parent=3040"}],"curies":[{"name":"wp","href":"https:\/\/api.w.org\/{rel}","templated":true}]}}