{"id":2875,"date":"2025-09-19T15:03:08","date_gmt":"2025-09-19T13:03:08","guid":{"rendered":"https:\/\/texcene.bspkn.it\/bilancio-di-sostenibilita\/"},"modified":"2026-03-02T16:31:15","modified_gmt":"2026-03-02T15:31:15","slug":"informe-de-sostenibilidad","status":"publish","type":"page","link":"https:\/\/www.texcene.com\/es\/informe-de-sostenibilidad\/","title":{"rendered":"Informe de Sostenibilidad"},"content":{"rendered":"<header role=\"hero\" class=\"relative flex flex-col items-start bg-black justify-end text-white  \">\n    <img loading=\"lazy\" decoding=\"async\" width=\"2160\" height=\"827\" src=\"https:\/\/www.texcene.com\/wp-content\/uploads\/2026\/02\/bilancio-hero.avif\" class=\"size-full top-0 left-0 z-0 object-cover absolute\" alt=\"\" srcset=\"https:\/\/www.texcene.com\/wp-content\/uploads\/2026\/02\/bilancio-hero.avif 2160w, https:\/\/www.texcene.com\/wp-content\/uploads\/2026\/02\/bilancio-hero-300x115.avif 300w, https:\/\/www.texcene.com\/wp-content\/uploads\/2026\/02\/bilancio-hero-1024x392.avif 1024w, https:\/\/www.texcene.com\/wp-content\/uploads\/2026\/02\/bilancio-hero-768x294.avif 768w, https:\/\/www.texcene.com\/wp-content\/uploads\/2026\/02\/bilancio-hero-1536x588.avif 1536w, https:\/\/www.texcene.com\/wp-content\/uploads\/2026\/02\/bilancio-hero-2048x784.avif 2048w\" sizes=\"auto, (max-width: 2160px) 100vw, 2160px\" \/>        \n    <div class=\"relative sides flex flex-col items-start w-full gap-5 md:gap-8 max-w-303 pt-20 pb-15 md:pt-37 md:pb-30\">\n        <h1 class=\"text-3xl md:text-5xl lg:text-7xl font-bold pt-25 md:pt-30 md:max-w-2\/3\">Transparencia, responsabilidad, futuro<\/h1>\n                <h2 class=\"font-inter text-lg md:text-2xl \">Nuestro Informe de Sostenibilidad<\/h2>\n            <\/div>\n    <\/header>\n\n  \n    <div class=\"py-11 flex sides max-w-360  gap-8 md:gap-16 lg:gap-25 lg:items-center flex-col lg:flex-row\">\n        <!-- Image Column -->\n                \n        <div class=\"w-full lg:w-3\/5\">\n                        <img loading=\"lazy\" decoding=\"async\" width=\"1095\" height=\"866\" src=\"https:\/\/www.texcene.com\/wp-content\/uploads\/2025\/09\/Bilancio-di-Sostenibilita.avif\" class=\"w-full h-auto\" alt=\"\" srcset=\"https:\/\/www.texcene.com\/wp-content\/uploads\/2025\/09\/Bilancio-di-Sostenibilita.avif 1095w, https:\/\/www.texcene.com\/wp-content\/uploads\/2025\/09\/Bilancio-di-Sostenibilita-300x237.avif 300w, https:\/\/www.texcene.com\/wp-content\/uploads\/2025\/09\/Bilancio-di-Sostenibilita-1024x810.avif 1024w, https:\/\/www.texcene.com\/wp-content\/uploads\/2025\/09\/Bilancio-di-Sostenibilita-768x607.avif 768w\" sizes=\"auto, (max-width: 1095px) 100vw, 1095px\" \/>                    <\/div>\n                <!-- Text Column -->\n        <div class=\"w-full flex flex-col gap-5 lg:w-2\/5 px-0 lg:pl-16\">\n                                        <h2 class=\"text-3xl lg:mt-4 lg:text-5xl font-bold\">Informe de Sostenibilidad<\/h2>\n                                    <div class=\"lg:mt-4 content md:text-lg\">\n                <p>Nuestro Informe de Sostenibilidad describe de forma transparente nuestro compromiso con un modelo de desarrollo responsable, \u00e9tico y de bajo impacto ambiental. No se trata solo de n\u00fameros, sino de la narraci\u00f3n de un camino concreto hecho de decisiones, inversiones y resultados medibles.<\/p>\n            <\/div>\n                                <\/div>\n            <\/div>\n\n\n<div class=\"relative py-11 overflow-hidden md:py-20 text-white\">\n    <img loading=\"lazy\" decoding=\"async\" width=\"2160\" height=\"768\" src=\"https:\/\/www.texcene.com\/wp-content\/uploads\/2025\/06\/leaf-with-water.avif\" class=\"w-full inset-0 h-full object-cover top-0 left-0 absolute z-0\" alt=\"\" srcset=\"https:\/\/www.texcene.com\/wp-content\/uploads\/2025\/06\/leaf-with-water.avif 2160w, https:\/\/www.texcene.com\/wp-content\/uploads\/2025\/06\/leaf-with-water-300x107.avif 300w, https:\/\/www.texcene.com\/wp-content\/uploads\/2025\/06\/leaf-with-water-1024x364.avif 1024w, https:\/\/www.texcene.com\/wp-content\/uploads\/2025\/06\/leaf-with-water-768x273.avif 768w, https:\/\/www.texcene.com\/wp-content\/uploads\/2025\/06\/leaf-with-water-1536x546.avif 1536w, https:\/\/www.texcene.com\/wp-content\/uploads\/2025\/06\/leaf-with-water-2048x728.avif 2048w\" sizes=\"auto, (max-width: 2160px) 100vw, 2160px\" \/>    <div class=\"sides relative z-10 grid grid-cols-1 gap-8 md:gap-12 lg:gap-x-20 items-center lg:grid-cols-7 max-w-360 py-11\">\n                <div class=\"md:pl-12 lg:pl-16 flex flex-col gap-5 lg:col-span-5\">\n                        <h2 class=\"text-2xl md:text-3xl  lg:text-5xl xl:text-7xl font-bold\">\n            \u00bfPor qu\u00e9 publicamos el Informe?        <\/h2>\n                        <div class=\"text-base md:text-lg lg:text-2xl\">\n            <p>Creemos que la sostenibilidad debe ser medible y comunicarse con claridad. Nuestro Informe de Sostenibilidad es una herramienta para <strong>rendir cuentas de nuestras acciones a los stakeholders, identificar \u00e1reas de mejora, establecer objetivos futuros concretos y contribuir a una cultura empresarial orientada a la responsabilidad<\/strong>.<\/p>\n        <\/div>\n                        <nav class=\"\">\n            <a href=\"#\" class=\"btn border-white\">\n                Descargar el Informe de Sostenibilidad            <\/a>\n        <\/nav>\n                <\/div>\n                    <\/div>\n<\/div>\n\n\n<div class=\"sides max-w-360 py-8 lg:py-11 lg:py-25 flex flex-wrap gap-y-8 lg:flex-row-reverse items-center\">\n        <header class=\"w-full lg:w-2\/5 lg:px-12\">\n                <h3 class=\"text-sm font-bold\">Hablamos con n\u00fameros<\/h3>\n                        <h2 class=\"text-2xl md:text-4xl font-bold\">\n            Impacto ambiental reducido, trazabilidad real y un compromiso concreto en cada fase productiva        <\/h2>\n            <\/header>\n        \n    <div class=\"w-full lg:w-3\/5 grid grid-cols-3 gap-4 md:gap-8\">\n        <div class=\"relative flex flex-col justify-center gap-5 text-center text-white p-5 md:py-10\">\n        <img loading=\"lazy\" decoding=\"async\" width=\"448\" height=\"454\" src=\"https:\/\/www.texcene.com\/wp-content\/uploads\/2025\/06\/storia-92-azienda.avif\" class=\"size-full absolute top-0 left-0 object-cover\" alt=\"\" srcset=\"https:\/\/www.texcene.com\/wp-content\/uploads\/2025\/06\/storia-92-azienda.avif 448w, https:\/\/www.texcene.com\/wp-content\/uploads\/2025\/06\/storia-92-azienda-296x300.avif 296w\" sizes=\"auto, (max-width: 448px) 100vw, 448px\" \/>                <h2 class=\"text-3xl md:text-5xl font-bold relative\">\n            66%        <\/h2>\n                        <h2 class=\"md:text-lg font-bold relative\">\n            <p>Energ\u00eda utilizada proveniente de fuentes renovables<\/p>\n        <\/h2>\n            <\/div>\n        <div class=\"relative flex flex-col justify-center gap-5 text-center text-white p-5 md:py-10\">\n        <img loading=\"lazy\" decoding=\"async\" width=\"448\" height=\"454\" src=\"https:\/\/www.texcene.com\/wp-content\/uploads\/2025\/06\/storia-28-azienda.avif\" class=\"size-full absolute top-0 left-0 object-cover\" alt=\"\" srcset=\"https:\/\/www.texcene.com\/wp-content\/uploads\/2025\/06\/storia-28-azienda.avif 448w, https:\/\/www.texcene.com\/wp-content\/uploads\/2025\/06\/storia-28-azienda-296x300.avif 296w\" sizes=\"auto, (max-width: 448px) 100vw, 448px\" \/>                <h2 class=\"text-3xl md:text-5xl font-bold relative\">\n            26.6 M        <\/h2>\n                        <h2 class=\"md:text-lg font-bold relative\">\n            <p>Agua depurada y reintroducida cada a\u00f1o<\/p>\n        <\/h2>\n            <\/div>\n        <div class=\"relative flex flex-col justify-center gap-5 text-center text-white p-5 md:py-10\">\n        <img loading=\"lazy\" decoding=\"async\" width=\"448\" height=\"454\" src=\"https:\/\/www.texcene.com\/wp-content\/uploads\/2025\/06\/storia-320-azienda.avif\" class=\"size-full absolute top-0 left-0 object-cover\" alt=\"\" srcset=\"https:\/\/www.texcene.com\/wp-content\/uploads\/2025\/06\/storia-320-azienda.avif 448w, https:\/\/www.texcene.com\/wp-content\/uploads\/2025\/06\/storia-320-azienda-296x300.avif 296w\" sizes=\"auto, (max-width: 448px) 100vw, 448px\" \/>                <h2 class=\"text-3xl md:text-5xl font-bold relative\">\n            552 T        <\/h2>\n                        <h2 class=\"md:text-lg font-bold relative\">\n            <p>Algod\u00f3n regenerado utilizado en la producci\u00f3n anual<\/p>\n        <\/h2>\n            <\/div>\n        <\/div>\n<\/div>\n\n\n  \n    <div class=\"py-11 flex sides max-w-360  gap-8 md:gap-16 lg:gap-25 lg:items-center flex-col-reverse lg:flex-row-reverse\">\n        <!-- Image Column -->\n                <!-- Text Column -->\n        <div class=\"w-full flex flex-col gap-5 lg:w-2\/5 px-0 lg:pl-16\">\n                            <h3 class=\"text-sm\">Te lo explicamos<\/h3>\n                                        <h2 class=\"text-3xl  lg:text-5xl font-bold\">\u00bfQu\u00e9 contiene nuestro Informe?<\/h2>\n                                    <div class=\"lg:mt-4 content md:text-lg\">\n                <p>El informe est\u00e1 estructurado seg\u00fan los est\u00e1ndares internacionales <strong>GRI (Global Reporting Initiative)<\/strong> y cubre tres \u00e1reas principales:<\/p>\n            <\/div>\n                                <\/div>\n            <\/div>\n\n\n<div class=\"relative py-11 overflow-hidden md:py-20 text-white\">\n    <img loading=\"lazy\" decoding=\"async\" width=\"2160\" height=\"768\" src=\"https:\/\/www.texcene.com\/wp-content\/uploads\/2025\/09\/bilancio-sostenibilita-cloud.avif\" class=\"w-full inset-0 h-full object-cover top-0 left-0 absolute z-0\" alt=\"\" srcset=\"https:\/\/www.texcene.com\/wp-content\/uploads\/2025\/09\/bilancio-sostenibilita-cloud.avif 2160w, https:\/\/www.texcene.com\/wp-content\/uploads\/2025\/09\/bilancio-sostenibilita-cloud-300x107.avif 300w, https:\/\/www.texcene.com\/wp-content\/uploads\/2025\/09\/bilancio-sostenibilita-cloud-1024x364.avif 1024w, https:\/\/www.texcene.com\/wp-content\/uploads\/2025\/09\/bilancio-sostenibilita-cloud-768x273.avif 768w, https:\/\/www.texcene.com\/wp-content\/uploads\/2025\/09\/bilancio-sostenibilita-cloud-1536x546.avif 1536w, https:\/\/www.texcene.com\/wp-content\/uploads\/2025\/09\/bilancio-sostenibilita-cloud-2048x728.avif 2048w\" sizes=\"auto, (max-width: 2160px) 100vw, 2160px\" \/>    <div class=\"sides relative z-10 grid grid-cols-1 gap-8 md:gap-12 lg:gap-x-20 items-center lg:grid-cols-7 max-w-360 py-11\">\n                <div class=\"md:pl-12 lg:pl-16 flex flex-col gap-5 lg:col-span-3\">\n                <span class=\"text-sm font-bold\">\n            Descubre m\u00e1s sobre sostenibilidad        <\/span>\n                        <h2 class=\"text-2xl md:text-3xl    font-bold\">\n            Explora nuestras iniciativas        <\/h2>\n                                <\/div>\n                    <\/div>\n<\/div>\n","protected":false},"excerpt":{"rendered":"","protected":false},"author":1,"featured_media":2739,"parent":0,"menu_order":0,"comment_status":"closed","ping_status":"closed","template":"","meta":{"_acf_changed":false,"footnotes":""},"class_list":["post-2875","page","type-page","status-publish","has-post-thumbnail","hentry"],"acf":[],"yoast_head":"<!-- This site is optimized with the Yoast SEO plugin v25.3.1 - https:\/\/yoast.com\/wordpress\/plugins\/seo\/ -->\n<title>Texcene - Dal 1981 qualit\u00e0 e rispetto dell&#039;ambiente<\/title>\n<meta name=\"description\" content=\"Texcene fa affidamento su un&#039;esperienza di oltre 40 anni per offrire lavorazioni di alta qualit\u00e0 in candeggi, tinture e finissaggi dei tessuti. L&#039;alta qualit\u00e0 della nobilitazione di Texcene \u00e8 accompagnata dal pieno rispetto della salute sia delle persone che dell&#039;ambiente.\" \/>\n<meta name=\"robots\" content=\"index, follow, max-snippet:-1, max-image-preview:large, max-video-preview:-1\" \/>\n<link rel=\"canonical\" href=\"https:\/\/www.texcene.com\/es\/informe-de-sostenibilidad\/\" \/>\n<meta property=\"og:locale\" content=\"es_ES\" \/>\n<meta property=\"og:type\" content=\"article\" \/>\n<meta property=\"og:title\" content=\"Texcene - Dal 1981 qualit\u00e0 e rispetto dell&#039;ambiente\" \/>\n<meta property=\"og:description\" content=\"Texcene fa affidamento su un&#039;esperienza di oltre 40 anni per offrire lavorazioni di alta qualit\u00e0 in candeggi, tinture e finissaggi dei tessuti. L&#039;alta qualit\u00e0 della nobilitazione di Texcene \u00e8 accompagnata dal pieno rispetto della salute sia delle persone che dell&#039;ambiente.\" \/>\n<meta property=\"og:url\" content=\"https:\/\/www.texcene.com\/es\/informe-de-sostenibilidad\/\" \/>\n<meta property=\"og:site_name\" content=\"Texcene\" \/>\n<meta property=\"article:modified_time\" content=\"2026-03-02T15:31:15+00:00\" \/>\n<meta property=\"og:image\" content=\"https:\/\/www.texcene.com\/wp-content\/uploads\/2026\/02\/bilancio-hero.avif\" \/>\n\t<meta property=\"og:image:width\" content=\"2160\" \/>\n\t<meta property=\"og:image:height\" content=\"827\" \/>\n\t<meta property=\"og:image:type\" content=\"image\/jpeg\" \/>\n<meta name=\"twitter:card\" content=\"summary_large_image\" \/>\n<meta name=\"twitter:label1\" content=\"Tiempo de lectura\" \/>\n\t<meta name=\"twitter:data1\" content=\"1 minuto\" \/>\n<script type=\"application\/ld+json\" class=\"yoast-schema-graph\">{\"@context\":\"https:\/\/schema.org\",\"@graph\":[{\"@type\":\"WebPage\",\"@id\":\"https:\/\/www.texcene.com\/es\/informe-de-sostenibilidad\/\",\"url\":\"https:\/\/www.texcene.com\/es\/informe-de-sostenibilidad\/\",\"name\":\"Texcene - Dal 1981 qualit\u00e0 e rispetto dell'ambiente\",\"isPartOf\":{\"@id\":\"https:\/\/www.texcene.com\/es\/#website\"},\"primaryImageOfPage\":{\"@id\":\"https:\/\/www.texcene.com\/es\/informe-de-sostenibilidad\/#primaryimage\"},\"image\":{\"@id\":\"https:\/\/www.texcene.com\/es\/informe-de-sostenibilidad\/#primaryimage\"},\"thumbnailUrl\":\"https:\/\/www.texcene.com\/wp-content\/uploads\/2026\/02\/bilancio-hero.avif\",\"datePublished\":\"2025-09-19T13:03:08+00:00\",\"dateModified\":\"2026-03-02T15:31:15+00:00\",\"description\":\"Texcene fa affidamento su un'esperienza di oltre 40 anni per offrire lavorazioni di alta qualit\u00e0 in candeggi, tinture e finissaggi dei tessuti. L'alta qualit\u00e0 della nobilitazione di Texcene \u00e8 accompagnata dal pieno rispetto della salute sia delle persone che dell'ambiente.\",\"breadcrumb\":{\"@id\":\"https:\/\/www.texcene.com\/es\/informe-de-sostenibilidad\/#breadcrumb\"},\"inLanguage\":\"es\",\"potentialAction\":[{\"@type\":\"ReadAction\",\"target\":[\"https:\/\/www.texcene.com\/es\/informe-de-sostenibilidad\/\"]}]},{\"@type\":\"ImageObject\",\"inLanguage\":\"es\",\"@id\":\"https:\/\/www.texcene.com\/es\/informe-de-sostenibilidad\/#primaryimage\",\"url\":\"https:\/\/www.texcene.com\/wp-content\/uploads\/2026\/02\/bilancio-hero.avif\",\"contentUrl\":\"https:\/\/www.texcene.com\/wp-content\/uploads\/2026\/02\/bilancio-hero.avif\",\"width\":2160,\"height\":827},{\"@type\":\"BreadcrumbList\",\"@id\":\"https:\/\/www.texcene.com\/es\/informe-de-sostenibilidad\/#breadcrumb\",\"itemListElement\":[{\"@type\":\"ListItem\",\"position\":1,\"name\":\"Home\",\"item\":\"https:\/\/www.texcene.com\/es\/\"},{\"@type\":\"ListItem\",\"position\":2,\"name\":\"Informe de Sostenibilidad\"}]},{\"@type\":\"WebSite\",\"@id\":\"https:\/\/www.texcene.com\/es\/#website\",\"url\":\"https:\/\/www.texcene.com\/es\/\",\"name\":\"Texcene\",\"description\":\"\",\"potentialAction\":[{\"@type\":\"SearchAction\",\"target\":{\"@type\":\"EntryPoint\",\"urlTemplate\":\"https:\/\/www.texcene.com\/es\/?s={search_term_string}\"},\"query-input\":{\"@type\":\"PropertyValueSpecification\",\"valueRequired\":true,\"valueName\":\"search_term_string\"}}],\"inLanguage\":\"es\"}]}<\/script>\n<!-- \/ Yoast SEO plugin. -->","yoast_head_json":{"title":"Texcene - Dal 1981 qualit\u00e0 e rispetto dell'ambiente","description":"Texcene fa affidamento su un'esperienza di oltre 40 anni per offrire lavorazioni di alta qualit\u00e0 in candeggi, tinture e finissaggi dei tessuti. L'alta qualit\u00e0 della nobilitazione di Texcene \u00e8 accompagnata dal pieno rispetto della salute sia delle persone che dell'ambiente.","robots":{"index":"index","follow":"follow","max-snippet":"max-snippet:-1","max-image-preview":"max-image-preview:large","max-video-preview":"max-video-preview:-1"},"canonical":"https:\/\/www.texcene.com\/es\/informe-de-sostenibilidad\/","og_locale":"es_ES","og_type":"article","og_title":"Texcene - Dal 1981 qualit\u00e0 e rispetto dell'ambiente","og_description":"Texcene fa affidamento su un'esperienza di oltre 40 anni per offrire lavorazioni di alta qualit\u00e0 in candeggi, tinture e finissaggi dei tessuti. L'alta qualit\u00e0 della nobilitazione di Texcene \u00e8 accompagnata dal pieno rispetto della salute sia delle persone che dell'ambiente.","og_url":"https:\/\/www.texcene.com\/es\/informe-de-sostenibilidad\/","og_site_name":"Texcene","article_modified_time":"2026-03-02T15:31:15+00:00","og_image":[{"width":2160,"height":827,"url":"https:\/\/www.texcene.com\/wp-content\/uploads\/2026\/02\/bilancio-hero.avif","type":"image\/jpeg"}],"twitter_card":"summary_large_image","twitter_misc":{"Tiempo de lectura":"1 minuto"},"schema":{"@context":"https:\/\/schema.org","@graph":[{"@type":"WebPage","@id":"https:\/\/www.texcene.com\/es\/informe-de-sostenibilidad\/","url":"https:\/\/www.texcene.com\/es\/informe-de-sostenibilidad\/","name":"Texcene - Dal 1981 qualit\u00e0 e rispetto dell'ambiente","isPartOf":{"@id":"https:\/\/www.texcene.com\/es\/#website"},"primaryImageOfPage":{"@id":"https:\/\/www.texcene.com\/es\/informe-de-sostenibilidad\/#primaryimage"},"image":{"@id":"https:\/\/www.texcene.com\/es\/informe-de-sostenibilidad\/#primaryimage"},"thumbnailUrl":"https:\/\/www.texcene.com\/wp-content\/uploads\/2026\/02\/bilancio-hero.avif","datePublished":"2025-09-19T13:03:08+00:00","dateModified":"2026-03-02T15:31:15+00:00","description":"Texcene fa affidamento su un'esperienza di oltre 40 anni per offrire lavorazioni di alta qualit\u00e0 in candeggi, tinture e finissaggi dei tessuti. L'alta qualit\u00e0 della nobilitazione di Texcene \u00e8 accompagnata dal pieno rispetto della salute sia delle persone che dell'ambiente.","breadcrumb":{"@id":"https:\/\/www.texcene.com\/es\/informe-de-sostenibilidad\/#breadcrumb"},"inLanguage":"es","potentialAction":[{"@type":"ReadAction","target":["https:\/\/www.texcene.com\/es\/informe-de-sostenibilidad\/"]}]},{"@type":"ImageObject","inLanguage":"es","@id":"https:\/\/www.texcene.com\/es\/informe-de-sostenibilidad\/#primaryimage","url":"https:\/\/www.texcene.com\/wp-content\/uploads\/2026\/02\/bilancio-hero.avif","contentUrl":"https:\/\/www.texcene.com\/wp-content\/uploads\/2026\/02\/bilancio-hero.avif","width":2160,"height":827},{"@type":"BreadcrumbList","@id":"https:\/\/www.texcene.com\/es\/informe-de-sostenibilidad\/#breadcrumb","itemListElement":[{"@type":"ListItem","position":1,"name":"Home","item":"https:\/\/www.texcene.com\/es\/"},{"@type":"ListItem","position":2,"name":"Informe de Sostenibilidad"}]},{"@type":"WebSite","@id":"https:\/\/www.texcene.com\/es\/#website","url":"https:\/\/www.texcene.com\/es\/","name":"Texcene","description":"","potentialAction":[{"@type":"SearchAction","target":{"@type":"EntryPoint","urlTemplate":"https:\/\/www.texcene.com\/es\/?s={search_term_string}"},"query-input":{"@type":"PropertyValueSpecification","valueRequired":true,"valueName":"search_term_string"}}],"inLanguage":"es"}]}},"_links":{"self":[{"href":"https:\/\/www.texcene.com\/es\/wp-json\/wp\/v2\/pages\/2875","targetHints":{"allow":["GET"]}}],"collection":[{"href":"https:\/\/www.texcene.com\/es\/wp-json\/wp\/v2\/pages"}],"about":[{"href":"https:\/\/www.texcene.com\/es\/wp-json\/wp\/v2\/types\/page"}],"author":[{"embeddable":true,"href":"https:\/\/www.texcene.com\/es\/wp-json\/wp\/v2\/users\/1"}],"replies":[{"embeddable":true,"href":"https:\/\/www.texcene.com\/es\/wp-json\/wp\/v2\/comments?post=2875"}],"version-history":[{"count":1,"href":"https:\/\/www.texcene.com\/es\/wp-json\/wp\/v2\/pages\/2875\/revisions"}],"predecessor-version":[{"id":2881,"href":"https:\/\/www.texcene.com\/es\/wp-json\/wp\/v2\/pages\/2875\/revisions\/2881"}],"wp:featuredmedia":[{"embeddable":true,"href":"https:\/\/www.texcene.com\/es\/wp-json\/wp\/v2\/media\/2739"}],"wp:attachment":[{"href":"https:\/\/www.texcene.com\/es\/wp-json\/wp\/v2\/media?parent=2875"}],"curies":[{"name":"wp","href":"https:\/\/api.w.org\/{rel}","templated":true}]}}