{"id":2897,"date":"2025-09-19T10:58:59","date_gmt":"2025-09-19T08:58:59","guid":{"rendered":"https:\/\/texcene.bspkn.it\/detox\/"},"modified":"2026-03-11T14:53:46","modified_gmt":"2026-03-11T13:53:46","slug":"detox","status":"publish","type":"page","link":"https:\/\/www.texcene.com\/es\/detox\/","title":{"rendered":"Detox"},"content":{"rendered":"<header role=\"hero\" class=\"relative flex flex-col items-start bg-black justify-end text-white  \">\n    <img loading=\"lazy\" decoding=\"async\" width=\"2160\" height=\"827\" src=\"https:\/\/www.texcene.com\/wp-content\/uploads\/2026\/02\/detox-header.avif\" class=\"size-full top-0 left-0 z-0 object-cover absolute\" alt=\"\" srcset=\"https:\/\/www.texcene.com\/wp-content\/uploads\/2026\/02\/detox-header.avif 2160w, https:\/\/www.texcene.com\/wp-content\/uploads\/2026\/02\/detox-header-300x115.avif 300w, https:\/\/www.texcene.com\/wp-content\/uploads\/2026\/02\/detox-header-1024x392.avif 1024w, https:\/\/www.texcene.com\/wp-content\/uploads\/2026\/02\/detox-header-768x294.avif 768w, https:\/\/www.texcene.com\/wp-content\/uploads\/2026\/02\/detox-header-1536x588.avif 1536w, https:\/\/www.texcene.com\/wp-content\/uploads\/2026\/02\/detox-header-2048x784.avif 2048w\" sizes=\"auto, (max-width: 2160px) 100vw, 2160px\" \/>        \n    <div class=\"relative sides flex flex-col items-start w-full gap-5 md:gap-8 max-w-303 pt-20 pb-15 md:pt-37 md:pb-30\">\n        <h1 class=\"text-3xl md:text-5xl lg:text-7xl font-bold pt-25 md:pt-30 md:max-w-2\/3\">La campa\u00f1a Detox<\/h1>\n                <h2 class=\"font-inter text-lg md:text-2xl \">Sostengamos juntos<\/h2>\n            <\/div>\n    <\/header>\n\n  \n    <div class=\"py-11 flex sides max-w-360  gap-8 md:gap-16 lg:gap-25 lg:items-center flex-col lg:flex-row\">\n        <!-- Image Column -->\n                \n        <div class=\"w-full lg:w-3\/5\">\n                        <img loading=\"lazy\" decoding=\"async\" width=\"1095\" height=\"866\" src=\"https:\/\/www.texcene.com\/wp-content\/uploads\/2026\/02\/Liberi-da-sostanze-pericolose.avif\" class=\"w-full h-auto\" alt=\"\" srcset=\"https:\/\/www.texcene.com\/wp-content\/uploads\/2026\/02\/Liberi-da-sostanze-pericolose.avif 1095w, https:\/\/www.texcene.com\/wp-content\/uploads\/2026\/02\/Liberi-da-sostanze-pericolose-300x237.avif 300w, https:\/\/www.texcene.com\/wp-content\/uploads\/2026\/02\/Liberi-da-sostanze-pericolose-1024x810.avif 1024w, https:\/\/www.texcene.com\/wp-content\/uploads\/2026\/02\/Liberi-da-sostanze-pericolose-768x607.avif 768w\" sizes=\"auto, (max-width: 1095px) 100vw, 1095px\" \/>                    <\/div>\n                <!-- Text Column -->\n        <div class=\"w-full flex flex-col gap-5 lg:w-2\/5 px-0 lg:pl-16\">\n                            <h3 class=\"text-sm\">Respondemos a las necesidades de calidad y creatividad del mercado<\/h3>\n                                        <h2 class=\"text-3xl lg:mt-4 lg:text-5xl font-bold\">Libres de sustancias peligrosas<\/h2>\n                                    <div class=\"lg:mt-4 content md:text-lg\">\n                <p>Entre nuestras prioridades: <strong>eliminar las sustancias qu\u00edmicas peligrosas sin comprometer la calidad<\/strong>. Por ello, el 18 de julio de 2017 nos adherimos oficialmente a la <strong>campa\u00f1a Detox de Greenpeace<\/strong>, convirti\u00e9ndonos en <strong>DETOXLeader<\/strong> y asumiendo un compromiso p\u00fablico con clientes y consumidores.<br \/>\nMonitoreamos constantemente nuestros procesos mediante an\u00e1lisis qu\u00edmicos y controles rigurosos en las 11 categor\u00edas prioritarias previstas por nuestra M-RSL.<br \/>\nDesde el 15 de noviembre de 2018, adoptamos el <strong>DETOX Combined M-RSL<\/strong>.<\/p>\n            <\/div>\n                                <\/div>\n            <\/div>\n\n\n  \n    <div class=\"py-11 flex sides max-w-360  gap-8 md:gap-16 lg:gap-25 lg:items-center flex-col-reverse lg:flex-row-reverse\">\n        <!-- Image Column -->\n                \n        <div class=\"w-full lg:w-3\/5\">\n                        <div class=\"grid grid-rows-3 gap-5\">\n                                <div class=\"flex flex-col md:flex-row items-center gap-5 md:gap-10 p-8 relative text-white px-12\">\n                                            <img loading=\"lazy\" decoding=\"async\" width=\"1095\" height=\"236\" src=\"https:\/\/www.texcene.com\/wp-content\/uploads\/2025\/09\/21-gruppi-chimici.avif\" class=\"size-full absolute top-0 left-0 object-cover\" alt=\"\" srcset=\"https:\/\/www.texcene.com\/wp-content\/uploads\/2025\/09\/21-gruppi-chimici.avif 1095w, https:\/\/www.texcene.com\/wp-content\/uploads\/2025\/09\/21-gruppi-chimici-300x65.avif 300w, https:\/\/www.texcene.com\/wp-content\/uploads\/2025\/09\/21-gruppi-chimici-1024x221.avif 1024w, https:\/\/www.texcene.com\/wp-content\/uploads\/2025\/09\/21-gruppi-chimici-768x166.avif 768w\" sizes=\"auto, (max-width: 1095px) 100vw, 1095px\" \/>                                                            <header class=\"md:w-1\/3 relative\">\n                                                <h3 class=\"text-xl md:text-2xl font-bold leading-none\">\n                            21 grupos qu\u00edmicos                        <\/h3>\n                                            <\/header>\n                                        <div class=\"content [&#038;_li]:marker:text-white md:w-2\/3 font-bold text-sm relative\">\n                        <p>Una reclasificaci\u00f3n de los 12 grupos originales de sustancias qu\u00edmicas peligrosas en 21 grupos, basada en las convenciones utilizadas por ZDHC, AFIRM y las principales marcas de moda.<\/p>\n                    <\/div>\n                                    <\/div>  \n                                <div class=\"flex flex-col md:flex-row items-center gap-5 md:gap-10 p-8 relative text-white px-12\">\n                                            <img loading=\"lazy\" decoding=\"async\" width=\"1095\" height=\"236\" src=\"https:\/\/www.texcene.com\/wp-content\/uploads\/2025\/09\/Da-470-a-21.avif\" class=\"size-full absolute top-0 left-0 object-cover\" alt=\"\" srcset=\"https:\/\/www.texcene.com\/wp-content\/uploads\/2025\/09\/Da-470-a-21.avif 1095w, https:\/\/www.texcene.com\/wp-content\/uploads\/2025\/09\/Da-470-a-21-300x65.avif 300w, https:\/\/www.texcene.com\/wp-content\/uploads\/2025\/09\/Da-470-a-21-1024x221.avif 1024w, https:\/\/www.texcene.com\/wp-content\/uploads\/2025\/09\/Da-470-a-21-768x166.avif 768w\" sizes=\"auto, (max-width: 1095px) 100vw, 1095px\" \/>                                                            <header class=\"md:w-1\/3 relative\">\n                                                <h3 class=\"text-xl md:text-2xl font-bold leading-none\">\n                            De 470 a 21                        <\/h3>\n                                            <\/header>\n                                        <div class=\"content [&#038;_li]:marker:text-white md:w-2\/3 font-bold text-sm relative\">\n                        <p>Una reclasificaci\u00f3n de las 470 sustancias qu\u00edmicas peligrosas originales en los 21 grupos.<\/p>\n                    <\/div>\n                                    <\/div>  \n                                <div class=\"flex flex-col md:flex-row items-center gap-5 md:gap-10 p-8 relative text-white px-12\">\n                                            <img loading=\"lazy\" decoding=\"async\" width=\"1095\" height=\"236\" src=\"https:\/\/www.texcene.com\/wp-content\/uploads\/2025\/09\/Estensione-RSL.avif\" class=\"size-full absolute top-0 left-0 object-cover\" alt=\"\" srcset=\"https:\/\/www.texcene.com\/wp-content\/uploads\/2025\/09\/Estensione-RSL.avif 1095w, https:\/\/www.texcene.com\/wp-content\/uploads\/2025\/09\/Estensione-RSL-300x65.avif 300w, https:\/\/www.texcene.com\/wp-content\/uploads\/2025\/09\/Estensione-RSL-1024x221.avif 1024w, https:\/\/www.texcene.com\/wp-content\/uploads\/2025\/09\/Estensione-RSL-768x166.avif 768w\" sizes=\"auto, (max-width: 1095px) 100vw, 1095px\" \/>                                                            <header class=\"md:w-1\/3 relative\">\n                                                <h3 class=\"text-xl md:text-2xl font-bold leading-none\">\n                            Extensi\u00f3n de la RSL                        <\/h3>\n                                            <\/header>\n                                        <div class=\"content [&#038;_li]:marker:text-white md:w-2\/3 font-bold text-sm relative\">\n                        <p>91 nuevas sustancias peligrosas, introducidas por ZDHC para <a href=\"https:\/\/www.roadmaptozero.com\/fileadmin\/pdf\/MRSL_v1_1.pdf\" target=\"_blank\" rel=\"noopener\" data-fpl-component=\"primitive\">formulaciones<\/a> y <a href=\"https:\/\/www.roadmaptozero.com\/fileadmin\/pdf\/Files_2016\/ZDHC_Wastewater_Guidelines_Print.pdf\" target=\"_blank\" rel=\"noopener\" data-fpl-component=\"primitive\">aguas residuales<\/a>, y por <a href=\"https:\/\/www.afirm-group.com\/wp-content\/uploads\/2018\/05\/2018_AFIRM_RSL_EN.pdf\" target=\"_blank\" rel=\"noopener\" data-fpl-component=\"primitive\">AFIRM<\/a> para productos.<\/p>\n                    <\/div>\n                                    <\/div>  \n                   \n            <\/div>\n                    <\/div>\n                <!-- Text Column -->\n        <div class=\"w-full flex flex-col gap-5 lg:w-2\/5 px-0 lg:pl-16\">\n                            <h3 class=\"text-sm\">DETOX Combined M-RSL<\/h3>\n                                        <h2 class=\"text-3xl  lg:text-5xl font-bold\">\u00bfQu\u00e9 es?<\/h2>\n                                    <div class=\"lg:mt-4 content md:text-lg\">\n                <p>Desarrollada con el Polit\u00e9cnico de Mil\u00e1n, es una lista unificada de sustancias qu\u00edmicas peligrosas prohibidas o sujetas a restricciones en las formulaciones utilizadas durante la producci\u00f3n textil.<\/p>\n<p>El objetivo es <strong>garantizar una cadena de suministro m\u00e1s segura y sostenible<\/strong>, impidiendo el uso de sustancias da\u00f1inas desde las fases iniciales del proceso productivo, <strong>protegiendo el medio ambiente, a los trabajadores y al consumidor final<\/strong>.<\/p>\n            <\/div>\n                                <\/div>\n            <\/div>\n\n\n<div class=\"py-11 border-b border-b-salvia-light\">\n    <div class=\"sides max-w-360 grid grid-cols-1 md:grid-cols-2 lg:grid-cols-3 gap-7 md:gap-x-16\">\n        <h2 class=\"text-3xl md:text-4xl lg:text-5xl font-bold col-span-full text-center md:mb-9\">\n        Nuestros productos y procesos est\u00e1n libres de:    <\/h2>\n        <div class=\"bg-salvia leading-none px-5 py-3 text-center flex flex-col justify-center items-center text-white text-lg font-bold\">\n        Apeos    <\/div>\n        <div class=\"bg-salvia leading-none px-5 py-3 text-center flex flex-col justify-center items-center text-white text-lg font-bold\">\n        PFCs Perfluorocarbon\/ Polyfluorinated Compounds    <\/div>\n        <div class=\"bg-salvia leading-none px-5 py-3 text-center flex flex-col justify-center items-center text-white text-lg font-bold\">\n        Phthalates    <\/div>\n        <div class=\"bg-salvia leading-none px-5 py-3 text-center flex flex-col justify-center items-center text-white text-lg font-bold\">\n        Brominated and chlorinated flame retardants    <\/div>\n        <div class=\"bg-salvia leading-none px-5 py-3 text-center flex flex-col justify-center items-center text-white text-lg font-bold\">\n        Chlorobenzenes    <\/div>\n        <div class=\"bg-salvia leading-none px-5 py-3 text-center flex flex-col justify-center items-center text-white text-lg font-bold\">\n        Organotin compounds    <\/div>\n        <div class=\"bg-salvia leading-none px-5 py-3 text-center flex flex-col justify-center items-center text-white text-lg font-bold\">\n        Short chain chlorinated paraffins    <\/div>\n        <div class=\"bg-salvia leading-none px-5 py-3 text-center flex flex-col justify-center items-center text-white text-lg font-bold\">\n        Azo dyes    <\/div>\n        <div class=\"bg-salvia leading-none px-5 py-3 text-center flex flex-col justify-center items-center text-white text-lg font-bold\">\n        Chlorinated solvents    <\/div>\n        <div class=\"bg-salvia leading-none px-5 py-3 text-center flex flex-col justify-center items-center text-white text-lg font-bold\">\n        Chlorophenols    <\/div>\n        <\/div>\n<\/div>\n\n\n<div class=\"sides max-w-360 py-11 grid grid-cols-1 md:grid-cols-2 lg:grid-cols-4 gap-5 \">\n            <h2 class=\"text-3xl md:text-4xl lg:text-5xl font-bold text-center col-span-full md:mb-8\">\n            Nuestros informes:        <\/h2>\n            <div class=\"relative flex flex-col  bg-salvia p-8 lg:py-25  text-white w-full\">\n                <div class=\"relative z-10 flex flex-col gap-12 justify-between  min-h-full \">\n            <div class=\"flex flex-col gap-2 \">\n                <h3 class=\"text-2xl text-center  font-bold \">Nuestro compromiso Detox<\/h3>\n                            <\/div>\n                        <nav class=\"text-center\">\n                <a href=\"https:\/\/www.texcene.com\/wp-content\/uploads\/2025\/09\/TEXCENE_SPA_Detox_Commitment.pdf\" class=\"btn border-white before:bg-white md:hover:text-salvia\" target=\"_blank\">Descargar<\/a>\n            <\/nav>\n                    <\/div>\n    <\/div>\n        <div class=\"relative flex flex-col  bg-salvia p-8 lg:py-25  text-white w-full\">\n                <div class=\"relative z-10 flex flex-col gap-12 justify-between  min-h-full \">\n            <div class=\"flex flex-col gap-2 \">\n                <h3 class=\"text-2xl text-center  font-bold \">Nuestra M-RSL. Lista de<br \/>\r\nsustancias prohibidas<\/h3>\n                            <\/div>\n                        <nav class=\"text-center\">\n                <a href=\"https:\/\/www.texcene.com\/wp-content\/uploads\/2025\/09\/MRSL_DETOX_TEXCENE_Nov2018.pdf\" class=\"btn border-white before:bg-white md:hover:text-salvia\" target=\"_blank\">Descargar<\/a>\n            <\/nav>\n                    <\/div>\n    <\/div>\n        <div class=\"relative flex flex-col  bg-salvia p-8 lg:py-25  text-white w-full\">\n                <div class=\"relative z-10 flex flex-col gap-12 justify-between  min-h-full \">\n            <div class=\"flex flex-col gap-2 \">\n                <h3 class=\"text-2xl text-center  font-bold \">Informe de ensayo 23TA00361<\/h3>\n                            <\/div>\n                        <nav class=\"text-center\">\n                <a href=\"https:\/\/www.texcene.com\/wp-content\/uploads\/2025\/09\/23TA00361.pdf\" class=\"btn border-white before:bg-white md:hover:text-salvia\" target=\"_blank\">Descargar<\/a>\n            <\/nav>\n                    <\/div>\n    <\/div>\n        <div class=\"relative flex flex-col  bg-salvia p-8 lg:py-25  text-white w-full\">\n                <div class=\"relative z-10 flex flex-col gap-12 justify-between  min-h-full \">\n            <div class=\"flex flex-col gap-2 \">\n                <h3 class=\"text-2xl text-center  font-bold \">Informe de ensayo T16RA12538<\/h3>\n                            <\/div>\n                        <nav class=\"text-center\">\n                <a href=\"https:\/\/www.texcene.com\/wp-content\/uploads\/2025\/09\/16RA12537.pdf\" class=\"btn border-white before:bg-white md:hover:text-salvia\" target=\"_blank\">Descargar<\/a>\n            <\/nav>\n                    <\/div>\n    <\/div>\n                <nav class=\"text-center col-span-full\">\n            <a href=\"https:\/\/www.texcene.com\/es\/informes\/\" class=\"btn bg-salvia-light\">M\u00e1s informaci\u00f3n sobre los informes<\/a>\n        <\/nav>\n    <\/div>\n","protected":false},"excerpt":{"rendered":"","protected":false},"author":1,"featured_media":2690,"parent":0,"menu_order":0,"comment_status":"closed","ping_status":"closed","template":"","meta":{"_acf_changed":false,"footnotes":""},"class_list":["post-2897","page","type-page","status-publish","has-post-thumbnail","hentry"],"acf":[],"yoast_head":"<!-- This site is optimized with the Yoast SEO plugin v25.3.1 - https:\/\/yoast.com\/wordpress\/plugins\/seo\/ -->\n<title>Detox - Texcene<\/title>\n<meta name=\"description\" content=\"El ecosistema Texcene integra innovaci\u00f3n tecnol\u00f3gica, experiencia textil y sostenibilidad en el procesamiento textil.\" \/>\n<meta name=\"robots\" content=\"index, follow, max-snippet:-1, max-image-preview:large, max-video-preview:-1\" \/>\n<link rel=\"canonical\" href=\"https:\/\/www.texcene.com\/es\/detox\/\" \/>\n<meta property=\"og:locale\" content=\"es_ES\" \/>\n<meta property=\"og:type\" content=\"article\" \/>\n<meta property=\"og:title\" content=\"Detox - Texcene\" \/>\n<meta property=\"og:description\" content=\"El ecosistema Texcene integra innovaci\u00f3n tecnol\u00f3gica, experiencia textil y sostenibilidad en el procesamiento textil.\" \/>\n<meta property=\"og:url\" content=\"https:\/\/www.texcene.com\/es\/detox\/\" \/>\n<meta property=\"og:site_name\" content=\"Texcene\" \/>\n<meta property=\"article:modified_time\" content=\"2026-03-11T13:53:46+00:00\" \/>\n<meta property=\"og:image\" content=\"https:\/\/www.texcene.com\/wp-content\/uploads\/2026\/02\/detox-header.avif\" \/>\n\t<meta property=\"og:image:width\" content=\"2160\" \/>\n\t<meta property=\"og:image:height\" content=\"827\" \/>\n\t<meta property=\"og:image:type\" content=\"image\/jpeg\" \/>\n<meta name=\"twitter:card\" content=\"summary_large_image\" \/>\n<meta name=\"twitter:label1\" content=\"Tiempo de lectura\" \/>\n\t<meta name=\"twitter:data1\" content=\"1 minuto\" \/>\n<script type=\"application\/ld+json\" class=\"yoast-schema-graph\">{\"@context\":\"https:\/\/schema.org\",\"@graph\":[{\"@type\":\"WebPage\",\"@id\":\"https:\/\/www.texcene.com\/es\/detox\/\",\"url\":\"https:\/\/www.texcene.com\/es\/detox\/\",\"name\":\"Detox - Texcene\",\"isPartOf\":{\"@id\":\"https:\/\/www.texcene.com\/es\/#website\"},\"primaryImageOfPage\":{\"@id\":\"https:\/\/www.texcene.com\/es\/detox\/#primaryimage\"},\"image\":{\"@id\":\"https:\/\/www.texcene.com\/es\/detox\/#primaryimage\"},\"thumbnailUrl\":\"https:\/\/www.texcene.com\/wp-content\/uploads\/2026\/02\/detox-header.avif\",\"datePublished\":\"2025-09-19T08:58:59+00:00\",\"dateModified\":\"2026-03-11T13:53:46+00:00\",\"description\":\"El ecosistema Texcene integra innovaci\u00f3n tecnol\u00f3gica, experiencia textil y sostenibilidad en el procesamiento textil.\",\"breadcrumb\":{\"@id\":\"https:\/\/www.texcene.com\/es\/detox\/#breadcrumb\"},\"inLanguage\":\"es\",\"potentialAction\":[{\"@type\":\"ReadAction\",\"target\":[\"https:\/\/www.texcene.com\/es\/detox\/\"]}]},{\"@type\":\"ImageObject\",\"inLanguage\":\"es\",\"@id\":\"https:\/\/www.texcene.com\/es\/detox\/#primaryimage\",\"url\":\"https:\/\/www.texcene.com\/wp-content\/uploads\/2026\/02\/detox-header.avif\",\"contentUrl\":\"https:\/\/www.texcene.com\/wp-content\/uploads\/2026\/02\/detox-header.avif\",\"width\":2160,\"height\":827},{\"@type\":\"BreadcrumbList\",\"@id\":\"https:\/\/www.texcene.com\/es\/detox\/#breadcrumb\",\"itemListElement\":[{\"@type\":\"ListItem\",\"position\":1,\"name\":\"Home\",\"item\":\"https:\/\/www.texcene.com\/es\/\"},{\"@type\":\"ListItem\",\"position\":2,\"name\":\"Detox\"}]},{\"@type\":\"WebSite\",\"@id\":\"https:\/\/www.texcene.com\/es\/#website\",\"url\":\"https:\/\/www.texcene.com\/es\/\",\"name\":\"Texcene\",\"description\":\"\",\"potentialAction\":[{\"@type\":\"SearchAction\",\"target\":{\"@type\":\"EntryPoint\",\"urlTemplate\":\"https:\/\/www.texcene.com\/es\/?s={search_term_string}\"},\"query-input\":{\"@type\":\"PropertyValueSpecification\",\"valueRequired\":true,\"valueName\":\"search_term_string\"}}],\"inLanguage\":\"es\"}]}<\/script>\n<!-- \/ Yoast SEO plugin. -->","yoast_head_json":{"title":"Detox - Texcene","description":"El ecosistema Texcene integra innovaci\u00f3n tecnol\u00f3gica, experiencia textil y sostenibilidad en el procesamiento textil.","robots":{"index":"index","follow":"follow","max-snippet":"max-snippet:-1","max-image-preview":"max-image-preview:large","max-video-preview":"max-video-preview:-1"},"canonical":"https:\/\/www.texcene.com\/es\/detox\/","og_locale":"es_ES","og_type":"article","og_title":"Detox - Texcene","og_description":"El ecosistema Texcene integra innovaci\u00f3n tecnol\u00f3gica, experiencia textil y sostenibilidad en el procesamiento textil.","og_url":"https:\/\/www.texcene.com\/es\/detox\/","og_site_name":"Texcene","article_modified_time":"2026-03-11T13:53:46+00:00","og_image":[{"width":2160,"height":827,"url":"https:\/\/www.texcene.com\/wp-content\/uploads\/2026\/02\/detox-header.avif","type":"image\/jpeg"}],"twitter_card":"summary_large_image","twitter_misc":{"Tiempo de lectura":"1 minuto"},"schema":{"@context":"https:\/\/schema.org","@graph":[{"@type":"WebPage","@id":"https:\/\/www.texcene.com\/es\/detox\/","url":"https:\/\/www.texcene.com\/es\/detox\/","name":"Detox - Texcene","isPartOf":{"@id":"https:\/\/www.texcene.com\/es\/#website"},"primaryImageOfPage":{"@id":"https:\/\/www.texcene.com\/es\/detox\/#primaryimage"},"image":{"@id":"https:\/\/www.texcene.com\/es\/detox\/#primaryimage"},"thumbnailUrl":"https:\/\/www.texcene.com\/wp-content\/uploads\/2026\/02\/detox-header.avif","datePublished":"2025-09-19T08:58:59+00:00","dateModified":"2026-03-11T13:53:46+00:00","description":"El ecosistema Texcene integra innovaci\u00f3n tecnol\u00f3gica, experiencia textil y sostenibilidad en el procesamiento textil.","breadcrumb":{"@id":"https:\/\/www.texcene.com\/es\/detox\/#breadcrumb"},"inLanguage":"es","potentialAction":[{"@type":"ReadAction","target":["https:\/\/www.texcene.com\/es\/detox\/"]}]},{"@type":"ImageObject","inLanguage":"es","@id":"https:\/\/www.texcene.com\/es\/detox\/#primaryimage","url":"https:\/\/www.texcene.com\/wp-content\/uploads\/2026\/02\/detox-header.avif","contentUrl":"https:\/\/www.texcene.com\/wp-content\/uploads\/2026\/02\/detox-header.avif","width":2160,"height":827},{"@type":"BreadcrumbList","@id":"https:\/\/www.texcene.com\/es\/detox\/#breadcrumb","itemListElement":[{"@type":"ListItem","position":1,"name":"Home","item":"https:\/\/www.texcene.com\/es\/"},{"@type":"ListItem","position":2,"name":"Detox"}]},{"@type":"WebSite","@id":"https:\/\/www.texcene.com\/es\/#website","url":"https:\/\/www.texcene.com\/es\/","name":"Texcene","description":"","potentialAction":[{"@type":"SearchAction","target":{"@type":"EntryPoint","urlTemplate":"https:\/\/www.texcene.com\/es\/?s={search_term_string}"},"query-input":{"@type":"PropertyValueSpecification","valueRequired":true,"valueName":"search_term_string"}}],"inLanguage":"es"}]}},"_links":{"self":[{"href":"https:\/\/www.texcene.com\/es\/wp-json\/wp\/v2\/pages\/2897","targetHints":{"allow":["GET"]}}],"collection":[{"href":"https:\/\/www.texcene.com\/es\/wp-json\/wp\/v2\/pages"}],"about":[{"href":"https:\/\/www.texcene.com\/es\/wp-json\/wp\/v2\/types\/page"}],"author":[{"embeddable":true,"href":"https:\/\/www.texcene.com\/es\/wp-json\/wp\/v2\/users\/1"}],"replies":[{"embeddable":true,"href":"https:\/\/www.texcene.com\/es\/wp-json\/wp\/v2\/comments?post=2897"}],"version-history":[{"count":1,"href":"https:\/\/www.texcene.com\/es\/wp-json\/wp\/v2\/pages\/2897\/revisions"}],"predecessor-version":[{"id":2916,"href":"https:\/\/www.texcene.com\/es\/wp-json\/wp\/v2\/pages\/2897\/revisions\/2916"}],"wp:featuredmedia":[{"embeddable":true,"href":"https:\/\/www.texcene.com\/es\/wp-json\/wp\/v2\/media\/2690"}],"wp:attachment":[{"href":"https:\/\/www.texcene.com\/es\/wp-json\/wp\/v2\/media?parent=2897"}],"curies":[{"name":"wp","href":"https:\/\/api.w.org\/{rel}","templated":true}]}}