{"id":2903,"date":"2025-09-19T10:29:57","date_gmt":"2025-09-19T08:29:57","guid":{"rendered":"https:\/\/texcene.bspkn.it\/servizi\/"},"modified":"2026-03-11T14:55:36","modified_gmt":"2026-03-11T13:55:36","slug":"servicios","status":"publish","type":"page","link":"https:\/\/www.texcene.com\/es\/servicios\/","title":{"rendered":"Servicios"},"content":{"rendered":"<header role=\"hero\" class=\"relative flex flex-col items-start bg-black justify-end text-white  mb-8 lg:mb-11\">\n    <img loading=\"lazy\" decoding=\"async\" width=\"2160\" height=\"827\" src=\"https:\/\/www.texcene.com\/wp-content\/uploads\/2026\/02\/I-nostri-servizi.avif\" class=\"size-full top-0 left-0 z-0 object-cover absolute\" alt=\"\" srcset=\"https:\/\/www.texcene.com\/wp-content\/uploads\/2026\/02\/I-nostri-servizi.avif 2160w, https:\/\/www.texcene.com\/wp-content\/uploads\/2026\/02\/I-nostri-servizi-300x115.avif 300w, https:\/\/www.texcene.com\/wp-content\/uploads\/2026\/02\/I-nostri-servizi-1024x392.avif 1024w, https:\/\/www.texcene.com\/wp-content\/uploads\/2026\/02\/I-nostri-servizi-768x294.avif 768w, https:\/\/www.texcene.com\/wp-content\/uploads\/2026\/02\/I-nostri-servizi-1536x588.avif 1536w, https:\/\/www.texcene.com\/wp-content\/uploads\/2026\/02\/I-nostri-servizi-2048x784.avif 2048w\" sizes=\"auto, (max-width: 2160px) 100vw, 2160px\" \/>        \n    <div class=\"relative sides flex flex-col items-start w-full gap-5 md:gap-8 max-w-303 pt-20 pb-15 md:pt-37 md:pb-30\">\n        <h1 class=\"text-3xl md:text-5xl lg:text-7xl font-bold pt-25 md:pt-30 md:max-w-2\/3\">Nuestros servicios<\/h1>\n                <h2 class=\"font-inter text-lg md:text-2xl \">Cada cliente, una soluci\u00f3n \u00fanica<\/h2>\n            <\/div>\n    <\/header>\n\n<div class=\"mt-11 text-white relative\" >\n    <img loading=\"lazy\" decoding=\"async\" width=\"2560\" height=\"340\" src=\"https:\/\/www.texcene.com\/wp-content\/uploads\/2025\/09\/servizi-quote-1-scaled.avif\" class=\"size-full object-cover top-0 left-0 absolute z-0\" alt=\"\" srcset=\"https:\/\/www.texcene.com\/wp-content\/uploads\/2025\/09\/servizi-quote-1-scaled.avif 2560w, https:\/\/www.texcene.com\/wp-content\/uploads\/2025\/09\/servizi-quote-1-300x40.avif 300w, https:\/\/www.texcene.com\/wp-content\/uploads\/2025\/09\/servizi-quote-1-1024x136.avif 1024w, https:\/\/www.texcene.com\/wp-content\/uploads\/2025\/09\/servizi-quote-1-768x102.avif 768w, https:\/\/www.texcene.com\/wp-content\/uploads\/2025\/09\/servizi-quote-1-1536x204.avif 1536w, https:\/\/www.texcene.com\/wp-content\/uploads\/2025\/09\/servizi-quote-1-2048x272.avif 2048w\" sizes=\"auto, (max-width: 2560px) 100vw, 2560px\" \/>    <blockquote class=\"text-xl relative font-inter sides flex gap-3 py-8 max-w-360 md:text-2xl italic text-center\">\n        <svg width=\"34\" height=\"28\" class=\"flex-none\"><use href=\"#ldquo\"\/><\/svg><p>La calidad de la producci\u00f3n es tan importante como las necesidades del cliente que la ha solicitado; nos comprometemos a brindarle apoyo en todo lo posible.<\/p>\n<svg width=\"34\" height=\"28\" class=\"self-end flex-none\"><use href=\"#rdquo\"\/><\/svg>    <\/blockquote>\n<\/div>\n\n\n<div class=\"sides max-w-360 py-11 grid grid-cols-1 md:grid-cols-2 md:gap-11 gap-5 \">\n            <div class=\"relative flex flex-col   p-8 md:p-16 md:py-16 md:px-12 lg:py-32 lg:px-24  text-white w-full\">\n                    <img loading=\"lazy\" decoding=\"async\" width=\"980\" height=\"960\" src=\"https:\/\/www.texcene.com\/wp-content\/uploads\/2026\/02\/luxury-block.avif\" class=\"size-full absolute top-0 left-0 object-cover z-0\" alt=\"\" srcset=\"https:\/\/www.texcene.com\/wp-content\/uploads\/2026\/02\/luxury-block.avif 980w, https:\/\/www.texcene.com\/wp-content\/uploads\/2026\/02\/luxury-block-300x294.avif 300w, https:\/\/www.texcene.com\/wp-content\/uploads\/2026\/02\/luxury-block-768x752.avif 768w\" sizes=\"auto, (max-width: 980px) 100vw, 980px\" \/>                <div class=\"relative z-10 flex flex-col gap-12 justify-between md:gap-25 min-h-full \">\n            <div class=\"flex flex-col gap-2 lg:mt-25\">\n                <h3 class=\"text-2xl md:text-4xl lg:text-5xl font-bold \">Tejidos para<br \/>\r\npackaging de lujo<\/h3>\n                                <div class=\"text-base md:text-lg\">\n                    <p>Dise\u00f1ados para realzar productos de alta gama en los sectores de la moda y la marroquiner\u00eda, con acabados sofisticados y texturas refinadas.<\/p>\n                <\/div>\n                            <\/div>\n                        <nav class=\"text-center\">\n                <a href=\"https:\/\/www.texcene.com\/es\/packaging-textil-a-medida\/\" class=\"btn border-white \" target=\"_blank\">Descubre<\/a>\n            <\/nav>\n                    <\/div>\n    <\/div>\n        <div class=\"relative flex flex-col   p-8 md:p-16 md:py-16 md:px-12 lg:py-32 lg:px-24  text-white w-full\">\n                    <img loading=\"lazy\" decoding=\"async\" width=\"981\" height=\"960\" src=\"https:\/\/www.texcene.com\/wp-content\/uploads\/2026\/02\/productionblock.avif\" class=\"size-full absolute top-0 left-0 object-cover z-0\" alt=\"\" srcset=\"https:\/\/www.texcene.com\/wp-content\/uploads\/2026\/02\/productionblock.avif 981w, https:\/\/www.texcene.com\/wp-content\/uploads\/2026\/02\/productionblock-300x294.avif 300w, https:\/\/www.texcene.com\/wp-content\/uploads\/2026\/02\/productionblock-768x752.avif 768w\" sizes=\"auto, (max-width: 981px) 100vw, 981px\" \/>                <div class=\"relative z-10 flex flex-col gap-12 justify-between md:gap-25 min-h-full \">\n            <div class=\"flex flex-col gap-2 lg:mt-25\">\n                <h3 class=\"text-2xl md:text-4xl lg:text-5xl font-bold \">Producci\u00f3n textil por encargo para el hogar<\/h3>\n                                <div class=\"text-base md:text-lg\">\n                    <p>Al servicio de las mejores marcas de decoraci\u00f3n, garantizando altos est\u00e1ndares de calidad, flexibilidad productiva y atenci\u00f3n artesanal en cada detalle.<\/p>\n                <\/div>\n                            <\/div>\n                        <nav class=\"text-center\">\n                <a href=\"https:\/\/www.texcene.com\/es\/soluciones-textiles-a-medida-para-el-hogar\/\" class=\"btn border-white \" target=\"_blank\">Descubre<\/a>\n            <\/nav>\n                    <\/div>\n    <\/div>\n        <\/div>\n\n\n  \n    <div class=\"py-11 flex sides max-w-360  gap-8 md:gap-16 lg:gap-25 lg:items-center flex-col lg:flex-row\">\n        <!-- Image Column -->\n                \n        <div class=\"w-full lg:w-3\/5\">\n                        <img loading=\"lazy\" decoding=\"async\" width=\"1095\" height=\"866\" src=\"https:\/\/www.texcene.com\/wp-content\/uploads\/2026\/02\/magazzino-1.avif\" class=\"w-full h-auto\" alt=\"\" srcset=\"https:\/\/www.texcene.com\/wp-content\/uploads\/2026\/02\/magazzino-1.avif 1095w, https:\/\/www.texcene.com\/wp-content\/uploads\/2026\/02\/magazzino-1-300x237.avif 300w, https:\/\/www.texcene.com\/wp-content\/uploads\/2026\/02\/magazzino-1-1024x810.avif 1024w, https:\/\/www.texcene.com\/wp-content\/uploads\/2026\/02\/magazzino-1-768x607.avif 768w\" sizes=\"auto, (max-width: 1095px) 100vw, 1095px\" \/>                    <\/div>\n                <!-- Text Column -->\n        <div class=\"w-full flex flex-col gap-5 lg:w-2\/5 px-0 lg:pl-16\">\n                            <h3 class=\"text-sm\">Servicios<\/h3>\n                                        <h2 class=\"text-3xl lg:mt-4 lg:text-5xl font-bold\">Almac\u00e9n<\/h2>\n                                    <div class=\"lg:mt-4 content md:text-lg\">\n                <p>Ponemos a disposici\u00f3n de nuestros clientes un almac\u00e9n de <strong>10.000 m\u00b2<\/strong> para el almacenamiento de mercanc\u00edas textiles, con trazabilidad y cobertura de seguro.<br \/>\nDe este modo ofrecemos un servicio log\u00edstico integral que <strong>simplifica la gesti\u00f3n de la mercanc\u00eda desde la recepci\u00f3n hasta la devoluci\u00f3n tras el tratamiento<\/strong>.<\/p>\n            <\/div>\n                                <\/div>\n            <\/div>\n\n\n  \n    <div class=\"py-11 flex sides max-w-360  gap-8 md:gap-16 lg:gap-25 lg:items-center lg:flex-row-reverse flex-col\">\n        <!-- Image Column -->\n                \n        <div class=\"w-full lg:w-3\/5\">\n                        <img loading=\"lazy\" decoding=\"async\" width=\"1095\" height=\"866\" src=\"https:\/\/www.texcene.com\/wp-content\/uploads\/2026\/02\/Ordini-personalizzabili.avif\" class=\"w-full h-auto\" alt=\"\" srcset=\"https:\/\/www.texcene.com\/wp-content\/uploads\/2026\/02\/Ordini-personalizzabili.avif 1095w, https:\/\/www.texcene.com\/wp-content\/uploads\/2026\/02\/Ordini-personalizzabili-300x237.avif 300w, https:\/\/www.texcene.com\/wp-content\/uploads\/2026\/02\/Ordini-personalizzabili-1024x810.avif 1024w, https:\/\/www.texcene.com\/wp-content\/uploads\/2026\/02\/Ordini-personalizzabili-768x607.avif 768w\" sizes=\"auto, (max-width: 1095px) 100vw, 1095px\" \/>                    <\/div>\n                <!-- Text Column -->\n        <div class=\"w-full flex flex-col gap-5 lg:w-2\/5 px-0 lg:pl-16\">\n                            <h3 class=\"text-sm\">Servicios<\/h3>\n                                        <h2 class=\"text-3xl lg:mt-4 lg:text-5xl font-bold\">Pedidos personalizables<\/h2>\n                                    <div class=\"lg:mt-4 content md:text-lg\">\n                <p>Con m\u00e1s de 40 a\u00f1os de experiencia, hemos gestionado procesos sobre tejidos e hilos de todo tipo, adoptando un <strong>enfoque a medida para responder a las necesidades espec\u00edficas de cada cliente<\/strong>.<\/p>\n<p><strong>Personalizamos cantidades, plazos y modalidades de tratamiento y recogida<\/strong>, gracias a una planta que integra todas las fases de ennoblecimiento, acabado y blanqueo en un \u00fanico centro productivo.<\/p>\n            <\/div>\n                                <\/div>\n            <\/div>\n","protected":false},"excerpt":{"rendered":"","protected":false},"author":1,"featured_media":2702,"parent":0,"menu_order":0,"comment_status":"closed","ping_status":"closed","template":"","meta":{"_acf_changed":false,"footnotes":""},"class_list":["post-2903","page","type-page","status-publish","has-post-thumbnail","hentry"],"acf":[],"yoast_head":"<!-- This site is optimized with the Yoast SEO plugin v25.3.1 - https:\/\/yoast.com\/wordpress\/plugins\/seo\/ -->\n<title>Servicios - Texcene<\/title>\n<meta name=\"description\" content=\"Descubre los servicios de Texcene para tintura, acabado, ennoblecimiento textil y control de calidad con enfoque sostenible.\" \/>\n<meta name=\"robots\" content=\"index, follow, max-snippet:-1, max-image-preview:large, max-video-preview:-1\" \/>\n<link rel=\"canonical\" href=\"https:\/\/www.texcene.com\/es\/servicios\/\" \/>\n<meta property=\"og:locale\" content=\"es_ES\" \/>\n<meta property=\"og:type\" content=\"article\" \/>\n<meta property=\"og:title\" content=\"Servicios - Texcene\" \/>\n<meta property=\"og:description\" content=\"Descubre los servicios de Texcene para tintura, acabado, ennoblecimiento textil y control de calidad con enfoque sostenible.\" \/>\n<meta property=\"og:url\" content=\"https:\/\/www.texcene.com\/es\/servicios\/\" \/>\n<meta property=\"og:site_name\" content=\"Texcene\" \/>\n<meta property=\"article:modified_time\" content=\"2026-03-11T13:55:36+00:00\" \/>\n<meta property=\"og:image\" content=\"https:\/\/www.texcene.com\/wp-content\/uploads\/2026\/02\/I-nostri-servizi.avif\" \/>\n\t<meta property=\"og:image:width\" content=\"2160\" \/>\n\t<meta property=\"og:image:height\" content=\"827\" \/>\n\t<meta property=\"og:image:type\" content=\"image\/jpeg\" \/>\n<meta name=\"twitter:card\" content=\"summary_large_image\" \/>\n<meta name=\"twitter:label1\" content=\"Tiempo de lectura\" \/>\n\t<meta name=\"twitter:data1\" content=\"1 minuto\" \/>\n<script type=\"application\/ld+json\" class=\"yoast-schema-graph\">{\"@context\":\"https:\/\/schema.org\",\"@graph\":[{\"@type\":\"WebPage\",\"@id\":\"https:\/\/www.texcene.com\/es\/servicios\/\",\"url\":\"https:\/\/www.texcene.com\/es\/servicios\/\",\"name\":\"Servicios - Texcene\",\"isPartOf\":{\"@id\":\"https:\/\/www.texcene.com\/es\/#website\"},\"primaryImageOfPage\":{\"@id\":\"https:\/\/www.texcene.com\/es\/servicios\/#primaryimage\"},\"image\":{\"@id\":\"https:\/\/www.texcene.com\/es\/servicios\/#primaryimage\"},\"thumbnailUrl\":\"https:\/\/www.texcene.com\/wp-content\/uploads\/2026\/02\/I-nostri-servizi.avif\",\"datePublished\":\"2025-09-19T08:29:57+00:00\",\"dateModified\":\"2026-03-11T13:55:36+00:00\",\"description\":\"Descubre los servicios de Texcene para tintura, acabado, ennoblecimiento textil y control de calidad con enfoque sostenible.\",\"breadcrumb\":{\"@id\":\"https:\/\/www.texcene.com\/es\/servicios\/#breadcrumb\"},\"inLanguage\":\"es\",\"potentialAction\":[{\"@type\":\"ReadAction\",\"target\":[\"https:\/\/www.texcene.com\/es\/servicios\/\"]}]},{\"@type\":\"ImageObject\",\"inLanguage\":\"es\",\"@id\":\"https:\/\/www.texcene.com\/es\/servicios\/#primaryimage\",\"url\":\"https:\/\/www.texcene.com\/wp-content\/uploads\/2026\/02\/I-nostri-servizi.avif\",\"contentUrl\":\"https:\/\/www.texcene.com\/wp-content\/uploads\/2026\/02\/I-nostri-servizi.avif\",\"width\":2160,\"height\":827},{\"@type\":\"BreadcrumbList\",\"@id\":\"https:\/\/www.texcene.com\/es\/servicios\/#breadcrumb\",\"itemListElement\":[{\"@type\":\"ListItem\",\"position\":1,\"name\":\"Home\",\"item\":\"https:\/\/www.texcene.com\/es\/\"},{\"@type\":\"ListItem\",\"position\":2,\"name\":\"Servicios\"}]},{\"@type\":\"WebSite\",\"@id\":\"https:\/\/www.texcene.com\/es\/#website\",\"url\":\"https:\/\/www.texcene.com\/es\/\",\"name\":\"Texcene\",\"description\":\"\",\"potentialAction\":[{\"@type\":\"SearchAction\",\"target\":{\"@type\":\"EntryPoint\",\"urlTemplate\":\"https:\/\/www.texcene.com\/es\/?s={search_term_string}\"},\"query-input\":{\"@type\":\"PropertyValueSpecification\",\"valueRequired\":true,\"valueName\":\"search_term_string\"}}],\"inLanguage\":\"es\"}]}<\/script>\n<!-- \/ Yoast SEO plugin. -->","yoast_head_json":{"title":"Servicios - Texcene","description":"Descubre los servicios de Texcene para tintura, acabado, ennoblecimiento textil y control de calidad con enfoque sostenible.","robots":{"index":"index","follow":"follow","max-snippet":"max-snippet:-1","max-image-preview":"max-image-preview:large","max-video-preview":"max-video-preview:-1"},"canonical":"https:\/\/www.texcene.com\/es\/servicios\/","og_locale":"es_ES","og_type":"article","og_title":"Servicios - Texcene","og_description":"Descubre los servicios de Texcene para tintura, acabado, ennoblecimiento textil y control de calidad con enfoque sostenible.","og_url":"https:\/\/www.texcene.com\/es\/servicios\/","og_site_name":"Texcene","article_modified_time":"2026-03-11T13:55:36+00:00","og_image":[{"width":2160,"height":827,"url":"https:\/\/www.texcene.com\/wp-content\/uploads\/2026\/02\/I-nostri-servizi.avif","type":"image\/jpeg"}],"twitter_card":"summary_large_image","twitter_misc":{"Tiempo de lectura":"1 minuto"},"schema":{"@context":"https:\/\/schema.org","@graph":[{"@type":"WebPage","@id":"https:\/\/www.texcene.com\/es\/servicios\/","url":"https:\/\/www.texcene.com\/es\/servicios\/","name":"Servicios - Texcene","isPartOf":{"@id":"https:\/\/www.texcene.com\/es\/#website"},"primaryImageOfPage":{"@id":"https:\/\/www.texcene.com\/es\/servicios\/#primaryimage"},"image":{"@id":"https:\/\/www.texcene.com\/es\/servicios\/#primaryimage"},"thumbnailUrl":"https:\/\/www.texcene.com\/wp-content\/uploads\/2026\/02\/I-nostri-servizi.avif","datePublished":"2025-09-19T08:29:57+00:00","dateModified":"2026-03-11T13:55:36+00:00","description":"Descubre los servicios de Texcene para tintura, acabado, ennoblecimiento textil y control de calidad con enfoque sostenible.","breadcrumb":{"@id":"https:\/\/www.texcene.com\/es\/servicios\/#breadcrumb"},"inLanguage":"es","potentialAction":[{"@type":"ReadAction","target":["https:\/\/www.texcene.com\/es\/servicios\/"]}]},{"@type":"ImageObject","inLanguage":"es","@id":"https:\/\/www.texcene.com\/es\/servicios\/#primaryimage","url":"https:\/\/www.texcene.com\/wp-content\/uploads\/2026\/02\/I-nostri-servizi.avif","contentUrl":"https:\/\/www.texcene.com\/wp-content\/uploads\/2026\/02\/I-nostri-servizi.avif","width":2160,"height":827},{"@type":"BreadcrumbList","@id":"https:\/\/www.texcene.com\/es\/servicios\/#breadcrumb","itemListElement":[{"@type":"ListItem","position":1,"name":"Home","item":"https:\/\/www.texcene.com\/es\/"},{"@type":"ListItem","position":2,"name":"Servicios"}]},{"@type":"WebSite","@id":"https:\/\/www.texcene.com\/es\/#website","url":"https:\/\/www.texcene.com\/es\/","name":"Texcene","description":"","potentialAction":[{"@type":"SearchAction","target":{"@type":"EntryPoint","urlTemplate":"https:\/\/www.texcene.com\/es\/?s={search_term_string}"},"query-input":{"@type":"PropertyValueSpecification","valueRequired":true,"valueName":"search_term_string"}}],"inLanguage":"es"}]}},"_links":{"self":[{"href":"https:\/\/www.texcene.com\/es\/wp-json\/wp\/v2\/pages\/2903","targetHints":{"allow":["GET"]}}],"collection":[{"href":"https:\/\/www.texcene.com\/es\/wp-json\/wp\/v2\/pages"}],"about":[{"href":"https:\/\/www.texcene.com\/es\/wp-json\/wp\/v2\/types\/page"}],"author":[{"embeddable":true,"href":"https:\/\/www.texcene.com\/es\/wp-json\/wp\/v2\/users\/1"}],"replies":[{"embeddable":true,"href":"https:\/\/www.texcene.com\/es\/wp-json\/wp\/v2\/comments?post=2903"}],"version-history":[{"count":2,"href":"https:\/\/www.texcene.com\/es\/wp-json\/wp\/v2\/pages\/2903\/revisions"}],"predecessor-version":[{"id":2923,"href":"https:\/\/www.texcene.com\/es\/wp-json\/wp\/v2\/pages\/2903\/revisions\/2923"}],"wp:featuredmedia":[{"embeddable":true,"href":"https:\/\/www.texcene.com\/es\/wp-json\/wp\/v2\/media\/2702"}],"wp:attachment":[{"href":"https:\/\/www.texcene.com\/es\/wp-json\/wp\/v2\/media?parent=2903"}],"curies":[{"name":"wp","href":"https:\/\/api.w.org\/{rel}","templated":true}]}}