{"id":2933,"date":"2025-09-19T10:08:30","date_gmt":"2025-09-19T08:08:30","guid":{"rendered":"https:\/\/texcene.bspkn.it\/ecosistema-texcene\/"},"modified":"2026-03-11T14:54:13","modified_gmt":"2026-03-11T13:54:13","slug":"ecosistema-texcene","status":"publish","type":"page","link":"https:\/\/www.texcene.com\/es\/ecosistema-texcene\/","title":{"rendered":"Ecosistema Texcene"},"content":{"rendered":"<header role=\"hero\" class=\"relative flex flex-col items-start bg-black justify-end text-white  mb-8 lg:mb-11\">\n    <img loading=\"lazy\" decoding=\"async\" width=\"2160\" height=\"827\" src=\"https:\/\/www.texcene.com\/wp-content\/uploads\/2025\/09\/ecosistema.avif\" class=\"size-full top-0 left-0 z-0 object-cover absolute\" alt=\"\" srcset=\"https:\/\/www.texcene.com\/wp-content\/uploads\/2025\/09\/ecosistema.avif 2160w, https:\/\/www.texcene.com\/wp-content\/uploads\/2025\/09\/ecosistema-300x115.avif 300w, https:\/\/www.texcene.com\/wp-content\/uploads\/2025\/09\/ecosistema-1024x392.avif 1024w, https:\/\/www.texcene.com\/wp-content\/uploads\/2025\/09\/ecosistema-768x294.avif 768w, https:\/\/www.texcene.com\/wp-content\/uploads\/2025\/09\/ecosistema-1536x588.avif 1536w, https:\/\/www.texcene.com\/wp-content\/uploads\/2025\/09\/ecosistema-2048x784.avif 2048w\" sizes=\"auto, (max-width: 2160px) 100vw, 2160px\" \/>        \n    <div class=\"relative sides flex flex-col items-start w-full gap-5 md:gap-8 max-w-303 pt-20 pb-15 md:pt-37 md:pb-30\">\n        <h1 class=\"text-3xl md:text-5xl lg:text-7xl font-bold pt-25 md:pt-30 md:max-w-2\/3\">Ecosistema Texcene<\/h1>\n                <h2 class=\"font-inter text-lg md:text-2xl \">Ra\u00edces locales, impacto global<\/h2>\n            <\/div>\n    <\/header>\n\n<div class=\"relative py-11 overflow-hidden md:py-20 text-white\">\n    <img loading=\"lazy\" decoding=\"async\" width=\"2160\" height=\"801\" src=\"https:\/\/www.texcene.com\/wp-content\/uploads\/2025\/09\/la-nostra-scelta-cover-1.avif\" class=\"w-full inset-0 h-full object-cover top-0 left-0 absolute z-0\" alt=\"\" srcset=\"https:\/\/www.texcene.com\/wp-content\/uploads\/2025\/09\/la-nostra-scelta-cover-1.avif 2160w, https:\/\/www.texcene.com\/wp-content\/uploads\/2025\/09\/la-nostra-scelta-cover-1-300x111.avif 300w, https:\/\/www.texcene.com\/wp-content\/uploads\/2025\/09\/la-nostra-scelta-cover-1-1024x380.avif 1024w, https:\/\/www.texcene.com\/wp-content\/uploads\/2025\/09\/la-nostra-scelta-cover-1-768x285.avif 768w, https:\/\/www.texcene.com\/wp-content\/uploads\/2025\/09\/la-nostra-scelta-cover-1-1536x570.avif 1536w, https:\/\/www.texcene.com\/wp-content\/uploads\/2025\/09\/la-nostra-scelta-cover-1-2048x759.avif 2048w\" sizes=\"auto, (max-width: 2160px) 100vw, 2160px\" \/>    <div class=\"sides relative z-10 grid grid-cols-1 gap-8 md:gap-12 lg:gap-x-20 items-center lg:grid-cols-7 max-w-360 py-11\">\n                <div class=\"md:pl-12 lg:pl-16 flex flex-col gap-5 lg:col-span-3\">\n                        <h2 class=\"text-2xl md:text-3xl  lg:text-5xl  font-bold\">\n            Nuestra elecci\u00f3n        <\/h2>\n                        <div class=\"text-base md:text-lg \">\n            <p>Producir localmente no es solo una decisi\u00f3n log\u00edstica: <strong>es una elecci\u00f3n de valor<\/strong>.<\/p>\n<p>Hemos construido una cadena de suministro corta totalmente arraigada en el <strong>territorio de B\u00e9rgamo<\/strong>, colaborando con una red seleccionada de proveedores, laboratorios y artesanos que comparten nuestra <strong>visi\u00f3n de calidad y sostenibilidad<\/strong>.<\/p>\n        <\/div>\n                        <\/div>\n                    <\/div>\n<\/div>\n\n\n<div class=\"relative py-11 overflow-hidden md:py-20 text-white\">\n    <img loading=\"lazy\" decoding=\"async\" width=\"2160\" height=\"768\" src=\"https:\/\/www.texcene.com\/wp-content\/uploads\/2025\/09\/Piu-controllo-meno-impatto-relazioni-autentiche.avif\" class=\"w-full inset-0 h-full object-cover top-0 left-0 absolute z-0\" alt=\"\" srcset=\"https:\/\/www.texcene.com\/wp-content\/uploads\/2025\/09\/Piu-controllo-meno-impatto-relazioni-autentiche.avif 2160w, https:\/\/www.texcene.com\/wp-content\/uploads\/2025\/09\/Piu-controllo-meno-impatto-relazioni-autentiche-300x107.avif 300w, https:\/\/www.texcene.com\/wp-content\/uploads\/2025\/09\/Piu-controllo-meno-impatto-relazioni-autentiche-1024x364.avif 1024w, https:\/\/www.texcene.com\/wp-content\/uploads\/2025\/09\/Piu-controllo-meno-impatto-relazioni-autentiche-768x273.avif 768w, https:\/\/www.texcene.com\/wp-content\/uploads\/2025\/09\/Piu-controllo-meno-impatto-relazioni-autentiche-1536x546.avif 1536w, https:\/\/www.texcene.com\/wp-content\/uploads\/2025\/09\/Piu-controllo-meno-impatto-relazioni-autentiche-2048x728.avif 2048w\" sizes=\"auto, (max-width: 2160px) 100vw, 2160px\" \/>    <div class=\"sides relative z-10 grid grid-cols-1 gap-8 md:gap-12 lg:gap-x-20 items-center lg:grid-cols-7 max-w-360 py-11\">\n                <div class=\"md:pl-12 lg:pl-16 flex flex-col gap-5 lg:col-span-3\">\n                <span class=\"text-sm font-bold\">\n            La cadena de suministro corta nos permite        <\/span>\n                        <h2 class=\"text-2xl md:text-3xl    font-bold\">\n            M\u00e1s control, menor impacto, relaciones aut\u00e9nticas        <\/h2>\n                                <\/div>\n                        <div class=\"text-center grid lg:col-span-4 grid-cols-2 md:grid-cols-3 justify-center gap-7\">\n                        <div class=\"flex flex-col relative items-center gap-5  border border-white justify-between p-3  \">\n                <div class=\"w-full text-center flex flex-col gap-4\"> \n                                <h4 class=\"text-xl md:text-2xl font-bold lg:text-3xl\">\n                    Reducir <br \/>\r\ndistancias y plazos                <\/h4>\n                                                <div class=\"md:text-lg\">\n                    <p>entre las fases productivas: menos transporte, menos emisiones<\/p>\n                <\/div>\n                                <\/div>\n                                            <\/div>\n                        <div class=\"flex flex-col relative items-center gap-5  border border-white justify-between p-3  \">\n                <div class=\"w-full text-center flex flex-col gap-4\"> \n                                <h4 class=\"text-xl md:text-2xl font-bold lg:text-3xl\">\n                    Garantizar <br \/>\r\nla trazabilidad                <\/h4>\n                                                <div class=\"md:text-lg\">\n                    <p>de cada proceso<\/p>\n                <\/div>\n                                <\/div>\n                                            <\/div>\n                        <div class=\"flex flex-col relative items-center gap-5  border border-white justify-between p-3  \">\n                <div class=\"w-full text-center flex flex-col gap-4\"> \n                                <h4 class=\"text-xl md:text-2xl font-bold lg:text-3xl\">\n                    Asegurar la calidad poniendo en valor el territorio                <\/h4>\n                                                <div class=\"md:text-lg\">\n                    <p>para ofrecer tejidos fiables, trazables y vinculados a su origen<\/p>\n                <\/div>\n                                <\/div>\n                                            <\/div>\n                    <\/div>\n            <\/div>\n<\/div>\n\n\n  \n    <div class=\"py-11 flex sides max-w-360  gap-8 md:gap-16 lg:gap-25 lg:items-center flex-col-reverse lg:flex-row-reverse\">\n        <!-- Image Column -->\n                \n        <div class=\"w-full lg:w-3\/5\">\n                        <div class=\"grid grid-rows-4 gap-2\">\n                                <div class=\"flex flex-col md:flex-row items-center gap-5 md:gap-10 p-8 relative text-white px-12\">\n                                            <img loading=\"lazy\" decoding=\"async\" width=\"1095\" height=\"192\" src=\"https:\/\/www.texcene.com\/wp-content\/uploads\/2025\/09\/Riduzione-delle-emissioni-legate-alla-logistica.avif\" class=\"size-full absolute top-0 left-0 object-cover\" alt=\"\" srcset=\"https:\/\/www.texcene.com\/wp-content\/uploads\/2025\/09\/Riduzione-delle-emissioni-legate-alla-logistica.avif 1095w, https:\/\/www.texcene.com\/wp-content\/uploads\/2025\/09\/Riduzione-delle-emissioni-legate-alla-logistica-300x53.avif 300w, https:\/\/www.texcene.com\/wp-content\/uploads\/2025\/09\/Riduzione-delle-emissioni-legate-alla-logistica-1024x180.avif 1024w, https:\/\/www.texcene.com\/wp-content\/uploads\/2025\/09\/Riduzione-delle-emissioni-legate-alla-logistica-768x135.avif 768w\" sizes=\"auto, (max-width: 1095px) 100vw, 1095px\" \/>                                                            <header class=\"w-full relative\">\n                                                <h3 class=\"text-xl md:text-2xl font-bold leading-none\">\n                            Reducci\u00f3n de las emisiones <br \/>\r\nrelacionadas con la log\u00edstica                        <\/h3>\n                                            <\/header>\n                                    <\/div>  \n                                <div class=\"flex flex-col md:flex-row items-center gap-5 md:gap-10 p-8 relative text-white px-12\">\n                                            <img loading=\"lazy\" decoding=\"async\" width=\"1095\" height=\"193\" src=\"https:\/\/www.texcene.com\/wp-content\/uploads\/2025\/09\/Sostegno-alleconomia-locale-e-allartigianato-specializzato.avif\" class=\"size-full absolute top-0 left-0 object-cover\" alt=\"\" srcset=\"https:\/\/www.texcene.com\/wp-content\/uploads\/2025\/09\/Sostegno-alleconomia-locale-e-allartigianato-specializzato.avif 1095w, https:\/\/www.texcene.com\/wp-content\/uploads\/2025\/09\/Sostegno-alleconomia-locale-e-allartigianato-specializzato-300x53.avif 300w, https:\/\/www.texcene.com\/wp-content\/uploads\/2025\/09\/Sostegno-alleconomia-locale-e-allartigianato-specializzato-1024x180.avif 1024w, https:\/\/www.texcene.com\/wp-content\/uploads\/2025\/09\/Sostegno-alleconomia-locale-e-allartigianato-specializzato-768x135.avif 768w\" sizes=\"auto, (max-width: 1095px) 100vw, 1095px\" \/>                                                            <header class=\"w-full relative\">\n                                                <h3 class=\"text-xl md:text-2xl font-bold leading-none\">\n                            Apoyo a la econom\u00eda local <br \/>\r\ny a la artesan\u00eda especializada                        <\/h3>\n                                            <\/header>\n                                    <\/div>  \n                                <div class=\"flex flex-col md:flex-row items-center gap-5 md:gap-10 p-8 relative text-white px-12\">\n                                            <img loading=\"lazy\" decoding=\"async\" width=\"1095\" height=\"192\" src=\"https:\/\/www.texcene.com\/wp-content\/uploads\/2025\/09\/Maggiore-coerenza-con-i-principi-delleconomia-circolare.avif\" class=\"size-full absolute top-0 left-0 object-cover\" alt=\"\" srcset=\"https:\/\/www.texcene.com\/wp-content\/uploads\/2025\/09\/Maggiore-coerenza-con-i-principi-delleconomia-circolare.avif 1095w, https:\/\/www.texcene.com\/wp-content\/uploads\/2025\/09\/Maggiore-coerenza-con-i-principi-delleconomia-circolare-300x53.avif 300w, https:\/\/www.texcene.com\/wp-content\/uploads\/2025\/09\/Maggiore-coerenza-con-i-principi-delleconomia-circolare-1024x180.avif 1024w, https:\/\/www.texcene.com\/wp-content\/uploads\/2025\/09\/Maggiore-coerenza-con-i-principi-delleconomia-circolare-768x135.avif 768w\" sizes=\"auto, (max-width: 1095px) 100vw, 1095px\" \/>                                                            <header class=\"w-full relative\">\n                                                <h3 class=\"text-xl md:text-2xl font-bold leading-none\">\n                            Mayor coherencia con los <br \/>\r\nprincipios de la econom\u00eda circular                        <\/h3>\n                                            <\/header>\n                                    <\/div>  \n                                <div class=\"flex flex-col md:flex-row items-center gap-5 md:gap-10 p-8 relative text-white px-12\">\n                                            <img loading=\"lazy\" decoding=\"async\" width=\"1095\" height=\"192\" src=\"https:\/\/www.texcene.com\/wp-content\/uploads\/2025\/09\/Tracciabilita-trasparente-e-certificabile-del-prodotto-finito.avif\" class=\"size-full absolute top-0 left-0 object-cover\" alt=\"\" srcset=\"https:\/\/www.texcene.com\/wp-content\/uploads\/2025\/09\/Tracciabilita-trasparente-e-certificabile-del-prodotto-finito.avif 1095w, https:\/\/www.texcene.com\/wp-content\/uploads\/2025\/09\/Tracciabilita-trasparente-e-certificabile-del-prodotto-finito-300x53.avif 300w, https:\/\/www.texcene.com\/wp-content\/uploads\/2025\/09\/Tracciabilita-trasparente-e-certificabile-del-prodotto-finito-1024x180.avif 1024w, https:\/\/www.texcene.com\/wp-content\/uploads\/2025\/09\/Tracciabilita-trasparente-e-certificabile-del-prodotto-finito-768x135.avif 768w\" sizes=\"auto, (max-width: 1095px) 100vw, 1095px\" \/>                                                            <header class=\"w-full relative\">\n                                                <h3 class=\"text-xl md:text-2xl font-bold leading-none\">\n                            Trazabilidad transparente y <br \/>\r\ncertificable del producto final                        <\/h3>\n                                            <\/header>\n                                    <\/div>  \n                   \n            <\/div>\n                    <\/div>\n                <!-- Text Column -->\n        <div class=\"w-full flex flex-col gap-5 lg:w-2\/5 px-0 lg:pl-16\">\n                            <h3 class=\"text-sm\">Una red de socios locales<\/h3>\n                                        <h2 class=\"text-3xl  lg:text-5xl font-bold\">\u00bfCu\u00e1les son los beneficios?<\/h2>\n                                    <div class=\"lg:mt-4 content md:text-lg\">\n                <p>Cada proveedor es seleccionado no solo por su competencia, sino por compartir valores: calidad, transparencia y atenci\u00f3n al medio ambiente y a las personas.<\/p>\n            <\/div>\n                                <\/div>\n            <\/div>\n","protected":false},"excerpt":{"rendered":"","protected":false},"author":1,"featured_media":1955,"parent":0,"menu_order":0,"comment_status":"closed","ping_status":"closed","template":"","meta":{"_acf_changed":false,"footnotes":""},"class_list":["post-2933","page","type-page","status-publish","has-post-thumbnail","hentry"],"acf":[],"yoast_head":"<!-- This site is optimized with the Yoast SEO plugin v25.3.1 - https:\/\/yoast.com\/wordpress\/plugins\/seo\/ -->\n<title>Ecosistema Texcene - Texcene<\/title>\n<meta name=\"description\" content=\"Energ\u00eda verde para apoyar una producci\u00f3n textil m\u00e1s sostenible, eficiente y responsable, con una menor huella ambiental.\" \/>\n<meta name=\"robots\" content=\"index, follow, max-snippet:-1, max-image-preview:large, max-video-preview:-1\" \/>\n<link rel=\"canonical\" href=\"https:\/\/www.texcene.com\/es\/ecosistema-texcene\/\" \/>\n<meta property=\"og:locale\" content=\"es_ES\" \/>\n<meta property=\"og:type\" content=\"article\" \/>\n<meta property=\"og:title\" content=\"Ecosistema Texcene - Texcene\" \/>\n<meta property=\"og:description\" content=\"Energ\u00eda verde para apoyar una producci\u00f3n textil m\u00e1s sostenible, eficiente y responsable, con una menor huella ambiental.\" \/>\n<meta property=\"og:url\" content=\"https:\/\/www.texcene.com\/es\/ecosistema-texcene\/\" \/>\n<meta property=\"og:site_name\" content=\"Texcene\" \/>\n<meta property=\"article:modified_time\" content=\"2026-03-11T13:54:13+00:00\" \/>\n<meta property=\"og:image\" content=\"https:\/\/www.texcene.com\/wp-content\/uploads\/2025\/09\/ecosistema.avif\" \/>\n\t<meta property=\"og:image:width\" content=\"2160\" \/>\n\t<meta property=\"og:image:height\" content=\"827\" \/>\n\t<meta property=\"og:image:type\" content=\"image\/jpeg\" \/>\n<meta name=\"twitter:card\" content=\"summary_large_image\" \/>\n<meta name=\"twitter:label1\" content=\"Tiempo de lectura\" \/>\n\t<meta name=\"twitter:data1\" content=\"1 minuto\" \/>\n<script type=\"application\/ld+json\" class=\"yoast-schema-graph\">{\"@context\":\"https:\/\/schema.org\",\"@graph\":[{\"@type\":\"WebPage\",\"@id\":\"https:\/\/www.texcene.com\/es\/ecosistema-texcene\/\",\"url\":\"https:\/\/www.texcene.com\/es\/ecosistema-texcene\/\",\"name\":\"Ecosistema Texcene - Texcene\",\"isPartOf\":{\"@id\":\"https:\/\/www.texcene.com\/es\/#website\"},\"primaryImageOfPage\":{\"@id\":\"https:\/\/www.texcene.com\/es\/ecosistema-texcene\/#primaryimage\"},\"image\":{\"@id\":\"https:\/\/www.texcene.com\/es\/ecosistema-texcene\/#primaryimage\"},\"thumbnailUrl\":\"https:\/\/www.texcene.com\/wp-content\/uploads\/2025\/09\/ecosistema.avif\",\"datePublished\":\"2025-09-19T08:08:30+00:00\",\"dateModified\":\"2026-03-11T13:54:13+00:00\",\"description\":\"Energ\u00eda verde para apoyar una producci\u00f3n textil m\u00e1s sostenible, eficiente y responsable, con una menor huella ambiental.\",\"breadcrumb\":{\"@id\":\"https:\/\/www.texcene.com\/es\/ecosistema-texcene\/#breadcrumb\"},\"inLanguage\":\"es\",\"potentialAction\":[{\"@type\":\"ReadAction\",\"target\":[\"https:\/\/www.texcene.com\/es\/ecosistema-texcene\/\"]}]},{\"@type\":\"ImageObject\",\"inLanguage\":\"es\",\"@id\":\"https:\/\/www.texcene.com\/es\/ecosistema-texcene\/#primaryimage\",\"url\":\"https:\/\/www.texcene.com\/wp-content\/uploads\/2025\/09\/ecosistema.avif\",\"contentUrl\":\"https:\/\/www.texcene.com\/wp-content\/uploads\/2025\/09\/ecosistema.avif\",\"width\":2160,\"height\":827},{\"@type\":\"BreadcrumbList\",\"@id\":\"https:\/\/www.texcene.com\/es\/ecosistema-texcene\/#breadcrumb\",\"itemListElement\":[{\"@type\":\"ListItem\",\"position\":1,\"name\":\"Home\",\"item\":\"https:\/\/www.texcene.com\/es\/\"},{\"@type\":\"ListItem\",\"position\":2,\"name\":\"Ecosistema Texcene\"}]},{\"@type\":\"WebSite\",\"@id\":\"https:\/\/www.texcene.com\/es\/#website\",\"url\":\"https:\/\/www.texcene.com\/es\/\",\"name\":\"Texcene\",\"description\":\"\",\"potentialAction\":[{\"@type\":\"SearchAction\",\"target\":{\"@type\":\"EntryPoint\",\"urlTemplate\":\"https:\/\/www.texcene.com\/es\/?s={search_term_string}\"},\"query-input\":{\"@type\":\"PropertyValueSpecification\",\"valueRequired\":true,\"valueName\":\"search_term_string\"}}],\"inLanguage\":\"es\"}]}<\/script>\n<!-- \/ Yoast SEO plugin. -->","yoast_head_json":{"title":"Ecosistema Texcene - Texcene","description":"Energ\u00eda verde para apoyar una producci\u00f3n textil m\u00e1s sostenible, eficiente y responsable, con una menor huella ambiental.","robots":{"index":"index","follow":"follow","max-snippet":"max-snippet:-1","max-image-preview":"max-image-preview:large","max-video-preview":"max-video-preview:-1"},"canonical":"https:\/\/www.texcene.com\/es\/ecosistema-texcene\/","og_locale":"es_ES","og_type":"article","og_title":"Ecosistema Texcene - Texcene","og_description":"Energ\u00eda verde para apoyar una producci\u00f3n textil m\u00e1s sostenible, eficiente y responsable, con una menor huella ambiental.","og_url":"https:\/\/www.texcene.com\/es\/ecosistema-texcene\/","og_site_name":"Texcene","article_modified_time":"2026-03-11T13:54:13+00:00","og_image":[{"width":2160,"height":827,"url":"https:\/\/www.texcene.com\/wp-content\/uploads\/2025\/09\/ecosistema.avif","type":"image\/jpeg"}],"twitter_card":"summary_large_image","twitter_misc":{"Tiempo de lectura":"1 minuto"},"schema":{"@context":"https:\/\/schema.org","@graph":[{"@type":"WebPage","@id":"https:\/\/www.texcene.com\/es\/ecosistema-texcene\/","url":"https:\/\/www.texcene.com\/es\/ecosistema-texcene\/","name":"Ecosistema Texcene - Texcene","isPartOf":{"@id":"https:\/\/www.texcene.com\/es\/#website"},"primaryImageOfPage":{"@id":"https:\/\/www.texcene.com\/es\/ecosistema-texcene\/#primaryimage"},"image":{"@id":"https:\/\/www.texcene.com\/es\/ecosistema-texcene\/#primaryimage"},"thumbnailUrl":"https:\/\/www.texcene.com\/wp-content\/uploads\/2025\/09\/ecosistema.avif","datePublished":"2025-09-19T08:08:30+00:00","dateModified":"2026-03-11T13:54:13+00:00","description":"Energ\u00eda verde para apoyar una producci\u00f3n textil m\u00e1s sostenible, eficiente y responsable, con una menor huella ambiental.","breadcrumb":{"@id":"https:\/\/www.texcene.com\/es\/ecosistema-texcene\/#breadcrumb"},"inLanguage":"es","potentialAction":[{"@type":"ReadAction","target":["https:\/\/www.texcene.com\/es\/ecosistema-texcene\/"]}]},{"@type":"ImageObject","inLanguage":"es","@id":"https:\/\/www.texcene.com\/es\/ecosistema-texcene\/#primaryimage","url":"https:\/\/www.texcene.com\/wp-content\/uploads\/2025\/09\/ecosistema.avif","contentUrl":"https:\/\/www.texcene.com\/wp-content\/uploads\/2025\/09\/ecosistema.avif","width":2160,"height":827},{"@type":"BreadcrumbList","@id":"https:\/\/www.texcene.com\/es\/ecosistema-texcene\/#breadcrumb","itemListElement":[{"@type":"ListItem","position":1,"name":"Home","item":"https:\/\/www.texcene.com\/es\/"},{"@type":"ListItem","position":2,"name":"Ecosistema Texcene"}]},{"@type":"WebSite","@id":"https:\/\/www.texcene.com\/es\/#website","url":"https:\/\/www.texcene.com\/es\/","name":"Texcene","description":"","potentialAction":[{"@type":"SearchAction","target":{"@type":"EntryPoint","urlTemplate":"https:\/\/www.texcene.com\/es\/?s={search_term_string}"},"query-input":{"@type":"PropertyValueSpecification","valueRequired":true,"valueName":"search_term_string"}}],"inLanguage":"es"}]}},"_links":{"self":[{"href":"https:\/\/www.texcene.com\/es\/wp-json\/wp\/v2\/pages\/2933","targetHints":{"allow":["GET"]}}],"collection":[{"href":"https:\/\/www.texcene.com\/es\/wp-json\/wp\/v2\/pages"}],"about":[{"href":"https:\/\/www.texcene.com\/es\/wp-json\/wp\/v2\/types\/page"}],"author":[{"embeddable":true,"href":"https:\/\/www.texcene.com\/es\/wp-json\/wp\/v2\/users\/1"}],"replies":[{"embeddable":true,"href":"https:\/\/www.texcene.com\/es\/wp-json\/wp\/v2\/comments?post=2933"}],"version-history":[{"count":1,"href":"https:\/\/www.texcene.com\/es\/wp-json\/wp\/v2\/pages\/2933\/revisions"}],"predecessor-version":[{"id":2937,"href":"https:\/\/www.texcene.com\/es\/wp-json\/wp\/v2\/pages\/2933\/revisions\/2937"}],"wp:featuredmedia":[{"embeddable":true,"href":"https:\/\/www.texcene.com\/es\/wp-json\/wp\/v2\/media\/1955"}],"wp:attachment":[{"href":"https:\/\/www.texcene.com\/es\/wp-json\/wp\/v2\/media?parent=2933"}],"curies":[{"name":"wp","href":"https:\/\/api.w.org\/{rel}","templated":true}]}}