{"id":3007,"date":"2025-09-17T09:53:01","date_gmt":"2025-09-17T07:53:01","guid":{"rendered":"https:\/\/texcene.bspkn.it\/energia-verde\/"},"modified":"2026-03-11T14:26:14","modified_gmt":"2026-03-11T13:26:14","slug":"energia-verde","status":"publish","type":"page","link":"https:\/\/www.texcene.com\/es\/energia-verde\/","title":{"rendered":"Energ\u00eda verde"},"content":{"rendered":"<header role=\"hero\" class=\"relative flex flex-col items-start bg-black justify-end text-white  \">\n    <img loading=\"lazy\" decoding=\"async\" width=\"2160\" height=\"827\" src=\"https:\/\/www.texcene.com\/wp-content\/uploads\/2026\/02\/energia-verde-hero.avif\" class=\"size-full top-0 left-0 z-0 object-cover absolute\" alt=\"\" srcset=\"https:\/\/www.texcene.com\/wp-content\/uploads\/2026\/02\/energia-verde-hero.avif 2160w, https:\/\/www.texcene.com\/wp-content\/uploads\/2026\/02\/energia-verde-hero-300x115.avif 300w, https:\/\/www.texcene.com\/wp-content\/uploads\/2026\/02\/energia-verde-hero-1024x392.avif 1024w, https:\/\/www.texcene.com\/wp-content\/uploads\/2026\/02\/energia-verde-hero-768x294.avif 768w, https:\/\/www.texcene.com\/wp-content\/uploads\/2026\/02\/energia-verde-hero-1536x588.avif 1536w, https:\/\/www.texcene.com\/wp-content\/uploads\/2026\/02\/energia-verde-hero-2048x784.avif 2048w\" sizes=\"auto, (max-width: 2160px) 100vw, 2160px\" \/>        \n    <div class=\"relative sides flex flex-col items-start w-full gap-5 md:gap-8 max-w-303 pt-20 pb-15 md:pt-37 md:pb-30\">\n        <h1 class=\"text-3xl md:text-5xl lg:text-7xl font-bold pt-25 md:pt-30 md:max-w-2\/3\">Energ\u00eda verde<\/h1>\n                <h2 class=\"font-inter text-lg md:text-2xl \">Empezamos por una fuente limpia<\/h2>\n            <\/div>\n    <\/header>\n\n<div class=\"my-11 text-white bg-salvia\" >\n        <blockquote class=\"text-xl relative font-inter sides flex gap-3 py-8 max-w-360 md:text-2xl italic text-center\">\n        <svg width=\"34\" height=\"28\" class=\"flex-none\"><use href=\"#ldquo\"\/><\/svg><p>En nuestro camino hacia una producci\u00f3n cada vez m\u00e1s responsable, la energ\u00eda que utilizamos cada d\u00eda desempe\u00f1a un papel fundamental. Por ello, hemos decidido invertir en la producci\u00f3n interna de electricidad a partir de fuentes renovables, destinada a alimentar parte de nuestras instalaciones.<\/p>\n<svg width=\"34\" height=\"28\" class=\"self-end flex-none\"><use href=\"#rdquo\"\/><\/svg>    <\/blockquote>\n<\/div>\n\n\n<div class=\"sides max-w-360 py-11 grid grid-cols-1 md:grid-cols-2 md:gap-11 gap-5 \">\n            <h2 class=\"text-3xl md:text-4xl lg:text-5xl font-bold text-center col-span-full md:mb-8\">\n            Actuamos a trav\u00e9s de        <\/h2>\n            <div class=\"relative flex flex-col items-center justify-center  p-4   w-full\">\n                <div class=\"relative z-10 flex flex-col gap-12 justify-between md:gap-25  \">\n            <div class=\"flex flex-col md:gap-10 lg:mt-25\">\n                <h3 class=\"text-2xl md:text-4xl lg:text-5xl font-bold \">Central hidroel\u00e9ctrica<\/h3>\n                            <\/div>\n                        <nav class=\"text-center\">\n                <a href=\"https:\/\/www.texcene.com\/es\/central-hidroelectrica\/\" class=\"btn border-white \" target=\"_blank\">Saber m\u00e1s<\/a>\n            <\/nav>\n                    <\/div>\n    <\/div>\n        <div class=\"relative flex flex-col items-center justify-center  p-4   w-full\">\n                <div class=\"relative z-10 flex flex-col gap-12 justify-between md:gap-25  \">\n            <div class=\"flex flex-col md:gap-10 lg:mt-25\">\n                <h3 class=\"text-2xl md:text-4xl lg:text-5xl font-bold \">Paneles solares<\/h3>\n                            <\/div>\n                        <nav class=\"text-center\">\n                <a href=\"https:\/\/www.texcene.com\/es\/paneles-solares\/\" class=\"btn border-white \" target=\"_blank\">Saber m\u00e1s<\/a>\n            <\/nav>\n                    <\/div>\n    <\/div>\n        <\/div>\n\n\n<div class=\"relative py-11 overflow-hidden md:py-20 text-white\">\n    <img loading=\"lazy\" decoding=\"async\" width=\"2160\" height=\"911\" src=\"https:\/\/www.texcene.com\/wp-content\/uploads\/2026\/02\/il-nostro-obiettivo.avif\" class=\"w-full inset-0 h-full object-cover top-0 left-0 absolute z-0\" alt=\"\" srcset=\"https:\/\/www.texcene.com\/wp-content\/uploads\/2026\/02\/il-nostro-obiettivo.avif 2160w, https:\/\/www.texcene.com\/wp-content\/uploads\/2026\/02\/il-nostro-obiettivo-300x127.avif 300w, https:\/\/www.texcene.com\/wp-content\/uploads\/2026\/02\/il-nostro-obiettivo-1024x432.avif 1024w, https:\/\/www.texcene.com\/wp-content\/uploads\/2026\/02\/il-nostro-obiettivo-768x324.avif 768w, https:\/\/www.texcene.com\/wp-content\/uploads\/2026\/02\/il-nostro-obiettivo-1536x648.avif 1536w, https:\/\/www.texcene.com\/wp-content\/uploads\/2026\/02\/il-nostro-obiettivo-2048x864.avif 2048w\" sizes=\"auto, (max-width: 2160px) 100vw, 2160px\" \/>    <div class=\"sides relative z-10 grid grid-cols-1 gap-8 md:gap-12 lg:gap-x-20 items-center lg:grid-cols-2 max-w-360 py-11\">\n                <div class=\"md:pl-12 lg:pl-16 flex flex-col gap-5 \">\n                <span class=\"text-sm font-bold\">\n            Nuestro objetivo        <\/span>\n                        <h2 class=\"text-2xl md:text-3xl md:mb-8 lg:text-5xl  font-bold\">\n            Una energ\u00eda que refleja nuestros valores        <\/h2>\n                        <div class=\"text-base md:text-lg \">\n            <p>Creemos que sostenibilidad significa coherencia: <strong>desde la elecci\u00f3n de los materiales hasta la producci\u00f3n, desde la log\u00edstica hasta la energ\u00eda<\/strong>.<\/p>\n        <\/div>\n                        <\/div>\n                        <div class=\"text-center flex gap-7 flex-col\">\n                        <div class=\"flex flex-col relative items-center gap-5  px-8 py-12 bg-white\/10 \">\n                <div class=\"w-full text-center flex flex-col gap-4\"> \n                                <h4 class=\"text-xl md:text-2xl font-bold lg:text-3xl\">\n                    Responsabilidad                <\/h4>\n                                                <\/div>\n                                            <\/div>\n                        <div class=\"flex flex-col relative items-center gap-5  px-8 py-12 bg-white\/10 \">\n                <div class=\"w-full text-center flex flex-col gap-4\"> \n                                <h4 class=\"text-xl md:text-2xl font-bold lg:text-3xl\">\n                    Coherencia                <\/h4>\n                                                <\/div>\n                                            <\/div>\n                        <div class=\"flex flex-col relative items-center gap-5  px-8 py-12 bg-white\/10 \">\n                <div class=\"w-full text-center flex flex-col gap-4\"> \n                                <h4 class=\"text-xl md:text-2xl font-bold lg:text-3xl\">\n                    Innovaci\u00f3n consciente                <\/h4>\n                                                <\/div>\n                                            <\/div>\n                    <\/div>\n            <\/div>\n<\/div>\n\n\n\n\n<div class=\"sides max-w-360 py-11 grid grid-cols-1 md:grid-cols-2 lg:grid-cols-4 gap-5 \">\n            <h2 class=\"text-3xl md:text-4xl lg:text-5xl font-bold text-center col-span-full md:mb-8\">\n            \u00bfPor qu\u00e9 esta elecci\u00f3n marca la diferencia?        <\/h2>\n            <div class=\"relative flex flex-col items-center justify-center  p-4   w-full\">\n                <div class=\"relative z-10 flex flex-col gap-12 justify-between   \">\n            <div class=\"flex flex-col md:gap-10 \">\n                <h3 class=\"text-2xl text-center lg:text-5xl font-bold \">Reducimos las emisiones indirectas<\/h3>\n                            <\/div>\n                    <\/div>\n    <\/div>\n        <div class=\"relative flex flex-col items-center justify-center  p-4   w-full\">\n                <div class=\"relative z-10 flex flex-col gap-12 justify-between   \">\n            <div class=\"flex flex-col md:gap-10 \">\n                <h3 class=\"text-2xl text-center lg:text-5xl font-bold \">Apoyamos la transici\u00f3n energ\u00e9tica<\/h3>\n                            <\/div>\n                    <\/div>\n    <\/div>\n        <div class=\"relative flex flex-col items-center justify-center  p-4   w-full\">\n                <div class=\"relative z-10 flex flex-col gap-12 justify-between   \">\n            <div class=\"flex flex-col md:gap-10 \">\n                <h3 class=\"text-2xl text-center lg:text-5xl font-bold \">Impulsamos el mercado de renovables en Europa<\/h3>\n                            <\/div>\n                    <\/div>\n    <\/div>\n        <div class=\"relative flex flex-col items-center justify-center  p-4   w-full\">\n                <div class=\"relative z-10 flex flex-col gap-12 justify-between   \">\n            <div class=\"flex flex-col md:gap-10 \">\n                <h3 class=\"text-2xl text-center lg:text-5xl font-bold \">Hacemos toda la cadena m\u00e1s sostenible<\/h3>\n                            <\/div>\n                    <\/div>\n    <\/div>\n        <\/div>\n\n\n    <div class=\"overflow-hidden text-salvia-light py-8 lg:py-11\">\n        <div class=\"sides max-w-303 flex flex-col gap-12 text-center\">\n            <h2 class=\"text-3xl md:text-5xl font-bold\">Certificaciones<\/h2>\n            <div class=\"swiper-container md:overflow-hidden\" data-slider='{\"freeMode\":true,\"slidesPerView\":\"auto\",\"loop\":true,\"autoplay\":{\"delay\":5000}}'>\n                <div class=\"swiper-wrapper\">\n                                        <div class=\"swiper-slide w-2\/5 md:w-1\/4 lg:w-1\/5 flex items-center relative justify-center\" style=\"--mask-image: url('https:\/\/www.texcene.com\/wp-content\/uploads\/2026\/03\/EnvironmentalSysCert_ISO14001-1.webp');\">\n                        <figure class=\"w-auto relative\">\n                            <img loading=\"lazy\" decoding=\"async\" width=\"510\" height=\"490\" src=\"https:\/\/www.texcene.com\/wp-content\/uploads\/2026\/03\/EnvironmentalSysCert_ISO14001-1.webp\" class=\"opacity-0 max-md:w-full max-w-47 max-h-25 object-contain has-transparency wp-post-image\" alt=\"\" srcset=\"https:\/\/www.texcene.com\/wp-content\/uploads\/2026\/03\/EnvironmentalSysCert_ISO14001-1.webp 510w, https:\/\/www.texcene.com\/wp-content\/uploads\/2026\/03\/EnvironmentalSysCert_ISO14001-1-300x288.webp 300w\" sizes=\"auto, (max-width: 510px) 100vw, 510px\" data-has-transparency=\"true\" data-dominant-color=\"000000\" style=\"--dominant-color: #000000;\" \/>                            \n                            <div class=\"mask-salvia\"><\/div>\n                        <\/figure>\n                    <\/div>\n                                        <div class=\"swiper-slide w-2\/5 md:w-1\/4 lg:w-1\/5 flex items-center relative justify-center\" style=\"--mask-image: url('https:\/\/www.texcene.com\/wp-content\/uploads\/2025\/06\/zdhc.png');\">\n                        <figure class=\"w-auto relative\">\n                            <img loading=\"lazy\" decoding=\"async\" width=\"412\" height=\"88\" src=\"https:\/\/www.texcene.com\/wp-content\/uploads\/2025\/06\/zdhc.png\" class=\"opacity-0 max-md:w-full max-w-47 max-h-25 object-contain wp-post-image\" alt=\"\" srcset=\"https:\/\/www.texcene.com\/wp-content\/uploads\/2025\/06\/zdhc.png 412w, https:\/\/www.texcene.com\/wp-content\/uploads\/2025\/06\/zdhc-300x64.png 300w\" sizes=\"auto, (max-width: 412px) 100vw, 412px\" \/>                            \n                            <div class=\"mask-salvia\"><\/div>\n                        <\/figure>\n                    <\/div>\n                                        <div class=\"swiper-slide w-2\/5 md:w-1\/4 lg:w-1\/5 flex items-center relative justify-center\" style=\"--mask-image: url('https:\/\/www.texcene.com\/wp-content\/uploads\/2025\/06\/logo-oeko-text-standard_upscayl_4x_high-fidelity-4x.png');\">\n                        <figure class=\"w-auto relative\">\n                            <img decoding=\"async\" src=\"https:\/\/www.texcene.com\/wp-content\/uploads\/2025\/06\/logo-oeko-text-standard_upscayl_4x_high-fidelity-4x.png\" class=\"opacity-0 max-md:w-full max-w-47 max-h-25 object-contain wp-post-image\" alt=\"\" \/>                            \n                            <div class=\"mask-salvia\"><\/div>\n                        <\/figure>\n                    <\/div>\n                                        <div class=\"swiper-slide w-2\/5 md:w-1\/4 lg:w-1\/5 flex items-center relative justify-center\" style=\"--mask-image: url('https:\/\/www.texcene.com\/wp-content\/uploads\/2025\/06\/GOTS-2-230x300-1_upscayl_4x_high-fidelity-4x.png');\">\n                        <figure class=\"w-auto relative\">\n                            <img loading=\"lazy\" decoding=\"async\" width=\"624\" height=\"816\" src=\"https:\/\/www.texcene.com\/wp-content\/uploads\/2025\/06\/GOTS-2-230x300-1_upscayl_4x_high-fidelity-4x.png\" class=\"opacity-0 max-md:w-full max-w-47 max-h-25 object-contain wp-post-image\" alt=\"\" srcset=\"https:\/\/www.texcene.com\/wp-content\/uploads\/2025\/06\/GOTS-2-230x300-1_upscayl_4x_high-fidelity-4x.png 624w, https:\/\/www.texcene.com\/wp-content\/uploads\/2025\/06\/GOTS-2-230x300-1_upscayl_4x_high-fidelity-4x-229x300.png 229w\" sizes=\"auto, (max-width: 624px) 100vw, 624px\" \/>                            \n                            <div class=\"mask-salvia\"><\/div>\n                        <\/figure>\n                    <\/div>\n                                        <div class=\"swiper-slide w-2\/5 md:w-1\/4 lg:w-1\/5 flex items-center relative justify-center\" style=\"--mask-image: url('https:\/\/www.texcene.com\/wp-content\/uploads\/2025\/06\/detox-certificazione.png');\">\n                        <figure class=\"w-auto relative\">\n                            <img loading=\"lazy\" decoding=\"async\" width=\"240\" height=\"153\" src=\"https:\/\/www.texcene.com\/wp-content\/uploads\/2025\/06\/detox-certificazione.png\" class=\"opacity-0 max-md:w-full max-w-47 max-h-25 object-contain wp-post-image\" alt=\"\" \/>                            \n                            <div class=\"mask-salvia\"><\/div>\n                        <\/figure>\n                    <\/div>\n                                        <div class=\"swiper-slide w-2\/5 md:w-1\/4 lg:w-1\/5 flex items-center relative justify-center\" style=\"--mask-image: url('https:\/\/www.texcene.com\/wp-content\/uploads\/2025\/06\/ETICHETTA-GRS-1-768x727-1.png');\">\n                        <figure class=\"w-auto relative\">\n                            <img loading=\"lazy\" decoding=\"async\" width=\"768\" height=\"727\" src=\"https:\/\/www.texcene.com\/wp-content\/uploads\/2025\/06\/ETICHETTA-GRS-1-768x727-1.png\" class=\"opacity-0 max-md:w-full max-w-47 max-h-25 object-contain wp-post-image\" alt=\"\" srcset=\"https:\/\/www.texcene.com\/wp-content\/uploads\/2025\/06\/ETICHETTA-GRS-1-768x727-1.png 768w, https:\/\/www.texcene.com\/wp-content\/uploads\/2025\/06\/ETICHETTA-GRS-1-768x727-1-300x284.png 300w\" sizes=\"auto, (max-width: 768px) 100vw, 768px\" \/>                            \n                            <div class=\"mask-salvia\"><\/div>\n                        <\/figure>\n                    <\/div>\n                                        <div class=\"swiper-slide w-2\/5 md:w-1\/4 lg:w-1\/5 flex items-center relative justify-center\" style=\"--mask-image: url('https:\/\/www.texcene.com\/wp-content\/uploads\/2025\/06\/OCS-100_Color-1_upscayl_2x_high-fidelity-4x.png');\">\n                        <figure class=\"w-auto relative\">\n                            <img loading=\"lazy\" decoding=\"async\" width=\"688\" height=\"750\" src=\"https:\/\/www.texcene.com\/wp-content\/uploads\/2025\/06\/OCS-100_Color-1_upscayl_2x_high-fidelity-4x.png\" class=\"opacity-0 max-md:w-full max-w-47 max-h-25 object-contain wp-post-image\" alt=\"\" \/>                            \n                            <div class=\"mask-salvia\"><\/div>\n                        <\/figure>\n                    <\/div>\n                                        <div class=\"swiper-slide w-2\/5 md:w-1\/4 lg:w-1\/5 flex items-center relative justify-center\" style=\"--mask-image: url('https:\/\/www.texcene.com\/wp-content\/uploads\/2025\/06\/RCS-100_Color-1_upscayl_2x_high-fidelity-4x.png');\">\n                        <figure class=\"w-auto relative\">\n                            <img loading=\"lazy\" decoding=\"async\" width=\"650\" height=\"708\" src=\"https:\/\/www.texcene.com\/wp-content\/uploads\/2025\/06\/RCS-100_Color-1_upscayl_2x_high-fidelity-4x.png\" class=\"opacity-0 max-md:w-full max-w-47 max-h-25 object-contain wp-post-image\" alt=\"\" \/>                            \n                            <div class=\"mask-salvia\"><\/div>\n                        <\/figure>\n                    <\/div>\n                                    <\/div>\n            <\/div>\n                        <a href=\"https:\/\/www.texcene.com\/es\/certificaciones\/\" class=\"btn self-center bg-salvia-light\">\n                Descubre m\u00e1s            <\/a>\n                    <\/div>\n    <\/div>\n    ","protected":false},"excerpt":{"rendered":"","protected":false},"author":1,"featured_media":2647,"parent":0,"menu_order":0,"comment_status":"closed","ping_status":"closed","template":"","meta":{"_acf_changed":false,"footnotes":""},"class_list":["post-3007","page","type-page","status-publish","has-post-thumbnail","hentry"],"acf":[],"yoast_head":"<!-- This site is optimized with the Yoast SEO plugin v25.3.1 - https:\/\/yoast.com\/wordpress\/plugins\/seo\/ -->\n<title>Energ\u00eda verde - Texcene<\/title>\n<meta name=\"description\" content=\"Gesti\u00f3n sostenible de recursos aplicada a la producci\u00f3n y al acabado textil con un enfoque m\u00e1s eficiente y responsable.\" \/>\n<meta name=\"robots\" content=\"index, follow, max-snippet:-1, max-image-preview:large, max-video-preview:-1\" \/>\n<link rel=\"canonical\" href=\"https:\/\/www.texcene.com\/es\/energia-verde\/\" \/>\n<meta property=\"og:locale\" content=\"es_ES\" \/>\n<meta property=\"og:type\" content=\"article\" \/>\n<meta property=\"og:title\" content=\"Energ\u00eda verde - Texcene\" \/>\n<meta property=\"og:description\" content=\"Gesti\u00f3n sostenible de recursos aplicada a la producci\u00f3n y al acabado textil con un enfoque m\u00e1s eficiente y responsable.\" \/>\n<meta property=\"og:url\" content=\"https:\/\/www.texcene.com\/es\/energia-verde\/\" \/>\n<meta property=\"og:site_name\" content=\"Texcene\" \/>\n<meta property=\"article:modified_time\" content=\"2026-03-11T13:26:14+00:00\" \/>\n<meta property=\"og:image\" content=\"https:\/\/www.texcene.com\/wp-content\/uploads\/2026\/02\/energia-verde-hero.avif\" \/>\n\t<meta property=\"og:image:width\" content=\"2160\" \/>\n\t<meta property=\"og:image:height\" content=\"827\" \/>\n\t<meta property=\"og:image:type\" content=\"image\/jpeg\" \/>\n<meta name=\"twitter:card\" content=\"summary_large_image\" \/>\n<meta name=\"twitter:label1\" content=\"Tiempo de lectura\" \/>\n\t<meta name=\"twitter:data1\" content=\"1 minuto\" \/>\n<script type=\"application\/ld+json\" class=\"yoast-schema-graph\">{\"@context\":\"https:\/\/schema.org\",\"@graph\":[{\"@type\":\"WebPage\",\"@id\":\"https:\/\/www.texcene.com\/es\/energia-verde\/\",\"url\":\"https:\/\/www.texcene.com\/es\/energia-verde\/\",\"name\":\"Energ\u00eda verde - Texcene\",\"isPartOf\":{\"@id\":\"https:\/\/www.texcene.com\/es\/#website\"},\"primaryImageOfPage\":{\"@id\":\"https:\/\/www.texcene.com\/es\/energia-verde\/#primaryimage\"},\"image\":{\"@id\":\"https:\/\/www.texcene.com\/es\/energia-verde\/#primaryimage\"},\"thumbnailUrl\":\"https:\/\/www.texcene.com\/wp-content\/uploads\/2026\/02\/energia-verde-hero.avif\",\"datePublished\":\"2025-09-17T07:53:01+00:00\",\"dateModified\":\"2026-03-11T13:26:14+00:00\",\"description\":\"Gesti\u00f3n sostenible de recursos aplicada a la producci\u00f3n y al acabado textil con un enfoque m\u00e1s eficiente y responsable.\",\"breadcrumb\":{\"@id\":\"https:\/\/www.texcene.com\/es\/energia-verde\/#breadcrumb\"},\"inLanguage\":\"es\",\"potentialAction\":[{\"@type\":\"ReadAction\",\"target\":[\"https:\/\/www.texcene.com\/es\/energia-verde\/\"]}]},{\"@type\":\"ImageObject\",\"inLanguage\":\"es\",\"@id\":\"https:\/\/www.texcene.com\/es\/energia-verde\/#primaryimage\",\"url\":\"https:\/\/www.texcene.com\/wp-content\/uploads\/2026\/02\/energia-verde-hero.avif\",\"contentUrl\":\"https:\/\/www.texcene.com\/wp-content\/uploads\/2026\/02\/energia-verde-hero.avif\",\"width\":2160,\"height\":827},{\"@type\":\"BreadcrumbList\",\"@id\":\"https:\/\/www.texcene.com\/es\/energia-verde\/#breadcrumb\",\"itemListElement\":[{\"@type\":\"ListItem\",\"position\":1,\"name\":\"Home\",\"item\":\"https:\/\/www.texcene.com\/es\/\"},{\"@type\":\"ListItem\",\"position\":2,\"name\":\"Energ\u00eda verde\"}]},{\"@type\":\"WebSite\",\"@id\":\"https:\/\/www.texcene.com\/es\/#website\",\"url\":\"https:\/\/www.texcene.com\/es\/\",\"name\":\"Texcene\",\"description\":\"\",\"potentialAction\":[{\"@type\":\"SearchAction\",\"target\":{\"@type\":\"EntryPoint\",\"urlTemplate\":\"https:\/\/www.texcene.com\/es\/?s={search_term_string}\"},\"query-input\":{\"@type\":\"PropertyValueSpecification\",\"valueRequired\":true,\"valueName\":\"search_term_string\"}}],\"inLanguage\":\"es\"}]}<\/script>\n<!-- \/ Yoast SEO plugin. -->","yoast_head_json":{"title":"Energ\u00eda verde - Texcene","description":"Gesti\u00f3n sostenible de recursos aplicada a la producci\u00f3n y al acabado textil con un enfoque m\u00e1s eficiente y responsable.","robots":{"index":"index","follow":"follow","max-snippet":"max-snippet:-1","max-image-preview":"max-image-preview:large","max-video-preview":"max-video-preview:-1"},"canonical":"https:\/\/www.texcene.com\/es\/energia-verde\/","og_locale":"es_ES","og_type":"article","og_title":"Energ\u00eda verde - Texcene","og_description":"Gesti\u00f3n sostenible de recursos aplicada a la producci\u00f3n y al acabado textil con un enfoque m\u00e1s eficiente y responsable.","og_url":"https:\/\/www.texcene.com\/es\/energia-verde\/","og_site_name":"Texcene","article_modified_time":"2026-03-11T13:26:14+00:00","og_image":[{"width":2160,"height":827,"url":"https:\/\/www.texcene.com\/wp-content\/uploads\/2026\/02\/energia-verde-hero.avif","type":"image\/jpeg"}],"twitter_card":"summary_large_image","twitter_misc":{"Tiempo de lectura":"1 minuto"},"schema":{"@context":"https:\/\/schema.org","@graph":[{"@type":"WebPage","@id":"https:\/\/www.texcene.com\/es\/energia-verde\/","url":"https:\/\/www.texcene.com\/es\/energia-verde\/","name":"Energ\u00eda verde - Texcene","isPartOf":{"@id":"https:\/\/www.texcene.com\/es\/#website"},"primaryImageOfPage":{"@id":"https:\/\/www.texcene.com\/es\/energia-verde\/#primaryimage"},"image":{"@id":"https:\/\/www.texcene.com\/es\/energia-verde\/#primaryimage"},"thumbnailUrl":"https:\/\/www.texcene.com\/wp-content\/uploads\/2026\/02\/energia-verde-hero.avif","datePublished":"2025-09-17T07:53:01+00:00","dateModified":"2026-03-11T13:26:14+00:00","description":"Gesti\u00f3n sostenible de recursos aplicada a la producci\u00f3n y al acabado textil con un enfoque m\u00e1s eficiente y responsable.","breadcrumb":{"@id":"https:\/\/www.texcene.com\/es\/energia-verde\/#breadcrumb"},"inLanguage":"es","potentialAction":[{"@type":"ReadAction","target":["https:\/\/www.texcene.com\/es\/energia-verde\/"]}]},{"@type":"ImageObject","inLanguage":"es","@id":"https:\/\/www.texcene.com\/es\/energia-verde\/#primaryimage","url":"https:\/\/www.texcene.com\/wp-content\/uploads\/2026\/02\/energia-verde-hero.avif","contentUrl":"https:\/\/www.texcene.com\/wp-content\/uploads\/2026\/02\/energia-verde-hero.avif","width":2160,"height":827},{"@type":"BreadcrumbList","@id":"https:\/\/www.texcene.com\/es\/energia-verde\/#breadcrumb","itemListElement":[{"@type":"ListItem","position":1,"name":"Home","item":"https:\/\/www.texcene.com\/es\/"},{"@type":"ListItem","position":2,"name":"Energ\u00eda verde"}]},{"@type":"WebSite","@id":"https:\/\/www.texcene.com\/es\/#website","url":"https:\/\/www.texcene.com\/es\/","name":"Texcene","description":"","potentialAction":[{"@type":"SearchAction","target":{"@type":"EntryPoint","urlTemplate":"https:\/\/www.texcene.com\/es\/?s={search_term_string}"},"query-input":{"@type":"PropertyValueSpecification","valueRequired":true,"valueName":"search_term_string"}}],"inLanguage":"es"}]}},"_links":{"self":[{"href":"https:\/\/www.texcene.com\/es\/wp-json\/wp\/v2\/pages\/3007","targetHints":{"allow":["GET"]}}],"collection":[{"href":"https:\/\/www.texcene.com\/es\/wp-json\/wp\/v2\/pages"}],"about":[{"href":"https:\/\/www.texcene.com\/es\/wp-json\/wp\/v2\/types\/page"}],"author":[{"embeddable":true,"href":"https:\/\/www.texcene.com\/es\/wp-json\/wp\/v2\/users\/1"}],"replies":[{"embeddable":true,"href":"https:\/\/www.texcene.com\/es\/wp-json\/wp\/v2\/comments?post=3007"}],"version-history":[{"count":1,"href":"https:\/\/www.texcene.com\/es\/wp-json\/wp\/v2\/pages\/3007\/revisions"}],"predecessor-version":[{"id":3011,"href":"https:\/\/www.texcene.com\/es\/wp-json\/wp\/v2\/pages\/3007\/revisions\/3011"}],"wp:featuredmedia":[{"embeddable":true,"href":"https:\/\/www.texcene.com\/es\/wp-json\/wp\/v2\/media\/2647"}],"wp:attachment":[{"href":"https:\/\/www.texcene.com\/es\/wp-json\/wp\/v2\/media?parent=3007"}],"curies":[{"name":"wp","href":"https:\/\/api.w.org\/{rel}","templated":true}]}}