{"id":3014,"date":"2025-06-26T16:56:06","date_gmt":"2025-06-26T14:56:06","guid":{"rendered":"https:\/\/texcene.bspkn.it\/pannelli-solari\/"},"modified":"2026-03-11T14:55:07","modified_gmt":"2026-03-11T13:55:07","slug":"paneles-solares","status":"publish","type":"page","link":"https:\/\/www.texcene.com\/es\/paneles-solares\/","title":{"rendered":"Paneles solares"},"content":{"rendered":"<header role=\"hero\" class=\"relative flex flex-col items-start bg-black justify-end text-white  mb-8 lg:mb-11\">\n    <img loading=\"lazy\" decoding=\"async\" width=\"2160\" height=\"827\" src=\"https:\/\/www.texcene.com\/wp-content\/uploads\/2025\/06\/pannelli-solari-page.avif\" class=\"size-full top-0 left-0 z-0 object-cover absolute\" alt=\"\" srcset=\"https:\/\/www.texcene.com\/wp-content\/uploads\/2025\/06\/pannelli-solari-page.avif 2160w, https:\/\/www.texcene.com\/wp-content\/uploads\/2025\/06\/pannelli-solari-page-300x115.avif 300w, https:\/\/www.texcene.com\/wp-content\/uploads\/2025\/06\/pannelli-solari-page-1024x392.avif 1024w, https:\/\/www.texcene.com\/wp-content\/uploads\/2025\/06\/pannelli-solari-page-768x294.avif 768w, https:\/\/www.texcene.com\/wp-content\/uploads\/2025\/06\/pannelli-solari-page-1536x588.avif 1536w, https:\/\/www.texcene.com\/wp-content\/uploads\/2025\/06\/pannelli-solari-page-2048x784.avif 2048w\" sizes=\"auto, (max-width: 2160px) 100vw, 2160px\" \/>        \n    <div class=\"relative sides flex flex-col items-start w-full gap-5 md:gap-8 max-w-303 pt-20 pb-15 md:pt-37 md:pb-30\">\n        <h1 class=\"text-3xl md:text-5xl lg:text-7xl font-bold pt-25 md:pt-30 md:max-w-2\/3\">Paneles solares<\/h1>\n                <h2 class=\"font-inter text-lg md:text-2xl \">El futuro impulsado por la luz<\/h2>\n            <\/div>\n    <\/header>\n\n<div class=\"relative py-11 overflow-hidden md:py-20 text-white\">\n    <img loading=\"lazy\" decoding=\"async\" width=\"2160\" height=\"768\" src=\"https:\/\/www.texcene.com\/wp-content\/uploads\/2025\/06\/pannelli-solari-columns.avif\" class=\"w-full inset-0 h-full object-cover top-0 left-0 absolute z-0\" alt=\"\" srcset=\"https:\/\/www.texcene.com\/wp-content\/uploads\/2025\/06\/pannelli-solari-columns.avif 2160w, https:\/\/www.texcene.com\/wp-content\/uploads\/2025\/06\/pannelli-solari-columns-300x107.avif 300w, https:\/\/www.texcene.com\/wp-content\/uploads\/2025\/06\/pannelli-solari-columns-1024x364.avif 1024w, https:\/\/www.texcene.com\/wp-content\/uploads\/2025\/06\/pannelli-solari-columns-768x273.avif 768w, https:\/\/www.texcene.com\/wp-content\/uploads\/2025\/06\/pannelli-solari-columns-1536x546.avif 1536w, https:\/\/www.texcene.com\/wp-content\/uploads\/2025\/06\/pannelli-solari-columns-2048x728.avif 2048w\" sizes=\"auto, (max-width: 2160px) 100vw, 2160px\" \/>    <div class=\"sides relative z-10 grid grid-cols-1 gap-8 md:gap-12 lg:gap-x-20 items-center lg:grid-cols-7 max-w-360 py-11\">\n                <div class=\"md:pl-12 lg:pl-16 flex flex-col gap-5 lg:col-span-3\">\n                <span class=\"text-sm font-bold\">\n            Nuestras cifras        <\/span>\n                        <h2 class=\"text-2xl md:text-3xl    font-bold\">\n            La energ\u00eda solar cubre actualmente alrededor del 30% de nuestra demanda energ\u00e9tica total, permiti\u00e9ndonos hacer nuestra producci\u00f3n a\u00fan m\u00e1s sostenible.        <\/h2>\n                                <\/div>\n                        <div class=\"text-center grid lg:col-span-4 grid-cols-2 md:grid-cols-3 justify-center gap-7\">\n                        <div class=\"flex flex-col relative items-center gap-5  border border-white justify-between p-5 md:py-10  mb-10\">\n                <div class=\"w-full text-center flex flex-col gap-4\"> \n                                <h4 class=\"text-xl md:text-2xl font-bold lg:text-3xl\">\n                    7.322 m\u00b2                <\/h4>\n                                                <div class=\"md:text-lg\">\n                    <p>de paneles en los techos de nuestras instalaciones<\/p>\n                <\/div>\n                                <\/div>\n                                                <span class=\"text-sm mb:text-lg top-full my-3 absolute left-0 w-full text-center font-bold\">\n                    Superficie cubierta                <\/span>\n                            <\/div>\n                        <div class=\"flex flex-col relative items-center gap-5  border border-white justify-between p-5 md:py-10  mb-10\">\n                <div class=\"w-full text-center flex flex-col gap-4\"> \n                                <h4 class=\"text-xl md:text-2xl font-bold lg:text-3xl\">\n                    880.000 kWh                <\/h4>\n                                                <div class=\"md:text-lg\">\n                    <p>de energ\u00eda limpia<\/p>\n                <\/div>\n                                <\/div>\n                                                <span class=\"text-sm mb:text-lg top-full my-3 absolute left-0 w-full text-center font-bold\">\n                    Producci\u00f3n anual                <\/span>\n                            <\/div>\n                        <div class=\"flex flex-col relative items-center gap-5  border border-white justify-between p-5 md:py-10  mb-10\">\n                <div class=\"w-full text-center flex flex-col gap-4\"> \n                                <h4 class=\"text-xl md:text-2xl font-bold lg:text-3xl\">\n                    200 T                <\/h4>\n                                                <div class=\"md:text-lg\">\n                    <p>de CO2 evitadas cada a\u00f1o<\/p>\n                <\/div>\n                                <\/div>\n                                                <span class=\"text-sm mb:text-lg top-full my-3 absolute left-0 w-full text-center font-bold\">\n                    Reducci\u00f3n de emisiones                <\/span>\n                            <\/div>\n                    <\/div>\n            <\/div>\n<\/div>\n\n\n  \n    <div class=\"py-11 flex sides max-w-360  gap-8 md:gap-16 lg:gap-25 lg:items-center flex-col-reverse lg:flex-row-reverse\">\n        <!-- Image Column -->\n                \n        <div class=\"w-full lg:w-3\/5\">\n                        <div class=\"grid grid-rows-4 gap-2\">\n                                <div class=\"flex flex-col md:flex-row items-center gap-5 md:gap-10 p-8 relative text-white px-12\">\n                                                            <header class=\"md:w-1\/3 relative\">\n                                                <h3 class=\"text-xl md:text-2xl font-bold leading-none\">\n                            Reducci\u00f3n de emisiones indirectas                        <\/h3>\n                                            <\/header>\n                                    <\/div>  \n                                <div class=\"flex flex-col md:flex-row items-center gap-5 md:gap-10 p-8 relative text-white px-12\">\n                                                            <header class=\"md:w-1\/3 relative\">\n                                                <h3 class=\"text-xl md:text-2xl font-bold leading-none\">\n                            Energ\u00eda renovable directamente en la empresa                        <\/h3>\n                                            <\/header>\n                                    <\/div>  \n                                <div class=\"flex flex-col md:flex-row items-center gap-5 md:gap-10 p-8 relative text-white px-12\">\n                                                            <header class=\"md:w-1\/3 relative\">\n                                                <h3 class=\"text-xl md:text-2xl font-bold leading-none\">\n                            Ahorro energ\u00e9tico y eficiencia a largo plazo                        <\/h3>\n                                            <\/header>\n                                    <\/div>  \n                                <div class=\"flex flex-col md:flex-row items-center gap-5 md:gap-10 p-8 relative text-white px-12\">\n                                                            <header class=\"md:w-1\/3 relative\">\n                                                <h3 class=\"text-xl md:text-2xl font-bold leading-none\">\n                            Contribuci\u00f3n concreta a la transici\u00f3n energ\u00e9tica del sector textil                        <\/h3>\n                                            <\/header>\n                                    <\/div>  \n                   \n            <\/div>\n                    <\/div>\n                <!-- Text Column -->\n        <div class=\"w-full flex flex-col gap-5 lg:w-2\/5 px-0 lg:pl-16\">\n                            <h3 class=\"text-sm\">Nuestra estrategia<\/h3>\n                                        <h2 class=\"text-3xl  lg:text-5xl font-bold\">\u00bfCu\u00e1les son los beneficios?<\/h2>\n                                    <div class=\"lg:mt-4 content md:text-lg\">\n                <p>Un servicio construido en torno a las necesidades de nuestros clientes, con una cadena de suministro corta, controlada y flexible.<\/p>\n            <\/div>\n                                <\/div>\n            <\/div>\n","protected":false},"excerpt":{"rendered":"","protected":false},"author":1,"featured_media":1527,"parent":0,"menu_order":0,"comment_status":"closed","ping_status":"closed","template":"","meta":{"_acf_changed":false,"footnotes":""},"class_list":["post-3014","page","type-page","status-publish","has-post-thumbnail","hentry"],"acf":[],"yoast_head":"<!-- This site is optimized with the Yoast SEO plugin v25.3.1 - https:\/\/yoast.com\/wordpress\/plugins\/seo\/ -->\n<title>Paneles solares - Texcene<\/title>\n<meta name=\"description\" content=\"Los paneles solares de Texcene apoyan una producci\u00f3n textil m\u00e1s eficiente, responsable y orientada a la sostenibilidad.\" \/>\n<meta name=\"robots\" content=\"index, follow, max-snippet:-1, max-image-preview:large, max-video-preview:-1\" \/>\n<link rel=\"canonical\" href=\"https:\/\/www.texcene.com\/es\/paneles-solares\/\" \/>\n<meta property=\"og:locale\" content=\"es_ES\" \/>\n<meta property=\"og:type\" content=\"article\" \/>\n<meta property=\"og:title\" content=\"Paneles solares - Texcene\" \/>\n<meta property=\"og:description\" content=\"Los paneles solares de Texcene apoyan una producci\u00f3n textil m\u00e1s eficiente, responsable y orientada a la sostenibilidad.\" \/>\n<meta property=\"og:url\" content=\"https:\/\/www.texcene.com\/es\/paneles-solares\/\" \/>\n<meta property=\"og:site_name\" content=\"Texcene\" \/>\n<meta property=\"article:modified_time\" content=\"2026-03-11T13:55:07+00:00\" \/>\n<meta property=\"og:image\" content=\"https:\/\/www.texcene.com\/wp-content\/uploads\/2025\/06\/pannelli-solari-page.avif\" \/>\n\t<meta property=\"og:image:width\" content=\"2160\" \/>\n\t<meta property=\"og:image:height\" content=\"827\" \/>\n\t<meta property=\"og:image:type\" content=\"image\/jpeg\" \/>\n<meta name=\"twitter:card\" content=\"summary_large_image\" \/>\n<meta name=\"twitter:label1\" content=\"Tiempo de lectura\" \/>\n\t<meta name=\"twitter:data1\" content=\"1 minuto\" \/>\n<script type=\"application\/ld+json\" class=\"yoast-schema-graph\">{\"@context\":\"https:\/\/schema.org\",\"@graph\":[{\"@type\":\"WebPage\",\"@id\":\"https:\/\/www.texcene.com\/es\/paneles-solares\/\",\"url\":\"https:\/\/www.texcene.com\/es\/paneles-solares\/\",\"name\":\"Paneles solares - Texcene\",\"isPartOf\":{\"@id\":\"https:\/\/www.texcene.com\/es\/#website\"},\"primaryImageOfPage\":{\"@id\":\"https:\/\/www.texcene.com\/es\/paneles-solares\/#primaryimage\"},\"image\":{\"@id\":\"https:\/\/www.texcene.com\/es\/paneles-solares\/#primaryimage\"},\"thumbnailUrl\":\"https:\/\/www.texcene.com\/wp-content\/uploads\/2025\/06\/pannelli-solari-page.avif\",\"datePublished\":\"2025-06-26T14:56:06+00:00\",\"dateModified\":\"2026-03-11T13:55:07+00:00\",\"description\":\"Los paneles solares de Texcene apoyan una producci\u00f3n textil m\u00e1s eficiente, responsable y orientada a la sostenibilidad.\",\"breadcrumb\":{\"@id\":\"https:\/\/www.texcene.com\/es\/paneles-solares\/#breadcrumb\"},\"inLanguage\":\"es\",\"potentialAction\":[{\"@type\":\"ReadAction\",\"target\":[\"https:\/\/www.texcene.com\/es\/paneles-solares\/\"]}]},{\"@type\":\"ImageObject\",\"inLanguage\":\"es\",\"@id\":\"https:\/\/www.texcene.com\/es\/paneles-solares\/#primaryimage\",\"url\":\"https:\/\/www.texcene.com\/wp-content\/uploads\/2025\/06\/pannelli-solari-page.avif\",\"contentUrl\":\"https:\/\/www.texcene.com\/wp-content\/uploads\/2025\/06\/pannelli-solari-page.avif\",\"width\":2160,\"height\":827},{\"@type\":\"BreadcrumbList\",\"@id\":\"https:\/\/www.texcene.com\/es\/paneles-solares\/#breadcrumb\",\"itemListElement\":[{\"@type\":\"ListItem\",\"position\":1,\"name\":\"Home\",\"item\":\"https:\/\/www.texcene.com\/es\/\"},{\"@type\":\"ListItem\",\"position\":2,\"name\":\"Paneles solares\"}]},{\"@type\":\"WebSite\",\"@id\":\"https:\/\/www.texcene.com\/es\/#website\",\"url\":\"https:\/\/www.texcene.com\/es\/\",\"name\":\"Texcene\",\"description\":\"\",\"potentialAction\":[{\"@type\":\"SearchAction\",\"target\":{\"@type\":\"EntryPoint\",\"urlTemplate\":\"https:\/\/www.texcene.com\/es\/?s={search_term_string}\"},\"query-input\":{\"@type\":\"PropertyValueSpecification\",\"valueRequired\":true,\"valueName\":\"search_term_string\"}}],\"inLanguage\":\"es\"}]}<\/script>\n<!-- \/ Yoast SEO plugin. -->","yoast_head_json":{"title":"Paneles solares - Texcene","description":"Los paneles solares de Texcene apoyan una producci\u00f3n textil m\u00e1s eficiente, responsable y orientada a la sostenibilidad.","robots":{"index":"index","follow":"follow","max-snippet":"max-snippet:-1","max-image-preview":"max-image-preview:large","max-video-preview":"max-video-preview:-1"},"canonical":"https:\/\/www.texcene.com\/es\/paneles-solares\/","og_locale":"es_ES","og_type":"article","og_title":"Paneles solares - Texcene","og_description":"Los paneles solares de Texcene apoyan una producci\u00f3n textil m\u00e1s eficiente, responsable y orientada a la sostenibilidad.","og_url":"https:\/\/www.texcene.com\/es\/paneles-solares\/","og_site_name":"Texcene","article_modified_time":"2026-03-11T13:55:07+00:00","og_image":[{"width":2160,"height":827,"url":"https:\/\/www.texcene.com\/wp-content\/uploads\/2025\/06\/pannelli-solari-page.avif","type":"image\/jpeg"}],"twitter_card":"summary_large_image","twitter_misc":{"Tiempo de lectura":"1 minuto"},"schema":{"@context":"https:\/\/schema.org","@graph":[{"@type":"WebPage","@id":"https:\/\/www.texcene.com\/es\/paneles-solares\/","url":"https:\/\/www.texcene.com\/es\/paneles-solares\/","name":"Paneles solares - Texcene","isPartOf":{"@id":"https:\/\/www.texcene.com\/es\/#website"},"primaryImageOfPage":{"@id":"https:\/\/www.texcene.com\/es\/paneles-solares\/#primaryimage"},"image":{"@id":"https:\/\/www.texcene.com\/es\/paneles-solares\/#primaryimage"},"thumbnailUrl":"https:\/\/www.texcene.com\/wp-content\/uploads\/2025\/06\/pannelli-solari-page.avif","datePublished":"2025-06-26T14:56:06+00:00","dateModified":"2026-03-11T13:55:07+00:00","description":"Los paneles solares de Texcene apoyan una producci\u00f3n textil m\u00e1s eficiente, responsable y orientada a la sostenibilidad.","breadcrumb":{"@id":"https:\/\/www.texcene.com\/es\/paneles-solares\/#breadcrumb"},"inLanguage":"es","potentialAction":[{"@type":"ReadAction","target":["https:\/\/www.texcene.com\/es\/paneles-solares\/"]}]},{"@type":"ImageObject","inLanguage":"es","@id":"https:\/\/www.texcene.com\/es\/paneles-solares\/#primaryimage","url":"https:\/\/www.texcene.com\/wp-content\/uploads\/2025\/06\/pannelli-solari-page.avif","contentUrl":"https:\/\/www.texcene.com\/wp-content\/uploads\/2025\/06\/pannelli-solari-page.avif","width":2160,"height":827},{"@type":"BreadcrumbList","@id":"https:\/\/www.texcene.com\/es\/paneles-solares\/#breadcrumb","itemListElement":[{"@type":"ListItem","position":1,"name":"Home","item":"https:\/\/www.texcene.com\/es\/"},{"@type":"ListItem","position":2,"name":"Paneles solares"}]},{"@type":"WebSite","@id":"https:\/\/www.texcene.com\/es\/#website","url":"https:\/\/www.texcene.com\/es\/","name":"Texcene","description":"","potentialAction":[{"@type":"SearchAction","target":{"@type":"EntryPoint","urlTemplate":"https:\/\/www.texcene.com\/es\/?s={search_term_string}"},"query-input":{"@type":"PropertyValueSpecification","valueRequired":true,"valueName":"search_term_string"}}],"inLanguage":"es"}]}},"_links":{"self":[{"href":"https:\/\/www.texcene.com\/es\/wp-json\/wp\/v2\/pages\/3014","targetHints":{"allow":["GET"]}}],"collection":[{"href":"https:\/\/www.texcene.com\/es\/wp-json\/wp\/v2\/pages"}],"about":[{"href":"https:\/\/www.texcene.com\/es\/wp-json\/wp\/v2\/types\/page"}],"author":[{"embeddable":true,"href":"https:\/\/www.texcene.com\/es\/wp-json\/wp\/v2\/users\/1"}],"replies":[{"embeddable":true,"href":"https:\/\/www.texcene.com\/es\/wp-json\/wp\/v2\/comments?post=3014"}],"version-history":[{"count":1,"href":"https:\/\/www.texcene.com\/es\/wp-json\/wp\/v2\/pages\/3014\/revisions"}],"predecessor-version":[{"id":3017,"href":"https:\/\/www.texcene.com\/es\/wp-json\/wp\/v2\/pages\/3014\/revisions\/3017"}],"wp:featuredmedia":[{"embeddable":true,"href":"https:\/\/www.texcene.com\/es\/wp-json\/wp\/v2\/media\/1527"}],"wp:attachment":[{"href":"https:\/\/www.texcene.com\/es\/wp-json\/wp\/v2\/media?parent=3014"}],"curies":[{"name":"wp","href":"https:\/\/api.w.org\/{rel}","templated":true}]}}