{"id":3020,"date":"2025-06-26T16:26:16","date_gmt":"2025-06-26T14:26:16","guid":{"rendered":"https:\/\/texcene.bspkn.it\/contratti-energia-pulita\/"},"modified":"2026-03-11T14:30:14","modified_gmt":"2026-03-11T13:30:14","slug":"contratti-energia-pulita","status":"publish","type":"page","link":"https:\/\/www.texcene.com\/es\/contratti-energia-pulita\/","title":{"rendered":"Contratos de energ\u00eda limpia"},"content":{"rendered":"<header role=\"hero\" class=\"relative flex flex-col items-start bg-black justify-end text-white  \">\n    <img loading=\"lazy\" decoding=\"async\" width=\"2160\" height=\"827\" src=\"https:\/\/www.texcene.com\/wp-content\/uploads\/2025\/06\/energia-pulita.avif\" class=\"size-full top-0 left-0 z-0 object-cover absolute\" alt=\"\" srcset=\"https:\/\/www.texcene.com\/wp-content\/uploads\/2025\/06\/energia-pulita.avif 2160w, https:\/\/www.texcene.com\/wp-content\/uploads\/2025\/06\/energia-pulita-300x115.avif 300w, https:\/\/www.texcene.com\/wp-content\/uploads\/2025\/06\/energia-pulita-1024x392.avif 1024w, https:\/\/www.texcene.com\/wp-content\/uploads\/2025\/06\/energia-pulita-768x294.avif 768w, https:\/\/www.texcene.com\/wp-content\/uploads\/2025\/06\/energia-pulita-1536x588.avif 1536w, https:\/\/www.texcene.com\/wp-content\/uploads\/2025\/06\/energia-pulita-2048x784.avif 2048w\" sizes=\"auto, (max-width: 2160px) 100vw, 2160px\" \/>        \n    <div class=\"relative sides flex flex-col items-start w-full gap-5 md:gap-8 max-w-303 pt-20 pb-15 md:pt-37 md:pb-30\">\n        <h1 class=\"text-3xl md:text-5xl lg:text-7xl font-bold pt-25 md:pt-30 md:max-w-2\/3\">Contratos de energ\u00eda limpia<\/h1>\n                <h2 class=\"font-inter text-lg md:text-2xl \">Elegimos solo energ\u00eda limpia, incluso cuando no la producimos nosotros<\/h2>\n            <\/div>\n    <\/header>\n\n  \n    <div class=\"py-11 flex sides max-w-360  gap-8 md:gap-16 lg:gap-25 lg:items-center flex-col-reverse lg:flex-row\">\n        <!-- Image Column -->\n                \n        <div class=\"w-full lg:w-3\/5\">\n                        <div class=\"grid grid-rows-3 gap-5\">\n                                <div class=\"flex flex-col md:flex-row items-center gap-5 md:gap-10 p-8 relative text-white px-12\">\n                                                            <header class=\"md:w-1\/3 relative\">\n                                                <h3 class=\"text-xl md:text-2xl font-bold leading-none\">\n                            Verificables                        <\/h3>\n                                            <\/header>\n                                        <div class=\"content [&#038;_li]:marker:text-white md:w-2\/3 font-bold text-sm relative\">\n                        <p>Mediante documentaci\u00f3n oficial<\/p>\n                    <\/div>\n                                    <\/div>  \n                                <div class=\"flex flex-col md:flex-row items-center gap-5 md:gap-10 p-8 relative text-white px-12\">\n                                                            <header class=\"md:w-1\/3 relative\">\n                                                <h3 class=\"text-xl md:text-2xl font-bold leading-none\">\n                            Asociados a garant\u00edas                        <\/h3>\n                                            <\/header>\n                                        <div class=\"content [&#038;_li]:marker:text-white md:w-2\/3 font-bold text-sm relative\">\n                        <p>Con garant\u00edas de origen trazables<\/p>\n                    <\/div>\n                                    <\/div>  \n                                <div class=\"flex flex-col md:flex-row items-center gap-5 md:gap-10 p-8 relative text-white px-12\">\n                                                            <header class=\"md:w-1\/3 relative\">\n                                                <h3 class=\"text-xl md:text-2xl font-bold leading-none\">\n                            Alineados con los requisitos                        <\/h3>\n                                            <\/header>\n                                        <div class=\"content [&#038;_li]:marker:text-white md:w-2\/3 font-bold text-sm relative\">\n                        <p>Exigidos por ZDHC, GRI y otros est\u00e1ndares de sostenibilidad<\/p>\n                    <\/div>\n                                    <\/div>  \n                   \n            <\/div>\n                    <\/div>\n                <!-- Text Column -->\n        <div class=\"w-full flex flex-col gap-5 lg:w-2\/5 px-0 lg:pl-16\">\n                            <h3 class=\"text-sm\">Nuestra energ\u00eda<\/h3>\n                                        <h2 class=\"text-3xl  lg:text-5xl font-bold\">Nuestros socios energ\u00e9ticos<\/h2>\n                                    <div class=\"lg:mt-4 content md:text-lg\">\n                <p>Hemos seleccionado proveedores de energ\u00eda que operan con m\u00e1xima transparencia y que invierten activamente en la transici\u00f3n energ\u00e9tica. Donde no podemos producir directamente, elegimos igualmente energ\u00eda que respeta nuestros valores.<\/p>\n            <\/div>\n                                <\/div>\n            <\/div>\n\n\n<div class=\"sides max-w-360 py-8 lg:py-11 grid grid-cols-1 lg:grid-cols-11 gap-5\">\n        <header class=\"col-span-full text-center mb-5\">\n        <h2 class=\"text-3xl md:text-4xl lg:text-5xl font-bold mb-5 col-span-full\">\n        \u00bfPor qu\u00e9 es importante?    <\/h2>\n            <\/header>\n            <div class=\"relative px-5 py-8 md:px-10 md:py-16 lg:py-25  text-white md:col-span-7 lg:px-12\">\n        <h4 class=\"font-bold text-2xl lg:text-4xl relative\">Apoya concretamente el mercado de las energ\u00edas renovables<\/h4>\n    <\/div>\n        <div class=\"relative px-5 py-8 md:px-10 md:py-16 lg:py-25  text-white lg:col-span-4 lg:px-12\">\n        <h4 class=\"font-bold text-2xl lg:text-4xl relative\">Reduce las emisiones de Scope 2<\/h4>\n    <\/div>\n        <div class=\"relative px-5 py-8 md:px-10 md:py-16 lg:py-25  text-white md:col-span-4 lg:px-12\">\n        <h4 class=\"font-bold text-2xl lg:text-4xl relative\">Permite una cadena de suministro m\u00e1s limpia y transparente<\/h4>\n    <\/div>\n        <div class=\"relative px-5 py-8 md:px-10 md:py-16 lg:py-25  text-white lg:col-span-3 lg:px-12\">\n        <h4 class=\"font-bold text-2xl lg:text-4xl relative\">Hace que el tejido sea m\u00e1s responsable<\/h4>\n    <\/div>\n        <div class=\"relative px-5 py-8 md:px-10 md:py-16 lg:py-25  text-white md:col-span-4 lg:px-12\">\n        <h4 class=\"font-bold text-2xl lg:text-4xl relative\">Favorece la rendici\u00f3n de cuentas ESG en los balances empresariales<\/h4>\n    <\/div>\n    <\/div>\n","protected":false},"excerpt":{"rendered":"","protected":false},"author":1,"featured_media":1461,"parent":0,"menu_order":0,"comment_status":"closed","ping_status":"closed","template":"","meta":{"_acf_changed":false,"footnotes":""},"class_list":["post-3020","page","type-page","status-publish","has-post-thumbnail","hentry"],"acf":[],"yoast_head":"<!-- This site is optimized with the Yoast SEO plugin v25.3.1 - https:\/\/yoast.com\/wordpress\/plugins\/seo\/ -->\n<title>Contratos de energ\u00eda limpia - Texcene<\/title>\n<meta name=\"description\" content=\"Contratos de energ\u00eda limpia que apoyan la producci\u00f3n textil sostenible de Texcene con un enfoque m\u00e1s responsable y eficiente.\" \/>\n<meta name=\"robots\" content=\"index, follow, max-snippet:-1, max-image-preview:large, max-video-preview:-1\" \/>\n<link rel=\"canonical\" href=\"https:\/\/www.texcene.com\/es\/contratti-energia-pulita\/\" \/>\n<meta property=\"og:locale\" content=\"es_ES\" \/>\n<meta property=\"og:type\" content=\"article\" \/>\n<meta property=\"og:title\" content=\"Contratos de energ\u00eda limpia - Texcene\" \/>\n<meta property=\"og:description\" content=\"Contratos de energ\u00eda limpia que apoyan la producci\u00f3n textil sostenible de Texcene con un enfoque m\u00e1s responsable y eficiente.\" \/>\n<meta property=\"og:url\" content=\"https:\/\/www.texcene.com\/es\/contratti-energia-pulita\/\" \/>\n<meta property=\"og:site_name\" content=\"Texcene\" \/>\n<meta property=\"article:modified_time\" content=\"2026-03-11T13:30:14+00:00\" \/>\n<meta property=\"og:image\" content=\"https:\/\/www.texcene.com\/wp-content\/uploads\/2025\/06\/energia-pulita.avif\" \/>\n\t<meta property=\"og:image:width\" content=\"2160\" \/>\n\t<meta property=\"og:image:height\" content=\"827\" \/>\n\t<meta property=\"og:image:type\" content=\"image\/jpeg\" \/>\n<meta name=\"twitter:card\" content=\"summary_large_image\" \/>\n<meta name=\"twitter:label1\" content=\"Tiempo de lectura\" \/>\n\t<meta name=\"twitter:data1\" content=\"1 minuto\" \/>\n<script type=\"application\/ld+json\" class=\"yoast-schema-graph\">{\"@context\":\"https:\/\/schema.org\",\"@graph\":[{\"@type\":\"WebPage\",\"@id\":\"https:\/\/www.texcene.com\/es\/contratti-energia-pulita\/\",\"url\":\"https:\/\/www.texcene.com\/es\/contratti-energia-pulita\/\",\"name\":\"Contratos de energ\u00eda limpia - Texcene\",\"isPartOf\":{\"@id\":\"https:\/\/www.texcene.com\/es\/#website\"},\"primaryImageOfPage\":{\"@id\":\"https:\/\/www.texcene.com\/es\/contratti-energia-pulita\/#primaryimage\"},\"image\":{\"@id\":\"https:\/\/www.texcene.com\/es\/contratti-energia-pulita\/#primaryimage\"},\"thumbnailUrl\":\"https:\/\/www.texcene.com\/wp-content\/uploads\/2025\/06\/energia-pulita.avif\",\"datePublished\":\"2025-06-26T14:26:16+00:00\",\"dateModified\":\"2026-03-11T13:30:14+00:00\",\"description\":\"Contratos de energ\u00eda limpia que apoyan la producci\u00f3n textil sostenible de Texcene con un enfoque m\u00e1s responsable y eficiente.\",\"breadcrumb\":{\"@id\":\"https:\/\/www.texcene.com\/es\/contratti-energia-pulita\/#breadcrumb\"},\"inLanguage\":\"es\",\"potentialAction\":[{\"@type\":\"ReadAction\",\"target\":[\"https:\/\/www.texcene.com\/es\/contratti-energia-pulita\/\"]}]},{\"@type\":\"ImageObject\",\"inLanguage\":\"es\",\"@id\":\"https:\/\/www.texcene.com\/es\/contratti-energia-pulita\/#primaryimage\",\"url\":\"https:\/\/www.texcene.com\/wp-content\/uploads\/2025\/06\/energia-pulita.avif\",\"contentUrl\":\"https:\/\/www.texcene.com\/wp-content\/uploads\/2025\/06\/energia-pulita.avif\",\"width\":2160,\"height\":827},{\"@type\":\"BreadcrumbList\",\"@id\":\"https:\/\/www.texcene.com\/es\/contratti-energia-pulita\/#breadcrumb\",\"itemListElement\":[{\"@type\":\"ListItem\",\"position\":1,\"name\":\"Home\",\"item\":\"https:\/\/www.texcene.com\/es\/\"},{\"@type\":\"ListItem\",\"position\":2,\"name\":\"Contratos de energ\u00eda limpia\"}]},{\"@type\":\"WebSite\",\"@id\":\"https:\/\/www.texcene.com\/es\/#website\",\"url\":\"https:\/\/www.texcene.com\/es\/\",\"name\":\"Texcene\",\"description\":\"\",\"potentialAction\":[{\"@type\":\"SearchAction\",\"target\":{\"@type\":\"EntryPoint\",\"urlTemplate\":\"https:\/\/www.texcene.com\/es\/?s={search_term_string}\"},\"query-input\":{\"@type\":\"PropertyValueSpecification\",\"valueRequired\":true,\"valueName\":\"search_term_string\"}}],\"inLanguage\":\"es\"}]}<\/script>\n<!-- \/ Yoast SEO plugin. -->","yoast_head_json":{"title":"Contratos de energ\u00eda limpia - Texcene","description":"Contratos de energ\u00eda limpia que apoyan la producci\u00f3n textil sostenible de Texcene con un enfoque m\u00e1s responsable y eficiente.","robots":{"index":"index","follow":"follow","max-snippet":"max-snippet:-1","max-image-preview":"max-image-preview:large","max-video-preview":"max-video-preview:-1"},"canonical":"https:\/\/www.texcene.com\/es\/contratti-energia-pulita\/","og_locale":"es_ES","og_type":"article","og_title":"Contratos de energ\u00eda limpia - Texcene","og_description":"Contratos de energ\u00eda limpia que apoyan la producci\u00f3n textil sostenible de Texcene con un enfoque m\u00e1s responsable y eficiente.","og_url":"https:\/\/www.texcene.com\/es\/contratti-energia-pulita\/","og_site_name":"Texcene","article_modified_time":"2026-03-11T13:30:14+00:00","og_image":[{"width":2160,"height":827,"url":"https:\/\/www.texcene.com\/wp-content\/uploads\/2025\/06\/energia-pulita.avif","type":"image\/jpeg"}],"twitter_card":"summary_large_image","twitter_misc":{"Tiempo de lectura":"1 minuto"},"schema":{"@context":"https:\/\/schema.org","@graph":[{"@type":"WebPage","@id":"https:\/\/www.texcene.com\/es\/contratti-energia-pulita\/","url":"https:\/\/www.texcene.com\/es\/contratti-energia-pulita\/","name":"Contratos de energ\u00eda limpia - Texcene","isPartOf":{"@id":"https:\/\/www.texcene.com\/es\/#website"},"primaryImageOfPage":{"@id":"https:\/\/www.texcene.com\/es\/contratti-energia-pulita\/#primaryimage"},"image":{"@id":"https:\/\/www.texcene.com\/es\/contratti-energia-pulita\/#primaryimage"},"thumbnailUrl":"https:\/\/www.texcene.com\/wp-content\/uploads\/2025\/06\/energia-pulita.avif","datePublished":"2025-06-26T14:26:16+00:00","dateModified":"2026-03-11T13:30:14+00:00","description":"Contratos de energ\u00eda limpia que apoyan la producci\u00f3n textil sostenible de Texcene con un enfoque m\u00e1s responsable y eficiente.","breadcrumb":{"@id":"https:\/\/www.texcene.com\/es\/contratti-energia-pulita\/#breadcrumb"},"inLanguage":"es","potentialAction":[{"@type":"ReadAction","target":["https:\/\/www.texcene.com\/es\/contratti-energia-pulita\/"]}]},{"@type":"ImageObject","inLanguage":"es","@id":"https:\/\/www.texcene.com\/es\/contratti-energia-pulita\/#primaryimage","url":"https:\/\/www.texcene.com\/wp-content\/uploads\/2025\/06\/energia-pulita.avif","contentUrl":"https:\/\/www.texcene.com\/wp-content\/uploads\/2025\/06\/energia-pulita.avif","width":2160,"height":827},{"@type":"BreadcrumbList","@id":"https:\/\/www.texcene.com\/es\/contratti-energia-pulita\/#breadcrumb","itemListElement":[{"@type":"ListItem","position":1,"name":"Home","item":"https:\/\/www.texcene.com\/es\/"},{"@type":"ListItem","position":2,"name":"Contratos de energ\u00eda limpia"}]},{"@type":"WebSite","@id":"https:\/\/www.texcene.com\/es\/#website","url":"https:\/\/www.texcene.com\/es\/","name":"Texcene","description":"","potentialAction":[{"@type":"SearchAction","target":{"@type":"EntryPoint","urlTemplate":"https:\/\/www.texcene.com\/es\/?s={search_term_string}"},"query-input":{"@type":"PropertyValueSpecification","valueRequired":true,"valueName":"search_term_string"}}],"inLanguage":"es"}]}},"_links":{"self":[{"href":"https:\/\/www.texcene.com\/es\/wp-json\/wp\/v2\/pages\/3020","targetHints":{"allow":["GET"]}}],"collection":[{"href":"https:\/\/www.texcene.com\/es\/wp-json\/wp\/v2\/pages"}],"about":[{"href":"https:\/\/www.texcene.com\/es\/wp-json\/wp\/v2\/types\/page"}],"author":[{"embeddable":true,"href":"https:\/\/www.texcene.com\/es\/wp-json\/wp\/v2\/users\/1"}],"replies":[{"embeddable":true,"href":"https:\/\/www.texcene.com\/es\/wp-json\/wp\/v2\/comments?post=3020"}],"version-history":[{"count":1,"href":"https:\/\/www.texcene.com\/es\/wp-json\/wp\/v2\/pages\/3020\/revisions"}],"predecessor-version":[{"id":3024,"href":"https:\/\/www.texcene.com\/es\/wp-json\/wp\/v2\/pages\/3020\/revisions\/3024"}],"wp:featuredmedia":[{"embeddable":true,"href":"https:\/\/www.texcene.com\/es\/wp-json\/wp\/v2\/media\/1461"}],"wp:attachment":[{"href":"https:\/\/www.texcene.com\/es\/wp-json\/wp\/v2\/media?parent=3020"}],"curies":[{"name":"wp","href":"https:\/\/api.w.org\/{rel}","templated":true}]}}