{"id":2375,"date":"2025-09-19T16:00:40","date_gmt":"2025-09-19T14:00:40","guid":{"rendered":"https:\/\/texcene.bspkn.it\/centrale-idroelettrica\/"},"modified":"2026-03-11T14:28:03","modified_gmt":"2026-03-11T13:28:03","slug":"centrale-hydroelectrique","status":"publish","type":"page","link":"https:\/\/www.texcene.com\/fr\/centrale-hydroelectrique\/","title":{"rendered":"Centrale hydro\u00e9lectrique"},"content":{"rendered":"<header role=\"hero\" class=\"relative flex flex-col items-start bg-black justify-end text-white  mb-8 lg:mb-11\">\n    <img loading=\"lazy\" decoding=\"async\" width=\"2160\" height=\"827\" src=\"https:\/\/www.texcene.com\/wp-content\/uploads\/2026\/02\/centrale-idroelettrica-hero.avif\" class=\"size-full top-0 left-0 z-0 object-cover absolute\" alt=\"\" srcset=\"https:\/\/www.texcene.com\/wp-content\/uploads\/2026\/02\/centrale-idroelettrica-hero.avif 2160w, https:\/\/www.texcene.com\/wp-content\/uploads\/2026\/02\/centrale-idroelettrica-hero-300x115.avif 300w, https:\/\/www.texcene.com\/wp-content\/uploads\/2026\/02\/centrale-idroelettrica-hero-1024x392.avif 1024w, https:\/\/www.texcene.com\/wp-content\/uploads\/2026\/02\/centrale-idroelettrica-hero-768x294.avif 768w, https:\/\/www.texcene.com\/wp-content\/uploads\/2026\/02\/centrale-idroelettrica-hero-1536x588.avif 1536w, https:\/\/www.texcene.com\/wp-content\/uploads\/2026\/02\/centrale-idroelettrica-hero-2048x784.avif 2048w\" sizes=\"auto, (max-width: 2160px) 100vw, 2160px\" \/>        \n    <div class=\"relative sides flex flex-col items-start w-full gap-5 md:gap-8 max-w-303 pt-20 pb-15 md:pt-37 md:pb-30\">\n        <h1 class=\"text-3xl md:text-5xl lg:text-7xl font-bold pt-25 md:pt-30 md:max-w-2\/3\">Centrale hydro\u00e9lectrique<\/h1>\n                <h2 class=\"font-inter text-lg md:text-2xl \">Notre \u00e9nergie propre<\/h2>\n            <\/div>\n    <\/header>\n\n<div class=\"my-11 text-white \" style=\"background-color: #005365;\">\n        <blockquote class=\"text-xl relative font-inter sides flex gap-3 py-8 max-w-360 md:text-2xl italic text-center\">\n        <svg width=\"34\" height=\"28\" class=\"flex-none\"><use href=\"#ldquo\"\/><\/svg><p>Au c\u0153ur de notre entreprise, la durabilit\u00e9 n\u2019est pas seulement une valeur, mais une pratique quotidienne. Nous r\u00e9duisons significativement notre empreinte \u00e9cologique.<\/p>\n<svg width=\"34\" height=\"28\" class=\"self-end flex-none\"><use href=\"#rdquo\"\/><\/svg>    <\/blockquote>\n<\/div>\n\n\n  \n    <div class=\"py-11 flex sides max-w-360  gap-8 md:gap-16 lg:gap-25 lg:items-center flex-col-reverse lg:flex-row-reverse\">\n        <!-- Image Column -->\n                \n        <div class=\"w-full lg:w-3\/5\">\n                        <div class=\"grid grid-rows-3 gap-5\">\n                                <div class=\"flex flex-col md:flex-row items-center gap-5 md:gap-10 p-8 relative text-white px-12\">\n                                            <img loading=\"lazy\" decoding=\"async\" width=\"1095\" height=\"236\" src=\"https:\/\/www.texcene.com\/wp-content\/uploads\/2025\/09\/Produzione-annuale.avif\" class=\"size-full absolute top-0 left-0 object-cover\" alt=\"\" srcset=\"https:\/\/www.texcene.com\/wp-content\/uploads\/2025\/09\/Produzione-annuale.avif 1095w, https:\/\/www.texcene.com\/wp-content\/uploads\/2025\/09\/Produzione-annuale-300x65.avif 300w, https:\/\/www.texcene.com\/wp-content\/uploads\/2025\/09\/Produzione-annuale-1024x221.avif 1024w, https:\/\/www.texcene.com\/wp-content\/uploads\/2025\/09\/Produzione-annuale-768x166.avif 768w\" sizes=\"auto, (max-width: 1095px) 100vw, 1095px\" \/>                                                            <header class=\"md:w-1\/3 relative\">\n                                                <h3 class=\"text-xl md:text-2xl font-bold leading-none\">\n                            Production annuelle                        <\/h3>\n                                            <\/header>\n                                        <div class=\"content [&#038;_li]:marker:text-white md:w-2\/3 font-bold text-sm relative\">\n                        <p>La centrale produit environ 3,2 millions de kWh par an, couvrant une part significative de nos besoins \u00e9nerg\u00e9tiques.<\/p>\n                    <\/div>\n                                    <\/div>  \n                                <div class=\"flex flex-col md:flex-row items-center gap-5 md:gap-10 p-8 relative text-white px-12\">\n                                            <img loading=\"lazy\" decoding=\"async\" width=\"1095\" height=\"236\" src=\"https:\/\/www.texcene.com\/wp-content\/uploads\/2025\/09\/Riduzione-delle-emissioni.avif\" class=\"size-full absolute top-0 left-0 object-cover\" alt=\"\" srcset=\"https:\/\/www.texcene.com\/wp-content\/uploads\/2025\/09\/Riduzione-delle-emissioni.avif 1095w, https:\/\/www.texcene.com\/wp-content\/uploads\/2025\/09\/Riduzione-delle-emissioni-300x65.avif 300w, https:\/\/www.texcene.com\/wp-content\/uploads\/2025\/09\/Riduzione-delle-emissioni-1024x221.avif 1024w, https:\/\/www.texcene.com\/wp-content\/uploads\/2025\/09\/Riduzione-delle-emissioni-768x166.avif 768w\" sizes=\"auto, (max-width: 1095px) 100vw, 1095px\" \/>                                                            <header class=\"md:w-1\/3 relative\">\n                                                <h3 class=\"text-xl md:text-2xl font-bold leading-none\">\n                            R\u00e9duction des \u00e9missions                        <\/h3>\n                                            <\/header>\n                                        <div class=\"content [&#038;_li]:marker:text-white md:w-2\/3 font-bold text-sm relative\">\n                        <p>Gr\u00e2ce \u00e0 cette initiative, en 2024, nous avons \u00e9conomis\u00e9 800 tonnes de CO\u2082, contribuant activement \u00e0 la lutte contre le changement climatique.<\/p>\n                    <\/div>\n                                    <\/div>  \n                                <div class=\"flex flex-col md:flex-row items-center gap-5 md:gap-10 p-8 relative text-white px-12\">\n                                            <img loading=\"lazy\" decoding=\"async\" width=\"1095\" height=\"236\" src=\"https:\/\/www.texcene.com\/wp-content\/uploads\/2025\/09\/Integrazione-con-il-Territorio.avif\" class=\"size-full absolute top-0 left-0 object-cover\" alt=\"\" srcset=\"https:\/\/www.texcene.com\/wp-content\/uploads\/2025\/09\/Integrazione-con-il-Territorio.avif 1095w, https:\/\/www.texcene.com\/wp-content\/uploads\/2025\/09\/Integrazione-con-il-Territorio-300x65.avif 300w, https:\/\/www.texcene.com\/wp-content\/uploads\/2025\/09\/Integrazione-con-il-Territorio-1024x221.avif 1024w, https:\/\/www.texcene.com\/wp-content\/uploads\/2025\/09\/Integrazione-con-il-Territorio-768x166.avif 768w\" sizes=\"auto, (max-width: 1095px) 100vw, 1095px\" \/>                                                            <header class=\"md:w-1\/3 relative\">\n                                                <h3 class=\"text-xl md:text-2xl font-bold leading-none\">\n                            Int\u00e9gration avec le territoire                        <\/h3>\n                                            <\/header>\n                                        <div class=\"content [&#038;_li]:marker:text-white md:w-2\/3 font-bold text-sm relative\">\n                        <p>La centrale est con\u00e7ue pour s\u2019harmoniser avec l\u2019environnement environnant, en respectant la biodiversit\u00e9 et en valorisant les ressources naturelles locales.<\/p>\n                    <\/div>\n                                    <\/div>  \n                   \n            <\/div>\n                    <\/div>\n                <!-- Text Column -->\n        <div class=\"w-full flex flex-col gap-5 lg:w-2\/5 px-0 lg:pl-16\">\n                            <h3 class=\"text-sm\">Quelques d\u00e9tails<\/h3>\n                                        <h2 class=\"text-3xl  lg:text-5xl font-bold\">Comment?<\/h2>\n                                    <div class=\"lg:mt-4 content md:text-lg\">\n                <p>Nous continuons \u00e0 investir dans des technologies durables et \u00e0 collaborer avec des partenaires qui partagent notre vision d\u2019une industrie textile plus \u00e9thique et respectueuse de l\u2019environnement.<\/p>\n            <\/div>\n                                <\/div>\n            <\/div>\n\n\n  \n    <div class=\"py-11 flex sides max-w-360  gap-8 md:gap-16 lg:gap-25 lg:items-center flex-col-reverse lg:flex-row\">\n        <!-- Image Column -->\n                \n        <div class=\"w-full lg:w-3\/5\">\n                        <div class=\"grid grid-rows-3 gap-5\">\n                                <div class=\"flex flex-col md:flex-row items-center gap-5 md:gap-10 p-8 relative text-white px-12\">\n                                            <img loading=\"lazy\" decoding=\"async\" width=\"1095\" height=\"236\" src=\"https:\/\/www.texcene.com\/wp-content\/uploads\/2025\/09\/Sostenibilita-ambientale.avif\" class=\"size-full absolute top-0 left-0 object-cover\" alt=\"\" srcset=\"https:\/\/www.texcene.com\/wp-content\/uploads\/2025\/09\/Sostenibilita-ambientale.avif 1095w, https:\/\/www.texcene.com\/wp-content\/uploads\/2025\/09\/Sostenibilita-ambientale-300x65.avif 300w, https:\/\/www.texcene.com\/wp-content\/uploads\/2025\/09\/Sostenibilita-ambientale-1024x221.avif 1024w, https:\/\/www.texcene.com\/wp-content\/uploads\/2025\/09\/Sostenibilita-ambientale-768x166.avif 768w\" sizes=\"auto, (max-width: 1095px) 100vw, 1095px\" \/>                                                            <header class=\"md:w-1\/3 relative\">\n                                                <h3 class=\"text-xl md:text-2xl font-bold leading-none\">\n                            Durabilit\u00e9 environnementale                        <\/h3>\n                                            <\/header>\n                                        <div class=\"content [&#038;_li]:marker:text-white md:w-2\/3 font-bold text-sm relative\">\n                        <p>En utilisant l\u2019\u00e9nergie hydro\u00e9lectrique, nous r\u00e9duisons la d\u00e9pendance aux sources fossiles et promouvons un mod\u00e8le \u00e9nerg\u00e9tique plus durable.<\/p>\n                    <\/div>\n                                    <\/div>  \n                                <div class=\"flex flex-col md:flex-row items-center gap-5 md:gap-10 p-8 relative text-white px-12\">\n                                            <img loading=\"lazy\" decoding=\"async\" width=\"1095\" height=\"236\" src=\"https:\/\/www.texcene.com\/wp-content\/uploads\/2025\/09\/Innovazione-Responsabile.avif\" class=\"size-full absolute top-0 left-0 object-cover\" alt=\"\" srcset=\"https:\/\/www.texcene.com\/wp-content\/uploads\/2025\/09\/Innovazione-Responsabile.avif 1095w, https:\/\/www.texcene.com\/wp-content\/uploads\/2025\/09\/Innovazione-Responsabile-300x65.avif 300w, https:\/\/www.texcene.com\/wp-content\/uploads\/2025\/09\/Innovazione-Responsabile-1024x221.avif 1024w, https:\/\/www.texcene.com\/wp-content\/uploads\/2025\/09\/Innovazione-Responsabile-768x166.avif 768w\" sizes=\"auto, (max-width: 1095px) 100vw, 1095px\" \/>                                                            <header class=\"md:w-1\/3 relative\">\n                                                <h3 class=\"text-xl md:text-2xl font-bold leading-none\">\n                            Innovation responsable                        <\/h3>\n                                            <\/header>\n                                        <div class=\"content [&#038;_li]:marker:text-white md:w-2\/3 font-bold text-sm relative\">\n                        <p>Gr\u00e2ce \u00e0 cette initiative, en 2024, nous avons \u00e9conomis\u00e9 800 tonnes de CO\u2082, contribuant activement \u00e0 la lutte contre le changement climatique.<\/p>\n                    <\/div>\n                                    <\/div>  \n                                <div class=\"flex flex-col md:flex-row items-center gap-5 md:gap-10 p-8 relative text-white px-12\">\n                                            <img loading=\"lazy\" decoding=\"async\" width=\"1095\" height=\"236\" src=\"https:\/\/www.texcene.com\/wp-content\/uploads\/2025\/09\/Trasparenza-Energetica.avif\" class=\"size-full absolute top-0 left-0 object-cover\" alt=\"\" srcset=\"https:\/\/www.texcene.com\/wp-content\/uploads\/2025\/09\/Trasparenza-Energetica.avif 1095w, https:\/\/www.texcene.com\/wp-content\/uploads\/2025\/09\/Trasparenza-Energetica-300x65.avif 300w, https:\/\/www.texcene.com\/wp-content\/uploads\/2025\/09\/Trasparenza-Energetica-1024x221.avif 1024w, https:\/\/www.texcene.com\/wp-content\/uploads\/2025\/09\/Trasparenza-Energetica-768x166.avif 768w\" sizes=\"auto, (max-width: 1095px) 100vw, 1095px\" \/>                                                            <header class=\"md:w-1\/3 relative\">\n                                                <h3 class=\"text-xl md:text-2xl font-bold leading-none\">\n                            Transparence \u00e9nerg\u00e9tique                        <\/h3>\n                                            <\/header>\n                                        <div class=\"content [&#038;_li]:marker:text-white md:w-2\/3 font-bold text-sm relative\">\n                        <p>Nous surveillons en permanence la production et l\u2019utilisation de l\u2019\u00e9nergie, garantissant transparence et responsabilit\u00e9 envers nos parties prenantes.<\/p>\n                    <\/div>\n                                    <\/div>  \n                   \n            <\/div>\n                    <\/div>\n                <!-- Text Column -->\n        <div class=\"w-full flex flex-col gap-5 lg:w-2\/5 px-0 lg:pl-16\">\n                            <h3 class=\"text-sm\">Quelques curiosit\u00e9s<\/h3>\n                                        <h2 class=\"text-3xl  lg:text-5xl font-bold\">Quels sont les avantages?<\/h2>\n                                            <\/div>\n            <\/div>\n","protected":false},"excerpt":{"rendered":"","protected":false},"author":1,"featured_media":2656,"parent":0,"menu_order":0,"comment_status":"closed","ping_status":"closed","template":"","meta":{"_acf_changed":false,"footnotes":""},"class_list":["post-2375","page","type-page","status-publish","has-post-thumbnail","hentry"],"acf":[],"yoast_head":"<!-- This site is optimized with the Yoast SEO plugin v25.3.1 - https:\/\/yoast.com\/wordpress\/plugins\/seo\/ -->\n<title>Centrale hydro\u00e9lectrique - Texcene<\/title>\n<meta name=\"description\" content=\"La centrale hydro\u00e9lectrique de Texcene produit une \u00e9nergie renouvelable pour soutenir une industrie textile plus durable.\" \/>\n<meta name=\"robots\" content=\"index, follow, max-snippet:-1, max-image-preview:large, max-video-preview:-1\" \/>\n<link rel=\"canonical\" href=\"https:\/\/www.texcene.com\/fr\/centrale-hydroelectrique\/\" \/>\n<meta property=\"og:locale\" content=\"fr_FR\" \/>\n<meta property=\"og:type\" content=\"article\" \/>\n<meta property=\"og:title\" content=\"Centrale hydro\u00e9lectrique - Texcene\" \/>\n<meta property=\"og:description\" content=\"La centrale hydro\u00e9lectrique de Texcene produit une \u00e9nergie renouvelable pour soutenir une industrie textile plus durable.\" \/>\n<meta property=\"og:url\" content=\"https:\/\/www.texcene.com\/fr\/centrale-hydroelectrique\/\" \/>\n<meta property=\"og:site_name\" content=\"Texcene\" \/>\n<meta property=\"article:modified_time\" content=\"2026-03-11T13:28:03+00:00\" \/>\n<meta property=\"og:image\" content=\"https:\/\/www.texcene.com\/wp-content\/uploads\/2026\/02\/centrale-idroelettrica-hero.avif\" \/>\n\t<meta property=\"og:image:width\" content=\"2160\" \/>\n\t<meta property=\"og:image:height\" content=\"827\" \/>\n\t<meta property=\"og:image:type\" content=\"image\/jpeg\" \/>\n<meta name=\"twitter:card\" content=\"summary_large_image\" \/>\n<meta name=\"twitter:label1\" content=\"Dur\u00e9e de lecture estim\u00e9e\" \/>\n\t<meta name=\"twitter:data1\" content=\"1 minute\" \/>\n<script type=\"application\/ld+json\" class=\"yoast-schema-graph\">{\"@context\":\"https:\/\/schema.org\",\"@graph\":[{\"@type\":\"WebPage\",\"@id\":\"https:\/\/www.texcene.com\/fr\/centrale-hydroelectrique\/\",\"url\":\"https:\/\/www.texcene.com\/fr\/centrale-hydroelectrique\/\",\"name\":\"Centrale hydro\u00e9lectrique - Texcene\",\"isPartOf\":{\"@id\":\"https:\/\/www.texcene.com\/fr\/#website\"},\"primaryImageOfPage\":{\"@id\":\"https:\/\/www.texcene.com\/fr\/centrale-hydroelectrique\/#primaryimage\"},\"image\":{\"@id\":\"https:\/\/www.texcene.com\/fr\/centrale-hydroelectrique\/#primaryimage\"},\"thumbnailUrl\":\"https:\/\/www.texcene.com\/wp-content\/uploads\/2026\/02\/centrale-idroelettrica-hero.avif\",\"datePublished\":\"2025-09-19T14:00:40+00:00\",\"dateModified\":\"2026-03-11T13:28:03+00:00\",\"description\":\"La centrale hydro\u00e9lectrique de Texcene produit une \u00e9nergie renouvelable pour soutenir une industrie textile plus durable.\",\"breadcrumb\":{\"@id\":\"https:\/\/www.texcene.com\/fr\/centrale-hydroelectrique\/#breadcrumb\"},\"inLanguage\":\"fr-FR\",\"potentialAction\":[{\"@type\":\"ReadAction\",\"target\":[\"https:\/\/www.texcene.com\/fr\/centrale-hydroelectrique\/\"]}]},{\"@type\":\"ImageObject\",\"inLanguage\":\"fr-FR\",\"@id\":\"https:\/\/www.texcene.com\/fr\/centrale-hydroelectrique\/#primaryimage\",\"url\":\"https:\/\/www.texcene.com\/wp-content\/uploads\/2026\/02\/centrale-idroelettrica-hero.avif\",\"contentUrl\":\"https:\/\/www.texcene.com\/wp-content\/uploads\/2026\/02\/centrale-idroelettrica-hero.avif\",\"width\":2160,\"height\":827},{\"@type\":\"BreadcrumbList\",\"@id\":\"https:\/\/www.texcene.com\/fr\/centrale-hydroelectrique\/#breadcrumb\",\"itemListElement\":[{\"@type\":\"ListItem\",\"position\":1,\"name\":\"Home\",\"item\":\"https:\/\/www.texcene.com\/fr\/\"},{\"@type\":\"ListItem\",\"position\":2,\"name\":\"Centrale hydro\u00e9lectrique\"}]},{\"@type\":\"WebSite\",\"@id\":\"https:\/\/www.texcene.com\/fr\/#website\",\"url\":\"https:\/\/www.texcene.com\/fr\/\",\"name\":\"Texcene\",\"description\":\"\",\"potentialAction\":[{\"@type\":\"SearchAction\",\"target\":{\"@type\":\"EntryPoint\",\"urlTemplate\":\"https:\/\/www.texcene.com\/fr\/?s={search_term_string}\"},\"query-input\":{\"@type\":\"PropertyValueSpecification\",\"valueRequired\":true,\"valueName\":\"search_term_string\"}}],\"inLanguage\":\"fr-FR\"}]}<\/script>\n<!-- \/ Yoast SEO plugin. -->","yoast_head_json":{"title":"Centrale hydro\u00e9lectrique - Texcene","description":"La centrale hydro\u00e9lectrique de Texcene produit une \u00e9nergie renouvelable pour soutenir une industrie textile plus durable.","robots":{"index":"index","follow":"follow","max-snippet":"max-snippet:-1","max-image-preview":"max-image-preview:large","max-video-preview":"max-video-preview:-1"},"canonical":"https:\/\/www.texcene.com\/fr\/centrale-hydroelectrique\/","og_locale":"fr_FR","og_type":"article","og_title":"Centrale hydro\u00e9lectrique - Texcene","og_description":"La centrale hydro\u00e9lectrique de Texcene produit une \u00e9nergie renouvelable pour soutenir une industrie textile plus durable.","og_url":"https:\/\/www.texcene.com\/fr\/centrale-hydroelectrique\/","og_site_name":"Texcene","article_modified_time":"2026-03-11T13:28:03+00:00","og_image":[{"width":2160,"height":827,"url":"https:\/\/www.texcene.com\/wp-content\/uploads\/2026\/02\/centrale-idroelettrica-hero.avif","type":"image\/jpeg"}],"twitter_card":"summary_large_image","twitter_misc":{"Dur\u00e9e de lecture estim\u00e9e":"1 minute"},"schema":{"@context":"https:\/\/schema.org","@graph":[{"@type":"WebPage","@id":"https:\/\/www.texcene.com\/fr\/centrale-hydroelectrique\/","url":"https:\/\/www.texcene.com\/fr\/centrale-hydroelectrique\/","name":"Centrale hydro\u00e9lectrique - Texcene","isPartOf":{"@id":"https:\/\/www.texcene.com\/fr\/#website"},"primaryImageOfPage":{"@id":"https:\/\/www.texcene.com\/fr\/centrale-hydroelectrique\/#primaryimage"},"image":{"@id":"https:\/\/www.texcene.com\/fr\/centrale-hydroelectrique\/#primaryimage"},"thumbnailUrl":"https:\/\/www.texcene.com\/wp-content\/uploads\/2026\/02\/centrale-idroelettrica-hero.avif","datePublished":"2025-09-19T14:00:40+00:00","dateModified":"2026-03-11T13:28:03+00:00","description":"La centrale hydro\u00e9lectrique de Texcene produit une \u00e9nergie renouvelable pour soutenir une industrie textile plus durable.","breadcrumb":{"@id":"https:\/\/www.texcene.com\/fr\/centrale-hydroelectrique\/#breadcrumb"},"inLanguage":"fr-FR","potentialAction":[{"@type":"ReadAction","target":["https:\/\/www.texcene.com\/fr\/centrale-hydroelectrique\/"]}]},{"@type":"ImageObject","inLanguage":"fr-FR","@id":"https:\/\/www.texcene.com\/fr\/centrale-hydroelectrique\/#primaryimage","url":"https:\/\/www.texcene.com\/wp-content\/uploads\/2026\/02\/centrale-idroelettrica-hero.avif","contentUrl":"https:\/\/www.texcene.com\/wp-content\/uploads\/2026\/02\/centrale-idroelettrica-hero.avif","width":2160,"height":827},{"@type":"BreadcrumbList","@id":"https:\/\/www.texcene.com\/fr\/centrale-hydroelectrique\/#breadcrumb","itemListElement":[{"@type":"ListItem","position":1,"name":"Home","item":"https:\/\/www.texcene.com\/fr\/"},{"@type":"ListItem","position":2,"name":"Centrale hydro\u00e9lectrique"}]},{"@type":"WebSite","@id":"https:\/\/www.texcene.com\/fr\/#website","url":"https:\/\/www.texcene.com\/fr\/","name":"Texcene","description":"","potentialAction":[{"@type":"SearchAction","target":{"@type":"EntryPoint","urlTemplate":"https:\/\/www.texcene.com\/fr\/?s={search_term_string}"},"query-input":{"@type":"PropertyValueSpecification","valueRequired":true,"valueName":"search_term_string"}}],"inLanguage":"fr-FR"}]}},"_links":{"self":[{"href":"https:\/\/www.texcene.com\/fr\/wp-json\/wp\/v2\/pages\/2375","targetHints":{"allow":["GET"]}}],"collection":[{"href":"https:\/\/www.texcene.com\/fr\/wp-json\/wp\/v2\/pages"}],"about":[{"href":"https:\/\/www.texcene.com\/fr\/wp-json\/wp\/v2\/types\/page"}],"author":[{"embeddable":true,"href":"https:\/\/www.texcene.com\/fr\/wp-json\/wp\/v2\/users\/1"}],"replies":[{"embeddable":true,"href":"https:\/\/www.texcene.com\/fr\/wp-json\/wp\/v2\/comments?post=2375"}],"version-history":[{"count":4,"href":"https:\/\/www.texcene.com\/fr\/wp-json\/wp\/v2\/pages\/2375\/revisions"}],"predecessor-version":[{"id":2384,"href":"https:\/\/www.texcene.com\/fr\/wp-json\/wp\/v2\/pages\/2375\/revisions\/2384"}],"wp:featuredmedia":[{"embeddable":true,"href":"https:\/\/www.texcene.com\/fr\/wp-json\/wp\/v2\/media\/2656"}],"wp:attachment":[{"href":"https:\/\/www.texcene.com\/fr\/wp-json\/wp\/v2\/media?parent=2375"}],"curies":[{"name":"wp","href":"https:\/\/api.w.org\/{rel}","templated":true}]}}