{"id":2397,"date":"2025-09-19T14:53:59","date_gmt":"2025-09-19T12:53:59","guid":{"rendered":"https:\/\/texcene.bspkn.it\/laboratorio\/"},"modified":"2026-03-11T12:52:35","modified_gmt":"2026-03-11T11:52:35","slug":"laboratoire","status":"publish","type":"page","link":"https:\/\/www.texcene.com\/fr\/laboratoire\/","title":{"rendered":"Laboratoire"},"content":{"rendered":"<header role=\"hero\" class=\"relative flex flex-col items-start bg-black justify-end text-white  \">\n    <img loading=\"lazy\" decoding=\"async\" width=\"1440\" height=\"802\" src=\"https:\/\/www.texcene.com\/wp-content\/uploads\/2026\/03\/pipettatrice.jpg\" class=\"size-full top-0 left-0 z-0 object-cover absolute\" alt=\"\" \/>        \n    <div class=\"relative sides flex flex-col items-start w-full gap-5 md:gap-8 max-w-303 pt-20 pb-15 md:pt-37 md:pb-30\">\n        <h1 class=\"text-3xl md:text-5xl lg:text-7xl font-bold pt-25 md:pt-30 md:max-w-2\/3\">Notre laboratoire<\/h1>\n                <h2 class=\"font-inter text-lg md:text-2xl \">Le c\u0153ur battant<\/h2>\n            <\/div>\n    <\/header>\n\n  \n    <div class=\"py-11 flex sides max-w-360  gap-8 md:gap-16 lg:gap-25 lg:items-center flex-col lg:flex-row\">\n        <!-- Image Column -->\n                \n        <div class=\"w-full lg:w-3\/5\">\n                        <img loading=\"lazy\" decoding=\"async\" width=\"1095\" height=\"866\" src=\"https:\/\/www.texcene.com\/wp-content\/uploads\/2025\/09\/laboratorio-tessile.avif\" class=\"w-full h-auto\" alt=\"\" srcset=\"https:\/\/www.texcene.com\/wp-content\/uploads\/2025\/09\/laboratorio-tessile.avif 1095w, https:\/\/www.texcene.com\/wp-content\/uploads\/2025\/09\/laboratorio-tessile-300x237.avif 300w, https:\/\/www.texcene.com\/wp-content\/uploads\/2025\/09\/laboratorio-tessile-1024x810.avif 1024w, https:\/\/www.texcene.com\/wp-content\/uploads\/2025\/09\/laboratorio-tessile-768x607.avif 768w\" sizes=\"auto, (max-width: 1095px) 100vw, 1095px\" \/>                    <\/div>\n                <!-- Text Column -->\n        <div class=\"w-full flex flex-col gap-5 lg:w-2\/5 px-0 lg:pl-16\">\n                                        <h2 class=\"text-3xl lg:mt-4 lg:text-5xl font-bold\">Laboratoire textile<\/h2>\n                                    <div class=\"lg:mt-4 content md:text-lg\">\n                <p>Au c\u0153ur de notre entreprise, le laboratoire textile repr\u00e9sente le point de rencontre entre l\u2019innovation, la pr\u00e9cision et la cr\u00e9ativit\u00e9. C\u2019est ici que chaque couleur prend vie, que chaque traitement est perfectionn\u00e9 et que chaque tissu atteint sa plus haute expression qualitative.<\/p>\n            <\/div>\n                                <\/div>\n            <\/div>\n\n\n  \n    <div class=\"py-11 flex sides max-w-360  gap-8 md:gap-16 lg:gap-25 lg:items-center flex-col-reverse lg:flex-row-reverse\">\n        <!-- Image Column -->\n                \n        <div class=\"w-full lg:w-3\/5\">\n                        <div class=\"grid grid-rows-3 gap-5\">\n                                <div class=\"flex flex-col md:flex-row items-center gap-5 md:gap-10 p-8 relative text-white px-12\">\n                                            <img loading=\"lazy\" decoding=\"async\" width=\"1095\" height=\"236\" src=\"https:\/\/www.texcene.com\/wp-content\/uploads\/2025\/09\/Tinte-su-misura.avif\" class=\"size-full absolute top-0 left-0 object-cover\" alt=\"\" srcset=\"https:\/\/www.texcene.com\/wp-content\/uploads\/2025\/09\/Tinte-su-misura.avif 1095w, https:\/\/www.texcene.com\/wp-content\/uploads\/2025\/09\/Tinte-su-misura-300x65.avif 300w, https:\/\/www.texcene.com\/wp-content\/uploads\/2025\/09\/Tinte-su-misura-1024x221.avif 1024w, https:\/\/www.texcene.com\/wp-content\/uploads\/2025\/09\/Tinte-su-misura-768x166.avif 768w\" sizes=\"auto, (max-width: 1095px) 100vw, 1095px\" \/>                                                            <header class=\"md:w-1\/3 relative\">\n                                                <h3 class=\"text-xl md:text-2xl font-bold leading-none\">\n                            Teintures sur mesure                        <\/h3>\n                                            <\/header>\n                                        <div class=\"content [&#038;_li]:marker:text-white md:w-2\/3 font-bold text-sm relative\">\n                        <p>En fonction des besoins sp\u00e9cifiques des clients.<\/p>\n                    <\/div>\n                                    <\/div>  \n                                <div class=\"flex flex-col md:flex-row items-center gap-5 md:gap-10 p-8 relative text-white px-12\">\n                                            <img loading=\"lazy\" decoding=\"async\" width=\"1095\" height=\"236\" src=\"https:\/\/www.texcene.com\/wp-content\/uploads\/2025\/09\/Archiviare-le-formule.avif\" class=\"size-full absolute top-0 left-0 object-cover\" alt=\"\" srcset=\"https:\/\/www.texcene.com\/wp-content\/uploads\/2025\/09\/Archiviare-le-formule.avif 1095w, https:\/\/www.texcene.com\/wp-content\/uploads\/2025\/09\/Archiviare-le-formule-300x65.avif 300w, https:\/\/www.texcene.com\/wp-content\/uploads\/2025\/09\/Archiviare-le-formule-1024x221.avif 1024w, https:\/\/www.texcene.com\/wp-content\/uploads\/2025\/09\/Archiviare-le-formule-768x166.avif 768w\" sizes=\"auto, (max-width: 1095px) 100vw, 1095px\" \/>                                                            <header class=\"md:w-1\/3 relative\">\n                                                <h3 class=\"text-xl md:text-2xl font-bold leading-none\">\n                            Archiver les formules                        <\/h3>\n                                            <\/header>\n                                        <div class=\"content [&#038;_li]:marker:text-white md:w-2\/3 font-bold text-sm relative\">\n                        <p>Afin de garantir la r\u00e9p\u00e9tabilit\u00e9 et la coh\u00e9rence chromatique.<\/p>\n                    <\/div>\n                                    <\/div>  \n                                <div class=\"flex flex-col md:flex-row items-center gap-5 md:gap-10 p-8 relative text-white px-12\">\n                                            <img loading=\"lazy\" decoding=\"async\" width=\"1095\" height=\"236\" src=\"https:\/\/www.texcene.com\/wp-content\/uploads\/2025\/09\/Vasta-gamma-di-coloranti.avif\" class=\"size-full absolute top-0 left-0 object-cover\" alt=\"\" srcset=\"https:\/\/www.texcene.com\/wp-content\/uploads\/2025\/09\/Vasta-gamma-di-coloranti.avif 1095w, https:\/\/www.texcene.com\/wp-content\/uploads\/2025\/09\/Vasta-gamma-di-coloranti-300x65.avif 300w, https:\/\/www.texcene.com\/wp-content\/uploads\/2025\/09\/Vasta-gamma-di-coloranti-1024x221.avif 1024w, https:\/\/www.texcene.com\/wp-content\/uploads\/2025\/09\/Vasta-gamma-di-coloranti-768x166.avif 768w\" sizes=\"auto, (max-width: 1095px) 100vw, 1095px\" \/>                                                            <header class=\"md:w-1\/3 relative\">\n                                                <h3 class=\"text-xl md:text-2xl font-bold leading-none\">\n                            Large gamme de colorants                        <\/h3>\n                                            <\/header>\n                                        <div class=\"content [&#038;_li]:marker:text-white md:w-2\/3 font-bold text-sm relative\">\n                        <p>Pour s\u2019adapter \u00e0 diff\u00e9rents types de fibres.<\/p>\n                    <\/div>\n                                    <\/div>  \n                   \n            <\/div>\n                    <\/div>\n                <!-- Text Column -->\n        <div class=\"w-full flex flex-col gap-5 lg:w-2\/5 px-0 lg:pl-16\">\n                            <h3 class=\"text-sm\">La personnalisation<\/h3>\n                                        <h2 class=\"text-3xl  lg:text-5xl font-bold\">Les couleurs<\/h2>\n                                    <div class=\"lg:mt-4 content md:text-lg\">\n                <p>Notre laboratoire est \u00e9quip\u00e9 des technologies les plus avanc\u00e9es pour la formulation des couleurs.<\/p>\n            <\/div>\n                                <\/div>\n            <\/div>\n\n\n  \n    <div class=\"py-11 flex sides max-w-360  gap-8 md:gap-16 lg:gap-25 lg:items-center flex-col-reverse lg:flex-row\">\n        <!-- Image Column -->\n                \n        <div class=\"w-full lg:w-3\/5\">\n                        <div class=\"grid grid-rows-3 gap-5\">\n                                <div class=\"flex flex-col md:flex-row items-center gap-5 md:gap-10 p-8 relative text-white px-12\">\n                                            <img loading=\"lazy\" decoding=\"async\" width=\"1095\" height=\"236\" src=\"https:\/\/www.texcene.com\/wp-content\/uploads\/2025\/09\/Test-di-solidita-del-colore.avif\" class=\"size-full absolute top-0 left-0 object-cover\" alt=\"\" srcset=\"https:\/\/www.texcene.com\/wp-content\/uploads\/2025\/09\/Test-di-solidita-del-colore.avif 1095w, https:\/\/www.texcene.com\/wp-content\/uploads\/2025\/09\/Test-di-solidita-del-colore-300x65.avif 300w, https:\/\/www.texcene.com\/wp-content\/uploads\/2025\/09\/Test-di-solidita-del-colore-1024x221.avif 1024w, https:\/\/www.texcene.com\/wp-content\/uploads\/2025\/09\/Test-di-solidita-del-colore-768x166.avif 768w\" sizes=\"auto, (max-width: 1095px) 100vw, 1095px\" \/>                                                            <header class=\"md:w-1\/3 relative\">\n                                                <h3 class=\"text-xl md:text-2xl font-bold leading-none\">\n                            Tests de solidit\u00e9 des couleurs                        <\/h3>\n                                            <\/header>\n                                        <div class=\"content [&#038;_li]:marker:text-white md:w-2\/3 font-bold text-sm relative\">\n                        <p>Nous v\u00e9rifions la r\u00e9sistance aux lavages, \u00e0 la lumi\u00e8re et aux frottements.<\/p>\n                    <\/div>\n                                    <\/div>  \n                                <div class=\"flex flex-col md:flex-row items-center gap-5 md:gap-10 p-8 relative text-white px-12\">\n                                            <img loading=\"lazy\" decoding=\"async\" width=\"1095\" height=\"236\" src=\"https:\/\/www.texcene.com\/wp-content\/uploads\/2025\/09\/Analisi-delle-proprieta-fisiche.avif\" class=\"size-full absolute top-0 left-0 object-cover\" alt=\"\" srcset=\"https:\/\/www.texcene.com\/wp-content\/uploads\/2025\/09\/Analisi-delle-proprieta-fisiche.avif 1095w, https:\/\/www.texcene.com\/wp-content\/uploads\/2025\/09\/Analisi-delle-proprieta-fisiche-300x65.avif 300w, https:\/\/www.texcene.com\/wp-content\/uploads\/2025\/09\/Analisi-delle-proprieta-fisiche-1024x221.avif 1024w, https:\/\/www.texcene.com\/wp-content\/uploads\/2025\/09\/Analisi-delle-proprieta-fisiche-768x166.avif 768w\" sizes=\"auto, (max-width: 1095px) 100vw, 1095px\" \/>                                                            <header class=\"md:w-1\/3 relative\">\n                                                <h3 class=\"text-xl md:text-2xl font-bold leading-none\">\n                            Analyse des propri\u00e9t\u00e9s physiques                        <\/h3>\n                                            <\/header>\n                                        <div class=\"content [&#038;_li]:marker:text-white md:w-2\/3 font-bold text-sm relative\">\n                        <p>Nous \u00e9valuons la r\u00e9sistance et la durabilit\u00e9 du tissu.<\/p>\n                    <\/div>\n                                    <\/div>  \n                                <div class=\"flex flex-col md:flex-row items-center gap-5 md:gap-10 p-8 relative text-white px-12\">\n                                            <img loading=\"lazy\" decoding=\"async\" width=\"1095\" height=\"236\" src=\"https:\/\/www.texcene.com\/wp-content\/uploads\/2025\/09\/Monitoraggio-continuo.avif\" class=\"size-full absolute top-0 left-0 object-cover\" alt=\"\" srcset=\"https:\/\/www.texcene.com\/wp-content\/uploads\/2025\/09\/Monitoraggio-continuo.avif 1095w, https:\/\/www.texcene.com\/wp-content\/uploads\/2025\/09\/Monitoraggio-continuo-300x65.avif 300w, https:\/\/www.texcene.com\/wp-content\/uploads\/2025\/09\/Monitoraggio-continuo-1024x221.avif 1024w, https:\/\/www.texcene.com\/wp-content\/uploads\/2025\/09\/Monitoraggio-continuo-768x166.avif 768w\" sizes=\"auto, (max-width: 1095px) 100vw, 1095px\" \/>                                                            <header class=\"md:w-1\/3 relative\">\n                                                <h3 class=\"text-xl md:text-2xl font-bold leading-none\">\n                            Suivi continu                        <\/h3>\n                                            <\/header>\n                                        <div class=\"content [&#038;_li]:marker:text-white md:w-2\/3 font-bold text-sm relative\">\n                        <p>En garantissant que chaque lot respecte les sp\u00e9cifications requises.<\/p>\n                    <\/div>\n                                    <\/div>  \n                   \n            <\/div>\n                    <\/div>\n                <!-- Text Column -->\n        <div class=\"w-full flex flex-col gap-5 lg:w-2\/5 px-0 lg:pl-16\">\n                            <h3 class=\"text-sm\">Nous vous expliquons<\/h3>\n                                        <h2 class=\"text-3xl  lg:text-5xl font-bold\">Contr\u00f4le de qualit\u00e9 et tests de solidit\u00e9<\/h2>\n                                    <div class=\"lg:mt-4 content md:text-lg\">\n                <p>Chaque tissu trait\u00e9 passe par des contr\u00f4les rigoureux afin de garantir des normes de qualit\u00e9 \u00e9lev\u00e9es.<\/p>\n            <\/div>\n                                <\/div>\n            <\/div>\n","protected":false},"excerpt":{"rendered":"","protected":false},"author":1,"featured_media":2732,"parent":0,"menu_order":0,"comment_status":"closed","ping_status":"closed","template":"","meta":{"_acf_changed":false,"footnotes":""},"class_list":["post-2397","page","type-page","status-publish","has-post-thumbnail","hentry"],"acf":[],"yoast_head":"<!-- This site is optimized with the Yoast SEO plugin v25.3.1 - https:\/\/yoast.com\/wordpress\/plugins\/seo\/ -->\n<title>Laboratoire - Texcene<\/title>\n<meta name=\"description\" content=\"Le laboratoire Texcene r\u00e9alise des contr\u00f4les, essais et analyses pour garantir qualit\u00e9 et fiabilit\u00e9 textile.\" \/>\n<meta name=\"robots\" content=\"index, follow, max-snippet:-1, max-image-preview:large, max-video-preview:-1\" \/>\n<link rel=\"canonical\" href=\"https:\/\/www.texcene.com\/fr\/laboratoire\/\" \/>\n<meta property=\"og:locale\" content=\"fr_FR\" \/>\n<meta property=\"og:type\" content=\"article\" \/>\n<meta property=\"og:title\" content=\"Laboratoire - Texcene\" \/>\n<meta property=\"og:description\" content=\"Le laboratoire Texcene r\u00e9alise des contr\u00f4les, essais et analyses pour garantir qualit\u00e9 et fiabilit\u00e9 textile.\" \/>\n<meta property=\"og:url\" content=\"https:\/\/www.texcene.com\/fr\/laboratoire\/\" \/>\n<meta property=\"og:site_name\" content=\"Texcene\" \/>\n<meta property=\"article:modified_time\" content=\"2026-03-11T11:52:35+00:00\" \/>\n<meta property=\"og:image\" content=\"https:\/\/www.texcene.com\/wp-content\/uploads\/2026\/02\/Il-nostro-laboratorio.avif\" \/>\n\t<meta property=\"og:image:width\" content=\"2160\" \/>\n\t<meta property=\"og:image:height\" content=\"827\" \/>\n\t<meta property=\"og:image:type\" content=\"image\/jpeg\" \/>\n<meta name=\"twitter:card\" content=\"summary_large_image\" \/>\n<meta name=\"twitter:label1\" content=\"Dur\u00e9e de lecture estim\u00e9e\" \/>\n\t<meta name=\"twitter:data1\" content=\"1 minute\" \/>\n<script type=\"application\/ld+json\" class=\"yoast-schema-graph\">{\"@context\":\"https:\/\/schema.org\",\"@graph\":[{\"@type\":\"WebPage\",\"@id\":\"https:\/\/www.texcene.com\/fr\/laboratoire\/\",\"url\":\"https:\/\/www.texcene.com\/fr\/laboratoire\/\",\"name\":\"Laboratoire - Texcene\",\"isPartOf\":{\"@id\":\"https:\/\/www.texcene.com\/fr\/#website\"},\"primaryImageOfPage\":{\"@id\":\"https:\/\/www.texcene.com\/fr\/laboratoire\/#primaryimage\"},\"image\":{\"@id\":\"https:\/\/www.texcene.com\/fr\/laboratoire\/#primaryimage\"},\"thumbnailUrl\":\"https:\/\/www.texcene.com\/wp-content\/uploads\/2026\/02\/Il-nostro-laboratorio.avif\",\"datePublished\":\"2025-09-19T12:53:59+00:00\",\"dateModified\":\"2026-03-11T11:52:35+00:00\",\"description\":\"Le laboratoire Texcene r\u00e9alise des contr\u00f4les, essais et analyses pour garantir qualit\u00e9 et fiabilit\u00e9 textile.\",\"breadcrumb\":{\"@id\":\"https:\/\/www.texcene.com\/fr\/laboratoire\/#breadcrumb\"},\"inLanguage\":\"fr-FR\",\"potentialAction\":[{\"@type\":\"ReadAction\",\"target\":[\"https:\/\/www.texcene.com\/fr\/laboratoire\/\"]}]},{\"@type\":\"ImageObject\",\"inLanguage\":\"fr-FR\",\"@id\":\"https:\/\/www.texcene.com\/fr\/laboratoire\/#primaryimage\",\"url\":\"https:\/\/www.texcene.com\/wp-content\/uploads\/2026\/02\/Il-nostro-laboratorio.avif\",\"contentUrl\":\"https:\/\/www.texcene.com\/wp-content\/uploads\/2026\/02\/Il-nostro-laboratorio.avif\",\"width\":2160,\"height\":827},{\"@type\":\"BreadcrumbList\",\"@id\":\"https:\/\/www.texcene.com\/fr\/laboratoire\/#breadcrumb\",\"itemListElement\":[{\"@type\":\"ListItem\",\"position\":1,\"name\":\"Home\",\"item\":\"https:\/\/www.texcene.com\/fr\/\"},{\"@type\":\"ListItem\",\"position\":2,\"name\":\"Laboratoire\"}]},{\"@type\":\"WebSite\",\"@id\":\"https:\/\/www.texcene.com\/fr\/#website\",\"url\":\"https:\/\/www.texcene.com\/fr\/\",\"name\":\"Texcene\",\"description\":\"\",\"potentialAction\":[{\"@type\":\"SearchAction\",\"target\":{\"@type\":\"EntryPoint\",\"urlTemplate\":\"https:\/\/www.texcene.com\/fr\/?s={search_term_string}\"},\"query-input\":{\"@type\":\"PropertyValueSpecification\",\"valueRequired\":true,\"valueName\":\"search_term_string\"}}],\"inLanguage\":\"fr-FR\"}]}<\/script>\n<!-- \/ Yoast SEO plugin. -->","yoast_head_json":{"title":"Laboratoire - Texcene","description":"Le laboratoire Texcene r\u00e9alise des contr\u00f4les, essais et analyses pour garantir qualit\u00e9 et fiabilit\u00e9 textile.","robots":{"index":"index","follow":"follow","max-snippet":"max-snippet:-1","max-image-preview":"max-image-preview:large","max-video-preview":"max-video-preview:-1"},"canonical":"https:\/\/www.texcene.com\/fr\/laboratoire\/","og_locale":"fr_FR","og_type":"article","og_title":"Laboratoire - Texcene","og_description":"Le laboratoire Texcene r\u00e9alise des contr\u00f4les, essais et analyses pour garantir qualit\u00e9 et fiabilit\u00e9 textile.","og_url":"https:\/\/www.texcene.com\/fr\/laboratoire\/","og_site_name":"Texcene","article_modified_time":"2026-03-11T11:52:35+00:00","og_image":[{"width":2160,"height":827,"url":"https:\/\/www.texcene.com\/wp-content\/uploads\/2026\/02\/Il-nostro-laboratorio.avif","type":"image\/jpeg"}],"twitter_card":"summary_large_image","twitter_misc":{"Dur\u00e9e de lecture estim\u00e9e":"1 minute"},"schema":{"@context":"https:\/\/schema.org","@graph":[{"@type":"WebPage","@id":"https:\/\/www.texcene.com\/fr\/laboratoire\/","url":"https:\/\/www.texcene.com\/fr\/laboratoire\/","name":"Laboratoire - Texcene","isPartOf":{"@id":"https:\/\/www.texcene.com\/fr\/#website"},"primaryImageOfPage":{"@id":"https:\/\/www.texcene.com\/fr\/laboratoire\/#primaryimage"},"image":{"@id":"https:\/\/www.texcene.com\/fr\/laboratoire\/#primaryimage"},"thumbnailUrl":"https:\/\/www.texcene.com\/wp-content\/uploads\/2026\/02\/Il-nostro-laboratorio.avif","datePublished":"2025-09-19T12:53:59+00:00","dateModified":"2026-03-11T11:52:35+00:00","description":"Le laboratoire Texcene r\u00e9alise des contr\u00f4les, essais et analyses pour garantir qualit\u00e9 et fiabilit\u00e9 textile.","breadcrumb":{"@id":"https:\/\/www.texcene.com\/fr\/laboratoire\/#breadcrumb"},"inLanguage":"fr-FR","potentialAction":[{"@type":"ReadAction","target":["https:\/\/www.texcene.com\/fr\/laboratoire\/"]}]},{"@type":"ImageObject","inLanguage":"fr-FR","@id":"https:\/\/www.texcene.com\/fr\/laboratoire\/#primaryimage","url":"https:\/\/www.texcene.com\/wp-content\/uploads\/2026\/02\/Il-nostro-laboratorio.avif","contentUrl":"https:\/\/www.texcene.com\/wp-content\/uploads\/2026\/02\/Il-nostro-laboratorio.avif","width":2160,"height":827},{"@type":"BreadcrumbList","@id":"https:\/\/www.texcene.com\/fr\/laboratoire\/#breadcrumb","itemListElement":[{"@type":"ListItem","position":1,"name":"Home","item":"https:\/\/www.texcene.com\/fr\/"},{"@type":"ListItem","position":2,"name":"Laboratoire"}]},{"@type":"WebSite","@id":"https:\/\/www.texcene.com\/fr\/#website","url":"https:\/\/www.texcene.com\/fr\/","name":"Texcene","description":"","potentialAction":[{"@type":"SearchAction","target":{"@type":"EntryPoint","urlTemplate":"https:\/\/www.texcene.com\/fr\/?s={search_term_string}"},"query-input":{"@type":"PropertyValueSpecification","valueRequired":true,"valueName":"search_term_string"}}],"inLanguage":"fr-FR"}]}},"_links":{"self":[{"href":"https:\/\/www.texcene.com\/fr\/wp-json\/wp\/v2\/pages\/2397","targetHints":{"allow":["GET"]}}],"collection":[{"href":"https:\/\/www.texcene.com\/fr\/wp-json\/wp\/v2\/pages"}],"about":[{"href":"https:\/\/www.texcene.com\/fr\/wp-json\/wp\/v2\/types\/page"}],"author":[{"embeddable":true,"href":"https:\/\/www.texcene.com\/fr\/wp-json\/wp\/v2\/users\/1"}],"replies":[{"embeddable":true,"href":"https:\/\/www.texcene.com\/fr\/wp-json\/wp\/v2\/comments?post=2397"}],"version-history":[{"count":3,"href":"https:\/\/www.texcene.com\/fr\/wp-json\/wp\/v2\/pages\/2397\/revisions"}],"predecessor-version":[{"id":3260,"href":"https:\/\/www.texcene.com\/fr\/wp-json\/wp\/v2\/pages\/2397\/revisions\/3260"}],"wp:featuredmedia":[{"embeddable":true,"href":"https:\/\/www.texcene.com\/fr\/wp-json\/wp\/v2\/media\/2732"}],"wp:attachment":[{"href":"https:\/\/www.texcene.com\/fr\/wp-json\/wp\/v2\/media?parent=2397"}],"curies":[{"name":"wp","href":"https:\/\/api.w.org\/{rel}","templated":true}]}}