{"id":2403,"date":"2025-09-19T10:08:30","date_gmt":"2025-09-19T08:08:30","guid":{"rendered":"https:\/\/texcene.bspkn.it\/ecosistema-texcene\/"},"modified":"2026-03-11T14:31:53","modified_gmt":"2026-03-11T13:31:53","slug":"ecosysteme-texcene","status":"publish","type":"page","link":"https:\/\/www.texcene.com\/fr\/ecosysteme-texcene\/","title":{"rendered":"\u00c9cosyst\u00e8me Texcene"},"content":{"rendered":"<header role=\"hero\" class=\"relative flex flex-col items-start bg-black justify-end text-white  mb-8 lg:mb-11\">\n    <img loading=\"lazy\" decoding=\"async\" width=\"2160\" height=\"827\" src=\"https:\/\/www.texcene.com\/wp-content\/uploads\/2025\/09\/ecosistema.avif\" class=\"size-full top-0 left-0 z-0 object-cover absolute\" alt=\"\" srcset=\"https:\/\/www.texcene.com\/wp-content\/uploads\/2025\/09\/ecosistema.avif 2160w, https:\/\/www.texcene.com\/wp-content\/uploads\/2025\/09\/ecosistema-300x115.avif 300w, https:\/\/www.texcene.com\/wp-content\/uploads\/2025\/09\/ecosistema-1024x392.avif 1024w, https:\/\/www.texcene.com\/wp-content\/uploads\/2025\/09\/ecosistema-768x294.avif 768w, https:\/\/www.texcene.com\/wp-content\/uploads\/2025\/09\/ecosistema-1536x588.avif 1536w, https:\/\/www.texcene.com\/wp-content\/uploads\/2025\/09\/ecosistema-2048x784.avif 2048w\" sizes=\"auto, (max-width: 2160px) 100vw, 2160px\" \/>        \n    <div class=\"relative sides flex flex-col items-start w-full gap-5 md:gap-8 max-w-303 pt-20 pb-15 md:pt-37 md:pb-30\">\n        <h1 class=\"text-3xl md:text-5xl lg:text-7xl font-bold pt-25 md:pt-30 md:max-w-2\/3\">\u00c9cosyst\u00e8me Texcene<\/h1>\n                <h2 class=\"font-inter text-lg md:text-2xl \">Radici locali, impatto globale<\/h2>\n            <\/div>\n    <\/header><div class=\"relative py-11 overflow-hidden md:py-20 text-white\">\n    <img loading=\"lazy\" decoding=\"async\" width=\"2160\" height=\"801\" src=\"https:\/\/www.texcene.com\/wp-content\/uploads\/2025\/09\/la-nostra-scelta-cover-1.avif\" class=\"w-full inset-0 h-full object-cover top-0 left-0 absolute z-0\" alt=\"\" srcset=\"https:\/\/www.texcene.com\/wp-content\/uploads\/2025\/09\/la-nostra-scelta-cover-1.avif 2160w, https:\/\/www.texcene.com\/wp-content\/uploads\/2025\/09\/la-nostra-scelta-cover-1-300x111.avif 300w, https:\/\/www.texcene.com\/wp-content\/uploads\/2025\/09\/la-nostra-scelta-cover-1-1024x380.avif 1024w, https:\/\/www.texcene.com\/wp-content\/uploads\/2025\/09\/la-nostra-scelta-cover-1-768x285.avif 768w, https:\/\/www.texcene.com\/wp-content\/uploads\/2025\/09\/la-nostra-scelta-cover-1-1536x570.avif 1536w, https:\/\/www.texcene.com\/wp-content\/uploads\/2025\/09\/la-nostra-scelta-cover-1-2048x759.avif 2048w\" sizes=\"auto, (max-width: 2160px) 100vw, 2160px\" \/>    <div class=\"sides relative z-10 grid grid-cols-1 gap-8 md:gap-12 lg:gap-x-20 items-center lg:grid-cols-7 max-w-360 py-11\">\n                <div class=\"md:pl-12 lg:pl-16 flex flex-col gap-5 lg:col-span-3\">\n                        <h2 class=\"text-2xl md:text-3xl  lg:text-5xl  font-bold\">\n            La nostra scelta        <\/h2>\n                        <div class=\"text-base md:text-lg \">\n            <p>Produrre localmente non \u00e8 solo una scelta logistica: <strong>\u00e8 una scelta di valore<\/strong>.<\/p>\n<p>Abbiamo costruito una filiera corta interamente radicata nel <strong>territorio bergamasco<\/strong>, collaborando con una rete selezionata di fornitori, laboratori e artigiani che condividono la nostra stessa <strong>visione di qualit\u00e0 e sostenibilit\u00e0<\/strong>.<\/p>\n        <\/div>\n                        <\/div>\n                    <\/div>\n<\/div>\n<div class=\"relative py-11 overflow-hidden md:py-20 text-white\">\n    <img loading=\"lazy\" decoding=\"async\" width=\"2160\" height=\"768\" src=\"https:\/\/www.texcene.com\/wp-content\/uploads\/2025\/09\/Piu-controllo-meno-impatto-relazioni-autentiche.avif\" class=\"w-full inset-0 h-full object-cover top-0 left-0 absolute z-0\" alt=\"\" srcset=\"https:\/\/www.texcene.com\/wp-content\/uploads\/2025\/09\/Piu-controllo-meno-impatto-relazioni-autentiche.avif 2160w, https:\/\/www.texcene.com\/wp-content\/uploads\/2025\/09\/Piu-controllo-meno-impatto-relazioni-autentiche-300x107.avif 300w, https:\/\/www.texcene.com\/wp-content\/uploads\/2025\/09\/Piu-controllo-meno-impatto-relazioni-autentiche-1024x364.avif 1024w, https:\/\/www.texcene.com\/wp-content\/uploads\/2025\/09\/Piu-controllo-meno-impatto-relazioni-autentiche-768x273.avif 768w, https:\/\/www.texcene.com\/wp-content\/uploads\/2025\/09\/Piu-controllo-meno-impatto-relazioni-autentiche-1536x546.avif 1536w, https:\/\/www.texcene.com\/wp-content\/uploads\/2025\/09\/Piu-controllo-meno-impatto-relazioni-autentiche-2048x728.avif 2048w\" sizes=\"auto, (max-width: 2160px) 100vw, 2160px\" \/>    <div class=\"sides relative z-10 grid grid-cols-1 gap-8 md:gap-12 lg:gap-x-20 items-center lg:grid-cols-7 max-w-360 py-11\">\n                <div class=\"md:pl-12 lg:pl-16 flex flex-col gap-5 lg:col-span-3\">\n                <span class=\"text-sm font-bold\">\n            La filiera corta ci permette di        <\/span>\n                        <h2 class=\"text-2xl md:text-3xl    font-bold\">\n            Pi\u00f9 controllo, meno impatto, relazioni autentiche        <\/h2>\n                                <\/div>\n                        <div class=\"text-center grid lg:col-span-4 grid-cols-2 md:grid-cols-3 justify-center gap-7\">\n                        <div class=\"flex flex-col relative items-center gap-5  border border-white justify-between p-3  \">\n                <div class=\"w-full text-center flex flex-col gap-4\"> \n                                <h4 class=\"text-xl md:text-2xl font-bold lg:text-3xl\">\n                    Ridurre <br \/>\r\nle distanze e i tempi                <\/h4>\n                                                <div class=\"md:text-lg\">\n                    <p>tra le fasi produttive: meno trasporti, meno emissioni<\/p>\n                <\/div>\n                                <\/div>\n                                            <\/div>\n                        <div class=\"flex flex-col relative items-center gap-5  border border-white justify-between p-3  \">\n                <div class=\"w-full text-center flex flex-col gap-4\"> \n                                <h4 class=\"text-xl md:text-2xl font-bold lg:text-3xl\">\n                    Garantire <br \/>\r\nla tracciabilit\u00e0                <\/h4>\n                                                <div class=\"md:text-lg\">\n                    <p>di ogni processo<\/p>\n                <\/div>\n                                <\/div>\n                                            <\/div>\n                        <div class=\"flex flex-col relative items-center gap-5  border border-white justify-between p-3  \">\n                <div class=\"w-full text-center flex flex-col gap-4\"> \n                                <h4 class=\"text-xl md:text-2xl font-bold lg:text-3xl\">\n                    Assicurare la qualit\u00e0 risaltando il territorio                <\/h4>\n                                                <div class=\"md:text-lg\">\n                    <p>per offrire tessuti affidabili, tracciabili e legati alle origini<\/p>\n                <\/div>\n                                <\/div>\n                                            <\/div>\n                    <\/div>\n            <\/div>\n<\/div>\n  \n    <div class=\"py-11 flex sides max-w-360  gap-8 md:gap-16 lg:gap-25 lg:items-center flex-col-reverse lg:flex-row-reverse\">\n        <!-- Image Column -->\n                \n        <div class=\"w-full lg:w-3\/5\">\n                        <div class=\"grid grid-rows-4 gap-2\">\n                                <div class=\"flex flex-col md:flex-row items-center gap-5 md:gap-10 p-8 relative text-white px-12\">\n                                            <img loading=\"lazy\" decoding=\"async\" width=\"1095\" height=\"192\" src=\"https:\/\/www.texcene.com\/wp-content\/uploads\/2025\/09\/Riduzione-delle-emissioni-legate-alla-logistica.avif\" class=\"size-full absolute top-0 left-0 object-cover\" alt=\"\" srcset=\"https:\/\/www.texcene.com\/wp-content\/uploads\/2025\/09\/Riduzione-delle-emissioni-legate-alla-logistica.avif 1095w, https:\/\/www.texcene.com\/wp-content\/uploads\/2025\/09\/Riduzione-delle-emissioni-legate-alla-logistica-300x53.avif 300w, https:\/\/www.texcene.com\/wp-content\/uploads\/2025\/09\/Riduzione-delle-emissioni-legate-alla-logistica-1024x180.avif 1024w, https:\/\/www.texcene.com\/wp-content\/uploads\/2025\/09\/Riduzione-delle-emissioni-legate-alla-logistica-768x135.avif 768w\" sizes=\"auto, (max-width: 1095px) 100vw, 1095px\" \/>                                                            <header class=\"w-full relative\">\n                                                <h3 class=\"text-xl md:text-2xl font-bold leading-none\">\n                            Riduzione delle emissioni <br \/>\r\nlegate alla logistica                        <\/h3>\n                                            <\/header>\n                                    <\/div>  \n                                <div class=\"flex flex-col md:flex-row items-center gap-5 md:gap-10 p-8 relative text-white px-12\">\n                                            <img loading=\"lazy\" decoding=\"async\" width=\"1095\" height=\"193\" src=\"https:\/\/www.texcene.com\/wp-content\/uploads\/2025\/09\/Sostegno-alleconomia-locale-e-allartigianato-specializzato.avif\" class=\"size-full absolute top-0 left-0 object-cover\" alt=\"\" srcset=\"https:\/\/www.texcene.com\/wp-content\/uploads\/2025\/09\/Sostegno-alleconomia-locale-e-allartigianato-specializzato.avif 1095w, https:\/\/www.texcene.com\/wp-content\/uploads\/2025\/09\/Sostegno-alleconomia-locale-e-allartigianato-specializzato-300x53.avif 300w, https:\/\/www.texcene.com\/wp-content\/uploads\/2025\/09\/Sostegno-alleconomia-locale-e-allartigianato-specializzato-1024x180.avif 1024w, https:\/\/www.texcene.com\/wp-content\/uploads\/2025\/09\/Sostegno-alleconomia-locale-e-allartigianato-specializzato-768x135.avif 768w\" sizes=\"auto, (max-width: 1095px) 100vw, 1095px\" \/>                                                            <header class=\"w-full relative\">\n                                                <h3 class=\"text-xl md:text-2xl font-bold leading-none\">\n                            Sostegno all\u2019economia locale <br \/>\r\ne all\u2019artigianato specializzato                        <\/h3>\n                                            <\/header>\n                                    <\/div>  \n                                <div class=\"flex flex-col md:flex-row items-center gap-5 md:gap-10 p-8 relative text-white px-12\">\n                                            <img loading=\"lazy\" decoding=\"async\" width=\"1095\" height=\"192\" src=\"https:\/\/www.texcene.com\/wp-content\/uploads\/2025\/09\/Maggiore-coerenza-con-i-principi-delleconomia-circolare.avif\" class=\"size-full absolute top-0 left-0 object-cover\" alt=\"\" srcset=\"https:\/\/www.texcene.com\/wp-content\/uploads\/2025\/09\/Maggiore-coerenza-con-i-principi-delleconomia-circolare.avif 1095w, https:\/\/www.texcene.com\/wp-content\/uploads\/2025\/09\/Maggiore-coerenza-con-i-principi-delleconomia-circolare-300x53.avif 300w, https:\/\/www.texcene.com\/wp-content\/uploads\/2025\/09\/Maggiore-coerenza-con-i-principi-delleconomia-circolare-1024x180.avif 1024w, https:\/\/www.texcene.com\/wp-content\/uploads\/2025\/09\/Maggiore-coerenza-con-i-principi-delleconomia-circolare-768x135.avif 768w\" sizes=\"auto, (max-width: 1095px) 100vw, 1095px\" \/>                                                            <header class=\"w-full relative\">\n                                                <h3 class=\"text-xl md:text-2xl font-bold leading-none\">\n                            Maggiore coerenza con i <br \/>\r\nprincipi dell\u2019economia circolare                        <\/h3>\n                                            <\/header>\n                                    <\/div>  \n                                <div class=\"flex flex-col md:flex-row items-center gap-5 md:gap-10 p-8 relative text-white px-12\">\n                                            <img loading=\"lazy\" decoding=\"async\" width=\"1095\" height=\"192\" src=\"https:\/\/www.texcene.com\/wp-content\/uploads\/2025\/09\/Tracciabilita-trasparente-e-certificabile-del-prodotto-finito.avif\" class=\"size-full absolute top-0 left-0 object-cover\" alt=\"\" srcset=\"https:\/\/www.texcene.com\/wp-content\/uploads\/2025\/09\/Tracciabilita-trasparente-e-certificabile-del-prodotto-finito.avif 1095w, https:\/\/www.texcene.com\/wp-content\/uploads\/2025\/09\/Tracciabilita-trasparente-e-certificabile-del-prodotto-finito-300x53.avif 300w, https:\/\/www.texcene.com\/wp-content\/uploads\/2025\/09\/Tracciabilita-trasparente-e-certificabile-del-prodotto-finito-1024x180.avif 1024w, https:\/\/www.texcene.com\/wp-content\/uploads\/2025\/09\/Tracciabilita-trasparente-e-certificabile-del-prodotto-finito-768x135.avif 768w\" sizes=\"auto, (max-width: 1095px) 100vw, 1095px\" \/>                                                            <header class=\"w-full relative\">\n                                                <h3 class=\"text-xl md:text-2xl font-bold leading-none\">\n                            Tracciabilit\u00e0 trasparente e <br \/>\r\ncertificabile del prodotto finito                        <\/h3>\n                                            <\/header>\n                                    <\/div>  \n                   \n            <\/div>\n                    <\/div>\n                <!-- Text Column -->\n        <div class=\"w-full flex flex-col gap-5 lg:w-2\/5 px-0 lg:pl-16\">\n                            <h3 class=\"text-sm\">Una rete di Partner del territorio<\/h3>\n                                        <h2 class=\"text-3xl  lg:text-5xl font-bold\">Quali sono i benefici?<\/h2>\n                                    <div class=\"lg:mt-4 content md:text-lg\">\n                <p>Ogni fornitore \u00e8 scelto non solo per le competenze, ma per la condivisione di valori: qualit\u00e0, trasparenza, attenzione all\u2019ambiente e alle persone.<\/p>\n            <\/div>\n                                <\/div>\n            <\/div>\n","protected":false},"excerpt":{"rendered":"","protected":false},"author":1,"featured_media":1953,"parent":0,"menu_order":0,"comment_status":"closed","ping_status":"closed","template":"","meta":{"_acf_changed":false,"footnotes":""},"class_list":["post-2403","page","type-page","status-publish","has-post-thumbnail","hentry"],"acf":[],"yoast_head":"<!-- This site is optimized with the Yoast SEO plugin v25.3.1 - https:\/\/yoast.com\/wordpress\/plugins\/seo\/ -->\n<title>\u00c9cosyst\u00e8me Texcene - Texcene<\/title>\n<meta name=\"description\" content=\"L\u2019\u00e9cosyst\u00e8me Texcene r\u00e9unit innovation, savoir-faire textile, durabilit\u00e9 et services int\u00e9gr\u00e9s pour une fili\u00e8re plus efficace et responsable.\" \/>\n<meta name=\"robots\" content=\"index, follow, max-snippet:-1, max-image-preview:large, max-video-preview:-1\" \/>\n<link rel=\"canonical\" href=\"https:\/\/www.texcene.com\/fr\/ecosysteme-texcene\/\" \/>\n<meta property=\"og:locale\" content=\"fr_FR\" \/>\n<meta property=\"og:type\" content=\"article\" \/>\n<meta property=\"og:title\" content=\"\u00c9cosyst\u00e8me Texcene - Texcene\" \/>\n<meta property=\"og:description\" content=\"L\u2019\u00e9cosyst\u00e8me Texcene r\u00e9unit innovation, savoir-faire textile, durabilit\u00e9 et services int\u00e9gr\u00e9s pour une fili\u00e8re plus efficace et responsable.\" \/>\n<meta property=\"og:url\" content=\"https:\/\/www.texcene.com\/fr\/ecosysteme-texcene\/\" \/>\n<meta property=\"og:site_name\" content=\"Texcene\" \/>\n<meta property=\"article:modified_time\" content=\"2026-03-11T13:31:53+00:00\" \/>\n<meta property=\"og:image\" content=\"https:\/\/www.texcene.com\/wp-content\/uploads\/2025\/09\/ecosistema.avif\" \/>\n\t<meta property=\"og:image:width\" content=\"2160\" \/>\n\t<meta property=\"og:image:height\" content=\"827\" \/>\n\t<meta property=\"og:image:type\" content=\"image\/jpeg\" \/>\n<meta name=\"twitter:card\" content=\"summary_large_image\" \/>\n<meta name=\"twitter:label1\" content=\"Dur\u00e9e de lecture estim\u00e9e\" \/>\n\t<meta name=\"twitter:data1\" content=\"1 minute\" \/>\n<script type=\"application\/ld+json\" class=\"yoast-schema-graph\">{\"@context\":\"https:\/\/schema.org\",\"@graph\":[{\"@type\":\"WebPage\",\"@id\":\"https:\/\/www.texcene.com\/fr\/ecosysteme-texcene\/\",\"url\":\"https:\/\/www.texcene.com\/fr\/ecosysteme-texcene\/\",\"name\":\"\u00c9cosyst\u00e8me Texcene - Texcene\",\"isPartOf\":{\"@id\":\"https:\/\/www.texcene.com\/fr\/#website\"},\"primaryImageOfPage\":{\"@id\":\"https:\/\/www.texcene.com\/fr\/ecosysteme-texcene\/#primaryimage\"},\"image\":{\"@id\":\"https:\/\/www.texcene.com\/fr\/ecosysteme-texcene\/#primaryimage\"},\"thumbnailUrl\":\"https:\/\/www.texcene.com\/wp-content\/uploads\/2025\/09\/ecosistema.avif\",\"datePublished\":\"2025-09-19T08:08:30+00:00\",\"dateModified\":\"2026-03-11T13:31:53+00:00\",\"description\":\"L\u2019\u00e9cosyst\u00e8me Texcene r\u00e9unit innovation, savoir-faire textile, durabilit\u00e9 et services int\u00e9gr\u00e9s pour une fili\u00e8re plus efficace et responsable.\",\"breadcrumb\":{\"@id\":\"https:\/\/www.texcene.com\/fr\/ecosysteme-texcene\/#breadcrumb\"},\"inLanguage\":\"fr-FR\",\"potentialAction\":[{\"@type\":\"ReadAction\",\"target\":[\"https:\/\/www.texcene.com\/fr\/ecosysteme-texcene\/\"]}]},{\"@type\":\"ImageObject\",\"inLanguage\":\"fr-FR\",\"@id\":\"https:\/\/www.texcene.com\/fr\/ecosysteme-texcene\/#primaryimage\",\"url\":\"https:\/\/www.texcene.com\/wp-content\/uploads\/2025\/09\/ecosistema.avif\",\"contentUrl\":\"https:\/\/www.texcene.com\/wp-content\/uploads\/2025\/09\/ecosistema.avif\",\"width\":2160,\"height\":827},{\"@type\":\"BreadcrumbList\",\"@id\":\"https:\/\/www.texcene.com\/fr\/ecosysteme-texcene\/#breadcrumb\",\"itemListElement\":[{\"@type\":\"ListItem\",\"position\":1,\"name\":\"Home\",\"item\":\"https:\/\/www.texcene.com\/fr\/\"},{\"@type\":\"ListItem\",\"position\":2,\"name\":\"\u00c9cosyst\u00e8me Texcene\"}]},{\"@type\":\"WebSite\",\"@id\":\"https:\/\/www.texcene.com\/fr\/#website\",\"url\":\"https:\/\/www.texcene.com\/fr\/\",\"name\":\"Texcene\",\"description\":\"\",\"potentialAction\":[{\"@type\":\"SearchAction\",\"target\":{\"@type\":\"EntryPoint\",\"urlTemplate\":\"https:\/\/www.texcene.com\/fr\/?s={search_term_string}\"},\"query-input\":{\"@type\":\"PropertyValueSpecification\",\"valueRequired\":true,\"valueName\":\"search_term_string\"}}],\"inLanguage\":\"fr-FR\"}]}<\/script>\n<!-- \/ Yoast SEO plugin. -->","yoast_head_json":{"title":"\u00c9cosyst\u00e8me Texcene - Texcene","description":"L\u2019\u00e9cosyst\u00e8me Texcene r\u00e9unit innovation, savoir-faire textile, durabilit\u00e9 et services int\u00e9gr\u00e9s pour une fili\u00e8re plus efficace et responsable.","robots":{"index":"index","follow":"follow","max-snippet":"max-snippet:-1","max-image-preview":"max-image-preview:large","max-video-preview":"max-video-preview:-1"},"canonical":"https:\/\/www.texcene.com\/fr\/ecosysteme-texcene\/","og_locale":"fr_FR","og_type":"article","og_title":"\u00c9cosyst\u00e8me Texcene - Texcene","og_description":"L\u2019\u00e9cosyst\u00e8me Texcene r\u00e9unit innovation, savoir-faire textile, durabilit\u00e9 et services int\u00e9gr\u00e9s pour une fili\u00e8re plus efficace et responsable.","og_url":"https:\/\/www.texcene.com\/fr\/ecosysteme-texcene\/","og_site_name":"Texcene","article_modified_time":"2026-03-11T13:31:53+00:00","og_image":[{"width":2160,"height":827,"url":"https:\/\/www.texcene.com\/wp-content\/uploads\/2025\/09\/ecosistema.avif","type":"image\/jpeg"}],"twitter_card":"summary_large_image","twitter_misc":{"Dur\u00e9e de lecture estim\u00e9e":"1 minute"},"schema":{"@context":"https:\/\/schema.org","@graph":[{"@type":"WebPage","@id":"https:\/\/www.texcene.com\/fr\/ecosysteme-texcene\/","url":"https:\/\/www.texcene.com\/fr\/ecosysteme-texcene\/","name":"\u00c9cosyst\u00e8me Texcene - Texcene","isPartOf":{"@id":"https:\/\/www.texcene.com\/fr\/#website"},"primaryImageOfPage":{"@id":"https:\/\/www.texcene.com\/fr\/ecosysteme-texcene\/#primaryimage"},"image":{"@id":"https:\/\/www.texcene.com\/fr\/ecosysteme-texcene\/#primaryimage"},"thumbnailUrl":"https:\/\/www.texcene.com\/wp-content\/uploads\/2025\/09\/ecosistema.avif","datePublished":"2025-09-19T08:08:30+00:00","dateModified":"2026-03-11T13:31:53+00:00","description":"L\u2019\u00e9cosyst\u00e8me Texcene r\u00e9unit innovation, savoir-faire textile, durabilit\u00e9 et services int\u00e9gr\u00e9s pour une fili\u00e8re plus efficace et responsable.","breadcrumb":{"@id":"https:\/\/www.texcene.com\/fr\/ecosysteme-texcene\/#breadcrumb"},"inLanguage":"fr-FR","potentialAction":[{"@type":"ReadAction","target":["https:\/\/www.texcene.com\/fr\/ecosysteme-texcene\/"]}]},{"@type":"ImageObject","inLanguage":"fr-FR","@id":"https:\/\/www.texcene.com\/fr\/ecosysteme-texcene\/#primaryimage","url":"https:\/\/www.texcene.com\/wp-content\/uploads\/2025\/09\/ecosistema.avif","contentUrl":"https:\/\/www.texcene.com\/wp-content\/uploads\/2025\/09\/ecosistema.avif","width":2160,"height":827},{"@type":"BreadcrumbList","@id":"https:\/\/www.texcene.com\/fr\/ecosysteme-texcene\/#breadcrumb","itemListElement":[{"@type":"ListItem","position":1,"name":"Home","item":"https:\/\/www.texcene.com\/fr\/"},{"@type":"ListItem","position":2,"name":"\u00c9cosyst\u00e8me Texcene"}]},{"@type":"WebSite","@id":"https:\/\/www.texcene.com\/fr\/#website","url":"https:\/\/www.texcene.com\/fr\/","name":"Texcene","description":"","potentialAction":[{"@type":"SearchAction","target":{"@type":"EntryPoint","urlTemplate":"https:\/\/www.texcene.com\/fr\/?s={search_term_string}"},"query-input":{"@type":"PropertyValueSpecification","valueRequired":true,"valueName":"search_term_string"}}],"inLanguage":"fr-FR"}]}},"_links":{"self":[{"href":"https:\/\/www.texcene.com\/fr\/wp-json\/wp\/v2\/pages\/2403","targetHints":{"allow":["GET"]}}],"collection":[{"href":"https:\/\/www.texcene.com\/fr\/wp-json\/wp\/v2\/pages"}],"about":[{"href":"https:\/\/www.texcene.com\/fr\/wp-json\/wp\/v2\/types\/page"}],"author":[{"embeddable":true,"href":"https:\/\/www.texcene.com\/fr\/wp-json\/wp\/v2\/users\/1"}],"replies":[{"embeddable":true,"href":"https:\/\/www.texcene.com\/fr\/wp-json\/wp\/v2\/comments?post=2403"}],"version-history":[{"count":2,"href":"https:\/\/www.texcene.com\/fr\/wp-json\/wp\/v2\/pages\/2403\/revisions"}],"predecessor-version":[{"id":2934,"href":"https:\/\/www.texcene.com\/fr\/wp-json\/wp\/v2\/pages\/2403\/revisions\/2934"}],"wp:featuredmedia":[{"embeddable":true,"href":"https:\/\/www.texcene.com\/fr\/wp-json\/wp\/v2\/media\/1953"}],"wp:attachment":[{"href":"https:\/\/www.texcene.com\/fr\/wp-json\/wp\/v2\/media?parent=2403"}],"curies":[{"name":"wp","href":"https:\/\/api.w.org\/{rel}","templated":true}]}}