{"id":2465,"date":"2025-09-17T11:00:29","date_gmt":"2025-09-17T09:00:29","guid":{"rendered":"https:\/\/texcene.bspkn.it\/tintoria-finissaggio-overflow\/"},"modified":"2026-04-19T02:37:40","modified_gmt":"2026-04-19T00:37:40","slug":"teinture-et-finition-en-overflow","status":"publish","type":"page","link":"https:\/\/www.texcene.com\/fr\/teinture-et-finition-en-overflow\/","title":{"rendered":"Teinture et finition en overflow"},"content":{"rendered":"<header role=\"hero\" class=\"relative flex flex-col items-start bg-black justify-end text-white  \">\n    <img loading=\"lazy\" decoding=\"async\" width=\"2160\" height=\"1010\" src=\"https:\/\/www.texcene.com\/wp-content\/uploads\/2025\/09\/tintoriafissaggiooverflow.avif\" class=\"object-cover w-full h-auto\" alt=\"\" srcset=\"https:\/\/www.texcene.com\/wp-content\/uploads\/2025\/09\/tintoriafissaggiooverflow.avif 2160w, https:\/\/www.texcene.com\/wp-content\/uploads\/2025\/09\/tintoriafissaggiooverflow-300x140.avif 300w, https:\/\/www.texcene.com\/wp-content\/uploads\/2025\/09\/tintoriafissaggiooverflow-1024x479.avif 1024w, https:\/\/www.texcene.com\/wp-content\/uploads\/2025\/09\/tintoriafissaggiooverflow-768x359.avif 768w, https:\/\/www.texcene.com\/wp-content\/uploads\/2025\/09\/tintoriafissaggiooverflow-1536x718.avif 1536w, https:\/\/www.texcene.com\/wp-content\/uploads\/2025\/09\/tintoriafissaggiooverflow-2048x958.avif 2048w\" sizes=\"auto, (max-width: 2160px) 100vw, 2160px\" \/><\/header><div class=\"sides max-w-360 py-11 grid grid-cols-1 md:grid-cols-2 lg:grid-cols-9 gap-5\">\n    <h2 class=\"text-3xl md:text-4xl lg:text-5xl font-bold mb-5 col-span-full text-center\">\n        Tintoria e finissaggio in overflow    <\/h2>\n        <a href=\"https:\/\/www.texcene.com\/fr\/industries\/empilage\/\" class=\"link relative flex flex-col items-center justify-center p-8 md:p-16 lg:py-32 text-white w-full lg:col-span-2 bg-black\">\n                    <img loading=\"lazy\" decoding=\"async\" width=\"1600\" height=\"1067\" src=\"https:\/\/www.texcene.com\/wp-content\/uploads\/2025\/06\/TEXCENEb-36.avif\" class=\"size-full absolute top-0 left-0 object-cover z-0 opacity-80 wp-post-image\" alt=\"\" srcset=\"https:\/\/www.texcene.com\/wp-content\/uploads\/2025\/06\/TEXCENEb-36.avif 1600w, https:\/\/www.texcene.com\/wp-content\/uploads\/2025\/06\/TEXCENEb-36-300x200.avif 300w, https:\/\/www.texcene.com\/wp-content\/uploads\/2025\/06\/TEXCENEb-36-1024x683.avif 1024w, https:\/\/www.texcene.com\/wp-content\/uploads\/2025\/06\/TEXCENEb-36-768x512.avif 768w, https:\/\/www.texcene.com\/wp-content\/uploads\/2025\/06\/TEXCENEb-36-1536x1024.avif 1536w\" sizes=\"auto, (max-width: 1600px) 100vw, 1600px\" \/>                <div class=\"relative z-10 flex flex-col gap-2 justify-center items-center min-h-full text-center\">\n            <h3 class=\"text-xl md:text-2xl font-bold \">Empilage<\/h3>\n                    <\/div>\n            <\/a>\n        <a href=\"https:\/\/www.texcene.com\/fr\/industries\/teinture\/\" class=\"link relative flex flex-col items-center justify-center p-8 md:p-16 lg:py-32 text-white w-full lg:col-span-3 bg-black\">\n                    <img loading=\"lazy\" decoding=\"async\" width=\"1600\" height=\"1067\" src=\"https:\/\/www.texcene.com\/wp-content\/uploads\/2025\/06\/TEXCENEb-38.avif\" class=\"size-full absolute top-0 left-0 object-cover z-0 opacity-80 wp-post-image\" alt=\"\" srcset=\"https:\/\/www.texcene.com\/wp-content\/uploads\/2025\/06\/TEXCENEb-38.avif 1600w, https:\/\/www.texcene.com\/wp-content\/uploads\/2025\/06\/TEXCENEb-38-300x200.avif 300w, https:\/\/www.texcene.com\/wp-content\/uploads\/2025\/06\/TEXCENEb-38-1024x683.avif 1024w, https:\/\/www.texcene.com\/wp-content\/uploads\/2025\/06\/TEXCENEb-38-768x512.avif 768w, https:\/\/www.texcene.com\/wp-content\/uploads\/2025\/06\/TEXCENEb-38-1536x1024.avif 1536w\" sizes=\"auto, (max-width: 1600px) 100vw, 1600px\" \/>                <div class=\"relative z-10 flex flex-col gap-2 justify-center items-center min-h-full text-center lg:text-left lg:items-start\">\n            <h3 class=\"text-xl md:text-2xl font-bold \">Teinture<\/h3>\n                        <div class=\"md:text-lg max-lg:hidden\">\n                Le processus de teinture est g\u00e9r\u00e9 par un syst\u00e8me centralis\u00e9&#8230;            <\/div>\n                    <\/div>\n            <\/a>\n        <a href=\"https:\/\/www.texcene.com\/fr\/industries\/centrifuge\/\" class=\"link relative flex flex-col items-center justify-center p-8 md:p-16 lg:py-32 text-white w-full lg:col-span-2 bg-black\">\n                    <img loading=\"lazy\" decoding=\"async\" width=\"1600\" height=\"1067\" src=\"https:\/\/www.texcene.com\/wp-content\/uploads\/2025\/06\/TEXCENEb-41.jpg\" class=\"size-full absolute top-0 left-0 object-cover z-0 opacity-80 wp-post-image\" alt=\"\" srcset=\"https:\/\/www.texcene.com\/wp-content\/uploads\/2025\/06\/TEXCENEb-41.jpg 1600w, https:\/\/www.texcene.com\/wp-content\/uploads\/2025\/06\/TEXCENEb-41-300x200.jpg 300w, https:\/\/www.texcene.com\/wp-content\/uploads\/2025\/06\/TEXCENEb-41-1024x683.jpg 1024w, https:\/\/www.texcene.com\/wp-content\/uploads\/2025\/06\/TEXCENEb-41-768x512.jpg 768w, https:\/\/www.texcene.com\/wp-content\/uploads\/2025\/06\/TEXCENEb-41-1536x1024.jpg 1536w\" sizes=\"auto, (max-width: 1600px) 100vw, 1600px\" \/>                <div class=\"relative z-10 flex flex-col gap-2 justify-center items-center min-h-full text-center\">\n            <h3 class=\"text-xl md:text-2xl font-bold \">Centrifuge<\/h3>\n                    <\/div>\n            <\/a>\n        <a href=\"https:\/\/www.texcene.com\/fr\/industries\/sechoir-a-tambours\/\" class=\"link relative flex flex-col items-center justify-center p-8 md:p-16 lg:py-32 text-white w-full lg:col-span-2 bg-black\">\n                    <img loading=\"lazy\" decoding=\"async\" width=\"1600\" height=\"1067\" src=\"https:\/\/www.texcene.com\/wp-content\/uploads\/2025\/06\/TEX-42.jpg\" class=\"size-full absolute top-0 left-0 object-cover z-0 opacity-80 wp-post-image\" alt=\"\" srcset=\"https:\/\/www.texcene.com\/wp-content\/uploads\/2025\/06\/TEX-42.jpg 1600w, https:\/\/www.texcene.com\/wp-content\/uploads\/2025\/06\/TEX-42-300x200.jpg 300w, https:\/\/www.texcene.com\/wp-content\/uploads\/2025\/06\/TEX-42-1024x683.jpg 1024w, https:\/\/www.texcene.com\/wp-content\/uploads\/2025\/06\/TEX-42-768x512.jpg 768w, https:\/\/www.texcene.com\/wp-content\/uploads\/2025\/06\/TEX-42-1536x1024.jpg 1536w\" sizes=\"auto, (max-width: 1600px) 100vw, 1600px\" \/>                <div class=\"relative z-10 flex flex-col gap-2 justify-center items-center min-h-full text-center\">\n            <h3 class=\"text-xl md:text-2xl font-bold \">S\u00e9choir \u00e0 tambours<\/h3>\n                    <\/div>\n            <\/a>\n        <a href=\"https:\/\/www.texcene.com\/fr\/industries\/tondeuse\/\" class=\"link relative flex flex-col items-center justify-center p-8 md:p-16 lg:py-32 text-white w-full lg:col-span-2 bg-black\">\n                    <img loading=\"lazy\" decoding=\"async\" width=\"1600\" height=\"1067\" src=\"https:\/\/www.texcene.com\/wp-content\/uploads\/2025\/06\/TEXCENE-76.avif\" class=\"size-full absolute top-0 left-0 object-cover z-0 opacity-80 wp-post-image\" alt=\"\" srcset=\"https:\/\/www.texcene.com\/wp-content\/uploads\/2025\/06\/TEXCENE-76.avif 1600w, https:\/\/www.texcene.com\/wp-content\/uploads\/2025\/06\/TEXCENE-76-300x200.avif 300w, https:\/\/www.texcene.com\/wp-content\/uploads\/2025\/06\/TEXCENE-76-1024x683.avif 1024w, https:\/\/www.texcene.com\/wp-content\/uploads\/2025\/06\/TEXCENE-76-768x512.avif 768w, https:\/\/www.texcene.com\/wp-content\/uploads\/2025\/06\/TEXCENE-76-1536x1024.avif 1536w\" sizes=\"auto, (max-width: 1600px) 100vw, 1600px\" \/>                <div class=\"relative z-10 flex flex-col gap-2 justify-center items-center min-h-full text-center\">\n            <h3 class=\"text-xl md:text-2xl font-bold \">Tondeuse<\/h3>\n                    <\/div>\n            <\/a>\n        <a href=\"https:\/\/www.texcene.com\/fr\/industries\/conditionnement\/\" class=\"link relative flex flex-col items-center justify-center p-8 md:p-16 lg:py-32 text-white w-full lg:col-span-2 bg-black\">\n                    <img loading=\"lazy\" decoding=\"async\" width=\"1600\" height=\"1066\" src=\"https:\/\/www.texcene.com\/wp-content\/uploads\/2025\/06\/TEX-21.avif\" class=\"size-full absolute top-0 left-0 object-cover z-0 opacity-80 wp-post-image\" alt=\"\" srcset=\"https:\/\/www.texcene.com\/wp-content\/uploads\/2025\/06\/TEX-21.avif 1600w, https:\/\/www.texcene.com\/wp-content\/uploads\/2025\/06\/TEX-21-300x200.avif 300w, https:\/\/www.texcene.com\/wp-content\/uploads\/2025\/06\/TEX-21-1024x682.avif 1024w, https:\/\/www.texcene.com\/wp-content\/uploads\/2025\/06\/TEX-21-768x512.avif 768w, https:\/\/www.texcene.com\/wp-content\/uploads\/2025\/06\/TEX-21-1536x1023.avif 1536w\" sizes=\"auto, (max-width: 1600px) 100vw, 1600px\" \/>                <div class=\"relative z-10 flex flex-col gap-2 justify-center items-center min-h-full text-center\">\n            <h3 class=\"text-xl md:text-2xl font-bold \">Conditionnement<\/h3>\n                    <\/div>\n            <\/a>\n        <a href=\"https:\/\/www.texcene.com\/fr\/industries\/rameuse-2\/\" class=\"link relative flex flex-col items-center justify-center p-8 md:p-16 lg:py-32 text-white w-full lg:col-span-3 bg-black\">\n                    <img loading=\"lazy\" decoding=\"async\" width=\"1600\" height=\"1067\" src=\"https:\/\/www.texcene.com\/wp-content\/uploads\/2025\/06\/TEXCENEb-56.jpg\" class=\"size-full absolute top-0 left-0 object-cover z-0 opacity-80 wp-post-image\" alt=\"\" srcset=\"https:\/\/www.texcene.com\/wp-content\/uploads\/2025\/06\/TEXCENEb-56.jpg 1600w, https:\/\/www.texcene.com\/wp-content\/uploads\/2025\/06\/TEXCENEb-56-300x200.jpg 300w, https:\/\/www.texcene.com\/wp-content\/uploads\/2025\/06\/TEXCENEb-56-1024x683.jpg 1024w, https:\/\/www.texcene.com\/wp-content\/uploads\/2025\/06\/TEXCENEb-56-768x512.jpg 768w, https:\/\/www.texcene.com\/wp-content\/uploads\/2025\/06\/TEXCENEb-56-1536x1024.jpg 1536w\" sizes=\"auto, (max-width: 1600px) 100vw, 1600px\" \/>                <div class=\"relative z-10 flex flex-col gap-2 justify-center items-center min-h-full text-center lg:text-left lg:items-start\">\n            <h3 class=\"text-xl md:text-2xl font-bold \">Rameuse<\/h3>\n                        <div class=\"md:text-lg max-lg:hidden\">\n                Le passage en rame permet de s\u00e9cher, stabiliser, fixer par&#8230;            <\/div>\n                    <\/div>\n            <\/a>\n    <\/div>\n ","protected":false},"excerpt":{"rendered":"","protected":false},"author":1,"featured_media":1631,"parent":0,"menu_order":0,"comment_status":"closed","ping_status":"closed","template":"","meta":{"_acf_changed":false,"footnotes":""},"class_list":["post-2465","page","type-page","status-publish","has-post-thumbnail","hentry"],"acf":[],"yoast_head":"<!-- This site is optimized with the Yoast SEO plugin v25.3.1 - https:\/\/yoast.com\/wordpress\/plugins\/seo\/ -->\n<title>Teinture et finition en overflow - Texcene<\/title>\n<meta name=\"description\" content=\"La teinture et la finition en overflow permettent de traiter les tissus d\u00e9licats avec plus d\u2019uniformit\u00e9, de soin et de qualit\u00e9.\" \/>\n<meta name=\"robots\" content=\"index, follow, max-snippet:-1, max-image-preview:large, max-video-preview:-1\" \/>\n<link rel=\"canonical\" href=\"https:\/\/www.texcene.com\/fr\/teinture-et-finition-en-overflow\/\" \/>\n<meta property=\"og:locale\" content=\"fr_FR\" \/>\n<meta property=\"og:type\" content=\"article\" \/>\n<meta property=\"og:title\" content=\"Teinture et finition en overflow - Texcene\" \/>\n<meta property=\"og:description\" content=\"La teinture et la finition en overflow permettent de traiter les tissus d\u00e9licats avec plus d\u2019uniformit\u00e9, de soin et de qualit\u00e9.\" \/>\n<meta property=\"og:url\" content=\"https:\/\/www.texcene.com\/fr\/teinture-et-finition-en-overflow\/\" \/>\n<meta property=\"og:site_name\" content=\"Texcene\" \/>\n<meta property=\"article:modified_time\" content=\"2026-04-19T00:37:40+00:00\" \/>\n<meta property=\"og:image\" content=\"https:\/\/www.texcene.com\/wp-content\/uploads\/2025\/09\/tintoriafissaggiooverflow.avif\" \/>\n\t<meta property=\"og:image:width\" content=\"2160\" \/>\n\t<meta property=\"og:image:height\" content=\"1010\" \/>\n\t<meta property=\"og:image:type\" content=\"image\/jpeg\" \/>\n<meta name=\"twitter:card\" content=\"summary_large_image\" \/>\n<meta name=\"twitter:label1\" content=\"Dur\u00e9e de lecture estim\u00e9e\" \/>\n\t<meta name=\"twitter:data1\" content=\"1 minute\" \/>\n<script type=\"application\/ld+json\" class=\"yoast-schema-graph\">{\"@context\":\"https:\/\/schema.org\",\"@graph\":[{\"@type\":\"WebPage\",\"@id\":\"https:\/\/www.texcene.com\/fr\/teinture-et-finition-en-overflow\/\",\"url\":\"https:\/\/www.texcene.com\/fr\/teinture-et-finition-en-overflow\/\",\"name\":\"Teinture et finition en overflow - Texcene\",\"isPartOf\":{\"@id\":\"https:\/\/www.texcene.com\/fr\/#website\"},\"primaryImageOfPage\":{\"@id\":\"https:\/\/www.texcene.com\/fr\/teinture-et-finition-en-overflow\/#primaryimage\"},\"image\":{\"@id\":\"https:\/\/www.texcene.com\/fr\/teinture-et-finition-en-overflow\/#primaryimage\"},\"thumbnailUrl\":\"https:\/\/www.texcene.com\/wp-content\/uploads\/2025\/09\/tintoriafissaggiooverflow.avif\",\"datePublished\":\"2025-09-17T09:00:29+00:00\",\"dateModified\":\"2026-04-19T00:37:40+00:00\",\"description\":\"La teinture et la finition en overflow permettent de traiter les tissus d\u00e9licats avec plus d\u2019uniformit\u00e9, de soin et de qualit\u00e9.\",\"breadcrumb\":{\"@id\":\"https:\/\/www.texcene.com\/fr\/teinture-et-finition-en-overflow\/#breadcrumb\"},\"inLanguage\":\"fr-FR\",\"potentialAction\":[{\"@type\":\"ReadAction\",\"target\":[\"https:\/\/www.texcene.com\/fr\/teinture-et-finition-en-overflow\/\"]}]},{\"@type\":\"ImageObject\",\"inLanguage\":\"fr-FR\",\"@id\":\"https:\/\/www.texcene.com\/fr\/teinture-et-finition-en-overflow\/#primaryimage\",\"url\":\"https:\/\/www.texcene.com\/wp-content\/uploads\/2025\/09\/tintoriafissaggiooverflow.avif\",\"contentUrl\":\"https:\/\/www.texcene.com\/wp-content\/uploads\/2025\/09\/tintoriafissaggiooverflow.avif\",\"width\":2160,\"height\":1010},{\"@type\":\"BreadcrumbList\",\"@id\":\"https:\/\/www.texcene.com\/fr\/teinture-et-finition-en-overflow\/#breadcrumb\",\"itemListElement\":[{\"@type\":\"ListItem\",\"position\":1,\"name\":\"Home\",\"item\":\"https:\/\/www.texcene.com\/fr\/\"},{\"@type\":\"ListItem\",\"position\":2,\"name\":\"Teinture et finition en overflow\"}]},{\"@type\":\"WebSite\",\"@id\":\"https:\/\/www.texcene.com\/fr\/#website\",\"url\":\"https:\/\/www.texcene.com\/fr\/\",\"name\":\"Texcene\",\"description\":\"\",\"potentialAction\":[{\"@type\":\"SearchAction\",\"target\":{\"@type\":\"EntryPoint\",\"urlTemplate\":\"https:\/\/www.texcene.com\/fr\/?s={search_term_string}\"},\"query-input\":{\"@type\":\"PropertyValueSpecification\",\"valueRequired\":true,\"valueName\":\"search_term_string\"}}],\"inLanguage\":\"fr-FR\"}]}<\/script>\n<!-- \/ Yoast SEO plugin. -->","yoast_head_json":{"title":"Teinture et finition en overflow - Texcene","description":"La teinture et la finition en overflow permettent de traiter les tissus d\u00e9licats avec plus d\u2019uniformit\u00e9, de soin et de qualit\u00e9.","robots":{"index":"index","follow":"follow","max-snippet":"max-snippet:-1","max-image-preview":"max-image-preview:large","max-video-preview":"max-video-preview:-1"},"canonical":"https:\/\/www.texcene.com\/fr\/teinture-et-finition-en-overflow\/","og_locale":"fr_FR","og_type":"article","og_title":"Teinture et finition en overflow - Texcene","og_description":"La teinture et la finition en overflow permettent de traiter les tissus d\u00e9licats avec plus d\u2019uniformit\u00e9, de soin et de qualit\u00e9.","og_url":"https:\/\/www.texcene.com\/fr\/teinture-et-finition-en-overflow\/","og_site_name":"Texcene","article_modified_time":"2026-04-19T00:37:40+00:00","og_image":[{"width":2160,"height":1010,"url":"https:\/\/www.texcene.com\/wp-content\/uploads\/2025\/09\/tintoriafissaggiooverflow.avif","type":"image\/jpeg"}],"twitter_card":"summary_large_image","twitter_misc":{"Dur\u00e9e de lecture estim\u00e9e":"1 minute"},"schema":{"@context":"https:\/\/schema.org","@graph":[{"@type":"WebPage","@id":"https:\/\/www.texcene.com\/fr\/teinture-et-finition-en-overflow\/","url":"https:\/\/www.texcene.com\/fr\/teinture-et-finition-en-overflow\/","name":"Teinture et finition en overflow - Texcene","isPartOf":{"@id":"https:\/\/www.texcene.com\/fr\/#website"},"primaryImageOfPage":{"@id":"https:\/\/www.texcene.com\/fr\/teinture-et-finition-en-overflow\/#primaryimage"},"image":{"@id":"https:\/\/www.texcene.com\/fr\/teinture-et-finition-en-overflow\/#primaryimage"},"thumbnailUrl":"https:\/\/www.texcene.com\/wp-content\/uploads\/2025\/09\/tintoriafissaggiooverflow.avif","datePublished":"2025-09-17T09:00:29+00:00","dateModified":"2026-04-19T00:37:40+00:00","description":"La teinture et la finition en overflow permettent de traiter les tissus d\u00e9licats avec plus d\u2019uniformit\u00e9, de soin et de qualit\u00e9.","breadcrumb":{"@id":"https:\/\/www.texcene.com\/fr\/teinture-et-finition-en-overflow\/#breadcrumb"},"inLanguage":"fr-FR","potentialAction":[{"@type":"ReadAction","target":["https:\/\/www.texcene.com\/fr\/teinture-et-finition-en-overflow\/"]}]},{"@type":"ImageObject","inLanguage":"fr-FR","@id":"https:\/\/www.texcene.com\/fr\/teinture-et-finition-en-overflow\/#primaryimage","url":"https:\/\/www.texcene.com\/wp-content\/uploads\/2025\/09\/tintoriafissaggiooverflow.avif","contentUrl":"https:\/\/www.texcene.com\/wp-content\/uploads\/2025\/09\/tintoriafissaggiooverflow.avif","width":2160,"height":1010},{"@type":"BreadcrumbList","@id":"https:\/\/www.texcene.com\/fr\/teinture-et-finition-en-overflow\/#breadcrumb","itemListElement":[{"@type":"ListItem","position":1,"name":"Home","item":"https:\/\/www.texcene.com\/fr\/"},{"@type":"ListItem","position":2,"name":"Teinture et finition en overflow"}]},{"@type":"WebSite","@id":"https:\/\/www.texcene.com\/fr\/#website","url":"https:\/\/www.texcene.com\/fr\/","name":"Texcene","description":"","potentialAction":[{"@type":"SearchAction","target":{"@type":"EntryPoint","urlTemplate":"https:\/\/www.texcene.com\/fr\/?s={search_term_string}"},"query-input":{"@type":"PropertyValueSpecification","valueRequired":true,"valueName":"search_term_string"}}],"inLanguage":"fr-FR"}]}},"_links":{"self":[{"href":"https:\/\/www.texcene.com\/fr\/wp-json\/wp\/v2\/pages\/2465","targetHints":{"allow":["GET"]}}],"collection":[{"href":"https:\/\/www.texcene.com\/fr\/wp-json\/wp\/v2\/pages"}],"about":[{"href":"https:\/\/www.texcene.com\/fr\/wp-json\/wp\/v2\/types\/page"}],"author":[{"embeddable":true,"href":"https:\/\/www.texcene.com\/fr\/wp-json\/wp\/v2\/users\/1"}],"replies":[{"embeddable":true,"href":"https:\/\/www.texcene.com\/fr\/wp-json\/wp\/v2\/comments?post=2465"}],"version-history":[{"count":3,"href":"https:\/\/www.texcene.com\/fr\/wp-json\/wp\/v2\/pages\/2465\/revisions"}],"predecessor-version":[{"id":3532,"href":"https:\/\/www.texcene.com\/fr\/wp-json\/wp\/v2\/pages\/2465\/revisions\/3532"}],"wp:featuredmedia":[{"embeddable":true,"href":"https:\/\/www.texcene.com\/fr\/wp-json\/wp\/v2\/media\/1631"}],"wp:attachment":[{"href":"https:\/\/www.texcene.com\/fr\/wp-json\/wp\/v2\/media?parent=2465"}],"curies":[{"name":"wp","href":"https:\/\/api.w.org\/{rel}","templated":true}]}}